{"id":995,"date":"2023-02-21T13:58:02","date_gmt":"2023-02-21T13:58:02","guid":{"rendered":"https:\/\/www.lifeonmachair.ie\/stadas-caomhantais-na-machairi\/"},"modified":"2023-03-21T12:12:50","modified_gmt":"2023-03-21T12:12:50","slug":"stadas-caomhantais-na-machairi","status":"publish","type":"page","link":"https:\/\/www.lifeonmachair.ie\/ga\/stadas-caomhantais-na-machairi\/","title":{"rendered":"St\u00e1das caomhantais na Machair\u00ed"},"content":{"rendered":"\n<p>T\u00e1 LIFE ar Mhachaire ar si\u00fal laistigh de 9 Limist\u00e9ar faoi Chaomhn\u00fa Speisialta (LCSanna) agus 4 Limist\u00e9ar faoi Chosaint Speisialta in iarthar agus iarthuaisceart na h\u00c9ireann. Is iad aidhmeanna an tionscadail gn\u00e1th\u00f3ga tosa\u00edochta Machaire a bhfuil st\u00e1das &#8216;Iarscr\u00edbhinn I&#8221; acu a chosaint agus a athch\u00f3iri\u00fa (*21AO, gn\u00e1th\u00f3g tosa\u00edochta in \u00c9irinn) agus dumhcha Socra cois c\u00f3sta agus f\u00e1sra luibheach (&#8220;dumhcha liatha&#8221;) (2130) mar aon le gn\u00e1th\u00f3ga cois c\u00f3sta a ghabhann leo agus na speicis a thaca\u00edonn siad leo.<\/p>\n\n<p>In 2019, agus \u00c9ire ag tuairisci\u00fa faoin Treoir um Ghn\u00e1th\u00f3ga AE, cinneadh go raibh st\u00e1das caomhantais Neamhfhabhrach \u2013 Olc ag Machair\u00ed agus ag dumhcha socra tar \u00e9is meas\u00fan\u00fa a dh\u00e9anamh orthu. Is ionann sin agus a r\u00e1 go bhfuil baol m\u00f3r ann go dtiocfaidh deireadh ar fad leo, ar bhonn r\u00e9igi\u00fanach ach go h\u00e1irithe, agus t\u00e1 s\u00e9 le tuiscint \u00f3 fhianaise bhreise go bhfuil d\u00edghr\u00e1d\u00fa f\u00f3s ag dul ar aghaidh \u00f3 2013 i leith.<\/p>\n\n<p>T\u00e1 s\u00e9 mar aidhm ag an tionscadal LIFE ar Mhachaire dul i ngleic leis na pr\u00edomhbhr\u00fanna at\u00e1 ag cur isteach ar ch\u00f3rais na Machair\u00ed, br\u00fanna ar sainaithn\u00edodh baint a bheith acu de chuid is m\u00f3 le gn\u00edomha\u00edochta\u00ed talmha\u00edochta agus f\u00f3ill\u00edochta\/turas\u00f3ireachta a dh\u00e9anamh ar bhealach neamh-inbhuanaithe. I measc na mbr\u00fanna talmha\u00edochta t\u00e1 leibh\u00e9il stoc\u00e1la neamhoiri\u00fanacha agus cathain a chuirtear ainmhithe amach ar f\u00e9arach chomh maith le strucht\u00far fisici\u00fail na Machair\u00ed agus a ngn\u00e1th\u00f3ga gaolmhara a chur as a riocht.<\/p>\n\n<p class=\"has-cool-to-warm-spectrum-gradient-background has-background\"><strong>Picture: Feirmeoireacht ar mhachair\u00ed<\/strong><\/p>\n","protected":false},"excerpt":{"rendered":"<p>T\u00e1 LIFE ar Mhachaire ar si\u00fal laistigh de 9 Limist\u00e9ar faoi Chaomhn\u00fa Speisialta (LCSanna) agus 4 Limist\u00e9ar faoi Chosaint Speisialta in iarthar agus iarthuaisceart na h\u00c9ireann. Is iad aidhmeanna an tionscadail gn\u00e1th\u00f3ga tosa\u00edochta Machaire a bhfuil st\u00e1das &#8216;Iarscr\u00edbhinn I&#8221; acu a chosaint agus a athch\u00f3iri\u00fa (*21AO, gn\u00e1th\u00f3g tosa\u00edochta in \u00c9irinn) agus dumhcha Socra cois c\u00f3sta [&hellip;]<\/p>\n","protected":false},"author":1,"featured_media":0,"parent":0,"menu_order":0,"comment_status":"closed","ping_status":"closed","template":"","meta":{"site-sidebar-layout":"default","site-content-layout":"","ast-site-content-layout":"default","site-content-style":"default","site-sidebar-style":"default","ast-global-header-display":"","ast-banner-title-visibility":"","ast-main-header-display":"","ast-hfb-above-header-display":"","ast-hfb-below-header-display":"","ast-hfb-mobile-header-display":"","site-post-title":"","ast-breadcrumbs-content":"","ast-featured-img":"","footer-sml-layout":"","ast-disable-related-posts":"","theme-transparent-header-meta":"","adv-header-id-meta":"","stick-header-meta":"","header-above-stick-meta":"","header-main-stick-meta":"","header-below-stick-meta":"","astra-migrate-meta-layouts":"default","ast-page-background-enabled":"default","ast-page-background-meta":{"desktop":{"background-color":"var(--ast-global-color-4)","background-image":"","background-repeat":"repeat","background-position":"center center","background-size":"auto","background-attachment":"scroll","background-type":"","background-media":"","overlay-type":"","overlay-color":"","overlay-opacity":"","overlay-gradient":""},"tablet":{"background-color":"","background-image":"","background-repeat":"repeat","background-position":"center center","background-size":"auto","background-attachment":"scroll","background-type":"","background-media":"","overlay-type":"","overlay-color":"","overlay-opacity":"","overlay-gradient":""},"mobile":{"background-color":"","background-image":"","background-repeat":"repeat","background-position":"center center","background-size":"auto","background-attachment":"scroll","background-type":"","background-media":"","overlay-type":"","overlay-color":"","overlay-opacity":"","overlay-gradient":""}},"ast-content-background-meta":{"desktop":{"background-color":"var(--ast-global-color-5)","background-image":"","background-repeat":"repeat","background-position":"center center","background-size":"auto","background-attachment":"scroll","background-type":"","background-media":"","overlay-type":"","overlay-color":"","overlay-opacity":"","overlay-gradient":""},"tablet":{"background-color":"var(--ast-global-color-5)","background-image":"","background-repeat":"repeat","background-position":"center center","background-size":"auto","background-attachment":"scroll","background-type":"","background-media":"","overlay-type":"","overlay-color":"","overlay-opacity":"","overlay-gradient":""},"mobile":{"background-color":"var(--ast-global-color-5)","background-image":"","background-repeat":"repeat","background-position":"center center","background-size":"auto","background-attachment":"scroll","background-type":"","background-media":"","overlay-type":"","overlay-color":"","overlay-opacity":"","overlay-gradient":""}},"footnotes":""},"class_list":["post-995","page","type-page","status-publish","hentry"],"yoast_head":"<!-- This site is optimized with the Yoast SEO plugin v27.5 - https:\/\/yoast.com\/product\/yoast-seo-wordpress\/ -->\n<title>St\u00e1das caomhantais na Machair\u00ed - LIFE ar Mhacaire<\/title>\n<meta name=\"robots\" content=\"index, follow, max-snippet:-1, max-image-preview:large, max-video-preview:-1\" \/>\n<link rel=\"canonical\" href=\"https:\/\/www.lifeonmachair.ie\/ga\/stadas-caomhantais-na-machairi\/\" \/>\n<meta property=\"og:locale\" content=\"ga_IE\" \/>\n<meta property=\"og:type\" content=\"article\" \/>\n<meta property=\"og:title\" content=\"St\u00e1das caomhantais na Machair\u00ed - LIFE ar Mhacaire\" \/>\n<meta property=\"og:description\" content=\"T\u00e1 LIFE ar Mhachaire ar si\u00fal laistigh de 9 Limist\u00e9ar faoi Chaomhn\u00fa Speisialta (LCSanna) agus 4 Limist\u00e9ar faoi Chosaint Speisialta in iarthar agus iarthuaisceart na h\u00c9ireann. Is iad aidhmeanna an tionscadail gn\u00e1th\u00f3ga tosa\u00edochta Machaire a bhfuil st\u00e1das &#8216;Iarscr\u00edbhinn I&#8221; acu a chosaint agus a athch\u00f3iri\u00fa (*21AO, gn\u00e1th\u00f3g tosa\u00edochta in \u00c9irinn) agus dumhcha Socra cois c\u00f3sta [&hellip;]\" \/>\n<meta property=\"og:url\" content=\"https:\/\/www.lifeonmachair.ie\/ga\/stadas-caomhantais-na-machairi\/\" \/>\n<meta property=\"og:site_name\" content=\"LIFE ar Mhacaire\" \/>\n<meta property=\"article:publisher\" content=\"https:\/\/www.facebook.com\/profile.php?id=100086060573760\" \/>\n<meta property=\"article:modified_time\" content=\"2023-03-21T12:12:50+00:00\" \/>\n<meta name=\"twitter:card\" content=\"summary_large_image\" \/>\n<meta name=\"twitter:site\" content=\"@LIFEonMachair\" \/>\n<meta name=\"twitter:label1\" content=\"Est. reading time\" \/>\n\t<meta name=\"twitter:data1\" content=\"1 minute\" \/>\n<script type=\"application\/ld+json\" class=\"yoast-schema-graph\">{\"@context\":\"https:\\\/\\\/schema.org\",\"@graph\":[{\"@type\":\"WebPage\",\"@id\":\"https:\\\/\\\/www.lifeonmachair.ie\\\/ga\\\/stadas-caomhantais-na-machairi\\\/\",\"url\":\"https:\\\/\\\/www.lifeonmachair.ie\\\/ga\\\/stadas-caomhantais-na-machairi\\\/\",\"name\":\"St\u00e1das caomhantais na Machair\u00ed - LIFE ar Mhacaire\",\"isPartOf\":{\"@id\":\"https:\\\/\\\/www.lifeonmachair.ie\\\/ga\\\/#website\"},\"datePublished\":\"2023-02-21T13:58:02+00:00\",\"dateModified\":\"2023-03-21T12:12:50+00:00\",\"breadcrumb\":{\"@id\":\"https:\\\/\\\/www.lifeonmachair.ie\\\/ga\\\/stadas-caomhantais-na-machairi\\\/#breadcrumb\"},\"inLanguage\":\"ga-IE\",\"potentialAction\":[{\"@type\":\"ReadAction\",\"target\":[\"https:\\\/\\\/www.lifeonmachair.ie\\\/ga\\\/stadas-caomhantais-na-machairi\\\/\"]}]},{\"@type\":\"BreadcrumbList\",\"@id\":\"https:\\\/\\\/www.lifeonmachair.ie\\\/ga\\\/stadas-caomhantais-na-machairi\\\/#breadcrumb\",\"itemListElement\":[{\"@type\":\"ListItem\",\"position\":1,\"name\":\"Home\",\"item\":\"https:\\\/\\\/www.lifeonmachair.ie\\\/ga\\\/\"},{\"@type\":\"ListItem\",\"position\":2,\"name\":\"St\u00e1das caomhantais na Machair\u00ed\"}]},{\"@type\":\"WebSite\",\"@id\":\"https:\\\/\\\/www.lifeonmachair.ie\\\/ga\\\/#website\",\"url\":\"https:\\\/\\\/www.lifeonmachair.ie\\\/ga\\\/\",\"name\":\"LIFE ar Mhacaire\",\"description\":\"\",\"publisher\":{\"@id\":\"https:\\\/\\\/www.lifeonmachair.ie\\\/ga\\\/#organization\"},\"potentialAction\":[{\"@type\":\"SearchAction\",\"target\":{\"@type\":\"EntryPoint\",\"urlTemplate\":\"https:\\\/\\\/www.lifeonmachair.ie\\\/ga\\\/?s={search_term_string}\"},\"query-input\":{\"@type\":\"PropertyValueSpecification\",\"valueRequired\":true,\"valueName\":\"search_term_string\"}}],\"inLanguage\":\"ga-IE\"},{\"@type\":\"Organization\",\"@id\":\"https:\\\/\\\/www.lifeonmachair.ie\\\/ga\\\/#organization\",\"name\":\"Department of Housing, Local Government and Heritage\",\"url\":\"https:\\\/\\\/www.lifeonmachair.ie\\\/ga\\\/\",\"logo\":{\"@type\":\"ImageObject\",\"inLanguage\":\"ga-IE\",\"@id\":\"https:\\\/\\\/www.lifeonmachair.ie\\\/ga\\\/#\\\/schema\\\/logo\\\/image\\\/\",\"url\":\"https:\\\/\\\/www.lifeonmachair.ie\\\/wp-content\\\/uploads\\\/2025\\\/09\\\/life-on-machair-logo.jpg\",\"contentUrl\":\"https:\\\/\\\/www.lifeonmachair.ie\\\/wp-content\\\/uploads\\\/2025\\\/09\\\/life-on-machair-logo.jpg\",\"width\":1962,\"height\":772,\"caption\":\"Department of Housing, Local Government and Heritage\"},\"image\":{\"@id\":\"https:\\\/\\\/www.lifeonmachair.ie\\\/ga\\\/#\\\/schema\\\/logo\\\/image\\\/\"},\"sameAs\":[\"https:\\\/\\\/www.facebook.com\\\/profile.php?id=100086060573760\",\"https:\\\/\\\/x.com\\\/LIFEonMachair\"]}]}<\/script>\n<!-- \/ Yoast SEO plugin. -->","yoast_head_json":{"title":"St\u00e1das caomhantais na Machair\u00ed - LIFE ar Mhacaire","robots":{"index":"index","follow":"follow","max-snippet":"max-snippet:-1","max-image-preview":"max-image-preview:large","max-video-preview":"max-video-preview:-1"},"canonical":"https:\/\/www.lifeonmachair.ie\/ga\/stadas-caomhantais-na-machairi\/","og_locale":"ga_IE","og_type":"article","og_title":"St\u00e1das caomhantais na Machair\u00ed - LIFE ar Mhacaire","og_description":"T\u00e1 LIFE ar Mhachaire ar si\u00fal laistigh de 9 Limist\u00e9ar faoi Chaomhn\u00fa Speisialta (LCSanna) agus 4 Limist\u00e9ar faoi Chosaint Speisialta in iarthar agus iarthuaisceart na h\u00c9ireann. Is iad aidhmeanna an tionscadail gn\u00e1th\u00f3ga tosa\u00edochta Machaire a bhfuil st\u00e1das &#8216;Iarscr\u00edbhinn I&#8221; acu a chosaint agus a athch\u00f3iri\u00fa (*21AO, gn\u00e1th\u00f3g tosa\u00edochta in \u00c9irinn) agus dumhcha Socra cois c\u00f3sta [&hellip;]","og_url":"https:\/\/www.lifeonmachair.ie\/ga\/stadas-caomhantais-na-machairi\/","og_site_name":"LIFE ar Mhacaire","article_publisher":"https:\/\/www.facebook.com\/profile.php?id=100086060573760","article_modified_time":"2023-03-21T12:12:50+00:00","twitter_card":"summary_large_image","twitter_site":"@LIFEonMachair","twitter_misc":{"Est. reading time":"1 minute"},"schema":{"@context":"https:\/\/schema.org","@graph":[{"@type":"WebPage","@id":"https:\/\/www.lifeonmachair.ie\/ga\/stadas-caomhantais-na-machairi\/","url":"https:\/\/www.lifeonmachair.ie\/ga\/stadas-caomhantais-na-machairi\/","name":"St\u00e1das caomhantais na Machair\u00ed - LIFE ar Mhacaire","isPartOf":{"@id":"https:\/\/www.lifeonmachair.ie\/ga\/#website"},"datePublished":"2023-02-21T13:58:02+00:00","dateModified":"2023-03-21T12:12:50+00:00","breadcrumb":{"@id":"https:\/\/www.lifeonmachair.ie\/ga\/stadas-caomhantais-na-machairi\/#breadcrumb"},"inLanguage":"ga-IE","potentialAction":[{"@type":"ReadAction","target":["https:\/\/www.lifeonmachair.ie\/ga\/stadas-caomhantais-na-machairi\/"]}]},{"@type":"BreadcrumbList","@id":"https:\/\/www.lifeonmachair.ie\/ga\/stadas-caomhantais-na-machairi\/#breadcrumb","itemListElement":[{"@type":"ListItem","position":1,"name":"Home","item":"https:\/\/www.lifeonmachair.ie\/ga\/"},{"@type":"ListItem","position":2,"name":"St\u00e1das caomhantais na Machair\u00ed"}]},{"@type":"WebSite","@id":"https:\/\/www.lifeonmachair.ie\/ga\/#website","url":"https:\/\/www.lifeonmachair.ie\/ga\/","name":"LIFE ar Mhacaire","description":"","publisher":{"@id":"https:\/\/www.lifeonmachair.ie\/ga\/#organization"},"potentialAction":[{"@type":"SearchAction","target":{"@type":"EntryPoint","urlTemplate":"https:\/\/www.lifeonmachair.ie\/ga\/?s={search_term_string}"},"query-input":{"@type":"PropertyValueSpecification","valueRequired":true,"valueName":"search_term_string"}}],"inLanguage":"ga-IE"},{"@type":"Organization","@id":"https:\/\/www.lifeonmachair.ie\/ga\/#organization","name":"Department of Housing, Local Government and Heritage","url":"https:\/\/www.lifeonmachair.ie\/ga\/","logo":{"@type":"ImageObject","inLanguage":"ga-IE","@id":"https:\/\/www.lifeonmachair.ie\/ga\/#\/schema\/logo\/image\/","url":"https:\/\/www.lifeonmachair.ie\/wp-content\/uploads\/2025\/09\/life-on-machair-logo.jpg","contentUrl":"https:\/\/www.lifeonmachair.ie\/wp-content\/uploads\/2025\/09\/life-on-machair-logo.jpg","width":1962,"height":772,"caption":"Department of Housing, Local Government and Heritage"},"image":{"@id":"https:\/\/www.lifeonmachair.ie\/ga\/#\/schema\/logo\/image\/"},"sameAs":["https:\/\/www.facebook.com\/profile.php?id=100086060573760","https:\/\/x.com\/LIFEonMachair"]}]}},"_links":{"self":[{"href":"https:\/\/www.lifeonmachair.ie\/ga\/wp-json\/wp\/v2\/pages\/995","targetHints":{"allow":["GET"]}}],"collection":[{"href":"https:\/\/www.lifeonmachair.ie\/ga\/wp-json\/wp\/v2\/pages"}],"about":[{"href":"https:\/\/www.lifeonmachair.ie\/ga\/wp-json\/wp\/v2\/types\/page"}],"author":[{"embeddable":true,"href":"https:\/\/www.lifeonmachair.ie\/ga\/wp-json\/wp\/v2\/users\/1"}],"replies":[{"embeddable":true,"href":"https:\/\/www.lifeonmachair.ie\/ga\/wp-json\/wp\/v2\/comments?post=995"}],"version-history":[{"count":1,"href":"https:\/\/www.lifeonmachair.ie\/ga\/wp-json\/wp\/v2\/pages\/995\/revisions"}],"predecessor-version":[{"id":996,"href":"https:\/\/www.lifeonmachair.ie\/ga\/wp-json\/wp\/v2\/pages\/995\/revisions\/996"}],"wp:attachment":[{"href":"https:\/\/www.lifeonmachair.ie\/ga\/wp-json\/wp\/v2\/media?parent=995"}],"curies":[{"name":"wp","href":"https:\/\/api.w.org\/{rel}","templated":true}]}}