{"id":237,"date":"2022-10-07T13:00:10","date_gmt":"2022-10-07T13:00:10","guid":{"rendered":"https:\/\/www.lifeonmachair.ie\/spriocreimsi\/"},"modified":"2022-10-07T14:07:13","modified_gmt":"2022-10-07T14:07:13","slug":"spriocreimsi","status":"publish","type":"page","link":"https:\/\/www.lifeonmachair.ie\/ga\/spriocreimsi\/","title":{"rendered":"Spriocr\u00e9ims\u00ed"},"content":{"rendered":"\n<figure class=\"wp-block-image aligncenter size-full is-style-default\"><img decoding=\"async\" src=\"https:\/\/www.lifeonmachair.ie\/wp-content\/uploads\/2022\/10\/LIFEonMachairMap.png\" alt=\"L&#xE9;arsc&#xE1;il sprioc-r&#xE9;ims&#xED;&#10;\" class=\"wp-image-239\"\/><\/figure>\n\n<h2 class=\"wp-block-heading\">L\u00e1ithre\u00e1in Natura 2000<\/h2>\n\n<figure class=\"wp-block-table is-style-stripes ticss-979f549a\"><table><thead><tr><th>Cine\u00e1l<\/th><th>C\u00f3d<\/th><th>Ainm<\/th><\/tr><\/thead><tbody><tr><td>CTC<\/td><td>IE0000147<\/td><td>LCS Chorr\u00e1n Binne agus Rinn Chliabh\u00e1in<\/td><\/tr><tr><td>CTC<\/td><td>IE0000507<\/td><td>LCS Oile\u00e1in Inis G\u00e9<\/td><\/tr><tr><td>SPA<\/td><td>IE0004004<\/td><td>SPA Oile\u00e1in Inis G\u00e9<\/td><\/tr><tr><td>SPA <\/td><td>IE0004037<\/td><td>SPA Chuan an Fh\u00f3id Duibh\/Cuan an Inbhir<\/td><\/tr><tr><td>SPA<\/td><td>IE0004093<\/td><td>SPA Loch Thearmann Caithreach agus Machair an Eanaigh<\/td><\/tr><tr><td>CTC<\/td><td>IE0001141<\/td><td>LCS Bh\u00e1 agus Oile\u00e1in Ghaoth Dobhair<\/td><\/tr><tr><td>CTC<\/td><td>IE0001497<\/td><td>LCS Mhachaire Dhumha Goirt\/An Loch Dubh<\/td><\/tr><tr><td>SPA<\/td><td>IE0004235<\/td><td>SPA Mhachaire Dhumha Goirt<\/td><\/tr><tr><td>CTC<\/td><td>IE0001529<\/td><td>LCS Loch Cathasaigh, an Locha Bh\u00e1in agus Loch R\u00fa an \u00c1tha<\/td><\/tr><tr><td>CTC<\/td><td>IE0001932<\/td><td>LCS Choimpl\u00e9asc Chnoc Maol R\u00e9idh\/Chnoic Sh\u00edofra\/na hOirimhe<\/td><\/tr><tr><td>CTC<\/td><td>IE0002074<\/td><td>LCS Leithinis Cheann L\u00e9ime<\/td><\/tr><tr><td>CTC<\/td><td>IE0002129<\/td><td>LCS Mhachaire Mhuirbhigh<\/td><\/tr><tr><td>CTC<\/td><td>IE0000470<\/td><td>LCS Coimpl\u00e9asc Mhuirthead\/Chuan an Fh\u00f3id Duibh<\/td><\/tr><\/tbody><\/table><figcaption>Spriocr\u00e9ims\u00ed<\/figcaption><\/figure>\n","protected":false},"excerpt":{"rendered":"<p>L\u00e1ithre\u00e1in Natura 2000 Cine\u00e1l C\u00f3d Ainm CTC IE0000147 LCS Chorr\u00e1n Binne agus Rinn Chliabh\u00e1in CTC IE0000507 LCS Oile\u00e1in Inis G\u00e9 SPA IE0004004 SPA Oile\u00e1in Inis G\u00e9 SPA IE0004037 SPA Chuan an Fh\u00f3id Duibh\/Cuan an Inbhir SPA IE0004093 SPA Loch Thearmann Caithreach agus Machair an Eanaigh CTC IE0001141 LCS Bh\u00e1 agus Oile\u00e1in Ghaoth Dobhair CTC IE0001497 [&hellip;]<\/p>\n","protected":false},"author":1,"featured_media":0,"parent":0,"menu_order":0,"comment_status":"closed","ping_status":"closed","template":"","meta":{"site-sidebar-layout":"no-sidebar","site-content-layout":"","ast-site-content-layout":"default","site-content-style":"default","site-sidebar-style":"default","ast-global-header-display":"","ast-banner-title-visibility":"","ast-main-header-display":"","ast-hfb-above-header-display":"","ast-hfb-below-header-display":"","ast-hfb-mobile-header-display":"","site-post-title":"","ast-breadcrumbs-content":"","ast-featured-img":"","footer-sml-layout":"","ast-disable-related-posts":"","theme-transparent-header-meta":"","adv-header-id-meta":"","stick-header-meta":"","header-above-stick-meta":"","header-main-stick-meta":"","header-below-stick-meta":"","astra-migrate-meta-layouts":"default","ast-page-background-enabled":"default","ast-page-background-meta":{"desktop":{"background-color":"var(--ast-global-color-4)","background-image":"","background-repeat":"repeat","background-position":"center center","background-size":"auto","background-attachment":"scroll","background-type":"","background-media":"","overlay-type":"","overlay-color":"","overlay-opacity":"","overlay-gradient":""},"tablet":{"background-color":"","background-image":"","background-repeat":"repeat","background-position":"center center","background-size":"auto","background-attachment":"scroll","background-type":"","background-media":"","overlay-type":"","overlay-color":"","overlay-opacity":"","overlay-gradient":""},"mobile":{"background-color":"","background-image":"","background-repeat":"repeat","background-position":"center center","background-size":"auto","background-attachment":"scroll","background-type":"","background-media":"","overlay-type":"","overlay-color":"","overlay-opacity":"","overlay-gradient":""}},"ast-content-background-meta":{"desktop":{"background-color":"var(--ast-global-color-5)","background-image":"","background-repeat":"repeat","background-position":"center center","background-size":"auto","background-attachment":"scroll","background-type":"","background-media":"","overlay-type":"","overlay-color":"","overlay-opacity":"","overlay-gradient":""},"tablet":{"background-color":"var(--ast-global-color-5)","background-image":"","background-repeat":"repeat","background-position":"center center","background-size":"auto","background-attachment":"scroll","background-type":"","background-media":"","overlay-type":"","overlay-color":"","overlay-opacity":"","overlay-gradient":""},"mobile":{"background-color":"var(--ast-global-color-5)","background-image":"","background-repeat":"repeat","background-position":"center center","background-size":"auto","background-attachment":"scroll","background-type":"","background-media":"","overlay-type":"","overlay-color":"","overlay-opacity":"","overlay-gradient":""}},"footnotes":""},"class_list":["post-237","page","type-page","status-publish","hentry"],"yoast_head":"<!-- This site is optimized with the Yoast SEO plugin v27.5 - https:\/\/yoast.com\/product\/yoast-seo-wordpress\/ -->\n<title>Spriocr\u00e9ims\u00ed - LIFE ar Mhacaire<\/title>\n<meta name=\"robots\" content=\"index, follow, max-snippet:-1, max-image-preview:large, max-video-preview:-1\" \/>\n<link rel=\"canonical\" href=\"https:\/\/www.lifeonmachair.ie\/ga\/spriocreimsi\/\" \/>\n<meta property=\"og:locale\" content=\"ga_IE\" \/>\n<meta property=\"og:type\" content=\"article\" \/>\n<meta property=\"og:title\" content=\"Spriocr\u00e9ims\u00ed - LIFE ar Mhacaire\" \/>\n<meta property=\"og:description\" content=\"L\u00e1ithre\u00e1in Natura 2000 Cine\u00e1l C\u00f3d Ainm CTC IE0000147 LCS Chorr\u00e1n Binne agus Rinn Chliabh\u00e1in CTC IE0000507 LCS Oile\u00e1in Inis G\u00e9 SPA IE0004004 SPA Oile\u00e1in Inis G\u00e9 SPA IE0004037 SPA Chuan an Fh\u00f3id Duibh\/Cuan an Inbhir SPA IE0004093 SPA Loch Thearmann Caithreach agus Machair an Eanaigh CTC IE0001141 LCS Bh\u00e1 agus Oile\u00e1in Ghaoth Dobhair CTC IE0001497 [&hellip;]\" \/>\n<meta property=\"og:url\" content=\"https:\/\/www.lifeonmachair.ie\/ga\/spriocreimsi\/\" \/>\n<meta property=\"og:site_name\" content=\"LIFE ar Mhacaire\" \/>\n<meta property=\"article:publisher\" content=\"https:\/\/www.facebook.com\/profile.php?id=100086060573760\" \/>\n<meta property=\"article:modified_time\" content=\"2022-10-07T14:07:13+00:00\" \/>\n<meta property=\"og:image\" content=\"https:\/\/www.lifeonmachair.ie\/wp-content\/uploads\/2022\/10\/LIFEonMachairMap.png\" \/>\n<meta name=\"twitter:card\" content=\"summary_large_image\" \/>\n<meta name=\"twitter:site\" content=\"@LIFEonMachair\" \/>\n<meta name=\"twitter:label1\" content=\"Est. reading time\" \/>\n\t<meta name=\"twitter:data1\" content=\"1 minute\" \/>\n<script type=\"application\/ld+json\" class=\"yoast-schema-graph\">{\"@context\":\"https:\\\/\\\/schema.org\",\"@graph\":[{\"@type\":\"WebPage\",\"@id\":\"https:\\\/\\\/www.lifeonmachair.ie\\\/ga\\\/spriocreimsi\\\/\",\"url\":\"https:\\\/\\\/www.lifeonmachair.ie\\\/ga\\\/spriocreimsi\\\/\",\"name\":\"Spriocr\u00e9ims\u00ed - LIFE ar Mhacaire\",\"isPartOf\":{\"@id\":\"https:\\\/\\\/www.lifeonmachair.ie\\\/ga\\\/#website\"},\"primaryImageOfPage\":{\"@id\":\"https:\\\/\\\/www.lifeonmachair.ie\\\/ga\\\/spriocreimsi\\\/#primaryimage\"},\"image\":{\"@id\":\"https:\\\/\\\/www.lifeonmachair.ie\\\/ga\\\/spriocreimsi\\\/#primaryimage\"},\"thumbnailUrl\":\"https:\\\/\\\/www.lifeonmachair.ie\\\/wp-content\\\/uploads\\\/2022\\\/10\\\/LIFEonMachairMap.png\",\"datePublished\":\"2022-10-07T13:00:10+00:00\",\"dateModified\":\"2022-10-07T14:07:13+00:00\",\"breadcrumb\":{\"@id\":\"https:\\\/\\\/www.lifeonmachair.ie\\\/ga\\\/spriocreimsi\\\/#breadcrumb\"},\"inLanguage\":\"ga-IE\",\"potentialAction\":[{\"@type\":\"ReadAction\",\"target\":[\"https:\\\/\\\/www.lifeonmachair.ie\\\/ga\\\/spriocreimsi\\\/\"]}]},{\"@type\":\"ImageObject\",\"inLanguage\":\"ga-IE\",\"@id\":\"https:\\\/\\\/www.lifeonmachair.ie\\\/ga\\\/spriocreimsi\\\/#primaryimage\",\"url\":\"https:\\\/\\\/www.lifeonmachair.ie\\\/wp-content\\\/uploads\\\/2022\\\/10\\\/LIFEonMachairMap.png\",\"contentUrl\":\"https:\\\/\\\/www.lifeonmachair.ie\\\/wp-content\\\/uploads\\\/2022\\\/10\\\/LIFEonMachairMap.png\"},{\"@type\":\"BreadcrumbList\",\"@id\":\"https:\\\/\\\/www.lifeonmachair.ie\\\/ga\\\/spriocreimsi\\\/#breadcrumb\",\"itemListElement\":[{\"@type\":\"ListItem\",\"position\":1,\"name\":\"Home\",\"item\":\"https:\\\/\\\/www.lifeonmachair.ie\\\/ga\\\/\"},{\"@type\":\"ListItem\",\"position\":2,\"name\":\"Spriocr\u00e9ims\u00ed\"}]},{\"@type\":\"WebSite\",\"@id\":\"https:\\\/\\\/www.lifeonmachair.ie\\\/ga\\\/#website\",\"url\":\"https:\\\/\\\/www.lifeonmachair.ie\\\/ga\\\/\",\"name\":\"LIFE ar Mhacaire\",\"description\":\"\",\"publisher\":{\"@id\":\"https:\\\/\\\/www.lifeonmachair.ie\\\/ga\\\/#organization\"},\"potentialAction\":[{\"@type\":\"SearchAction\",\"target\":{\"@type\":\"EntryPoint\",\"urlTemplate\":\"https:\\\/\\\/www.lifeonmachair.ie\\\/ga\\\/?s={search_term_string}\"},\"query-input\":{\"@type\":\"PropertyValueSpecification\",\"valueRequired\":true,\"valueName\":\"search_term_string\"}}],\"inLanguage\":\"ga-IE\"},{\"@type\":\"Organization\",\"@id\":\"https:\\\/\\\/www.lifeonmachair.ie\\\/ga\\\/#organization\",\"name\":\"Department of Housing, Local Government and Heritage\",\"url\":\"https:\\\/\\\/www.lifeonmachair.ie\\\/ga\\\/\",\"logo\":{\"@type\":\"ImageObject\",\"inLanguage\":\"ga-IE\",\"@id\":\"https:\\\/\\\/www.lifeonmachair.ie\\\/ga\\\/#\\\/schema\\\/logo\\\/image\\\/\",\"url\":\"https:\\\/\\\/www.lifeonmachair.ie\\\/wp-content\\\/uploads\\\/2025\\\/09\\\/life-on-machair-logo.jpg\",\"contentUrl\":\"https:\\\/\\\/www.lifeonmachair.ie\\\/wp-content\\\/uploads\\\/2025\\\/09\\\/life-on-machair-logo.jpg\",\"width\":1962,\"height\":772,\"caption\":\"Department of Housing, Local Government and Heritage\"},\"image\":{\"@id\":\"https:\\\/\\\/www.lifeonmachair.ie\\\/ga\\\/#\\\/schema\\\/logo\\\/image\\\/\"},\"sameAs\":[\"https:\\\/\\\/www.facebook.com\\\/profile.php?id=100086060573760\",\"https:\\\/\\\/x.com\\\/LIFEonMachair\"]}]}<\/script>\n<!-- \/ Yoast SEO plugin. -->","yoast_head_json":{"title":"Spriocr\u00e9ims\u00ed - LIFE ar Mhacaire","robots":{"index":"index","follow":"follow","max-snippet":"max-snippet:-1","max-image-preview":"max-image-preview:large","max-video-preview":"max-video-preview:-1"},"canonical":"https:\/\/www.lifeonmachair.ie\/ga\/spriocreimsi\/","og_locale":"ga_IE","og_type":"article","og_title":"Spriocr\u00e9ims\u00ed - LIFE ar Mhacaire","og_description":"L\u00e1ithre\u00e1in Natura 2000 Cine\u00e1l C\u00f3d Ainm CTC IE0000147 LCS Chorr\u00e1n Binne agus Rinn Chliabh\u00e1in CTC IE0000507 LCS Oile\u00e1in Inis G\u00e9 SPA IE0004004 SPA Oile\u00e1in Inis G\u00e9 SPA IE0004037 SPA Chuan an Fh\u00f3id Duibh\/Cuan an Inbhir SPA IE0004093 SPA Loch Thearmann Caithreach agus Machair an Eanaigh CTC IE0001141 LCS Bh\u00e1 agus Oile\u00e1in Ghaoth Dobhair CTC IE0001497 [&hellip;]","og_url":"https:\/\/www.lifeonmachair.ie\/ga\/spriocreimsi\/","og_site_name":"LIFE ar Mhacaire","article_publisher":"https:\/\/www.facebook.com\/profile.php?id=100086060573760","article_modified_time":"2022-10-07T14:07:13+00:00","og_image":[{"url":"https:\/\/www.lifeonmachair.ie\/wp-content\/uploads\/2022\/10\/LIFEonMachairMap.png","type":"","width":"","height":""}],"twitter_card":"summary_large_image","twitter_site":"@LIFEonMachair","twitter_misc":{"Est. reading time":"1 minute"},"schema":{"@context":"https:\/\/schema.org","@graph":[{"@type":"WebPage","@id":"https:\/\/www.lifeonmachair.ie\/ga\/spriocreimsi\/","url":"https:\/\/www.lifeonmachair.ie\/ga\/spriocreimsi\/","name":"Spriocr\u00e9ims\u00ed - LIFE ar Mhacaire","isPartOf":{"@id":"https:\/\/www.lifeonmachair.ie\/ga\/#website"},"primaryImageOfPage":{"@id":"https:\/\/www.lifeonmachair.ie\/ga\/spriocreimsi\/#primaryimage"},"image":{"@id":"https:\/\/www.lifeonmachair.ie\/ga\/spriocreimsi\/#primaryimage"},"thumbnailUrl":"https:\/\/www.lifeonmachair.ie\/wp-content\/uploads\/2022\/10\/LIFEonMachairMap.png","datePublished":"2022-10-07T13:00:10+00:00","dateModified":"2022-10-07T14:07:13+00:00","breadcrumb":{"@id":"https:\/\/www.lifeonmachair.ie\/ga\/spriocreimsi\/#breadcrumb"},"inLanguage":"ga-IE","potentialAction":[{"@type":"ReadAction","target":["https:\/\/www.lifeonmachair.ie\/ga\/spriocreimsi\/"]}]},{"@type":"ImageObject","inLanguage":"ga-IE","@id":"https:\/\/www.lifeonmachair.ie\/ga\/spriocreimsi\/#primaryimage","url":"https:\/\/www.lifeonmachair.ie\/wp-content\/uploads\/2022\/10\/LIFEonMachairMap.png","contentUrl":"https:\/\/www.lifeonmachair.ie\/wp-content\/uploads\/2022\/10\/LIFEonMachairMap.png"},{"@type":"BreadcrumbList","@id":"https:\/\/www.lifeonmachair.ie\/ga\/spriocreimsi\/#breadcrumb","itemListElement":[{"@type":"ListItem","position":1,"name":"Home","item":"https:\/\/www.lifeonmachair.ie\/ga\/"},{"@type":"ListItem","position":2,"name":"Spriocr\u00e9ims\u00ed"}]},{"@type":"WebSite","@id":"https:\/\/www.lifeonmachair.ie\/ga\/#website","url":"https:\/\/www.lifeonmachair.ie\/ga\/","name":"LIFE ar Mhacaire","description":"","publisher":{"@id":"https:\/\/www.lifeonmachair.ie\/ga\/#organization"},"potentialAction":[{"@type":"SearchAction","target":{"@type":"EntryPoint","urlTemplate":"https:\/\/www.lifeonmachair.ie\/ga\/?s={search_term_string}"},"query-input":{"@type":"PropertyValueSpecification","valueRequired":true,"valueName":"search_term_string"}}],"inLanguage":"ga-IE"},{"@type":"Organization","@id":"https:\/\/www.lifeonmachair.ie\/ga\/#organization","name":"Department of Housing, Local Government and Heritage","url":"https:\/\/www.lifeonmachair.ie\/ga\/","logo":{"@type":"ImageObject","inLanguage":"ga-IE","@id":"https:\/\/www.lifeonmachair.ie\/ga\/#\/schema\/logo\/image\/","url":"https:\/\/www.lifeonmachair.ie\/wp-content\/uploads\/2025\/09\/life-on-machair-logo.jpg","contentUrl":"https:\/\/www.lifeonmachair.ie\/wp-content\/uploads\/2025\/09\/life-on-machair-logo.jpg","width":1962,"height":772,"caption":"Department of Housing, Local Government and Heritage"},"image":{"@id":"https:\/\/www.lifeonmachair.ie\/ga\/#\/schema\/logo\/image\/"},"sameAs":["https:\/\/www.facebook.com\/profile.php?id=100086060573760","https:\/\/x.com\/LIFEonMachair"]}]}},"_links":{"self":[{"href":"https:\/\/www.lifeonmachair.ie\/ga\/wp-json\/wp\/v2\/pages\/237","targetHints":{"allow":["GET"]}}],"collection":[{"href":"https:\/\/www.lifeonmachair.ie\/ga\/wp-json\/wp\/v2\/pages"}],"about":[{"href":"https:\/\/www.lifeonmachair.ie\/ga\/wp-json\/wp\/v2\/types\/page"}],"author":[{"embeddable":true,"href":"https:\/\/www.lifeonmachair.ie\/ga\/wp-json\/wp\/v2\/users\/1"}],"replies":[{"embeddable":true,"href":"https:\/\/www.lifeonmachair.ie\/ga\/wp-json\/wp\/v2\/comments?post=237"}],"version-history":[{"count":2,"href":"https:\/\/www.lifeonmachair.ie\/ga\/wp-json\/wp\/v2\/pages\/237\/revisions"}],"predecessor-version":[{"id":247,"href":"https:\/\/www.lifeonmachair.ie\/ga\/wp-json\/wp\/v2\/pages\/237\/revisions\/247"}],"wp:attachment":[{"href":"https:\/\/www.lifeonmachair.ie\/ga\/wp-json\/wp\/v2\/media?parent=237"}],"curies":[{"name":"wp","href":"https:\/\/api.w.org\/{rel}","templated":true}]}}