{"id":1422,"date":"2023-03-08T16:14:46","date_gmt":"2023-03-08T16:14:46","guid":{"rendered":"https:\/\/www.lifeonmachair.ie\/maidir-le\/life-ar-mhacaire\/"},"modified":"2023-04-05T08:59:24","modified_gmt":"2023-04-05T08:59:24","slug":"life-ar-mhacaire","status":"publish","type":"page","link":"https:\/\/www.lifeonmachair.ie\/ga\/maidir-le\/life-ar-mhacaire\/","title":{"rendered":"LIFE ar Mhacaire"},"content":{"rendered":"\n<p>In 2019, agus \u00c9ire ag tuairisci\u00fa faoin Treoir um Ghn\u00e1th\u00f3ga AE, cinneadh go raibh st\u00e1das caomhantais Neamhfhabhrach \u2013 Olc ag Machair\u00ed agus ag dumhcha socra tar \u00e9is meas\u00fan\u00fa a dh\u00e9anamh orthu. Cialla\u00edonn s\u00e9 seo go bhfuil baol m\u00f3r ann go n-imeoidh na gn\u00e1th\u00f3ga, go r\u00e9igi\u00fanach ar a laghad. Tugann tuilleadh fianaise le fios go bhfuil d\u00edghr\u00e1d\u00fa lean\u00fanach ann \u00f3 2013 i leith (<a href=\"https:\/\/www.npws.ie\/sites\/default\/files\/publications\/pdf\/NPWS_2019_Vol2_Habitats_Article17.pdf\">f\u00e9ach SPNF 2019<\/a>).<\/p>\n\n<p>The Machair sites included in the project target areas provide an important refuge for threatened breeding wader bird species and pollinators in Ireland. Species such as Dunlin, Lapwing and Redshank rely on these coastal areas as important refuges from otherwise intensively farmed areas inland. Bee species such as the Great Yellow Bumblebee and the Northern Colletes occur only in Machair sites, further highlighting their important role in supporting our national biodiversity.<\/p>\n\n<p>However, the degradation of the supporting Machair habitats means diminishing floral resources for pollinators, and a sward structure that is not suitable for nesting waders (low cover and protection and reduced food resources for chick rearing).<\/p>\n\n<p><strong>Getting the balance right for the future sustainable farming and recreation \/ tourism of Machair systems, against the backdrop of climate change is a key objective of LIFE on Machair.<\/strong><\/p>\n\n<figure class=\"wp-block-gallery has-nested-images columns-default is-cropped wp-block-gallery-1 is-layout-flex wp-block-gallery-is-layout-flex\">\n<figure class=\"wp-block-image size-large\"><img loading=\"lazy\" decoding=\"async\" width=\"1024\" height=\"840\" data-id=\"571\" src=\"https:\/\/www.lifeonmachair.ie\/wp-content\/uploads\/2023\/03\/dedu-adrian-F2zhyU21GO4-unsplash-1024x840.jpg\" alt=\"\" class=\"wp-image-571\" srcset=\"https:\/\/www.lifeonmachair.ie\/wp-content\/uploads\/2023\/03\/dedu-adrian-F2zhyU21GO4-unsplash-1024x840.jpg 1024w, https:\/\/www.lifeonmachair.ie\/wp-content\/uploads\/2023\/03\/dedu-adrian-F2zhyU21GO4-unsplash-300x246.jpg 300w, https:\/\/www.lifeonmachair.ie\/wp-content\/uploads\/2023\/03\/dedu-adrian-F2zhyU21GO4-unsplash-768x630.jpg 768w, https:\/\/www.lifeonmachair.ie\/wp-content\/uploads\/2023\/03\/dedu-adrian-F2zhyU21GO4-unsplash-1536x1261.jpg 1536w, https:\/\/www.lifeonmachair.ie\/wp-content\/uploads\/2023\/03\/dedu-adrian-F2zhyU21GO4-unsplash-2048x1681.jpg 2048w\" sizes=\"auto, (max-width: 1024px) 100vw, 1024px\" \/><\/figure>\n\n\n\n<figure class=\"wp-block-image size-large\"><img loading=\"lazy\" decoding=\"async\" width=\"1024\" height=\"576\" data-id=\"534\" src=\"https:\/\/www.lifeonmachair.ie\/wp-content\/uploads\/2023\/03\/ian-kelsall-GdhPn7SCYtk-unsplash-1024x576.jpg\" alt=\"\" class=\"wp-image-534\" srcset=\"https:\/\/www.lifeonmachair.ie\/wp-content\/uploads\/2023\/03\/ian-kelsall-GdhPn7SCYtk-unsplash-1024x576.jpg 1024w, https:\/\/www.lifeonmachair.ie\/wp-content\/uploads\/2023\/03\/ian-kelsall-GdhPn7SCYtk-unsplash-300x169.jpg 300w, https:\/\/www.lifeonmachair.ie\/wp-content\/uploads\/2023\/03\/ian-kelsall-GdhPn7SCYtk-unsplash-768x432.jpg 768w, https:\/\/www.lifeonmachair.ie\/wp-content\/uploads\/2023\/03\/ian-kelsall-GdhPn7SCYtk-unsplash-1536x864.jpg 1536w, https:\/\/www.lifeonmachair.ie\/wp-content\/uploads\/2023\/03\/ian-kelsall-GdhPn7SCYtk-unsplash-2048x1152.jpg 2048w\" sizes=\"auto, (max-width: 1024px) 100vw, 1024px\" \/><\/figure>\n\n\n\n<figure class=\"wp-block-image size-thumbnail\"><img loading=\"lazy\" decoding=\"async\" width=\"150\" height=\"150\" data-id=\"536\" src=\"https:\/\/www.lifeonmachair.ie\/wp-content\/uploads\/2023\/03\/leon-mcgregor-XcxFtZ6rYac-unsplash-150x150.jpg\" alt=\"\" class=\"wp-image-536\"\/><\/figure>\n<\/figure>\n","protected":false},"excerpt":{"rendered":"<p>In 2019, agus \u00c9ire ag tuairisci\u00fa faoin Treoir um Ghn\u00e1th\u00f3ga AE, cinneadh go raibh st\u00e1das caomhantais Neamhfhabhrach \u2013 Olc ag Machair\u00ed agus ag dumhcha socra tar \u00e9is meas\u00fan\u00fa a dh\u00e9anamh orthu. Cialla\u00edonn s\u00e9 seo go bhfuil baol m\u00f3r ann go n-imeoidh na gn\u00e1th\u00f3ga, go r\u00e9igi\u00fanach ar a laghad. Tugann tuilleadh fianaise le fios go bhfuil [&hellip;]<\/p>\n","protected":false},"author":1,"featured_media":0,"parent":1320,"menu_order":0,"comment_status":"closed","ping_status":"closed","template":"","meta":{"site-sidebar-layout":"default","site-content-layout":"","ast-site-content-layout":"default","site-content-style":"default","site-sidebar-style":"default","ast-global-header-display":"","ast-banner-title-visibility":"","ast-main-header-display":"","ast-hfb-above-header-display":"","ast-hfb-below-header-display":"","ast-hfb-mobile-header-display":"","site-post-title":"","ast-breadcrumbs-content":"","ast-featured-img":"","footer-sml-layout":"","ast-disable-related-posts":"","theme-transparent-header-meta":"","adv-header-id-meta":"","stick-header-meta":"","header-above-stick-meta":"","header-main-stick-meta":"","header-below-stick-meta":"","astra-migrate-meta-layouts":"default","ast-page-background-enabled":"default","ast-page-background-meta":{"desktop":{"background-color":"var(--ast-global-color-4)","background-image":"","background-repeat":"repeat","background-position":"center center","background-size":"auto","background-attachment":"scroll","background-type":"","background-media":"","overlay-type":"","overlay-color":"","overlay-opacity":"","overlay-gradient":""},"tablet":{"background-color":"","background-image":"","background-repeat":"repeat","background-position":"center center","background-size":"auto","background-attachment":"scroll","background-type":"","background-media":"","overlay-type":"","overlay-color":"","overlay-opacity":"","overlay-gradient":""},"mobile":{"background-color":"","background-image":"","background-repeat":"repeat","background-position":"center center","background-size":"auto","background-attachment":"scroll","background-type":"","background-media":"","overlay-type":"","overlay-color":"","overlay-opacity":"","overlay-gradient":""}},"ast-content-background-meta":{"desktop":{"background-color":"var(--ast-global-color-5)","background-image":"","background-repeat":"repeat","background-position":"center center","background-size":"auto","background-attachment":"scroll","background-type":"","background-media":"","overlay-type":"","overlay-color":"","overlay-opacity":"","overlay-gradient":""},"tablet":{"background-color":"var(--ast-global-color-5)","background-image":"","background-repeat":"repeat","background-position":"center center","background-size":"auto","background-attachment":"scroll","background-type":"","background-media":"","overlay-type":"","overlay-color":"","overlay-opacity":"","overlay-gradient":""},"mobile":{"background-color":"var(--ast-global-color-5)","background-image":"","background-repeat":"repeat","background-position":"center center","background-size":"auto","background-attachment":"scroll","background-type":"","background-media":"","overlay-type":"","overlay-color":"","overlay-opacity":"","overlay-gradient":""}},"footnotes":""},"class_list":["post-1422","page","type-page","status-publish","hentry"],"yoast_head":"<!-- This site is optimized with the Yoast SEO plugin v27.5 - https:\/\/yoast.com\/product\/yoast-seo-wordpress\/ -->\n<title>LIFE ar Mhacaire - LIFE ar Mhacaire<\/title>\n<meta name=\"robots\" content=\"index, follow, max-snippet:-1, max-image-preview:large, max-video-preview:-1\" \/>\n<link rel=\"canonical\" href=\"https:\/\/www.lifeonmachair.ie\/ga\/maidir-le\/life-ar-mhacaire\/\" \/>\n<meta property=\"og:locale\" content=\"ga_IE\" \/>\n<meta property=\"og:type\" content=\"article\" \/>\n<meta property=\"og:title\" content=\"LIFE ar Mhacaire - LIFE ar Mhacaire\" \/>\n<meta property=\"og:description\" content=\"In 2019, agus \u00c9ire ag tuairisci\u00fa faoin Treoir um Ghn\u00e1th\u00f3ga AE, cinneadh go raibh st\u00e1das caomhantais Neamhfhabhrach \u2013 Olc ag Machair\u00ed agus ag dumhcha socra tar \u00e9is meas\u00fan\u00fa a dh\u00e9anamh orthu. Cialla\u00edonn s\u00e9 seo go bhfuil baol m\u00f3r ann go n-imeoidh na gn\u00e1th\u00f3ga, go r\u00e9igi\u00fanach ar a laghad. Tugann tuilleadh fianaise le fios go bhfuil [&hellip;]\" \/>\n<meta property=\"og:url\" content=\"https:\/\/www.lifeonmachair.ie\/ga\/maidir-le\/life-ar-mhacaire\/\" \/>\n<meta property=\"og:site_name\" content=\"LIFE ar Mhacaire\" \/>\n<meta property=\"article:publisher\" content=\"https:\/\/www.facebook.com\/profile.php?id=100086060573760\" \/>\n<meta property=\"article:modified_time\" content=\"2023-04-05T08:59:24+00:00\" \/>\n<meta property=\"og:image\" content=\"https:\/\/www.lifeonmachair.ie\/wp-content\/uploads\/2023\/03\/dedu-adrian-F2zhyU21GO4-unsplash-1024x840.jpg\" \/>\n<meta name=\"twitter:card\" content=\"summary_large_image\" \/>\n<meta name=\"twitter:site\" content=\"@LIFEonMachair\" \/>\n<meta name=\"twitter:label1\" content=\"Est. reading time\" \/>\n\t<meta name=\"twitter:data1\" content=\"1 minute\" \/>\n<script type=\"application\/ld+json\" class=\"yoast-schema-graph\">{\"@context\":\"https:\\\/\\\/schema.org\",\"@graph\":[{\"@type\":\"WebPage\",\"@id\":\"https:\\\/\\\/www.lifeonmachair.ie\\\/ga\\\/maidir-le\\\/life-ar-mhacaire\\\/\",\"url\":\"https:\\\/\\\/www.lifeonmachair.ie\\\/ga\\\/maidir-le\\\/life-ar-mhacaire\\\/\",\"name\":\"LIFE ar Mhacaire - LIFE ar Mhacaire\",\"isPartOf\":{\"@id\":\"https:\\\/\\\/www.lifeonmachair.ie\\\/ga\\\/#website\"},\"primaryImageOfPage\":{\"@id\":\"https:\\\/\\\/www.lifeonmachair.ie\\\/ga\\\/maidir-le\\\/life-ar-mhacaire\\\/#primaryimage\"},\"image\":{\"@id\":\"https:\\\/\\\/www.lifeonmachair.ie\\\/ga\\\/maidir-le\\\/life-ar-mhacaire\\\/#primaryimage\"},\"thumbnailUrl\":\"https:\\\/\\\/www.lifeonmachair.ie\\\/wp-content\\\/uploads\\\/2023\\\/03\\\/dedu-adrian-F2zhyU21GO4-unsplash-1024x840.jpg\",\"datePublished\":\"2023-03-08T16:14:46+00:00\",\"dateModified\":\"2023-04-05T08:59:24+00:00\",\"breadcrumb\":{\"@id\":\"https:\\\/\\\/www.lifeonmachair.ie\\\/ga\\\/maidir-le\\\/life-ar-mhacaire\\\/#breadcrumb\"},\"inLanguage\":\"ga-IE\",\"potentialAction\":[{\"@type\":\"ReadAction\",\"target\":[\"https:\\\/\\\/www.lifeonmachair.ie\\\/ga\\\/maidir-le\\\/life-ar-mhacaire\\\/\"]}]},{\"@type\":\"ImageObject\",\"inLanguage\":\"ga-IE\",\"@id\":\"https:\\\/\\\/www.lifeonmachair.ie\\\/ga\\\/maidir-le\\\/life-ar-mhacaire\\\/#primaryimage\",\"url\":\"https:\\\/\\\/www.lifeonmachair.ie\\\/wp-content\\\/uploads\\\/2023\\\/03\\\/dedu-adrian-F2zhyU21GO4-unsplash-1024x840.jpg\",\"contentUrl\":\"https:\\\/\\\/www.lifeonmachair.ie\\\/wp-content\\\/uploads\\\/2023\\\/03\\\/dedu-adrian-F2zhyU21GO4-unsplash-1024x840.jpg\"},{\"@type\":\"BreadcrumbList\",\"@id\":\"https:\\\/\\\/www.lifeonmachair.ie\\\/ga\\\/maidir-le\\\/life-ar-mhacaire\\\/#breadcrumb\",\"itemListElement\":[{\"@type\":\"ListItem\",\"position\":1,\"name\":\"Home\",\"item\":\"https:\\\/\\\/www.lifeonmachair.ie\\\/ga\\\/\"},{\"@type\":\"ListItem\",\"position\":2,\"name\":\"Maidir le\",\"item\":\"https:\\\/\\\/www.lifeonmachair.ie\\\/ga\\\/maidir-le\\\/\"},{\"@type\":\"ListItem\",\"position\":3,\"name\":\"LIFE ar Mhacaire\"}]},{\"@type\":\"WebSite\",\"@id\":\"https:\\\/\\\/www.lifeonmachair.ie\\\/ga\\\/#website\",\"url\":\"https:\\\/\\\/www.lifeonmachair.ie\\\/ga\\\/\",\"name\":\"LIFE ar Mhacaire\",\"description\":\"\",\"publisher\":{\"@id\":\"https:\\\/\\\/www.lifeonmachair.ie\\\/ga\\\/#organization\"},\"potentialAction\":[{\"@type\":\"SearchAction\",\"target\":{\"@type\":\"EntryPoint\",\"urlTemplate\":\"https:\\\/\\\/www.lifeonmachair.ie\\\/ga\\\/?s={search_term_string}\"},\"query-input\":{\"@type\":\"PropertyValueSpecification\",\"valueRequired\":true,\"valueName\":\"search_term_string\"}}],\"inLanguage\":\"ga-IE\"},{\"@type\":\"Organization\",\"@id\":\"https:\\\/\\\/www.lifeonmachair.ie\\\/ga\\\/#organization\",\"name\":\"Department of Housing, Local Government and Heritage\",\"url\":\"https:\\\/\\\/www.lifeonmachair.ie\\\/ga\\\/\",\"logo\":{\"@type\":\"ImageObject\",\"inLanguage\":\"ga-IE\",\"@id\":\"https:\\\/\\\/www.lifeonmachair.ie\\\/ga\\\/#\\\/schema\\\/logo\\\/image\\\/\",\"url\":\"https:\\\/\\\/www.lifeonmachair.ie\\\/wp-content\\\/uploads\\\/2025\\\/09\\\/life-on-machair-logo.jpg\",\"contentUrl\":\"https:\\\/\\\/www.lifeonmachair.ie\\\/wp-content\\\/uploads\\\/2025\\\/09\\\/life-on-machair-logo.jpg\",\"width\":1962,\"height\":772,\"caption\":\"Department of Housing, Local Government and Heritage\"},\"image\":{\"@id\":\"https:\\\/\\\/www.lifeonmachair.ie\\\/ga\\\/#\\\/schema\\\/logo\\\/image\\\/\"},\"sameAs\":[\"https:\\\/\\\/www.facebook.com\\\/profile.php?id=100086060573760\",\"https:\\\/\\\/x.com\\\/LIFEonMachair\"]}]}<\/script>\n<!-- \/ Yoast SEO plugin. -->","yoast_head_json":{"title":"LIFE ar Mhacaire - LIFE ar Mhacaire","robots":{"index":"index","follow":"follow","max-snippet":"max-snippet:-1","max-image-preview":"max-image-preview:large","max-video-preview":"max-video-preview:-1"},"canonical":"https:\/\/www.lifeonmachair.ie\/ga\/maidir-le\/life-ar-mhacaire\/","og_locale":"ga_IE","og_type":"article","og_title":"LIFE ar Mhacaire - LIFE ar Mhacaire","og_description":"In 2019, agus \u00c9ire ag tuairisci\u00fa faoin Treoir um Ghn\u00e1th\u00f3ga AE, cinneadh go raibh st\u00e1das caomhantais Neamhfhabhrach \u2013 Olc ag Machair\u00ed agus ag dumhcha socra tar \u00e9is meas\u00fan\u00fa a dh\u00e9anamh orthu. Cialla\u00edonn s\u00e9 seo go bhfuil baol m\u00f3r ann go n-imeoidh na gn\u00e1th\u00f3ga, go r\u00e9igi\u00fanach ar a laghad. Tugann tuilleadh fianaise le fios go bhfuil [&hellip;]","og_url":"https:\/\/www.lifeonmachair.ie\/ga\/maidir-le\/life-ar-mhacaire\/","og_site_name":"LIFE ar Mhacaire","article_publisher":"https:\/\/www.facebook.com\/profile.php?id=100086060573760","article_modified_time":"2023-04-05T08:59:24+00:00","og_image":[{"url":"https:\/\/www.lifeonmachair.ie\/wp-content\/uploads\/2023\/03\/dedu-adrian-F2zhyU21GO4-unsplash-1024x840.jpg","type":"","width":"","height":""}],"twitter_card":"summary_large_image","twitter_site":"@LIFEonMachair","twitter_misc":{"Est. reading time":"1 minute"},"schema":{"@context":"https:\/\/schema.org","@graph":[{"@type":"WebPage","@id":"https:\/\/www.lifeonmachair.ie\/ga\/maidir-le\/life-ar-mhacaire\/","url":"https:\/\/www.lifeonmachair.ie\/ga\/maidir-le\/life-ar-mhacaire\/","name":"LIFE ar Mhacaire - LIFE ar Mhacaire","isPartOf":{"@id":"https:\/\/www.lifeonmachair.ie\/ga\/#website"},"primaryImageOfPage":{"@id":"https:\/\/www.lifeonmachair.ie\/ga\/maidir-le\/life-ar-mhacaire\/#primaryimage"},"image":{"@id":"https:\/\/www.lifeonmachair.ie\/ga\/maidir-le\/life-ar-mhacaire\/#primaryimage"},"thumbnailUrl":"https:\/\/www.lifeonmachair.ie\/wp-content\/uploads\/2023\/03\/dedu-adrian-F2zhyU21GO4-unsplash-1024x840.jpg","datePublished":"2023-03-08T16:14:46+00:00","dateModified":"2023-04-05T08:59:24+00:00","breadcrumb":{"@id":"https:\/\/www.lifeonmachair.ie\/ga\/maidir-le\/life-ar-mhacaire\/#breadcrumb"},"inLanguage":"ga-IE","potentialAction":[{"@type":"ReadAction","target":["https:\/\/www.lifeonmachair.ie\/ga\/maidir-le\/life-ar-mhacaire\/"]}]},{"@type":"ImageObject","inLanguage":"ga-IE","@id":"https:\/\/www.lifeonmachair.ie\/ga\/maidir-le\/life-ar-mhacaire\/#primaryimage","url":"https:\/\/www.lifeonmachair.ie\/wp-content\/uploads\/2023\/03\/dedu-adrian-F2zhyU21GO4-unsplash-1024x840.jpg","contentUrl":"https:\/\/www.lifeonmachair.ie\/wp-content\/uploads\/2023\/03\/dedu-adrian-F2zhyU21GO4-unsplash-1024x840.jpg"},{"@type":"BreadcrumbList","@id":"https:\/\/www.lifeonmachair.ie\/ga\/maidir-le\/life-ar-mhacaire\/#breadcrumb","itemListElement":[{"@type":"ListItem","position":1,"name":"Home","item":"https:\/\/www.lifeonmachair.ie\/ga\/"},{"@type":"ListItem","position":2,"name":"Maidir le","item":"https:\/\/www.lifeonmachair.ie\/ga\/maidir-le\/"},{"@type":"ListItem","position":3,"name":"LIFE ar Mhacaire"}]},{"@type":"WebSite","@id":"https:\/\/www.lifeonmachair.ie\/ga\/#website","url":"https:\/\/www.lifeonmachair.ie\/ga\/","name":"LIFE ar Mhacaire","description":"","publisher":{"@id":"https:\/\/www.lifeonmachair.ie\/ga\/#organization"},"potentialAction":[{"@type":"SearchAction","target":{"@type":"EntryPoint","urlTemplate":"https:\/\/www.lifeonmachair.ie\/ga\/?s={search_term_string}"},"query-input":{"@type":"PropertyValueSpecification","valueRequired":true,"valueName":"search_term_string"}}],"inLanguage":"ga-IE"},{"@type":"Organization","@id":"https:\/\/www.lifeonmachair.ie\/ga\/#organization","name":"Department of Housing, Local Government and Heritage","url":"https:\/\/www.lifeonmachair.ie\/ga\/","logo":{"@type":"ImageObject","inLanguage":"ga-IE","@id":"https:\/\/www.lifeonmachair.ie\/ga\/#\/schema\/logo\/image\/","url":"https:\/\/www.lifeonmachair.ie\/wp-content\/uploads\/2025\/09\/life-on-machair-logo.jpg","contentUrl":"https:\/\/www.lifeonmachair.ie\/wp-content\/uploads\/2025\/09\/life-on-machair-logo.jpg","width":1962,"height":772,"caption":"Department of Housing, Local Government and Heritage"},"image":{"@id":"https:\/\/www.lifeonmachair.ie\/ga\/#\/schema\/logo\/image\/"},"sameAs":["https:\/\/www.facebook.com\/profile.php?id=100086060573760","https:\/\/x.com\/LIFEonMachair"]}]}},"_links":{"self":[{"href":"https:\/\/www.lifeonmachair.ie\/ga\/wp-json\/wp\/v2\/pages\/1422","targetHints":{"allow":["GET"]}}],"collection":[{"href":"https:\/\/www.lifeonmachair.ie\/ga\/wp-json\/wp\/v2\/pages"}],"about":[{"href":"https:\/\/www.lifeonmachair.ie\/ga\/wp-json\/wp\/v2\/types\/page"}],"author":[{"embeddable":true,"href":"https:\/\/www.lifeonmachair.ie\/ga\/wp-json\/wp\/v2\/users\/1"}],"replies":[{"embeddable":true,"href":"https:\/\/www.lifeonmachair.ie\/ga\/wp-json\/wp\/v2\/comments?post=1422"}],"version-history":[{"count":1,"href":"https:\/\/www.lifeonmachair.ie\/ga\/wp-json\/wp\/v2\/pages\/1422\/revisions"}],"predecessor-version":[{"id":1423,"href":"https:\/\/www.lifeonmachair.ie\/ga\/wp-json\/wp\/v2\/pages\/1422\/revisions\/1423"}],"up":[{"embeddable":true,"href":"https:\/\/www.lifeonmachair.ie\/ga\/wp-json\/wp\/v2\/pages\/1320"}],"wp:attachment":[{"href":"https:\/\/www.lifeonmachair.ie\/ga\/wp-json\/wp\/v2\/media?parent=1422"}],"curies":[{"name":"wp","href":"https:\/\/api.w.org\/{rel}","templated":true}]}}