{"id":1368,"date":"2023-03-24T16:56:07","date_gmt":"2023-03-24T16:56:07","guid":{"rendered":"https:\/\/www.lifeonmachair.ie\/nuacht-imeachtai\/siuloidi-cainteanna\/"},"modified":"2023-04-13T14:22:34","modified_gmt":"2023-04-13T14:22:34","slug":"siuloidi-cainteanna","status":"publish","type":"page","link":"https:\/\/www.lifeonmachair.ie\/ga\/nuacht-imeachtai\/siuloidi-cainteanna\/","title":{"rendered":"Si\u00fal\u00f3id\u00ed &amp; Cainteanna"},"content":{"rendered":"\n<div class=\"wp-block-query post-list-type is-layout-constrained wp-container-core-query-is-layout-12243e0f wp-block-query-is-layout-constrained\">\n\n\n\n<div class=\"wp-block-query-no-results\">\n\n<p>Le cur leis le himeacht ama<\/p>\n\n<\/div><\/div>\n","protected":false},"excerpt":{"rendered":"","protected":false},"author":1,"featured_media":1591,"parent":1364,"menu_order":0,"comment_status":"closed","ping_status":"closed","template":"","meta":{"site-sidebar-layout":"default","site-content-layout":"","ast-site-content-layout":"default","site-content-style":"default","site-sidebar-style":"default","ast-global-header-display":"","ast-banner-title-visibility":"","ast-main-header-display":"","ast-hfb-above-header-display":"","ast-hfb-below-header-display":"","ast-hfb-mobile-header-display":"","site-post-title":"","ast-breadcrumbs-content":"","ast-featured-img":"","footer-sml-layout":"","ast-disable-related-posts":"","theme-transparent-header-meta":"","adv-header-id-meta":"","stick-header-meta":"","header-above-stick-meta":"","header-main-stick-meta":"","header-below-stick-meta":"","astra-migrate-meta-layouts":"default","ast-page-background-enabled":"default","ast-page-background-meta":{"desktop":{"background-color":"var(--ast-global-color-4)","background-image":"","background-repeat":"repeat","background-position":"center center","background-size":"auto","background-attachment":"scroll","background-type":"","background-media":"","overlay-type":"","overlay-color":"","overlay-opacity":"","overlay-gradient":""},"tablet":{"background-color":"","background-image":"","background-repeat":"repeat","background-position":"center center","background-size":"auto","background-attachment":"scroll","background-type":"","background-media":"","overlay-type":"","overlay-color":"","overlay-opacity":"","overlay-gradient":""},"mobile":{"background-color":"","background-image":"","background-repeat":"repeat","background-position":"center center","background-size":"auto","background-attachment":"scroll","background-type":"","background-media":"","overlay-type":"","overlay-color":"","overlay-opacity":"","overlay-gradient":""}},"ast-content-background-meta":{"desktop":{"background-color":"var(--ast-global-color-5)","background-image":"","background-repeat":"repeat","background-position":"center center","background-size":"auto","background-attachment":"scroll","background-type":"","background-media":"","overlay-type":"","overlay-color":"","overlay-opacity":"","overlay-gradient":""},"tablet":{"background-color":"var(--ast-global-color-5)","background-image":"","background-repeat":"repeat","background-position":"center center","background-size":"auto","background-attachment":"scroll","background-type":"","background-media":"","overlay-type":"","overlay-color":"","overlay-opacity":"","overlay-gradient":""},"mobile":{"background-color":"var(--ast-global-color-5)","background-image":"","background-repeat":"repeat","background-position":"center center","background-size":"auto","background-attachment":"scroll","background-type":"","background-media":"","overlay-type":"","overlay-color":"","overlay-opacity":"","overlay-gradient":""}},"footnotes":""},"class_list":["post-1368","page","type-page","status-publish","has-post-thumbnail","hentry"],"yoast_head":"<!-- This site is optimized with the Yoast SEO plugin v27.3 - https:\/\/yoast.com\/product\/yoast-seo-wordpress\/ -->\n<title>Si\u00fal\u00f3id\u00ed &amp; Cainteanna - LIFE ar Mhacaire<\/title>\n<meta name=\"robots\" content=\"index, follow, max-snippet:-1, max-image-preview:large, max-video-preview:-1\" \/>\n<link rel=\"canonical\" href=\"https:\/\/www.lifeonmachair.ie\/ga\/nuacht-imeachtai\/siuloidi-cainteanna\/\" \/>\n<meta property=\"og:locale\" content=\"ga_IE\" \/>\n<meta property=\"og:type\" content=\"article\" \/>\n<meta property=\"og:title\" content=\"Si\u00fal\u00f3id\u00ed &amp; Cainteanna - LIFE ar Mhacaire\" \/>\n<meta property=\"og:url\" content=\"https:\/\/www.lifeonmachair.ie\/ga\/nuacht-imeachtai\/siuloidi-cainteanna\/\" \/>\n<meta property=\"og:site_name\" content=\"LIFE ar Mhacaire\" \/>\n<meta property=\"article:publisher\" content=\"https:\/\/www.facebook.com\/profile.php?id=100086060573760\" \/>\n<meta property=\"article:modified_time\" content=\"2023-04-13T14:22:34+00:00\" \/>\n<meta property=\"og:image\" content=\"https:\/\/www.lifeonmachair.ie\/wp-content\/uploads\/2023\/04\/group-shot-scaled-e1681385342917.jpg\" \/>\n\t<meta property=\"og:image:width\" content=\"2560\" \/>\n\t<meta property=\"og:image:height\" content=\"1920\" \/>\n\t<meta property=\"og:image:type\" content=\"image\/jpeg\" \/>\n<meta name=\"twitter:card\" content=\"summary_large_image\" \/>\n<meta name=\"twitter:site\" content=\"@LIFEonMachair\" \/>\n<script type=\"application\/ld+json\" class=\"yoast-schema-graph\">{\"@context\":\"https:\\\/\\\/schema.org\",\"@graph\":[{\"@type\":\"WebPage\",\"@id\":\"https:\\\/\\\/www.lifeonmachair.ie\\\/ga\\\/nuacht-imeachtai\\\/siuloidi-cainteanna\\\/\",\"url\":\"https:\\\/\\\/www.lifeonmachair.ie\\\/ga\\\/nuacht-imeachtai\\\/siuloidi-cainteanna\\\/\",\"name\":\"Si\u00fal\u00f3id\u00ed &amp; Cainteanna - LIFE ar Mhacaire\",\"isPartOf\":{\"@id\":\"https:\\\/\\\/www.lifeonmachair.ie\\\/ga\\\/#website\"},\"primaryImageOfPage\":{\"@id\":\"https:\\\/\\\/www.lifeonmachair.ie\\\/ga\\\/nuacht-imeachtai\\\/siuloidi-cainteanna\\\/#primaryimage\"},\"image\":{\"@id\":\"https:\\\/\\\/www.lifeonmachair.ie\\\/ga\\\/nuacht-imeachtai\\\/siuloidi-cainteanna\\\/#primaryimage\"},\"thumbnailUrl\":\"https:\\\/\\\/www.lifeonmachair.ie\\\/wp-content\\\/uploads\\\/2023\\\/04\\\/group-shot-scaled-e1681385342917.jpg\",\"datePublished\":\"2023-03-24T16:56:07+00:00\",\"dateModified\":\"2023-04-13T14:22:34+00:00\",\"breadcrumb\":{\"@id\":\"https:\\\/\\\/www.lifeonmachair.ie\\\/ga\\\/nuacht-imeachtai\\\/siuloidi-cainteanna\\\/#breadcrumb\"},\"inLanguage\":\"ga-IE\",\"potentialAction\":[{\"@type\":\"ReadAction\",\"target\":[\"https:\\\/\\\/www.lifeonmachair.ie\\\/ga\\\/nuacht-imeachtai\\\/siuloidi-cainteanna\\\/\"]}]},{\"@type\":\"ImageObject\",\"inLanguage\":\"ga-IE\",\"@id\":\"https:\\\/\\\/www.lifeonmachair.ie\\\/ga\\\/nuacht-imeachtai\\\/siuloidi-cainteanna\\\/#primaryimage\",\"url\":\"https:\\\/\\\/www.lifeonmachair.ie\\\/wp-content\\\/uploads\\\/2023\\\/04\\\/group-shot-scaled-e1681385342917.jpg\",\"contentUrl\":\"https:\\\/\\\/www.lifeonmachair.ie\\\/wp-content\\\/uploads\\\/2023\\\/04\\\/group-shot-scaled-e1681385342917.jpg\",\"width\":2560,\"height\":1920,\"caption\":\"Group Shot of Walk\"},{\"@type\":\"BreadcrumbList\",\"@id\":\"https:\\\/\\\/www.lifeonmachair.ie\\\/ga\\\/nuacht-imeachtai\\\/siuloidi-cainteanna\\\/#breadcrumb\",\"itemListElement\":[{\"@type\":\"ListItem\",\"position\":1,\"name\":\"Home\",\"item\":\"https:\\\/\\\/www.lifeonmachair.ie\\\/ga\\\/\"},{\"@type\":\"ListItem\",\"position\":2,\"name\":\"Nuacht &amp; Imeachta\u00ed\",\"item\":\"https:\\\/\\\/www.lifeonmachair.ie\\\/ga\\\/nuacht-imeachtai\\\/\"},{\"@type\":\"ListItem\",\"position\":3,\"name\":\"Si\u00fal\u00f3id\u00ed &amp; Cainteanna\"}]},{\"@type\":\"WebSite\",\"@id\":\"https:\\\/\\\/www.lifeonmachair.ie\\\/ga\\\/#website\",\"url\":\"https:\\\/\\\/www.lifeonmachair.ie\\\/ga\\\/\",\"name\":\"LIFE ar Mhacaire\",\"description\":\"\",\"publisher\":{\"@id\":\"https:\\\/\\\/www.lifeonmachair.ie\\\/ga\\\/#organization\"},\"potentialAction\":[{\"@type\":\"SearchAction\",\"target\":{\"@type\":\"EntryPoint\",\"urlTemplate\":\"https:\\\/\\\/www.lifeonmachair.ie\\\/ga\\\/?s={search_term_string}\"},\"query-input\":{\"@type\":\"PropertyValueSpecification\",\"valueRequired\":true,\"valueName\":\"search_term_string\"}}],\"inLanguage\":\"ga-IE\"},{\"@type\":\"Organization\",\"@id\":\"https:\\\/\\\/www.lifeonmachair.ie\\\/ga\\\/#organization\",\"name\":\"Department of Housing, Local Government and Heritage\",\"url\":\"https:\\\/\\\/www.lifeonmachair.ie\\\/ga\\\/\",\"logo\":{\"@type\":\"ImageObject\",\"inLanguage\":\"ga-IE\",\"@id\":\"https:\\\/\\\/www.lifeonmachair.ie\\\/ga\\\/#\\\/schema\\\/logo\\\/image\\\/\",\"url\":\"https:\\\/\\\/www.lifeonmachair.ie\\\/wp-content\\\/uploads\\\/2025\\\/09\\\/life-on-machair-logo.jpg\",\"contentUrl\":\"https:\\\/\\\/www.lifeonmachair.ie\\\/wp-content\\\/uploads\\\/2025\\\/09\\\/life-on-machair-logo.jpg\",\"width\":1962,\"height\":772,\"caption\":\"Department of Housing, Local Government and Heritage\"},\"image\":{\"@id\":\"https:\\\/\\\/www.lifeonmachair.ie\\\/ga\\\/#\\\/schema\\\/logo\\\/image\\\/\"},\"sameAs\":[\"https:\\\/\\\/www.facebook.com\\\/profile.php?id=100086060573760\",\"https:\\\/\\\/x.com\\\/LIFEonMachair\"]}]}<\/script>\n<!-- \/ Yoast SEO plugin. -->","yoast_head_json":{"title":"Si\u00fal\u00f3id\u00ed &amp; Cainteanna - LIFE ar Mhacaire","robots":{"index":"index","follow":"follow","max-snippet":"max-snippet:-1","max-image-preview":"max-image-preview:large","max-video-preview":"max-video-preview:-1"},"canonical":"https:\/\/www.lifeonmachair.ie\/ga\/nuacht-imeachtai\/siuloidi-cainteanna\/","og_locale":"ga_IE","og_type":"article","og_title":"Si\u00fal\u00f3id\u00ed &amp; Cainteanna - LIFE ar Mhacaire","og_url":"https:\/\/www.lifeonmachair.ie\/ga\/nuacht-imeachtai\/siuloidi-cainteanna\/","og_site_name":"LIFE ar Mhacaire","article_publisher":"https:\/\/www.facebook.com\/profile.php?id=100086060573760","article_modified_time":"2023-04-13T14:22:34+00:00","og_image":[{"width":2560,"height":1920,"url":"https:\/\/www.lifeonmachair.ie\/wp-content\/uploads\/2023\/04\/group-shot-scaled-e1681385342917.jpg","type":"image\/jpeg"}],"twitter_card":"summary_large_image","twitter_site":"@LIFEonMachair","schema":{"@context":"https:\/\/schema.org","@graph":[{"@type":"WebPage","@id":"https:\/\/www.lifeonmachair.ie\/ga\/nuacht-imeachtai\/siuloidi-cainteanna\/","url":"https:\/\/www.lifeonmachair.ie\/ga\/nuacht-imeachtai\/siuloidi-cainteanna\/","name":"Si\u00fal\u00f3id\u00ed &amp; Cainteanna - LIFE ar Mhacaire","isPartOf":{"@id":"https:\/\/www.lifeonmachair.ie\/ga\/#website"},"primaryImageOfPage":{"@id":"https:\/\/www.lifeonmachair.ie\/ga\/nuacht-imeachtai\/siuloidi-cainteanna\/#primaryimage"},"image":{"@id":"https:\/\/www.lifeonmachair.ie\/ga\/nuacht-imeachtai\/siuloidi-cainteanna\/#primaryimage"},"thumbnailUrl":"https:\/\/www.lifeonmachair.ie\/wp-content\/uploads\/2023\/04\/group-shot-scaled-e1681385342917.jpg","datePublished":"2023-03-24T16:56:07+00:00","dateModified":"2023-04-13T14:22:34+00:00","breadcrumb":{"@id":"https:\/\/www.lifeonmachair.ie\/ga\/nuacht-imeachtai\/siuloidi-cainteanna\/#breadcrumb"},"inLanguage":"ga-IE","potentialAction":[{"@type":"ReadAction","target":["https:\/\/www.lifeonmachair.ie\/ga\/nuacht-imeachtai\/siuloidi-cainteanna\/"]}]},{"@type":"ImageObject","inLanguage":"ga-IE","@id":"https:\/\/www.lifeonmachair.ie\/ga\/nuacht-imeachtai\/siuloidi-cainteanna\/#primaryimage","url":"https:\/\/www.lifeonmachair.ie\/wp-content\/uploads\/2023\/04\/group-shot-scaled-e1681385342917.jpg","contentUrl":"https:\/\/www.lifeonmachair.ie\/wp-content\/uploads\/2023\/04\/group-shot-scaled-e1681385342917.jpg","width":2560,"height":1920,"caption":"Group Shot of Walk"},{"@type":"BreadcrumbList","@id":"https:\/\/www.lifeonmachair.ie\/ga\/nuacht-imeachtai\/siuloidi-cainteanna\/#breadcrumb","itemListElement":[{"@type":"ListItem","position":1,"name":"Home","item":"https:\/\/www.lifeonmachair.ie\/ga\/"},{"@type":"ListItem","position":2,"name":"Nuacht &amp; Imeachta\u00ed","item":"https:\/\/www.lifeonmachair.ie\/ga\/nuacht-imeachtai\/"},{"@type":"ListItem","position":3,"name":"Si\u00fal\u00f3id\u00ed &amp; Cainteanna"}]},{"@type":"WebSite","@id":"https:\/\/www.lifeonmachair.ie\/ga\/#website","url":"https:\/\/www.lifeonmachair.ie\/ga\/","name":"LIFE ar Mhacaire","description":"","publisher":{"@id":"https:\/\/www.lifeonmachair.ie\/ga\/#organization"},"potentialAction":[{"@type":"SearchAction","target":{"@type":"EntryPoint","urlTemplate":"https:\/\/www.lifeonmachair.ie\/ga\/?s={search_term_string}"},"query-input":{"@type":"PropertyValueSpecification","valueRequired":true,"valueName":"search_term_string"}}],"inLanguage":"ga-IE"},{"@type":"Organization","@id":"https:\/\/www.lifeonmachair.ie\/ga\/#organization","name":"Department of Housing, Local Government and Heritage","url":"https:\/\/www.lifeonmachair.ie\/ga\/","logo":{"@type":"ImageObject","inLanguage":"ga-IE","@id":"https:\/\/www.lifeonmachair.ie\/ga\/#\/schema\/logo\/image\/","url":"https:\/\/www.lifeonmachair.ie\/wp-content\/uploads\/2025\/09\/life-on-machair-logo.jpg","contentUrl":"https:\/\/www.lifeonmachair.ie\/wp-content\/uploads\/2025\/09\/life-on-machair-logo.jpg","width":1962,"height":772,"caption":"Department of Housing, Local Government and Heritage"},"image":{"@id":"https:\/\/www.lifeonmachair.ie\/ga\/#\/schema\/logo\/image\/"},"sameAs":["https:\/\/www.facebook.com\/profile.php?id=100086060573760","https:\/\/x.com\/LIFEonMachair"]}]}},"_links":{"self":[{"href":"https:\/\/www.lifeonmachair.ie\/ga\/wp-json\/wp\/v2\/pages\/1368","targetHints":{"allow":["GET"]}}],"collection":[{"href":"https:\/\/www.lifeonmachair.ie\/ga\/wp-json\/wp\/v2\/pages"}],"about":[{"href":"https:\/\/www.lifeonmachair.ie\/ga\/wp-json\/wp\/v2\/types\/page"}],"author":[{"embeddable":true,"href":"https:\/\/www.lifeonmachair.ie\/ga\/wp-json\/wp\/v2\/users\/1"}],"replies":[{"embeddable":true,"href":"https:\/\/www.lifeonmachair.ie\/ga\/wp-json\/wp\/v2\/comments?post=1368"}],"version-history":[{"count":1,"href":"https:\/\/www.lifeonmachair.ie\/ga\/wp-json\/wp\/v2\/pages\/1368\/revisions"}],"predecessor-version":[{"id":1369,"href":"https:\/\/www.lifeonmachair.ie\/ga\/wp-json\/wp\/v2\/pages\/1368\/revisions\/1369"}],"up":[{"embeddable":true,"href":"https:\/\/www.lifeonmachair.ie\/ga\/wp-json\/wp\/v2\/pages\/1364"}],"wp:featuredmedia":[{"embeddable":true,"href":"https:\/\/www.lifeonmachair.ie\/ga\/wp-json\/wp\/v2\/media\/1591"}],"wp:attachment":[{"href":"https:\/\/www.lifeonmachair.ie\/ga\/wp-json\/wp\/v2\/media?parent=1368"}],"curies":[{"name":"wp","href":"https:\/\/api.w.org\/{rel}","templated":true}]}}