{"id":1358,"date":"2023-02-21T15:29:43","date_gmt":"2023-02-21T15:29:43","guid":{"rendered":"https:\/\/www.lifeonmachair.ie\/limisteir-an-tionscadail\/murvey-machair\/"},"modified":"2023-04-04T16:35:49","modified_gmt":"2023-04-04T16:35:49","slug":"murvey-machair","status":"publish","type":"page","link":"https:\/\/www.lifeonmachair.ie\/ga\/limisteir-an-tionscadail\/murvey-machair\/","title":{"rendered":"Murvey Machair"},"content":{"rendered":"\n<div class=\"wp-block-columns is-layout-flex wp-container-core-columns-is-layout-28f84493 wp-block-columns-is-layout-flex\">\n<div class=\"wp-block-column is-layout-flow wp-block-column-is-layout-flow\" style=\"flex-basis:66.66%\">\n<p>Murvey agus Dolan (<a href=\"https:\/\/www.npws.ie\/protected-sites\/sac\/002129\">Murvey Machair SAC<\/a>)<\/p>\n\n\n\n<p>T\u00e1 an su\u00edomh beag Machair\/cathailte seo suite in iardheisceart Chontae na Gaillimhe. Chomh maith le leas na Machair, t\u00e1 limist\u00e9ir de riasc fionnuisce, loch fionnuisce, f\u00e9arthalamh agus fraoch\u00dan ar an su\u00edomh. Is f\u00e9idir an su\u00edomh a roinnt ina dh\u00e1 leath chodarsnacha, leath nochta c\u00f3sta a bhfuil gaineamh s\u00e9idte gaoithe agus leath n\u00edos fosca\u00ed, a bhfuil lochanna agus bogaigh i gceannas air. T\u00e1 n\u00e1d\u00far foscaidh na mbogach agus a gc\u00f3ngar don ch\u00f3sta freagrach go p\u00e1irteach as f\u00e1sra riasc fionnuisce a fhorbairt go forleathan ar imeall Lochanna Namanawaun agus Murvey.<\/p>\n\n\n\n<p>Bh\u00ed an Machair n\u00edos fairsinge san am a chuaigh thart ach t\u00e1 s\u00ed \u00eddithe go m\u00f3r, ag c\u00fal\u00fa na tal\u00fan le gaineamh ag s\u00e9ideadh an\u00edos agus gan ach paist\u00ed de Mhachair tipici\u00fala ar marthain. Ag am an tsuirbh\u00e9 in 2007, measadh gur d\u00f3cha go bhf\u00e9adfa\u00ed *21A0 Machairs a chailleadh go hioml\u00e1n \u00f3n su\u00edomh mura gcuirf\u00ed bearta chun creimeadh a mhaol\u00fa i bhfeidhm.<\/p>\n\n\n\n<p>In 2009, rinneadh meas\u00fan\u00fa ar Murvey go raibh s\u00e9 idirmhe\u00e1nach go raibh t\u00e1bhacht \u00edseal ag baint leis d\u2019lapaire ph\u00f3r\u00fach\u00e1in, \u00f3s rud \u00e9 n\u00e1r thacaigh s\u00e9 ach le bpobal ioml\u00e1n tarbh\u00f3g ph\u00f3r\u00fach\u00e1in ina bhfuil seacht bp\u00e9ire; dh\u00e1 ph\u00e9ire Pilib\u00edn agus c\u00faig ph\u00e9ire Fead\u00f3g Chu\u00e1in. Th\u00e1inig laghd\u00fa ar an bpobail seo go dt\u00ed dh\u00e1 ph\u00e9ire Fhead\u00f3g Fh\u00e1inneach faoi 2019, agus th\u00e1inig laghd\u00fa ar an su\u00edomh go dt\u00ed go raibh t\u00e1bhacht \u00edseal leis. Mar sin f\u00e9in, d\u2019fh\u00e9adfadh f\u00e1s agus cothabh\u00e1il pobail lapaire ag Murvey.<\/p>\n\n\n\n<p>N\u00edl taifid leathana ar phailneoir\u00ed \u00f3 Mhurvey Machair, agus is d\u00f3cha go bhfuil s\u00e9 seo mar gheall ar dhrochbhail na bhf\u00e9arthailte agus easpa acmhainn\u00ed bl\u00e1thanna. Mar sin f\u00e9in, tugadh faoi deara dh\u00e1 speiceas at\u00e1 liostaithe mar faoi bhagairt ar liosta sonra\u00ed dearg na h\u00c9ireann do bheacha, Bumb\u00f3g M\u00f3r Dearg (<em>Bombus lapidarius<\/em>) agus Beach Chard\u00e1la Caonaigh (<em>Bombus muscorum<\/em>), (t\u00e1 an speiceas sin liostaithe mar Leochaileach ar leibh\u00e9al Eorpach), n\u00f3 in aice leis. Mar sin f\u00e9in, t\u00e1 na hacmhainn\u00ed is f\u00e9idir le Murvey Machair a chur ar f\u00e1il do phailneoir\u00ed i dt\u00e9arma\u00ed bianna agus bl\u00e1thanna larbha an-teoranta agus ag laghd\u00fa anois.<\/p>\n<\/div>\n\n\n\n<div class=\"wp-block-column is-layout-flow wp-block-column-is-layout-flow\" style=\"flex-basis:33.33%\">\n<figure class=\"wp-block-image size-large\"><a href=\"https:\/\/www.lifeonmachair.ie\/wp-content\/uploads\/2023\/04\/murvey-machair-erosion-edited-scaled.jpg\"><img loading=\"lazy\" decoding=\"async\" width=\"2560\" height=\"2560\" src=\"https:\/\/www.lifeonmachair.ie\/wp-content\/uploads\/2023\/04\/murvey-machair-erosion-edited-scaled.jpg\" alt=\"Murvey Machair Erosion Damage\" class=\"wp-image-1294\" srcset=\"https:\/\/www.lifeonmachair.ie\/wp-content\/uploads\/2023\/04\/murvey-machair-erosion-edited-scaled.jpg 2560w, https:\/\/www.lifeonmachair.ie\/wp-content\/uploads\/2023\/04\/murvey-machair-erosion-edited-300x300.jpg 300w, https:\/\/www.lifeonmachair.ie\/wp-content\/uploads\/2023\/04\/murvey-machair-erosion-edited-1024x1024.jpg 1024w, https:\/\/www.lifeonmachair.ie\/wp-content\/uploads\/2023\/04\/murvey-machair-erosion-edited-150x150.jpg 150w, https:\/\/www.lifeonmachair.ie\/wp-content\/uploads\/2023\/04\/murvey-machair-erosion-edited-768x768.jpg 768w, https:\/\/www.lifeonmachair.ie\/wp-content\/uploads\/2023\/04\/murvey-machair-erosion-edited-1536x1536.jpg 1536w, https:\/\/www.lifeonmachair.ie\/wp-content\/uploads\/2023\/04\/murvey-machair-erosion-edited-2048x2048.jpg 2048w\" sizes=\"auto, (max-width: 2560px) 100vw, 2560px\" \/><\/a><\/figure>\n<\/div>\n<\/div>\n","protected":false},"excerpt":{"rendered":"<p>Murvey agus Dolan (Murvey Machair SAC) T\u00e1 an su\u00edomh beag Machair\/cathailte seo suite in iardheisceart Chontae na Gaillimhe. Chomh maith le leas na Machair, t\u00e1 limist\u00e9ir de riasc fionnuisce, loch fionnuisce, f\u00e9arthalamh agus fraoch\u00dan ar an su\u00edomh. Is f\u00e9idir an su\u00edomh a roinnt ina dh\u00e1 leath chodarsnacha, leath nochta c\u00f3sta a bhfuil gaineamh s\u00e9idte gaoithe [&hellip;]<\/p>\n","protected":false},"author":1,"featured_media":877,"parent":1340,"menu_order":0,"comment_status":"closed","ping_status":"closed","template":"","meta":{"site-sidebar-layout":"default","site-content-layout":"","ast-site-content-layout":"default","site-content-style":"default","site-sidebar-style":"default","ast-global-header-display":"","ast-banner-title-visibility":"","ast-main-header-display":"","ast-hfb-above-header-display":"","ast-hfb-below-header-display":"","ast-hfb-mobile-header-display":"","site-post-title":"","ast-breadcrumbs-content":"","ast-featured-img":"","footer-sml-layout":"","ast-disable-related-posts":"","theme-transparent-header-meta":"","adv-header-id-meta":"","stick-header-meta":"","header-above-stick-meta":"","header-main-stick-meta":"","header-below-stick-meta":"","astra-migrate-meta-layouts":"default","ast-page-background-enabled":"default","ast-page-background-meta":{"desktop":{"background-color":"var(--ast-global-color-4)","background-image":"","background-repeat":"repeat","background-position":"center center","background-size":"auto","background-attachment":"scroll","background-type":"","background-media":"","overlay-type":"","overlay-color":"","overlay-opacity":"","overlay-gradient":""},"tablet":{"background-color":"","background-image":"","background-repeat":"repeat","background-position":"center center","background-size":"auto","background-attachment":"scroll","background-type":"","background-media":"","overlay-type":"","overlay-color":"","overlay-opacity":"","overlay-gradient":""},"mobile":{"background-color":"","background-image":"","background-repeat":"repeat","background-position":"center center","background-size":"auto","background-attachment":"scroll","background-type":"","background-media":"","overlay-type":"","overlay-color":"","overlay-opacity":"","overlay-gradient":""}},"ast-content-background-meta":{"desktop":{"background-color":"var(--ast-global-color-5)","background-image":"","background-repeat":"repeat","background-position":"center center","background-size":"auto","background-attachment":"scroll","background-type":"","background-media":"","overlay-type":"","overlay-color":"","overlay-opacity":"","overlay-gradient":""},"tablet":{"background-color":"var(--ast-global-color-5)","background-image":"","background-repeat":"repeat","background-position":"center center","background-size":"auto","background-attachment":"scroll","background-type":"","background-media":"","overlay-type":"","overlay-color":"","overlay-opacity":"","overlay-gradient":""},"mobile":{"background-color":"var(--ast-global-color-5)","background-image":"","background-repeat":"repeat","background-position":"center center","background-size":"auto","background-attachment":"scroll","background-type":"","background-media":"","overlay-type":"","overlay-color":"","overlay-opacity":"","overlay-gradient":""}},"footnotes":""},"class_list":["post-1358","page","type-page","status-publish","has-post-thumbnail","hentry"],"yoast_head":"<!-- This site is optimized with the Yoast SEO plugin v27.5 - https:\/\/yoast.com\/product\/yoast-seo-wordpress\/ -->\n<title>Murvey Machair - LIFE ar Mhacaire<\/title>\n<meta name=\"robots\" content=\"index, follow, max-snippet:-1, max-image-preview:large, max-video-preview:-1\" \/>\n<link rel=\"canonical\" href=\"https:\/\/www.lifeonmachair.ie\/ga\/limisteir-an-tionscadail\/murvey-machair\/\" \/>\n<meta property=\"og:locale\" content=\"ga_IE\" \/>\n<meta property=\"og:type\" content=\"article\" \/>\n<meta property=\"og:title\" content=\"Murvey Machair - LIFE ar Mhacaire\" \/>\n<meta property=\"og:description\" content=\"Murvey agus Dolan (Murvey Machair SAC) T\u00e1 an su\u00edomh beag Machair\/cathailte seo suite in iardheisceart Chontae na Gaillimhe. Chomh maith le leas na Machair, t\u00e1 limist\u00e9ir de riasc fionnuisce, loch fionnuisce, f\u00e9arthalamh agus fraoch\u00dan ar an su\u00edomh. Is f\u00e9idir an su\u00edomh a roinnt ina dh\u00e1 leath chodarsnacha, leath nochta c\u00f3sta a bhfuil gaineamh s\u00e9idte gaoithe [&hellip;]\" \/>\n<meta property=\"og:url\" content=\"https:\/\/www.lifeonmachair.ie\/ga\/limisteir-an-tionscadail\/murvey-machair\/\" \/>\n<meta property=\"og:site_name\" content=\"LIFE ar Mhacaire\" \/>\n<meta property=\"article:publisher\" content=\"https:\/\/www.facebook.com\/profile.php?id=100086060573760\" \/>\n<meta property=\"article:modified_time\" content=\"2023-04-04T16:35:49+00:00\" \/>\n<meta property=\"og:image\" content=\"https:\/\/www.lifeonmachair.ie\/wp-content\/uploads\/2023\/03\/murvey-machair-erosion-scaled.jpg\" \/>\n\t<meta property=\"og:image:width\" content=\"2560\" \/>\n\t<meta property=\"og:image:height\" content=\"1920\" \/>\n\t<meta property=\"og:image:type\" content=\"image\/jpeg\" \/>\n<meta name=\"twitter:card\" content=\"summary_large_image\" \/>\n<meta name=\"twitter:site\" content=\"@LIFEonMachair\" \/>\n<meta name=\"twitter:label1\" content=\"Est. reading time\" \/>\n\t<meta name=\"twitter:data1\" content=\"2 minutes\" \/>\n<script type=\"application\/ld+json\" class=\"yoast-schema-graph\">{\"@context\":\"https:\\\/\\\/schema.org\",\"@graph\":[{\"@type\":\"WebPage\",\"@id\":\"https:\\\/\\\/www.lifeonmachair.ie\\\/ga\\\/limisteir-an-tionscadail\\\/murvey-machair\\\/\",\"url\":\"https:\\\/\\\/www.lifeonmachair.ie\\\/ga\\\/limisteir-an-tionscadail\\\/murvey-machair\\\/\",\"name\":\"Murvey Machair - LIFE ar Mhacaire\",\"isPartOf\":{\"@id\":\"https:\\\/\\\/www.lifeonmachair.ie\\\/ga\\\/#website\"},\"primaryImageOfPage\":{\"@id\":\"https:\\\/\\\/www.lifeonmachair.ie\\\/ga\\\/limisteir-an-tionscadail\\\/murvey-machair\\\/#primaryimage\"},\"image\":{\"@id\":\"https:\\\/\\\/www.lifeonmachair.ie\\\/ga\\\/limisteir-an-tionscadail\\\/murvey-machair\\\/#primaryimage\"},\"thumbnailUrl\":\"https:\\\/\\\/www.lifeonmachair.ie\\\/wp-content\\\/uploads\\\/2023\\\/03\\\/murvey-machair-erosion-scaled.jpg\",\"datePublished\":\"2023-02-21T15:29:43+00:00\",\"dateModified\":\"2023-04-04T16:35:49+00:00\",\"breadcrumb\":{\"@id\":\"https:\\\/\\\/www.lifeonmachair.ie\\\/ga\\\/limisteir-an-tionscadail\\\/murvey-machair\\\/#breadcrumb\"},\"inLanguage\":\"ga-IE\",\"potentialAction\":[{\"@type\":\"ReadAction\",\"target\":[\"https:\\\/\\\/www.lifeonmachair.ie\\\/ga\\\/limisteir-an-tionscadail\\\/murvey-machair\\\/\"]}]},{\"@type\":\"ImageObject\",\"inLanguage\":\"ga-IE\",\"@id\":\"https:\\\/\\\/www.lifeonmachair.ie\\\/ga\\\/limisteir-an-tionscadail\\\/murvey-machair\\\/#primaryimage\",\"url\":\"https:\\\/\\\/www.lifeonmachair.ie\\\/wp-content\\\/uploads\\\/2023\\\/03\\\/murvey-machair-erosion-scaled.jpg\",\"contentUrl\":\"https:\\\/\\\/www.lifeonmachair.ie\\\/wp-content\\\/uploads\\\/2023\\\/03\\\/murvey-machair-erosion-scaled.jpg\",\"width\":2560,\"height\":1920,\"caption\":\"Murvey Machair Erosion Damage\"},{\"@type\":\"BreadcrumbList\",\"@id\":\"https:\\\/\\\/www.lifeonmachair.ie\\\/ga\\\/limisteir-an-tionscadail\\\/murvey-machair\\\/#breadcrumb\",\"itemListElement\":[{\"@type\":\"ListItem\",\"position\":1,\"name\":\"Home\",\"item\":\"https:\\\/\\\/www.lifeonmachair.ie\\\/ga\\\/\"},{\"@type\":\"ListItem\",\"position\":2,\"name\":\"Limist\u00e9ir an Tionscadail\",\"item\":\"https:\\\/\\\/www.lifeonmachair.ie\\\/ga\\\/project-areas\\\/\"},{\"@type\":\"ListItem\",\"position\":3,\"name\":\"Murvey Machair\"}]},{\"@type\":\"WebSite\",\"@id\":\"https:\\\/\\\/www.lifeonmachair.ie\\\/ga\\\/#website\",\"url\":\"https:\\\/\\\/www.lifeonmachair.ie\\\/ga\\\/\",\"name\":\"LIFE ar Mhacaire\",\"description\":\"\",\"publisher\":{\"@id\":\"https:\\\/\\\/www.lifeonmachair.ie\\\/ga\\\/#organization\"},\"potentialAction\":[{\"@type\":\"SearchAction\",\"target\":{\"@type\":\"EntryPoint\",\"urlTemplate\":\"https:\\\/\\\/www.lifeonmachair.ie\\\/ga\\\/?s={search_term_string}\"},\"query-input\":{\"@type\":\"PropertyValueSpecification\",\"valueRequired\":true,\"valueName\":\"search_term_string\"}}],\"inLanguage\":\"ga-IE\"},{\"@type\":\"Organization\",\"@id\":\"https:\\\/\\\/www.lifeonmachair.ie\\\/ga\\\/#organization\",\"name\":\"Department of Housing, Local Government and Heritage\",\"url\":\"https:\\\/\\\/www.lifeonmachair.ie\\\/ga\\\/\",\"logo\":{\"@type\":\"ImageObject\",\"inLanguage\":\"ga-IE\",\"@id\":\"https:\\\/\\\/www.lifeonmachair.ie\\\/ga\\\/#\\\/schema\\\/logo\\\/image\\\/\",\"url\":\"https:\\\/\\\/www.lifeonmachair.ie\\\/wp-content\\\/uploads\\\/2025\\\/09\\\/life-on-machair-logo.jpg\",\"contentUrl\":\"https:\\\/\\\/www.lifeonmachair.ie\\\/wp-content\\\/uploads\\\/2025\\\/09\\\/life-on-machair-logo.jpg\",\"width\":1962,\"height\":772,\"caption\":\"Department of Housing, Local Government and Heritage\"},\"image\":{\"@id\":\"https:\\\/\\\/www.lifeonmachair.ie\\\/ga\\\/#\\\/schema\\\/logo\\\/image\\\/\"},\"sameAs\":[\"https:\\\/\\\/www.facebook.com\\\/profile.php?id=100086060573760\",\"https:\\\/\\\/x.com\\\/LIFEonMachair\"]}]}<\/script>\n<!-- \/ Yoast SEO plugin. -->","yoast_head_json":{"title":"Murvey Machair - LIFE ar Mhacaire","robots":{"index":"index","follow":"follow","max-snippet":"max-snippet:-1","max-image-preview":"max-image-preview:large","max-video-preview":"max-video-preview:-1"},"canonical":"https:\/\/www.lifeonmachair.ie\/ga\/limisteir-an-tionscadail\/murvey-machair\/","og_locale":"ga_IE","og_type":"article","og_title":"Murvey Machair - LIFE ar Mhacaire","og_description":"Murvey agus Dolan (Murvey Machair SAC) T\u00e1 an su\u00edomh beag Machair\/cathailte seo suite in iardheisceart Chontae na Gaillimhe. Chomh maith le leas na Machair, t\u00e1 limist\u00e9ir de riasc fionnuisce, loch fionnuisce, f\u00e9arthalamh agus fraoch\u00dan ar an su\u00edomh. Is f\u00e9idir an su\u00edomh a roinnt ina dh\u00e1 leath chodarsnacha, leath nochta c\u00f3sta a bhfuil gaineamh s\u00e9idte gaoithe [&hellip;]","og_url":"https:\/\/www.lifeonmachair.ie\/ga\/limisteir-an-tionscadail\/murvey-machair\/","og_site_name":"LIFE ar Mhacaire","article_publisher":"https:\/\/www.facebook.com\/profile.php?id=100086060573760","article_modified_time":"2023-04-04T16:35:49+00:00","og_image":[{"width":2560,"height":1920,"url":"https:\/\/www.lifeonmachair.ie\/wp-content\/uploads\/2023\/03\/murvey-machair-erosion-scaled.jpg","type":"image\/jpeg"}],"twitter_card":"summary_large_image","twitter_site":"@LIFEonMachair","twitter_misc":{"Est. reading time":"2 minutes"},"schema":{"@context":"https:\/\/schema.org","@graph":[{"@type":"WebPage","@id":"https:\/\/www.lifeonmachair.ie\/ga\/limisteir-an-tionscadail\/murvey-machair\/","url":"https:\/\/www.lifeonmachair.ie\/ga\/limisteir-an-tionscadail\/murvey-machair\/","name":"Murvey Machair - LIFE ar Mhacaire","isPartOf":{"@id":"https:\/\/www.lifeonmachair.ie\/ga\/#website"},"primaryImageOfPage":{"@id":"https:\/\/www.lifeonmachair.ie\/ga\/limisteir-an-tionscadail\/murvey-machair\/#primaryimage"},"image":{"@id":"https:\/\/www.lifeonmachair.ie\/ga\/limisteir-an-tionscadail\/murvey-machair\/#primaryimage"},"thumbnailUrl":"https:\/\/www.lifeonmachair.ie\/wp-content\/uploads\/2023\/03\/murvey-machair-erosion-scaled.jpg","datePublished":"2023-02-21T15:29:43+00:00","dateModified":"2023-04-04T16:35:49+00:00","breadcrumb":{"@id":"https:\/\/www.lifeonmachair.ie\/ga\/limisteir-an-tionscadail\/murvey-machair\/#breadcrumb"},"inLanguage":"ga-IE","potentialAction":[{"@type":"ReadAction","target":["https:\/\/www.lifeonmachair.ie\/ga\/limisteir-an-tionscadail\/murvey-machair\/"]}]},{"@type":"ImageObject","inLanguage":"ga-IE","@id":"https:\/\/www.lifeonmachair.ie\/ga\/limisteir-an-tionscadail\/murvey-machair\/#primaryimage","url":"https:\/\/www.lifeonmachair.ie\/wp-content\/uploads\/2023\/03\/murvey-machair-erosion-scaled.jpg","contentUrl":"https:\/\/www.lifeonmachair.ie\/wp-content\/uploads\/2023\/03\/murvey-machair-erosion-scaled.jpg","width":2560,"height":1920,"caption":"Murvey Machair Erosion Damage"},{"@type":"BreadcrumbList","@id":"https:\/\/www.lifeonmachair.ie\/ga\/limisteir-an-tionscadail\/murvey-machair\/#breadcrumb","itemListElement":[{"@type":"ListItem","position":1,"name":"Home","item":"https:\/\/www.lifeonmachair.ie\/ga\/"},{"@type":"ListItem","position":2,"name":"Limist\u00e9ir an Tionscadail","item":"https:\/\/www.lifeonmachair.ie\/ga\/project-areas\/"},{"@type":"ListItem","position":3,"name":"Murvey Machair"}]},{"@type":"WebSite","@id":"https:\/\/www.lifeonmachair.ie\/ga\/#website","url":"https:\/\/www.lifeonmachair.ie\/ga\/","name":"LIFE ar Mhacaire","description":"","publisher":{"@id":"https:\/\/www.lifeonmachair.ie\/ga\/#organization"},"potentialAction":[{"@type":"SearchAction","target":{"@type":"EntryPoint","urlTemplate":"https:\/\/www.lifeonmachair.ie\/ga\/?s={search_term_string}"},"query-input":{"@type":"PropertyValueSpecification","valueRequired":true,"valueName":"search_term_string"}}],"inLanguage":"ga-IE"},{"@type":"Organization","@id":"https:\/\/www.lifeonmachair.ie\/ga\/#organization","name":"Department of Housing, Local Government and Heritage","url":"https:\/\/www.lifeonmachair.ie\/ga\/","logo":{"@type":"ImageObject","inLanguage":"ga-IE","@id":"https:\/\/www.lifeonmachair.ie\/ga\/#\/schema\/logo\/image\/","url":"https:\/\/www.lifeonmachair.ie\/wp-content\/uploads\/2025\/09\/life-on-machair-logo.jpg","contentUrl":"https:\/\/www.lifeonmachair.ie\/wp-content\/uploads\/2025\/09\/life-on-machair-logo.jpg","width":1962,"height":772,"caption":"Department of Housing, Local Government and Heritage"},"image":{"@id":"https:\/\/www.lifeonmachair.ie\/ga\/#\/schema\/logo\/image\/"},"sameAs":["https:\/\/www.facebook.com\/profile.php?id=100086060573760","https:\/\/x.com\/LIFEonMachair"]}]}},"_links":{"self":[{"href":"https:\/\/www.lifeonmachair.ie\/ga\/wp-json\/wp\/v2\/pages\/1358","targetHints":{"allow":["GET"]}}],"collection":[{"href":"https:\/\/www.lifeonmachair.ie\/ga\/wp-json\/wp\/v2\/pages"}],"about":[{"href":"https:\/\/www.lifeonmachair.ie\/ga\/wp-json\/wp\/v2\/types\/page"}],"author":[{"embeddable":true,"href":"https:\/\/www.lifeonmachair.ie\/ga\/wp-json\/wp\/v2\/users\/1"}],"replies":[{"embeddable":true,"href":"https:\/\/www.lifeonmachair.ie\/ga\/wp-json\/wp\/v2\/comments?post=1358"}],"version-history":[{"count":1,"href":"https:\/\/www.lifeonmachair.ie\/ga\/wp-json\/wp\/v2\/pages\/1358\/revisions"}],"predecessor-version":[{"id":1359,"href":"https:\/\/www.lifeonmachair.ie\/ga\/wp-json\/wp\/v2\/pages\/1358\/revisions\/1359"}],"up":[{"embeddable":true,"href":"https:\/\/www.lifeonmachair.ie\/ga\/wp-json\/wp\/v2\/pages\/1340"}],"wp:featuredmedia":[{"embeddable":true,"href":"https:\/\/www.lifeonmachair.ie\/ga\/wp-json\/wp\/v2\/media\/877"}],"wp:attachment":[{"href":"https:\/\/www.lifeonmachair.ie\/ga\/wp-json\/wp\/v2\/media?parent=1358"}],"curies":[{"name":"wp","href":"https:\/\/api.w.org\/{rel}","templated":true}]}}