{"id":1354,"date":"2023-02-21T15:28:50","date_gmt":"2023-02-21T15:28:50","guid":{"rendered":"https:\/\/www.lifeonmachair.ie\/limisteir-an-tionscadail\/coimpleasc-dhumha-eachtra\/"},"modified":"2023-04-20T08:47:47","modified_gmt":"2023-04-20T08:47:47","slug":"coimpleasc-dhumha-eachtra","status":"publish","type":"page","link":"https:\/\/www.lifeonmachair.ie\/ga\/limisteir-an-tionscadail\/coimpleasc-dhumha-eachtra\/","title":{"rendered":"Coimpl\u00e9asc Dhumha Eachtra"},"content":{"rendered":"\n<div class=\"wp-block-columns is-layout-flex wp-container-core-columns-is-layout-28f84493 wp-block-columns-is-layout-flex\">\n<div class=\"wp-block-column is-layout-flow wp-block-column-is-layout-flow\" style=\"flex-basis:66.66%\">\n<p>Cl\u00fada\u00edonn an l\u00e1ithre\u00e1n seo roinnt bailte fearainn sa limist\u00e9ar idir an Tr\u00e1 Airgid agus an Tr\u00e1 B\u00e1n, lena n-\u00e1ir\u00edtear Dumha Eachtra and Thallabaun agus Thallabaun, agus is cuid de <a href=\"https:\/\/www.npws.ie\/protected-sites\/sac\/001932\">Mweelrea\/Sheeffry\/Erriff Complex SAC<\/a>.<\/p>\n\n\n\n<p>T\u00e1 sprioclimist\u00e9ar an tionscadail LIFE maidir le Machair d\u00edrithe ar na limist\u00e9ir ch\u00f3sta ag Dumha Eachtra and Thallabaun \u00e1it a mb\u00edonn Machair, dumhcha seasta agus lapair\u00ed ph\u00f3r\u00fach\u00e1in. T\u00e1 t\u00e1bhacht ar leith \u00f3 thaobh na h\u00e9iceola\u00edochta ag baint leis an su\u00edomh seo mar go bhfuil aistrithe n\u00e1d\u00fartha, gan cur isteach orthu i sraith leathan de ghn\u00e1th\u00f3ga c\u00f3sta le neasleagan de ghn\u00e1th\u00f3ga fliucha agus tirime, f\u00e1na\u00ed carraigeacha, f\u00edn\u00ed, lochanna, dumhcha fliucha agus tirime agus an mhachaire Machair a chuireann \u00e9iceach\u00f3ras ar mh\u00f3r\u00e1n acmhainn\u00ed ar f\u00e1il do phailneoir\u00ed agus d\u2019\u00e9in lapaire.<\/p>\n\n\n\n<p>T\u00e1 an limist\u00e9ar faoi cheannas caorach \u00edseal-d\u00e9ine i bp\u00e1irceanna pr\u00edobh\u00e1ideacha agus coim\u00edneacht. Meallann na tr\u00e1nna turas\u00f3ir\u00ed agus d\u00e9antar freastal orthu le b\u00f3ithre rochtana agus carrchl\u00f3is.<\/p>\n\n\n\n<p>In 2019, thacaigh Dumha Eachtra le 21 ph\u00e9ire lapaire ph\u00f3r\u00fach\u00e1in, cos\u00fail leis na p\u00e9ir\u00ed ioml\u00e1na a taifeadadh ar an l\u00e1thair \u00f3 1985 i leith. Mar sin f\u00e9in, c\u00e9 go bhfuil pobal ioml\u00e1n na lapaire ph\u00f3r\u00fach\u00e1in ag Dumha Eachtra cobhsa\u00ed go ginear\u00e1lta san fhadt\u00e9arma, t\u00e1 athr\u00fa suntasach tagtha ar chomhdh\u00e9anamh an pobail. N\u00ed ph\u00f3ra\u00edonn Breac\u00f3g, Cosdearg\u00e1n, Fead\u00f3g Fh\u00e1inneach agus Gaineamh\u00e1n Coiteann a thuilleadh ar an su\u00edomh, a taifeadadh i l\u00e1thair go deireanach i 2009. Mar sin f\u00e9in, t\u00e1 m\u00e9ad\u00fa tagtha ar l\u00edon na Pilib\u00edn \u00f3 11 ph\u00e9ire i 1996 go 16 ph\u00e9ire in 2019; leis na 16 ph\u00e9ire sin, is ionann iad agus 3% den phobal p\u00f3r\u00fach\u00e1in n\u00e1isi\u00fanta in 2019.<\/p>\n\n\n\n<p>Is sampla maith \u00e9 Dumha Eachtra de shu\u00edomh dl\u00fath le hacmhainn\u00ed \u00e9ags\u00fala at\u00e1 gar d\u00e1 ch\u00e9ile. Mar sin f\u00e9in, le linn monat\u00f3ireacht a dh\u00e9anamh ar ghn\u00e1th\u00f3ga in 2013, bh\u00ed acmhainn\u00ed bl\u00e1thanna aonchine\u00e1lacha \u00edseal agus laghdaithe ar an l\u00e1thair mar gheall ar leibh\u00e9il arda innilte ag eallach, caoirigh agus coin\u00edn\u00ed. I measc na speiceas pailneoir\u00ed a taifeadadh \u00f3n su\u00edomh seo agus a st\u00e1das ar Liosta Dearg speiceas na h\u00c9ireann t\u00e1:<\/p>\n\n\n\n<p><em>Faoi Bhagairt:<\/em> Donn\u00f3g aille (<em>Hipparchia semele<\/em>), Fraoch\u00e1n beag (<em>Coenonympha pamphilus<\/em>), Bumb\u00f3g M\u00f3r Dheirg-Eireaballach (<em>Bombus lapidarius<\/em>), Beach-Moss Carder (<em>Bombus muscorum<\/em>)**<\/p>\n\n\n\n<p><em>I mbaol:<\/em> Donn\u00f3g an bhalla (<em>Lasiommata megera<\/em>)<\/p>\n\n\n\n<p>** liostaithe mar &#8220;i gcont\u00fairt&#8221; ar leibh\u00e9al Eorpach.<\/p>\n<\/div>\n\n\n\n<div class=\"wp-block-column is-layout-flow wp-block-column-is-layout-flow\" style=\"flex-basis:33.33%\">\n<figure class=\"wp-block-image size-large\"><a href=\"https:\/\/www.lifeonmachair.ie\/wp-content\/uploads\/2023\/04\/Dooagtry-edited-scaled.jpg\"><img loading=\"lazy\" decoding=\"async\" width=\"2560\" height=\"2560\" src=\"https:\/\/www.lifeonmachair.ie\/wp-content\/uploads\/2023\/04\/Dooagtry-edited-scaled.jpg\" alt=\"Dhumha Eachtra\" class=\"wp-image-1285\" srcset=\"https:\/\/www.lifeonmachair.ie\/wp-content\/uploads\/2023\/04\/Dooagtry-edited-scaled.jpg 2560w, https:\/\/www.lifeonmachair.ie\/wp-content\/uploads\/2023\/04\/Dooagtry-edited-300x300.jpg 300w, https:\/\/www.lifeonmachair.ie\/wp-content\/uploads\/2023\/04\/Dooagtry-edited-1024x1024.jpg 1024w, https:\/\/www.lifeonmachair.ie\/wp-content\/uploads\/2023\/04\/Dooagtry-edited-150x150.jpg 150w, https:\/\/www.lifeonmachair.ie\/wp-content\/uploads\/2023\/04\/Dooagtry-edited-768x768.jpg 768w, https:\/\/www.lifeonmachair.ie\/wp-content\/uploads\/2023\/04\/Dooagtry-edited-1536x1536.jpg 1536w, https:\/\/www.lifeonmachair.ie\/wp-content\/uploads\/2023\/04\/Dooagtry-edited-2048x2048.jpg 2048w\" sizes=\"auto, (max-width: 2560px) 100vw, 2560px\" \/><\/a><\/figure>\n<\/div>\n<\/div>\n","protected":false},"excerpt":{"rendered":"<p>Cl\u00fada\u00edonn an l\u00e1ithre\u00e1n seo roinnt bailte fearainn sa limist\u00e9ar idir an Tr\u00e1 Airgid agus an Tr\u00e1 B\u00e1n, lena n-\u00e1ir\u00edtear Dumha Eachtra and Thallabaun agus Thallabaun, agus is cuid de Mweelrea\/Sheeffry\/Erriff Complex SAC. T\u00e1 sprioclimist\u00e9ar an tionscadail LIFE maidir le Machair d\u00edrithe ar na limist\u00e9ir ch\u00f3sta ag Dumha Eachtra and Thallabaun \u00e1it a mb\u00edonn Machair, dumhcha [&hellip;]<\/p>\n","protected":false},"author":1,"featured_media":872,"parent":1340,"menu_order":0,"comment_status":"closed","ping_status":"closed","template":"","meta":{"site-sidebar-layout":"default","site-content-layout":"","ast-site-content-layout":"default","site-content-style":"default","site-sidebar-style":"default","ast-global-header-display":"","ast-banner-title-visibility":"","ast-main-header-display":"","ast-hfb-above-header-display":"","ast-hfb-below-header-display":"","ast-hfb-mobile-header-display":"","site-post-title":"","ast-breadcrumbs-content":"","ast-featured-img":"","footer-sml-layout":"","ast-disable-related-posts":"","theme-transparent-header-meta":"","adv-header-id-meta":"","stick-header-meta":"","header-above-stick-meta":"","header-main-stick-meta":"","header-below-stick-meta":"","astra-migrate-meta-layouts":"default","ast-page-background-enabled":"default","ast-page-background-meta":{"desktop":{"background-color":"var(--ast-global-color-4)","background-image":"","background-repeat":"repeat","background-position":"center center","background-size":"auto","background-attachment":"scroll","background-type":"","background-media":"","overlay-type":"","overlay-color":"","overlay-opacity":"","overlay-gradient":""},"tablet":{"background-color":"","background-image":"","background-repeat":"repeat","background-position":"center center","background-size":"auto","background-attachment":"scroll","background-type":"","background-media":"","overlay-type":"","overlay-color":"","overlay-opacity":"","overlay-gradient":""},"mobile":{"background-color":"","background-image":"","background-repeat":"repeat","background-position":"center center","background-size":"auto","background-attachment":"scroll","background-type":"","background-media":"","overlay-type":"","overlay-color":"","overlay-opacity":"","overlay-gradient":""}},"ast-content-background-meta":{"desktop":{"background-color":"var(--ast-global-color-5)","background-image":"","background-repeat":"repeat","background-position":"center center","background-size":"auto","background-attachment":"scroll","background-type":"","background-media":"","overlay-type":"","overlay-color":"","overlay-opacity":"","overlay-gradient":""},"tablet":{"background-color":"var(--ast-global-color-5)","background-image":"","background-repeat":"repeat","background-position":"center center","background-size":"auto","background-attachment":"scroll","background-type":"","background-media":"","overlay-type":"","overlay-color":"","overlay-opacity":"","overlay-gradient":""},"mobile":{"background-color":"var(--ast-global-color-5)","background-image":"","background-repeat":"repeat","background-position":"center center","background-size":"auto","background-attachment":"scroll","background-type":"","background-media":"","overlay-type":"","overlay-color":"","overlay-opacity":"","overlay-gradient":""}},"footnotes":""},"class_list":["post-1354","page","type-page","status-publish","has-post-thumbnail","hentry"],"yoast_head":"<!-- This site is optimized with the Yoast SEO plugin v27.4 - https:\/\/yoast.com\/product\/yoast-seo-wordpress\/ -->\n<title>Coimpl\u00e9asc Dhumha Eachtra - LIFE ar Mhacaire<\/title>\n<meta name=\"robots\" content=\"index, follow, max-snippet:-1, max-image-preview:large, max-video-preview:-1\" \/>\n<link rel=\"canonical\" href=\"https:\/\/www.lifeonmachair.ie\/ga\/limisteir-an-tionscadail\/coimpleasc-dhumha-eachtra\/\" \/>\n<meta property=\"og:locale\" content=\"ga_IE\" \/>\n<meta property=\"og:type\" content=\"article\" \/>\n<meta property=\"og:title\" content=\"Coimpl\u00e9asc Dhumha Eachtra - LIFE ar Mhacaire\" \/>\n<meta property=\"og:description\" content=\"Cl\u00fada\u00edonn an l\u00e1ithre\u00e1n seo roinnt bailte fearainn sa limist\u00e9ar idir an Tr\u00e1 Airgid agus an Tr\u00e1 B\u00e1n, lena n-\u00e1ir\u00edtear Dumha Eachtra and Thallabaun agus Thallabaun, agus is cuid de Mweelrea\/Sheeffry\/Erriff Complex SAC. T\u00e1 sprioclimist\u00e9ar an tionscadail LIFE maidir le Machair d\u00edrithe ar na limist\u00e9ir ch\u00f3sta ag Dumha Eachtra and Thallabaun \u00e1it a mb\u00edonn Machair, dumhcha [&hellip;]\" \/>\n<meta property=\"og:url\" content=\"https:\/\/www.lifeonmachair.ie\/ga\/limisteir-an-tionscadail\/coimpleasc-dhumha-eachtra\/\" \/>\n<meta property=\"og:site_name\" content=\"LIFE ar Mhacaire\" \/>\n<meta property=\"article:publisher\" content=\"https:\/\/www.facebook.com\/profile.php?id=100086060573760\" \/>\n<meta property=\"article:modified_time\" content=\"2023-04-20T08:47:47+00:00\" \/>\n<meta property=\"og:image\" content=\"https:\/\/www.lifeonmachair.ie\/wp-content\/uploads\/2023\/03\/Dooagtry-scaled.jpg\" \/>\n\t<meta property=\"og:image:width\" content=\"2560\" \/>\n\t<meta property=\"og:image:height\" content=\"1920\" \/>\n\t<meta property=\"og:image:type\" content=\"image\/jpeg\" \/>\n<meta name=\"twitter:card\" content=\"summary_large_image\" \/>\n<meta name=\"twitter:site\" content=\"@LIFEonMachair\" \/>\n<meta name=\"twitter:label1\" content=\"Est. reading time\" \/>\n\t<meta name=\"twitter:data1\" content=\"2 minutes\" \/>\n<script type=\"application\/ld+json\" class=\"yoast-schema-graph\">{\"@context\":\"https:\\\/\\\/schema.org\",\"@graph\":[{\"@type\":\"WebPage\",\"@id\":\"https:\\\/\\\/www.lifeonmachair.ie\\\/ga\\\/limisteir-an-tionscadail\\\/coimpleasc-dhumha-eachtra\\\/\",\"url\":\"https:\\\/\\\/www.lifeonmachair.ie\\\/ga\\\/limisteir-an-tionscadail\\\/coimpleasc-dhumha-eachtra\\\/\",\"name\":\"Coimpl\u00e9asc Dhumha Eachtra - LIFE ar Mhacaire\",\"isPartOf\":{\"@id\":\"https:\\\/\\\/www.lifeonmachair.ie\\\/ga\\\/#website\"},\"primaryImageOfPage\":{\"@id\":\"https:\\\/\\\/www.lifeonmachair.ie\\\/ga\\\/limisteir-an-tionscadail\\\/coimpleasc-dhumha-eachtra\\\/#primaryimage\"},\"image\":{\"@id\":\"https:\\\/\\\/www.lifeonmachair.ie\\\/ga\\\/limisteir-an-tionscadail\\\/coimpleasc-dhumha-eachtra\\\/#primaryimage\"},\"thumbnailUrl\":\"https:\\\/\\\/www.lifeonmachair.ie\\\/wp-content\\\/uploads\\\/2023\\\/03\\\/Dooagtry-scaled.jpg\",\"datePublished\":\"2023-02-21T15:28:50+00:00\",\"dateModified\":\"2023-04-20T08:47:47+00:00\",\"breadcrumb\":{\"@id\":\"https:\\\/\\\/www.lifeonmachair.ie\\\/ga\\\/limisteir-an-tionscadail\\\/coimpleasc-dhumha-eachtra\\\/#breadcrumb\"},\"inLanguage\":\"ga-IE\",\"potentialAction\":[{\"@type\":\"ReadAction\",\"target\":[\"https:\\\/\\\/www.lifeonmachair.ie\\\/ga\\\/limisteir-an-tionscadail\\\/coimpleasc-dhumha-eachtra\\\/\"]}]},{\"@type\":\"ImageObject\",\"inLanguage\":\"ga-IE\",\"@id\":\"https:\\\/\\\/www.lifeonmachair.ie\\\/ga\\\/limisteir-an-tionscadail\\\/coimpleasc-dhumha-eachtra\\\/#primaryimage\",\"url\":\"https:\\\/\\\/www.lifeonmachair.ie\\\/wp-content\\\/uploads\\\/2023\\\/03\\\/Dooagtry-scaled.jpg\",\"contentUrl\":\"https:\\\/\\\/www.lifeonmachair.ie\\\/wp-content\\\/uploads\\\/2023\\\/03\\\/Dooagtry-scaled.jpg\",\"width\":2560,\"height\":1920,\"caption\":\"Dooagtry\"},{\"@type\":\"BreadcrumbList\",\"@id\":\"https:\\\/\\\/www.lifeonmachair.ie\\\/ga\\\/limisteir-an-tionscadail\\\/coimpleasc-dhumha-eachtra\\\/#breadcrumb\",\"itemListElement\":[{\"@type\":\"ListItem\",\"position\":1,\"name\":\"Home\",\"item\":\"https:\\\/\\\/www.lifeonmachair.ie\\\/ga\\\/\"},{\"@type\":\"ListItem\",\"position\":2,\"name\":\"Limist\u00e9ir an Tionscadail\",\"item\":\"https:\\\/\\\/www.lifeonmachair.ie\\\/ga\\\/project-areas\\\/\"},{\"@type\":\"ListItem\",\"position\":3,\"name\":\"Coimpl\u00e9asc Dhumha Eachtra\"}]},{\"@type\":\"WebSite\",\"@id\":\"https:\\\/\\\/www.lifeonmachair.ie\\\/ga\\\/#website\",\"url\":\"https:\\\/\\\/www.lifeonmachair.ie\\\/ga\\\/\",\"name\":\"LIFE ar Mhacaire\",\"description\":\"\",\"publisher\":{\"@id\":\"https:\\\/\\\/www.lifeonmachair.ie\\\/ga\\\/#organization\"},\"potentialAction\":[{\"@type\":\"SearchAction\",\"target\":{\"@type\":\"EntryPoint\",\"urlTemplate\":\"https:\\\/\\\/www.lifeonmachair.ie\\\/ga\\\/?s={search_term_string}\"},\"query-input\":{\"@type\":\"PropertyValueSpecification\",\"valueRequired\":true,\"valueName\":\"search_term_string\"}}],\"inLanguage\":\"ga-IE\"},{\"@type\":\"Organization\",\"@id\":\"https:\\\/\\\/www.lifeonmachair.ie\\\/ga\\\/#organization\",\"name\":\"Department of Housing, Local Government and Heritage\",\"url\":\"https:\\\/\\\/www.lifeonmachair.ie\\\/ga\\\/\",\"logo\":{\"@type\":\"ImageObject\",\"inLanguage\":\"ga-IE\",\"@id\":\"https:\\\/\\\/www.lifeonmachair.ie\\\/ga\\\/#\\\/schema\\\/logo\\\/image\\\/\",\"url\":\"https:\\\/\\\/www.lifeonmachair.ie\\\/wp-content\\\/uploads\\\/2025\\\/09\\\/life-on-machair-logo.jpg\",\"contentUrl\":\"https:\\\/\\\/www.lifeonmachair.ie\\\/wp-content\\\/uploads\\\/2025\\\/09\\\/life-on-machair-logo.jpg\",\"width\":1962,\"height\":772,\"caption\":\"Department of Housing, Local Government and Heritage\"},\"image\":{\"@id\":\"https:\\\/\\\/www.lifeonmachair.ie\\\/ga\\\/#\\\/schema\\\/logo\\\/image\\\/\"},\"sameAs\":[\"https:\\\/\\\/www.facebook.com\\\/profile.php?id=100086060573760\",\"https:\\\/\\\/x.com\\\/LIFEonMachair\"]}]}<\/script>\n<!-- \/ Yoast SEO plugin. -->","yoast_head_json":{"title":"Coimpl\u00e9asc Dhumha Eachtra - LIFE ar Mhacaire","robots":{"index":"index","follow":"follow","max-snippet":"max-snippet:-1","max-image-preview":"max-image-preview:large","max-video-preview":"max-video-preview:-1"},"canonical":"https:\/\/www.lifeonmachair.ie\/ga\/limisteir-an-tionscadail\/coimpleasc-dhumha-eachtra\/","og_locale":"ga_IE","og_type":"article","og_title":"Coimpl\u00e9asc Dhumha Eachtra - LIFE ar Mhacaire","og_description":"Cl\u00fada\u00edonn an l\u00e1ithre\u00e1n seo roinnt bailte fearainn sa limist\u00e9ar idir an Tr\u00e1 Airgid agus an Tr\u00e1 B\u00e1n, lena n-\u00e1ir\u00edtear Dumha Eachtra and Thallabaun agus Thallabaun, agus is cuid de Mweelrea\/Sheeffry\/Erriff Complex SAC. T\u00e1 sprioclimist\u00e9ar an tionscadail LIFE maidir le Machair d\u00edrithe ar na limist\u00e9ir ch\u00f3sta ag Dumha Eachtra and Thallabaun \u00e1it a mb\u00edonn Machair, dumhcha [&hellip;]","og_url":"https:\/\/www.lifeonmachair.ie\/ga\/limisteir-an-tionscadail\/coimpleasc-dhumha-eachtra\/","og_site_name":"LIFE ar Mhacaire","article_publisher":"https:\/\/www.facebook.com\/profile.php?id=100086060573760","article_modified_time":"2023-04-20T08:47:47+00:00","og_image":[{"width":2560,"height":1920,"url":"https:\/\/www.lifeonmachair.ie\/wp-content\/uploads\/2023\/03\/Dooagtry-scaled.jpg","type":"image\/jpeg"}],"twitter_card":"summary_large_image","twitter_site":"@LIFEonMachair","twitter_misc":{"Est. reading time":"2 minutes"},"schema":{"@context":"https:\/\/schema.org","@graph":[{"@type":"WebPage","@id":"https:\/\/www.lifeonmachair.ie\/ga\/limisteir-an-tionscadail\/coimpleasc-dhumha-eachtra\/","url":"https:\/\/www.lifeonmachair.ie\/ga\/limisteir-an-tionscadail\/coimpleasc-dhumha-eachtra\/","name":"Coimpl\u00e9asc Dhumha Eachtra - LIFE ar Mhacaire","isPartOf":{"@id":"https:\/\/www.lifeonmachair.ie\/ga\/#website"},"primaryImageOfPage":{"@id":"https:\/\/www.lifeonmachair.ie\/ga\/limisteir-an-tionscadail\/coimpleasc-dhumha-eachtra\/#primaryimage"},"image":{"@id":"https:\/\/www.lifeonmachair.ie\/ga\/limisteir-an-tionscadail\/coimpleasc-dhumha-eachtra\/#primaryimage"},"thumbnailUrl":"https:\/\/www.lifeonmachair.ie\/wp-content\/uploads\/2023\/03\/Dooagtry-scaled.jpg","datePublished":"2023-02-21T15:28:50+00:00","dateModified":"2023-04-20T08:47:47+00:00","breadcrumb":{"@id":"https:\/\/www.lifeonmachair.ie\/ga\/limisteir-an-tionscadail\/coimpleasc-dhumha-eachtra\/#breadcrumb"},"inLanguage":"ga-IE","potentialAction":[{"@type":"ReadAction","target":["https:\/\/www.lifeonmachair.ie\/ga\/limisteir-an-tionscadail\/coimpleasc-dhumha-eachtra\/"]}]},{"@type":"ImageObject","inLanguage":"ga-IE","@id":"https:\/\/www.lifeonmachair.ie\/ga\/limisteir-an-tionscadail\/coimpleasc-dhumha-eachtra\/#primaryimage","url":"https:\/\/www.lifeonmachair.ie\/wp-content\/uploads\/2023\/03\/Dooagtry-scaled.jpg","contentUrl":"https:\/\/www.lifeonmachair.ie\/wp-content\/uploads\/2023\/03\/Dooagtry-scaled.jpg","width":2560,"height":1920,"caption":"Dooagtry"},{"@type":"BreadcrumbList","@id":"https:\/\/www.lifeonmachair.ie\/ga\/limisteir-an-tionscadail\/coimpleasc-dhumha-eachtra\/#breadcrumb","itemListElement":[{"@type":"ListItem","position":1,"name":"Home","item":"https:\/\/www.lifeonmachair.ie\/ga\/"},{"@type":"ListItem","position":2,"name":"Limist\u00e9ir an Tionscadail","item":"https:\/\/www.lifeonmachair.ie\/ga\/project-areas\/"},{"@type":"ListItem","position":3,"name":"Coimpl\u00e9asc Dhumha Eachtra"}]},{"@type":"WebSite","@id":"https:\/\/www.lifeonmachair.ie\/ga\/#website","url":"https:\/\/www.lifeonmachair.ie\/ga\/","name":"LIFE ar Mhacaire","description":"","publisher":{"@id":"https:\/\/www.lifeonmachair.ie\/ga\/#organization"},"potentialAction":[{"@type":"SearchAction","target":{"@type":"EntryPoint","urlTemplate":"https:\/\/www.lifeonmachair.ie\/ga\/?s={search_term_string}"},"query-input":{"@type":"PropertyValueSpecification","valueRequired":true,"valueName":"search_term_string"}}],"inLanguage":"ga-IE"},{"@type":"Organization","@id":"https:\/\/www.lifeonmachair.ie\/ga\/#organization","name":"Department of Housing, Local Government and Heritage","url":"https:\/\/www.lifeonmachair.ie\/ga\/","logo":{"@type":"ImageObject","inLanguage":"ga-IE","@id":"https:\/\/www.lifeonmachair.ie\/ga\/#\/schema\/logo\/image\/","url":"https:\/\/www.lifeonmachair.ie\/wp-content\/uploads\/2025\/09\/life-on-machair-logo.jpg","contentUrl":"https:\/\/www.lifeonmachair.ie\/wp-content\/uploads\/2025\/09\/life-on-machair-logo.jpg","width":1962,"height":772,"caption":"Department of Housing, Local Government and Heritage"},"image":{"@id":"https:\/\/www.lifeonmachair.ie\/ga\/#\/schema\/logo\/image\/"},"sameAs":["https:\/\/www.facebook.com\/profile.php?id=100086060573760","https:\/\/x.com\/LIFEonMachair"]}]}},"_links":{"self":[{"href":"https:\/\/www.lifeonmachair.ie\/ga\/wp-json\/wp\/v2\/pages\/1354","targetHints":{"allow":["GET"]}}],"collection":[{"href":"https:\/\/www.lifeonmachair.ie\/ga\/wp-json\/wp\/v2\/pages"}],"about":[{"href":"https:\/\/www.lifeonmachair.ie\/ga\/wp-json\/wp\/v2\/types\/page"}],"author":[{"embeddable":true,"href":"https:\/\/www.lifeonmachair.ie\/ga\/wp-json\/wp\/v2\/users\/1"}],"replies":[{"embeddable":true,"href":"https:\/\/www.lifeonmachair.ie\/ga\/wp-json\/wp\/v2\/comments?post=1354"}],"version-history":[{"count":3,"href":"https:\/\/www.lifeonmachair.ie\/ga\/wp-json\/wp\/v2\/pages\/1354\/revisions"}],"predecessor-version":[{"id":1671,"href":"https:\/\/www.lifeonmachair.ie\/ga\/wp-json\/wp\/v2\/pages\/1354\/revisions\/1671"}],"up":[{"embeddable":true,"href":"https:\/\/www.lifeonmachair.ie\/ga\/wp-json\/wp\/v2\/pages\/1340"}],"wp:featuredmedia":[{"embeddable":true,"href":"https:\/\/www.lifeonmachair.ie\/ga\/wp-json\/wp\/v2\/media\/872"}],"wp:attachment":[{"href":"https:\/\/www.lifeonmachair.ie\/ga\/wp-json\/wp\/v2\/media?parent=1354"}],"curies":[{"name":"wp","href":"https:\/\/api.w.org\/{rel}","templated":true}]}}