{"id":1352,"date":"2023-02-21T15:28:24","date_gmt":"2023-02-21T15:28:24","guid":{"rendered":"https:\/\/www.lifeonmachair.ie\/limisteir-an-tionscadail\/coimpleasc-ruanada\/"},"modified":"2023-04-20T08:50:12","modified_gmt":"2023-04-20T08:50:12","slug":"coimpleasc-ruanada","status":"publish","type":"page","link":"https:\/\/www.lifeonmachair.ie\/ga\/limisteir-an-tionscadail\/coimpleasc-ruanada\/","title":{"rendered":"Coimpl\u00e9asc Ruanada"},"content":{"rendered":"\n<div class=\"wp-block-columns is-layout-flex wp-container-core-columns-is-layout-28f84493 wp-block-columns-is-layout-flex\">\n<div class=\"wp-block-column is-layout-flow wp-block-column-is-layout-flow\" style=\"flex-basis:66.66%\">\n<p>T\u00e1 an su\u00edomh briste suas sna tr\u00ed limist\u00e9ar locha ar a dtugtar Loch Baun, Loch Cahasaidh agus Roonith go h\u00e1iti\u00fail (<a href=\"https:\/\/www.npws.ie\/protected-sites\/sac\/001529\">Loch Cahasaidh, Loch B\u00e1n agus Loch Ruanada<\/a>).<\/p>\n\n\n\n<p>Cuims\u00edonn an su\u00edomh seo slabhra bogach ar ch\u00f3sta theas Mhaigh Eo. Is ionann tr\u00e1 ghainmheach agus l\u00edne an chladaigh, le f\u00e1na\u00ed de bhuncharraige nochta \u00f3 am go ch\u00e9ile, agus b\u00edonn barra\u00ed scaineag\u00e1n agus boll\u00e1in i l\u00e1thair freisin. Taobh thiar de na cnoic ghainimh agus Machair, tr\u00ed loch de chine\u00e1l murlaigh agus na cain\u00e9il aibhneacha a bhaineann leo. Is \u00e9ard at\u00e1 i gceist le carnadh m\u00f3r foshraitheanna gainimh ag Loch Cahasa\u00ed n\u00e1 f\u00e9arthalamh dumhcha seasta.<\/p>\n\n\n\n<p>Go traidisi\u00fanta, is \u00ed an talmha\u00edocht an phr\u00edomh\u00fas\u00e1id tal\u00fan ar an su\u00edomh seo le h\u00fas\u00e1id \u00e1ineasa at\u00e1 ag f\u00e1s, rud a th\u00e9ann i bhfeidhm ar an tr\u00e1 agus ar an iomaire scaineag\u00e1n. C\u00e9 go bhfuil roinnt point\u00ed rochtana ar an tr\u00e1, baineann formh\u00f3r na n-\u00fas\u00e1ideoir\u00ed tr\u00e1 \u00fas\u00e1id as an d\u00e1 phr\u00edomhcharrchl\u00f3s, ach d\u00e9anann carranna agus veaineanna camp\u00e1la p\u00e1irce\u00e1il ar an iomaire scainne agus limist\u00e9ir fh\u00e9arthailte inrochtana freisin.<\/p>\n\n\n\n<p>Cuireann na bogaigh agus na f\u00e9arthailte f\u00e9araigh innilte timpeall ar an su\u00edomh seo gn\u00e1th\u00f3g ar f\u00e1il d\u2019lapaire ph\u00f3r\u00fach\u00e1in agus d\u2019\u00e9anlaith fhi\u00e1ine eile, chomh maith le pobail th\u00e1bhachtacha \u00e9anlaithe fi\u00e1ine geimhridh. Ar a bharr sin, cuims\u00edonn Loch Cathasaigh, An B\u00e1n agus Ruanaid le ch\u00e9ile l\u00e1ithre\u00e1n at\u00e1 t\u00e1bhachtach go n\u00e1isi\u00fanta i gc\u00f3ir lapaire ph\u00f3r\u00fach\u00e1in. Thacaigh na l\u00e1ithre\u00e1in le pobal ioml\u00e1n lapaire ph\u00f3r\u00fach\u00e1in 44 ph\u00e9ire in 2019. Th\u00e1inig m\u00e9ad\u00fa ar an bpobail sin \u00f3 28 bp\u00e9ire i 1985 go dt\u00ed 58 bp\u00e9ire in 2009, agus t\u00e1 laghd\u00fa tagtha air ina dhiaidh sin go 44 ph\u00e9ire in 2019; laghd\u00fa 24% ar an bpobal ioml\u00e1n. L\u00e9ir\u00edonn an treocht pobail seo go leor su\u00edomhanna eile i gContae Mhaigh Eo, ar n\u00f3s Oile\u00e1in Inis g\u00e9. In 2019, bh\u00ed an su\u00edomh ar si\u00fal: ceithre ph\u00e9ire p\u00f3r\u00fach\u00e1in Breac\u00f3g, (measta 8% den phobal ph\u00f3r\u00fach\u00e1in n\u00e1isi\u00fanta) agus 19 bp\u00e9ire Pilib\u00edn (meastar 4% den phobal p\u00f3r\u00fach\u00e1in n\u00e1isi\u00fanta).<\/p>\n\n\n\n<p>T\u00e1 na haistrithe sl\u00e1na \u00f3 chladach locha, tr\u00ed Mhachair agus dumhcha seasta chuig an mbruach scaineag\u00e1n agus na dumhcha m\u00f3ra suntasach, agus t\u00e1 aistrithe sl\u00e1na den s\u00f3rt sin t\u00e1bhachtach chun speicis a phailni\u00fa a dteasta\u00edonn acmhainn\u00ed \u00e9ags\u00fala le haghaidh foscadh agus for\u00e1iste uathu. I measc na speiceas pailneoir\u00ed a taifeadadh \u00f3n su\u00edomh seo agus a st\u00e1das ar Liosta Dearg speiceas na h\u00c9ireann t\u00e1:<\/p>\n\n\n\n<p><em>Faoi Bhagairt:<\/em> Fraoch\u00e1n beag (<em>Coenonympha pamphilus<\/em>), Bumb\u00f3g M\u00f3r Dheirg-Eireaballach (<em>Bombus lapidarius<\/em>), Beach-Moss Carder (<em>Bombus muscorum<\/em>)**<\/p>\n\n\n\n<p><em>I mbaol:<\/em> Donn\u00f3g an bhalla (<em>Lasiommata megera<\/em>)<\/p>\n\n\n\n<p>** liostaithe mar &#8220;i gcont\u00fairt&#8221; ar leibh\u00e9al Eorpach.<\/p>\n<\/div>\n\n\n\n<div class=\"wp-block-column is-layout-flow wp-block-column-is-layout-flow\" style=\"flex-basis:33.33%\">\n<figure class=\"wp-block-gallery has-nested-images columns-default is-cropped wp-block-gallery-1 is-layout-flex wp-block-gallery-is-layout-flex\">\n<figure class=\"wp-block-image size-large\"><a href=\"https:\/\/www.lifeonmachair.ie\/wp-content\/uploads\/2023\/04\/cattle-at-roonagh-edited-2-scaled.jpg\"><img loading=\"lazy\" decoding=\"async\" width=\"2560\" height=\"2560\" data-id=\"1281\" src=\"https:\/\/www.lifeonmachair.ie\/wp-content\/uploads\/2023\/04\/cattle-at-roonagh-edited-2-scaled.jpg\" alt=\"Eallach ag F&#xE9;arthalamh ag Ruanaid\" class=\"wp-image-1281\" srcset=\"https:\/\/www.lifeonmachair.ie\/wp-content\/uploads\/2023\/04\/cattle-at-roonagh-edited-2-scaled.jpg 2560w, https:\/\/www.lifeonmachair.ie\/wp-content\/uploads\/2023\/04\/cattle-at-roonagh-edited-2-300x300.jpg 300w, https:\/\/www.lifeonmachair.ie\/wp-content\/uploads\/2023\/04\/cattle-at-roonagh-edited-2-1024x1024.jpg 1024w, https:\/\/www.lifeonmachair.ie\/wp-content\/uploads\/2023\/04\/cattle-at-roonagh-edited-2-150x150.jpg 150w, https:\/\/www.lifeonmachair.ie\/wp-content\/uploads\/2023\/04\/cattle-at-roonagh-edited-2-768x768.jpg 768w, https:\/\/www.lifeonmachair.ie\/wp-content\/uploads\/2023\/04\/cattle-at-roonagh-edited-2-1536x1536.jpg 1536w, https:\/\/www.lifeonmachair.ie\/wp-content\/uploads\/2023\/04\/cattle-at-roonagh-edited-2-2048x2048.jpg 2048w\" sizes=\"auto, (max-width: 2560px) 100vw, 2560px\" \/><\/a><figcaption class=\"wp-element-caption\">Machair ag Loch Roonith<\/figcaption><\/figure>\n<\/figure>\n<\/div>\n<\/div>\n","protected":false},"excerpt":{"rendered":"<p>T\u00e1 an su\u00edomh briste suas sna tr\u00ed limist\u00e9ar locha ar a dtugtar Loch Baun, Loch Cahasaidh agus Roonith go h\u00e1iti\u00fail (Loch Cahasaidh, Loch B\u00e1n agus Loch Ruanada). Cuims\u00edonn an su\u00edomh seo slabhra bogach ar ch\u00f3sta theas Mhaigh Eo. Is ionann tr\u00e1 ghainmheach agus l\u00edne an chladaigh, le f\u00e1na\u00ed de bhuncharraige nochta \u00f3 am go ch\u00e9ile, [&hellip;]<\/p>\n","protected":false},"author":1,"featured_media":1578,"parent":1340,"menu_order":0,"comment_status":"closed","ping_status":"closed","template":"","meta":{"site-sidebar-layout":"default","site-content-layout":"","ast-site-content-layout":"default","site-content-style":"default","site-sidebar-style":"default","ast-global-header-display":"","ast-banner-title-visibility":"","ast-main-header-display":"","ast-hfb-above-header-display":"","ast-hfb-below-header-display":"","ast-hfb-mobile-header-display":"","site-post-title":"","ast-breadcrumbs-content":"","ast-featured-img":"","footer-sml-layout":"","ast-disable-related-posts":"","theme-transparent-header-meta":"","adv-header-id-meta":"","stick-header-meta":"","header-above-stick-meta":"","header-main-stick-meta":"","header-below-stick-meta":"","astra-migrate-meta-layouts":"default","ast-page-background-enabled":"default","ast-page-background-meta":{"desktop":{"background-color":"var(--ast-global-color-4)","background-image":"","background-repeat":"repeat","background-position":"center center","background-size":"auto","background-attachment":"scroll","background-type":"","background-media":"","overlay-type":"","overlay-color":"","overlay-opacity":"","overlay-gradient":""},"tablet":{"background-color":"","background-image":"","background-repeat":"repeat","background-position":"center center","background-size":"auto","background-attachment":"scroll","background-type":"","background-media":"","overlay-type":"","overlay-color":"","overlay-opacity":"","overlay-gradient":""},"mobile":{"background-color":"","background-image":"","background-repeat":"repeat","background-position":"center center","background-size":"auto","background-attachment":"scroll","background-type":"","background-media":"","overlay-type":"","overlay-color":"","overlay-opacity":"","overlay-gradient":""}},"ast-content-background-meta":{"desktop":{"background-color":"var(--ast-global-color-5)","background-image":"","background-repeat":"repeat","background-position":"center center","background-size":"auto","background-attachment":"scroll","background-type":"","background-media":"","overlay-type":"","overlay-color":"","overlay-opacity":"","overlay-gradient":""},"tablet":{"background-color":"var(--ast-global-color-5)","background-image":"","background-repeat":"repeat","background-position":"center center","background-size":"auto","background-attachment":"scroll","background-type":"","background-media":"","overlay-type":"","overlay-color":"","overlay-opacity":"","overlay-gradient":""},"mobile":{"background-color":"var(--ast-global-color-5)","background-image":"","background-repeat":"repeat","background-position":"center center","background-size":"auto","background-attachment":"scroll","background-type":"","background-media":"","overlay-type":"","overlay-color":"","overlay-opacity":"","overlay-gradient":""}},"footnotes":""},"class_list":["post-1352","page","type-page","status-publish","has-post-thumbnail","hentry"],"yoast_head":"<!-- This site is optimized with the Yoast SEO plugin v27.5 - https:\/\/yoast.com\/product\/yoast-seo-wordpress\/ -->\n<title>Coimpl\u00e9asc Ruanada - LIFE ar Mhacaire<\/title>\n<meta name=\"robots\" content=\"index, follow, max-snippet:-1, max-image-preview:large, max-video-preview:-1\" \/>\n<link rel=\"canonical\" href=\"https:\/\/www.lifeonmachair.ie\/ga\/limisteir-an-tionscadail\/coimpleasc-ruanada\/\" \/>\n<meta property=\"og:locale\" content=\"ga_IE\" \/>\n<meta property=\"og:type\" content=\"article\" \/>\n<meta property=\"og:title\" content=\"Coimpl\u00e9asc Ruanada - LIFE ar Mhacaire\" \/>\n<meta property=\"og:description\" content=\"T\u00e1 an su\u00edomh briste suas sna tr\u00ed limist\u00e9ar locha ar a dtugtar Loch Baun, Loch Cahasaidh agus Roonith go h\u00e1iti\u00fail (Loch Cahasaidh, Loch B\u00e1n agus Loch Ruanada). Cuims\u00edonn an su\u00edomh seo slabhra bogach ar ch\u00f3sta theas Mhaigh Eo. Is ionann tr\u00e1 ghainmheach agus l\u00edne an chladaigh, le f\u00e1na\u00ed de bhuncharraige nochta \u00f3 am go ch\u00e9ile, [&hellip;]\" \/>\n<meta property=\"og:url\" content=\"https:\/\/www.lifeonmachair.ie\/ga\/limisteir-an-tionscadail\/coimpleasc-ruanada\/\" \/>\n<meta property=\"og:site_name\" content=\"LIFE ar Mhacaire\" \/>\n<meta property=\"article:publisher\" content=\"https:\/\/www.facebook.com\/profile.php?id=100086060573760\" \/>\n<meta property=\"article:modified_time\" content=\"2023-04-20T08:50:12+00:00\" \/>\n<meta property=\"og:image\" content=\"https:\/\/www.lifeonmachair.ie\/wp-content\/uploads\/2023\/04\/roonagh-complex-banner-scaled-e1681383514423.jpg\" \/>\n\t<meta property=\"og:image:width\" content=\"2560\" \/>\n\t<meta property=\"og:image:height\" content=\"1920\" \/>\n\t<meta property=\"og:image:type\" content=\"image\/jpeg\" \/>\n<meta name=\"twitter:card\" content=\"summary_large_image\" \/>\n<meta name=\"twitter:site\" content=\"@LIFEonMachair\" \/>\n<meta name=\"twitter:label1\" content=\"Est. reading time\" \/>\n\t<meta name=\"twitter:data1\" content=\"3 minutes\" \/>\n<script type=\"application\/ld+json\" class=\"yoast-schema-graph\">{\"@context\":\"https:\\\/\\\/schema.org\",\"@graph\":[{\"@type\":\"WebPage\",\"@id\":\"https:\\\/\\\/www.lifeonmachair.ie\\\/ga\\\/limisteir-an-tionscadail\\\/coimpleasc-ruanada\\\/\",\"url\":\"https:\\\/\\\/www.lifeonmachair.ie\\\/ga\\\/limisteir-an-tionscadail\\\/coimpleasc-ruanada\\\/\",\"name\":\"Coimpl\u00e9asc Ruanada - LIFE ar Mhacaire\",\"isPartOf\":{\"@id\":\"https:\\\/\\\/www.lifeonmachair.ie\\\/ga\\\/#website\"},\"primaryImageOfPage\":{\"@id\":\"https:\\\/\\\/www.lifeonmachair.ie\\\/ga\\\/limisteir-an-tionscadail\\\/coimpleasc-ruanada\\\/#primaryimage\"},\"image\":{\"@id\":\"https:\\\/\\\/www.lifeonmachair.ie\\\/ga\\\/limisteir-an-tionscadail\\\/coimpleasc-ruanada\\\/#primaryimage\"},\"thumbnailUrl\":\"https:\\\/\\\/www.lifeonmachair.ie\\\/wp-content\\\/uploads\\\/2023\\\/04\\\/roonagh-complex-banner-scaled-e1681383514423.jpg\",\"datePublished\":\"2023-02-21T15:28:24+00:00\",\"dateModified\":\"2023-04-20T08:50:12+00:00\",\"breadcrumb\":{\"@id\":\"https:\\\/\\\/www.lifeonmachair.ie\\\/ga\\\/limisteir-an-tionscadail\\\/coimpleasc-ruanada\\\/#breadcrumb\"},\"inLanguage\":\"ga-IE\",\"potentialAction\":[{\"@type\":\"ReadAction\",\"target\":[\"https:\\\/\\\/www.lifeonmachair.ie\\\/ga\\\/limisteir-an-tionscadail\\\/coimpleasc-ruanada\\\/\"]}]},{\"@type\":\"ImageObject\",\"inLanguage\":\"ga-IE\",\"@id\":\"https:\\\/\\\/www.lifeonmachair.ie\\\/ga\\\/limisteir-an-tionscadail\\\/coimpleasc-ruanada\\\/#primaryimage\",\"url\":\"https:\\\/\\\/www.lifeonmachair.ie\\\/wp-content\\\/uploads\\\/2023\\\/04\\\/roonagh-complex-banner-scaled-e1681383514423.jpg\",\"contentUrl\":\"https:\\\/\\\/www.lifeonmachair.ie\\\/wp-content\\\/uploads\\\/2023\\\/04\\\/roonagh-complex-banner-scaled-e1681383514423.jpg\",\"width\":2560,\"height\":1920,\"caption\":\"Roonagh Complex\"},{\"@type\":\"BreadcrumbList\",\"@id\":\"https:\\\/\\\/www.lifeonmachair.ie\\\/ga\\\/limisteir-an-tionscadail\\\/coimpleasc-ruanada\\\/#breadcrumb\",\"itemListElement\":[{\"@type\":\"ListItem\",\"position\":1,\"name\":\"Home\",\"item\":\"https:\\\/\\\/www.lifeonmachair.ie\\\/ga\\\/\"},{\"@type\":\"ListItem\",\"position\":2,\"name\":\"Limist\u00e9ir an Tionscadail\",\"item\":\"https:\\\/\\\/www.lifeonmachair.ie\\\/ga\\\/project-areas\\\/\"},{\"@type\":\"ListItem\",\"position\":3,\"name\":\"Coimpl\u00e9asc Ruanada\"}]},{\"@type\":\"WebSite\",\"@id\":\"https:\\\/\\\/www.lifeonmachair.ie\\\/ga\\\/#website\",\"url\":\"https:\\\/\\\/www.lifeonmachair.ie\\\/ga\\\/\",\"name\":\"LIFE ar Mhacaire\",\"description\":\"\",\"publisher\":{\"@id\":\"https:\\\/\\\/www.lifeonmachair.ie\\\/ga\\\/#organization\"},\"potentialAction\":[{\"@type\":\"SearchAction\",\"target\":{\"@type\":\"EntryPoint\",\"urlTemplate\":\"https:\\\/\\\/www.lifeonmachair.ie\\\/ga\\\/?s={search_term_string}\"},\"query-input\":{\"@type\":\"PropertyValueSpecification\",\"valueRequired\":true,\"valueName\":\"search_term_string\"}}],\"inLanguage\":\"ga-IE\"},{\"@type\":\"Organization\",\"@id\":\"https:\\\/\\\/www.lifeonmachair.ie\\\/ga\\\/#organization\",\"name\":\"Department of Housing, Local Government and Heritage\",\"url\":\"https:\\\/\\\/www.lifeonmachair.ie\\\/ga\\\/\",\"logo\":{\"@type\":\"ImageObject\",\"inLanguage\":\"ga-IE\",\"@id\":\"https:\\\/\\\/www.lifeonmachair.ie\\\/ga\\\/#\\\/schema\\\/logo\\\/image\\\/\",\"url\":\"https:\\\/\\\/www.lifeonmachair.ie\\\/wp-content\\\/uploads\\\/2025\\\/09\\\/life-on-machair-logo.jpg\",\"contentUrl\":\"https:\\\/\\\/www.lifeonmachair.ie\\\/wp-content\\\/uploads\\\/2025\\\/09\\\/life-on-machair-logo.jpg\",\"width\":1962,\"height\":772,\"caption\":\"Department of Housing, Local Government and Heritage\"},\"image\":{\"@id\":\"https:\\\/\\\/www.lifeonmachair.ie\\\/ga\\\/#\\\/schema\\\/logo\\\/image\\\/\"},\"sameAs\":[\"https:\\\/\\\/www.facebook.com\\\/profile.php?id=100086060573760\",\"https:\\\/\\\/x.com\\\/LIFEonMachair\"]}]}<\/script>\n<!-- \/ Yoast SEO plugin. -->","yoast_head_json":{"title":"Coimpl\u00e9asc Ruanada - LIFE ar Mhacaire","robots":{"index":"index","follow":"follow","max-snippet":"max-snippet:-1","max-image-preview":"max-image-preview:large","max-video-preview":"max-video-preview:-1"},"canonical":"https:\/\/www.lifeonmachair.ie\/ga\/limisteir-an-tionscadail\/coimpleasc-ruanada\/","og_locale":"ga_IE","og_type":"article","og_title":"Coimpl\u00e9asc Ruanada - LIFE ar Mhacaire","og_description":"T\u00e1 an su\u00edomh briste suas sna tr\u00ed limist\u00e9ar locha ar a dtugtar Loch Baun, Loch Cahasaidh agus Roonith go h\u00e1iti\u00fail (Loch Cahasaidh, Loch B\u00e1n agus Loch Ruanada). Cuims\u00edonn an su\u00edomh seo slabhra bogach ar ch\u00f3sta theas Mhaigh Eo. Is ionann tr\u00e1 ghainmheach agus l\u00edne an chladaigh, le f\u00e1na\u00ed de bhuncharraige nochta \u00f3 am go ch\u00e9ile, [&hellip;]","og_url":"https:\/\/www.lifeonmachair.ie\/ga\/limisteir-an-tionscadail\/coimpleasc-ruanada\/","og_site_name":"LIFE ar Mhacaire","article_publisher":"https:\/\/www.facebook.com\/profile.php?id=100086060573760","article_modified_time":"2023-04-20T08:50:12+00:00","og_image":[{"width":2560,"height":1920,"url":"https:\/\/www.lifeonmachair.ie\/wp-content\/uploads\/2023\/04\/roonagh-complex-banner-scaled-e1681383514423.jpg","type":"image\/jpeg"}],"twitter_card":"summary_large_image","twitter_site":"@LIFEonMachair","twitter_misc":{"Est. reading time":"3 minutes"},"schema":{"@context":"https:\/\/schema.org","@graph":[{"@type":"WebPage","@id":"https:\/\/www.lifeonmachair.ie\/ga\/limisteir-an-tionscadail\/coimpleasc-ruanada\/","url":"https:\/\/www.lifeonmachair.ie\/ga\/limisteir-an-tionscadail\/coimpleasc-ruanada\/","name":"Coimpl\u00e9asc Ruanada - LIFE ar Mhacaire","isPartOf":{"@id":"https:\/\/www.lifeonmachair.ie\/ga\/#website"},"primaryImageOfPage":{"@id":"https:\/\/www.lifeonmachair.ie\/ga\/limisteir-an-tionscadail\/coimpleasc-ruanada\/#primaryimage"},"image":{"@id":"https:\/\/www.lifeonmachair.ie\/ga\/limisteir-an-tionscadail\/coimpleasc-ruanada\/#primaryimage"},"thumbnailUrl":"https:\/\/www.lifeonmachair.ie\/wp-content\/uploads\/2023\/04\/roonagh-complex-banner-scaled-e1681383514423.jpg","datePublished":"2023-02-21T15:28:24+00:00","dateModified":"2023-04-20T08:50:12+00:00","breadcrumb":{"@id":"https:\/\/www.lifeonmachair.ie\/ga\/limisteir-an-tionscadail\/coimpleasc-ruanada\/#breadcrumb"},"inLanguage":"ga-IE","potentialAction":[{"@type":"ReadAction","target":["https:\/\/www.lifeonmachair.ie\/ga\/limisteir-an-tionscadail\/coimpleasc-ruanada\/"]}]},{"@type":"ImageObject","inLanguage":"ga-IE","@id":"https:\/\/www.lifeonmachair.ie\/ga\/limisteir-an-tionscadail\/coimpleasc-ruanada\/#primaryimage","url":"https:\/\/www.lifeonmachair.ie\/wp-content\/uploads\/2023\/04\/roonagh-complex-banner-scaled-e1681383514423.jpg","contentUrl":"https:\/\/www.lifeonmachair.ie\/wp-content\/uploads\/2023\/04\/roonagh-complex-banner-scaled-e1681383514423.jpg","width":2560,"height":1920,"caption":"Roonagh Complex"},{"@type":"BreadcrumbList","@id":"https:\/\/www.lifeonmachair.ie\/ga\/limisteir-an-tionscadail\/coimpleasc-ruanada\/#breadcrumb","itemListElement":[{"@type":"ListItem","position":1,"name":"Home","item":"https:\/\/www.lifeonmachair.ie\/ga\/"},{"@type":"ListItem","position":2,"name":"Limist\u00e9ir an Tionscadail","item":"https:\/\/www.lifeonmachair.ie\/ga\/project-areas\/"},{"@type":"ListItem","position":3,"name":"Coimpl\u00e9asc Ruanada"}]},{"@type":"WebSite","@id":"https:\/\/www.lifeonmachair.ie\/ga\/#website","url":"https:\/\/www.lifeonmachair.ie\/ga\/","name":"LIFE ar Mhacaire","description":"","publisher":{"@id":"https:\/\/www.lifeonmachair.ie\/ga\/#organization"},"potentialAction":[{"@type":"SearchAction","target":{"@type":"EntryPoint","urlTemplate":"https:\/\/www.lifeonmachair.ie\/ga\/?s={search_term_string}"},"query-input":{"@type":"PropertyValueSpecification","valueRequired":true,"valueName":"search_term_string"}}],"inLanguage":"ga-IE"},{"@type":"Organization","@id":"https:\/\/www.lifeonmachair.ie\/ga\/#organization","name":"Department of Housing, Local Government and Heritage","url":"https:\/\/www.lifeonmachair.ie\/ga\/","logo":{"@type":"ImageObject","inLanguage":"ga-IE","@id":"https:\/\/www.lifeonmachair.ie\/ga\/#\/schema\/logo\/image\/","url":"https:\/\/www.lifeonmachair.ie\/wp-content\/uploads\/2025\/09\/life-on-machair-logo.jpg","contentUrl":"https:\/\/www.lifeonmachair.ie\/wp-content\/uploads\/2025\/09\/life-on-machair-logo.jpg","width":1962,"height":772,"caption":"Department of Housing, Local Government and Heritage"},"image":{"@id":"https:\/\/www.lifeonmachair.ie\/ga\/#\/schema\/logo\/image\/"},"sameAs":["https:\/\/www.facebook.com\/profile.php?id=100086060573760","https:\/\/x.com\/LIFEonMachair"]}]}},"_links":{"self":[{"href":"https:\/\/www.lifeonmachair.ie\/ga\/wp-json\/wp\/v2\/pages\/1352","targetHints":{"allow":["GET"]}}],"collection":[{"href":"https:\/\/www.lifeonmachair.ie\/ga\/wp-json\/wp\/v2\/pages"}],"about":[{"href":"https:\/\/www.lifeonmachair.ie\/ga\/wp-json\/wp\/v2\/types\/page"}],"author":[{"embeddable":true,"href":"https:\/\/www.lifeonmachair.ie\/ga\/wp-json\/wp\/v2\/users\/1"}],"replies":[{"embeddable":true,"href":"https:\/\/www.lifeonmachair.ie\/ga\/wp-json\/wp\/v2\/comments?post=1352"}],"version-history":[{"count":4,"href":"https:\/\/www.lifeonmachair.ie\/ga\/wp-json\/wp\/v2\/pages\/1352\/revisions"}],"predecessor-version":[{"id":1673,"href":"https:\/\/www.lifeonmachair.ie\/ga\/wp-json\/wp\/v2\/pages\/1352\/revisions\/1673"}],"up":[{"embeddable":true,"href":"https:\/\/www.lifeonmachair.ie\/ga\/wp-json\/wp\/v2\/pages\/1340"}],"wp:featuredmedia":[{"embeddable":true,"href":"https:\/\/www.lifeonmachair.ie\/ga\/wp-json\/wp\/v2\/media\/1578"}],"wp:attachment":[{"href":"https:\/\/www.lifeonmachair.ie\/ga\/wp-json\/wp\/v2\/media?parent=1352"}],"curies":[{"name":"wp","href":"https:\/\/api.w.org\/{rel}","templated":true}]}}