{"id":1350,"date":"2023-02-21T15:27:57","date_gmt":"2023-02-21T15:27:57","guid":{"rendered":"https:\/\/www.lifeonmachair.ie\/limisteir-an-tionscadail\/an-gleann-acaill\/"},"modified":"2023-04-20T08:58:32","modified_gmt":"2023-04-20T08:58:32","slug":"an-gleann-acaill","status":"publish","type":"page","link":"https:\/\/www.lifeonmachair.ie\/ga\/limisteir-an-tionscadail\/an-gleann-acaill\/","title":{"rendered":"T\u00f3in an tSeanbhaile"},"content":{"rendered":"\n<div class=\"wp-block-columns is-layout-flex wp-container-core-columns-is-layout-28f84493 wp-block-columns-is-layout-flex\">\n<div class=\"wp-block-column is-layout-flow wp-block-column-is-layout-flow\" style=\"flex-basis:66.66%\">\n<p>T\u00f3in an tSeanbhaile (<a href=\"https:\/\/www.npws.ie\/protected-sites\/sac\/001497\">LCS Dh\u00fan na nGall\/Na Locha Dubha<\/a> agus <a href=\"https:\/\/www.npws.ie\/protected-sites\/spa\/004235\">LCS Mhachair Dumha Goirt<\/a>).<\/p>\n\n\n\n<p>Is su\u00edomh c\u00f3sta \u00e9 an Gleann at\u00e1 suite sa choirn\u00e9al thoir thuaidh d\u2019Acaill, Co. Mhaigh Eo, in aice le sr\u00e1idbhaile an Ghleanna, thart ar 3 km soir \u00f3 Dumha Goirt. T\u00e1 \u00e9ags\u00falacht mhaith gn\u00e1th\u00f3g ar an su\u00edomh i gceantar r\u00e9as\u00fanta beag, lena n-\u00e1ir\u00edtear tr\u00e1 scaineag\u00e1n, tr\u00e1 ghainmheach, tr\u00e1 bholl\u00e1in, buncharraig nochta agus dumhcha soghluaiste. T\u00e1 an chuid is m\u00f3 den su\u00edomh seo comhdh\u00e9anta de Mhachair (i.e. f\u00e9arthalamh c\u00f3sta ar fhoshraith ghainmheach), a th\u00e9ann isteach ar l\u00edne an chladaigh.<\/p>\n\n\n\n<p>T\u00e1 talamh talmha\u00edochta agus talamh portaigh ar an taobh thoir agus p\u00e1irc charbh\u00e1n agus talamh talmha\u00edochta san iarthar ar imeall na Machair. T\u00e1 strucht\u00far an mhachaire suimi\u00fail mar go dtugann s\u00e9 sampla\u00ed de Mhachair fhliucha, thirime agus hummocky i ngar d\u00f3. Mar sin f\u00e9in, t\u00e1 st\u00e1das neamhfhabhrach ag an ngn\u00e1th\u00f3g mar gheall ar \u00e9ags\u00falacht \u00edseal planda\u00ed agus aonfhoirmeacht strucht\u00far an fh\u00e1sra mar thoradh ar innilt caorach.<\/p>\n\n\n\n<p>I 1985, thacaigh Dumha Goirt ioml\u00e1n de 27 p\u00e9ir\u00ed de lapair\u00ed p\u00f3r\u00fach\u00e1in. \u00d3 shin i leith, t\u00e1 laghd\u00fa m\u00f3r tagtha ar na pobail, agus 14 ph\u00e9ire i l\u00e1thair i 1996 agus gan aon ph\u00e9ire i 2009. In 2019, n\u00edor taifeadadh ach tr\u00ed ph\u00e9ire lapaire; dh\u00e1 ph\u00e9ire Pilib\u00edn agus p\u00e9ire amh\u00e1in Fead\u00f3g Chladaigh. Laghda\u00edonn pobail Pilib\u00edn ar an su\u00edomh \u00f3 11 ph\u00e9ire i 1996 go dt\u00ed dh\u00e1 ph\u00e9ire in 2019.<\/p>\n\n\n\n<p>Ainmn\u00edodh an su\u00edomh mar LCS don phobal ina raibh 10 bp\u00e9ir\u00ed Breac\u00f3g ph\u00f3r\u00fach\u00e1in ar thacaigh s\u00e9 leo i 1985. Th\u00e1inig laghd\u00fa ar l\u00edon Dh\u00fan na nGall seo go dh\u00e1 ph\u00e9ire i 1996 agus faoi 2009 n\u00edor taifeadadh aon ph\u00f3r\u00fa Breac\u00f3g ar an su\u00edomh. Bh\u00ed Breac\u00f3g as l\u00e1thair freisin sa suirbh\u00e9 is d\u00e9ana\u00ed a rinneadh ar 2019. Mar sin f\u00e9in, taifeadadh Breac\u00f3g anseo le linn luathch\u00e9imeanna an ts\u00e9as\u00fair ph\u00f3raithe le blianta beaga anuas, rud a l\u00e9ir\u00edonn go bhf\u00e9adfadh athch\u00f3il\u00edni\u00fa breac\u00f3g a bheith ann.<\/p>\n\n\n\n<p>Sa bhliain 2004, fuarthas Bumble Bee M\u00f3r Dhearg (<em>Bombus lapidarius<\/em>) agus Beach-Moss Carder (<em>Bombus muscorum<\/em>), iad araon liostaithe mar a bh\u00ed in aice le Baolaithe ar Liosta Dearg IUCN d\u2019\u00c9irinn, ag an su\u00edomh seo chomh maith leis an mB\u00e9 Bumb\u00f3g M\u00f3r Bu\u00ed i mBaol (<em>Bombus distinguendus<\/em>). Taifeadadh an dara ceann \u00f3n su\u00edomh in 2022. I measc na speiceas pailneoir\u00ed a taifeadadh \u00f3n su\u00edomh seo agus a st\u00e1das ar Liosta Dearg speiceas na h\u00c9ireann t\u00e1:<\/p>\n\n\n\n<p><em>Faoi Bhagairt:<\/em> Bumb\u00f3g M\u00f3r Dheirg-Eireaballach (<em>Bombus lapidarius<\/em>), Beach Chard\u00e1la Caonaigh (<em>Bombus muscorum<\/em>)**<\/p>\n\n\n\n<p><em>I gcont\u00fairt:<\/em> Beach phl\u00e1str\u00e1la thuaisceartach (<em>Colletes floralis<\/em>) **<\/p>\n\n\n\n<p><em>I mbaol:<\/em> Bumb\u00f3g bhu\u00ed mh\u00f3r (<em>Bombus distinguendus<\/em>) **<\/p>\n\n\n\n<p>** liostaithe mar &#8220;i gcont\u00fairt&#8221; ar leibh\u00e9al Eorpach.<\/p>\n\n\n\n<p>Grianghraif \u00f3 Miche\u00e1l O\u2019Briain.<\/p>\n<\/div>\n\n\n\n<div class=\"wp-block-column is-layout-flow wp-block-column-is-layout-flow\" style=\"flex-basis:33.33%\">\n<figure class=\"wp-block-gallery has-nested-images columns-1 is-cropped wp-block-gallery-1 is-layout-flex wp-block-gallery-is-layout-flex\">\n<figure class=\"wp-block-image size-large\"><a href=\"https:\/\/www.lifeonmachair.ie\/wp-content\/uploads\/2023\/04\/The-Valley-edited-scaled.jpg\"><img loading=\"lazy\" decoding=\"async\" width=\"1024\" height=\"1024\" data-id=\"1267\" src=\"https:\/\/www.lifeonmachair.ie\/wp-content\/uploads\/2023\/04\/The-Valley-edited-1024x1024.jpg\" alt=\"An Gleann, Acaill\" class=\"wp-image-1267\" srcset=\"https:\/\/www.lifeonmachair.ie\/wp-content\/uploads\/2023\/04\/The-Valley-edited-1024x1024.jpg 1024w, https:\/\/www.lifeonmachair.ie\/wp-content\/uploads\/2023\/04\/The-Valley-edited-300x300.jpg 300w, https:\/\/www.lifeonmachair.ie\/wp-content\/uploads\/2023\/04\/The-Valley-edited-150x150.jpg 150w, https:\/\/www.lifeonmachair.ie\/wp-content\/uploads\/2023\/04\/The-Valley-edited-768x768.jpg 768w, https:\/\/www.lifeonmachair.ie\/wp-content\/uploads\/2023\/04\/The-Valley-edited-1536x1536.jpg 1536w, https:\/\/www.lifeonmachair.ie\/wp-content\/uploads\/2023\/04\/The-Valley-edited-2048x2048.jpg 2048w\" sizes=\"auto, (max-width: 1024px) 100vw, 1024px\" \/><\/a><figcaption class=\"wp-element-caption\">An Gleann, Acaill<\/figcaption><\/figure>\n\n\n\n<figure class=\"wp-block-image size-large\"><a href=\"https:\/\/www.lifeonmachair.ie\/wp-content\/uploads\/2023\/03\/Moss-Carder-Bumblebeee-scaled.jpg\"><img loading=\"lazy\" decoding=\"async\" width=\"768\" height=\"1024\" data-id=\"1090\" src=\"https:\/\/www.lifeonmachair.ie\/wp-content\/uploads\/2023\/03\/Moss-Carder-Bumblebeee-768x1024.jpg\" alt=\"Beach Chard&#xE1;la Caonaigh\" class=\"wp-image-1090\" srcset=\"https:\/\/www.lifeonmachair.ie\/wp-content\/uploads\/2023\/03\/Moss-Carder-Bumblebeee-768x1024.jpg 768w, https:\/\/www.lifeonmachair.ie\/wp-content\/uploads\/2023\/03\/Moss-Carder-Bumblebeee-225x300.jpg 225w, https:\/\/www.lifeonmachair.ie\/wp-content\/uploads\/2023\/03\/Moss-Carder-Bumblebeee-1152x1536.jpg 1152w, https:\/\/www.lifeonmachair.ie\/wp-content\/uploads\/2023\/03\/Moss-Carder-Bumblebeee-1536x2048.jpg 1536w, https:\/\/www.lifeonmachair.ie\/wp-content\/uploads\/2023\/03\/Moss-Carder-Bumblebeee-scaled.jpg 1920w\" sizes=\"auto, (max-width: 768px) 100vw, 768px\" \/><\/a><figcaption class=\"wp-element-caption\">Beach Chard\u00e1la Caonaigh<\/figcaption><\/figure>\n<\/figure>\n<\/div>\n<\/div>\n","protected":false},"excerpt":{"rendered":"<p>T\u00f3in an tSeanbhaile (LCS Dh\u00fan na nGall\/Na Locha Dubha agus LCS Mhachair Dumha Goirt). Is su\u00edomh c\u00f3sta \u00e9 an Gleann at\u00e1 suite sa choirn\u00e9al thoir thuaidh d\u2019Acaill, Co. Mhaigh Eo, in aice le sr\u00e1idbhaile an Ghleanna, thart ar 3 km soir \u00f3 Dumha Goirt. T\u00e1 \u00e9ags\u00falacht mhaith gn\u00e1th\u00f3g ar an su\u00edomh i gceantar r\u00e9as\u00fanta beag, [&hellip;]<\/p>\n","protected":false},"author":1,"featured_media":1096,"parent":1340,"menu_order":0,"comment_status":"closed","ping_status":"closed","template":"","meta":{"site-sidebar-layout":"default","site-content-layout":"","ast-site-content-layout":"default","site-content-style":"default","site-sidebar-style":"default","ast-global-header-display":"","ast-banner-title-visibility":"","ast-main-header-display":"","ast-hfb-above-header-display":"","ast-hfb-below-header-display":"","ast-hfb-mobile-header-display":"","site-post-title":"","ast-breadcrumbs-content":"","ast-featured-img":"","footer-sml-layout":"","ast-disable-related-posts":"","theme-transparent-header-meta":"","adv-header-id-meta":"","stick-header-meta":"","header-above-stick-meta":"","header-main-stick-meta":"","header-below-stick-meta":"","astra-migrate-meta-layouts":"default","ast-page-background-enabled":"default","ast-page-background-meta":{"desktop":{"background-color":"var(--ast-global-color-4)","background-image":"","background-repeat":"repeat","background-position":"center center","background-size":"auto","background-attachment":"scroll","background-type":"","background-media":"","overlay-type":"","overlay-color":"","overlay-opacity":"","overlay-gradient":""},"tablet":{"background-color":"","background-image":"","background-repeat":"repeat","background-position":"center center","background-size":"auto","background-attachment":"scroll","background-type":"","background-media":"","overlay-type":"","overlay-color":"","overlay-opacity":"","overlay-gradient":""},"mobile":{"background-color":"","background-image":"","background-repeat":"repeat","background-position":"center center","background-size":"auto","background-attachment":"scroll","background-type":"","background-media":"","overlay-type":"","overlay-color":"","overlay-opacity":"","overlay-gradient":""}},"ast-content-background-meta":{"desktop":{"background-color":"var(--ast-global-color-5)","background-image":"","background-repeat":"repeat","background-position":"center center","background-size":"auto","background-attachment":"scroll","background-type":"","background-media":"","overlay-type":"","overlay-color":"","overlay-opacity":"","overlay-gradient":""},"tablet":{"background-color":"var(--ast-global-color-5)","background-image":"","background-repeat":"repeat","background-position":"center center","background-size":"auto","background-attachment":"scroll","background-type":"","background-media":"","overlay-type":"","overlay-color":"","overlay-opacity":"","overlay-gradient":""},"mobile":{"background-color":"var(--ast-global-color-5)","background-image":"","background-repeat":"repeat","background-position":"center center","background-size":"auto","background-attachment":"scroll","background-type":"","background-media":"","overlay-type":"","overlay-color":"","overlay-opacity":"","overlay-gradient":""}},"footnotes":""},"class_list":["post-1350","page","type-page","status-publish","has-post-thumbnail","hentry"],"yoast_head":"<!-- This site is optimized with the Yoast SEO plugin v27.3 - https:\/\/yoast.com\/product\/yoast-seo-wordpress\/ -->\n<title>T\u00f3in an tSeanbhaile - LIFE ar Mhacaire<\/title>\n<meta name=\"robots\" content=\"index, follow, max-snippet:-1, max-image-preview:large, max-video-preview:-1\" \/>\n<link rel=\"canonical\" href=\"https:\/\/www.lifeonmachair.ie\/ga\/limisteir-an-tionscadail\/an-gleann-acaill\/\" \/>\n<meta property=\"og:locale\" content=\"ga_IE\" \/>\n<meta property=\"og:type\" content=\"article\" \/>\n<meta property=\"og:title\" content=\"T\u00f3in an tSeanbhaile - LIFE ar Mhacaire\" \/>\n<meta property=\"og:description\" content=\"T\u00f3in an tSeanbhaile (LCS Dh\u00fan na nGall\/Na Locha Dubha agus LCS Mhachair Dumha Goirt). Is su\u00edomh c\u00f3sta \u00e9 an Gleann at\u00e1 suite sa choirn\u00e9al thoir thuaidh d\u2019Acaill, Co. Mhaigh Eo, in aice le sr\u00e1idbhaile an Ghleanna, thart ar 3 km soir \u00f3 Dumha Goirt. T\u00e1 \u00e9ags\u00falacht mhaith gn\u00e1th\u00f3g ar an su\u00edomh i gceantar r\u00e9as\u00fanta beag, [&hellip;]\" \/>\n<meta property=\"og:url\" content=\"https:\/\/www.lifeonmachair.ie\/ga\/limisteir-an-tionscadail\/an-gleann-acaill\/\" \/>\n<meta property=\"og:site_name\" content=\"LIFE ar Mhacaire\" \/>\n<meta property=\"article:publisher\" content=\"https:\/\/www.facebook.com\/profile.php?id=100086060573760\" \/>\n<meta property=\"article:modified_time\" content=\"2023-04-20T08:58:32+00:00\" \/>\n<meta property=\"og:image\" content=\"https:\/\/www.lifeonmachair.ie\/wp-content\/uploads\/2023\/03\/Valley-Sandbanks-2-scaled.jpg\" \/>\n\t<meta property=\"og:image:width\" content=\"2560\" \/>\n\t<meta property=\"og:image:height\" content=\"1440\" \/>\n\t<meta property=\"og:image:type\" content=\"image\/jpeg\" \/>\n<meta name=\"twitter:card\" content=\"summary_large_image\" \/>\n<meta name=\"twitter:site\" content=\"@LIFEonMachair\" \/>\n<meta name=\"twitter:label1\" content=\"Est. reading time\" \/>\n\t<meta name=\"twitter:data1\" content=\"3 minutes\" \/>\n<script type=\"application\/ld+json\" class=\"yoast-schema-graph\">{\"@context\":\"https:\\\/\\\/schema.org\",\"@graph\":[{\"@type\":\"WebPage\",\"@id\":\"https:\\\/\\\/www.lifeonmachair.ie\\\/ga\\\/limisteir-an-tionscadail\\\/an-gleann-acaill\\\/\",\"url\":\"https:\\\/\\\/www.lifeonmachair.ie\\\/ga\\\/limisteir-an-tionscadail\\\/an-gleann-acaill\\\/\",\"name\":\"T\u00f3in an tSeanbhaile - LIFE ar Mhacaire\",\"isPartOf\":{\"@id\":\"https:\\\/\\\/www.lifeonmachair.ie\\\/ga\\\/#website\"},\"primaryImageOfPage\":{\"@id\":\"https:\\\/\\\/www.lifeonmachair.ie\\\/ga\\\/limisteir-an-tionscadail\\\/an-gleann-acaill\\\/#primaryimage\"},\"image\":{\"@id\":\"https:\\\/\\\/www.lifeonmachair.ie\\\/ga\\\/limisteir-an-tionscadail\\\/an-gleann-acaill\\\/#primaryimage\"},\"thumbnailUrl\":\"https:\\\/\\\/www.lifeonmachair.ie\\\/wp-content\\\/uploads\\\/2023\\\/03\\\/Valley-Sandbanks-2-scaled.jpg\",\"datePublished\":\"2023-02-21T15:27:57+00:00\",\"dateModified\":\"2023-04-20T08:58:32+00:00\",\"breadcrumb\":{\"@id\":\"https:\\\/\\\/www.lifeonmachair.ie\\\/ga\\\/limisteir-an-tionscadail\\\/an-gleann-acaill\\\/#breadcrumb\"},\"inLanguage\":\"ga-IE\",\"potentialAction\":[{\"@type\":\"ReadAction\",\"target\":[\"https:\\\/\\\/www.lifeonmachair.ie\\\/ga\\\/limisteir-an-tionscadail\\\/an-gleann-acaill\\\/\"]}]},{\"@type\":\"ImageObject\",\"inLanguage\":\"ga-IE\",\"@id\":\"https:\\\/\\\/www.lifeonmachair.ie\\\/ga\\\/limisteir-an-tionscadail\\\/an-gleann-acaill\\\/#primaryimage\",\"url\":\"https:\\\/\\\/www.lifeonmachair.ie\\\/wp-content\\\/uploads\\\/2023\\\/03\\\/Valley-Sandbanks-2-scaled.jpg\",\"contentUrl\":\"https:\\\/\\\/www.lifeonmachair.ie\\\/wp-content\\\/uploads\\\/2023\\\/03\\\/Valley-Sandbanks-2-scaled.jpg\",\"width\":2560,\"height\":1440,\"caption\":\"The Valley Sandbanks\"},{\"@type\":\"BreadcrumbList\",\"@id\":\"https:\\\/\\\/www.lifeonmachair.ie\\\/ga\\\/limisteir-an-tionscadail\\\/an-gleann-acaill\\\/#breadcrumb\",\"itemListElement\":[{\"@type\":\"ListItem\",\"position\":1,\"name\":\"Home\",\"item\":\"https:\\\/\\\/www.lifeonmachair.ie\\\/ga\\\/\"},{\"@type\":\"ListItem\",\"position\":2,\"name\":\"Limist\u00e9ir an Tionscadail\",\"item\":\"https:\\\/\\\/www.lifeonmachair.ie\\\/ga\\\/project-areas\\\/\"},{\"@type\":\"ListItem\",\"position\":3,\"name\":\"T\u00f3in an tSeanbhaile\"}]},{\"@type\":\"WebSite\",\"@id\":\"https:\\\/\\\/www.lifeonmachair.ie\\\/ga\\\/#website\",\"url\":\"https:\\\/\\\/www.lifeonmachair.ie\\\/ga\\\/\",\"name\":\"LIFE ar Mhacaire\",\"description\":\"\",\"publisher\":{\"@id\":\"https:\\\/\\\/www.lifeonmachair.ie\\\/ga\\\/#organization\"},\"potentialAction\":[{\"@type\":\"SearchAction\",\"target\":{\"@type\":\"EntryPoint\",\"urlTemplate\":\"https:\\\/\\\/www.lifeonmachair.ie\\\/ga\\\/?s={search_term_string}\"},\"query-input\":{\"@type\":\"PropertyValueSpecification\",\"valueRequired\":true,\"valueName\":\"search_term_string\"}}],\"inLanguage\":\"ga-IE\"},{\"@type\":\"Organization\",\"@id\":\"https:\\\/\\\/www.lifeonmachair.ie\\\/ga\\\/#organization\",\"name\":\"Department of Housing, Local Government and Heritage\",\"url\":\"https:\\\/\\\/www.lifeonmachair.ie\\\/ga\\\/\",\"logo\":{\"@type\":\"ImageObject\",\"inLanguage\":\"ga-IE\",\"@id\":\"https:\\\/\\\/www.lifeonmachair.ie\\\/ga\\\/#\\\/schema\\\/logo\\\/image\\\/\",\"url\":\"https:\\\/\\\/www.lifeonmachair.ie\\\/wp-content\\\/uploads\\\/2025\\\/09\\\/life-on-machair-logo.jpg\",\"contentUrl\":\"https:\\\/\\\/www.lifeonmachair.ie\\\/wp-content\\\/uploads\\\/2025\\\/09\\\/life-on-machair-logo.jpg\",\"width\":1962,\"height\":772,\"caption\":\"Department of Housing, Local Government and Heritage\"},\"image\":{\"@id\":\"https:\\\/\\\/www.lifeonmachair.ie\\\/ga\\\/#\\\/schema\\\/logo\\\/image\\\/\"},\"sameAs\":[\"https:\\\/\\\/www.facebook.com\\\/profile.php?id=100086060573760\",\"https:\\\/\\\/x.com\\\/LIFEonMachair\"]}]}<\/script>\n<!-- \/ Yoast SEO plugin. -->","yoast_head_json":{"title":"T\u00f3in an tSeanbhaile - LIFE ar Mhacaire","robots":{"index":"index","follow":"follow","max-snippet":"max-snippet:-1","max-image-preview":"max-image-preview:large","max-video-preview":"max-video-preview:-1"},"canonical":"https:\/\/www.lifeonmachair.ie\/ga\/limisteir-an-tionscadail\/an-gleann-acaill\/","og_locale":"ga_IE","og_type":"article","og_title":"T\u00f3in an tSeanbhaile - LIFE ar Mhacaire","og_description":"T\u00f3in an tSeanbhaile (LCS Dh\u00fan na nGall\/Na Locha Dubha agus LCS Mhachair Dumha Goirt). Is su\u00edomh c\u00f3sta \u00e9 an Gleann at\u00e1 suite sa choirn\u00e9al thoir thuaidh d\u2019Acaill, Co. Mhaigh Eo, in aice le sr\u00e1idbhaile an Ghleanna, thart ar 3 km soir \u00f3 Dumha Goirt. T\u00e1 \u00e9ags\u00falacht mhaith gn\u00e1th\u00f3g ar an su\u00edomh i gceantar r\u00e9as\u00fanta beag, [&hellip;]","og_url":"https:\/\/www.lifeonmachair.ie\/ga\/limisteir-an-tionscadail\/an-gleann-acaill\/","og_site_name":"LIFE ar Mhacaire","article_publisher":"https:\/\/www.facebook.com\/profile.php?id=100086060573760","article_modified_time":"2023-04-20T08:58:32+00:00","og_image":[{"width":2560,"height":1440,"url":"https:\/\/www.lifeonmachair.ie\/wp-content\/uploads\/2023\/03\/Valley-Sandbanks-2-scaled.jpg","type":"image\/jpeg"}],"twitter_card":"summary_large_image","twitter_site":"@LIFEonMachair","twitter_misc":{"Est. reading time":"3 minutes"},"schema":{"@context":"https:\/\/schema.org","@graph":[{"@type":"WebPage","@id":"https:\/\/www.lifeonmachair.ie\/ga\/limisteir-an-tionscadail\/an-gleann-acaill\/","url":"https:\/\/www.lifeonmachair.ie\/ga\/limisteir-an-tionscadail\/an-gleann-acaill\/","name":"T\u00f3in an tSeanbhaile - LIFE ar Mhacaire","isPartOf":{"@id":"https:\/\/www.lifeonmachair.ie\/ga\/#website"},"primaryImageOfPage":{"@id":"https:\/\/www.lifeonmachair.ie\/ga\/limisteir-an-tionscadail\/an-gleann-acaill\/#primaryimage"},"image":{"@id":"https:\/\/www.lifeonmachair.ie\/ga\/limisteir-an-tionscadail\/an-gleann-acaill\/#primaryimage"},"thumbnailUrl":"https:\/\/www.lifeonmachair.ie\/wp-content\/uploads\/2023\/03\/Valley-Sandbanks-2-scaled.jpg","datePublished":"2023-02-21T15:27:57+00:00","dateModified":"2023-04-20T08:58:32+00:00","breadcrumb":{"@id":"https:\/\/www.lifeonmachair.ie\/ga\/limisteir-an-tionscadail\/an-gleann-acaill\/#breadcrumb"},"inLanguage":"ga-IE","potentialAction":[{"@type":"ReadAction","target":["https:\/\/www.lifeonmachair.ie\/ga\/limisteir-an-tionscadail\/an-gleann-acaill\/"]}]},{"@type":"ImageObject","inLanguage":"ga-IE","@id":"https:\/\/www.lifeonmachair.ie\/ga\/limisteir-an-tionscadail\/an-gleann-acaill\/#primaryimage","url":"https:\/\/www.lifeonmachair.ie\/wp-content\/uploads\/2023\/03\/Valley-Sandbanks-2-scaled.jpg","contentUrl":"https:\/\/www.lifeonmachair.ie\/wp-content\/uploads\/2023\/03\/Valley-Sandbanks-2-scaled.jpg","width":2560,"height":1440,"caption":"The Valley Sandbanks"},{"@type":"BreadcrumbList","@id":"https:\/\/www.lifeonmachair.ie\/ga\/limisteir-an-tionscadail\/an-gleann-acaill\/#breadcrumb","itemListElement":[{"@type":"ListItem","position":1,"name":"Home","item":"https:\/\/www.lifeonmachair.ie\/ga\/"},{"@type":"ListItem","position":2,"name":"Limist\u00e9ir an Tionscadail","item":"https:\/\/www.lifeonmachair.ie\/ga\/project-areas\/"},{"@type":"ListItem","position":3,"name":"T\u00f3in an tSeanbhaile"}]},{"@type":"WebSite","@id":"https:\/\/www.lifeonmachair.ie\/ga\/#website","url":"https:\/\/www.lifeonmachair.ie\/ga\/","name":"LIFE ar Mhacaire","description":"","publisher":{"@id":"https:\/\/www.lifeonmachair.ie\/ga\/#organization"},"potentialAction":[{"@type":"SearchAction","target":{"@type":"EntryPoint","urlTemplate":"https:\/\/www.lifeonmachair.ie\/ga\/?s={search_term_string}"},"query-input":{"@type":"PropertyValueSpecification","valueRequired":true,"valueName":"search_term_string"}}],"inLanguage":"ga-IE"},{"@type":"Organization","@id":"https:\/\/www.lifeonmachair.ie\/ga\/#organization","name":"Department of Housing, Local Government and Heritage","url":"https:\/\/www.lifeonmachair.ie\/ga\/","logo":{"@type":"ImageObject","inLanguage":"ga-IE","@id":"https:\/\/www.lifeonmachair.ie\/ga\/#\/schema\/logo\/image\/","url":"https:\/\/www.lifeonmachair.ie\/wp-content\/uploads\/2025\/09\/life-on-machair-logo.jpg","contentUrl":"https:\/\/www.lifeonmachair.ie\/wp-content\/uploads\/2025\/09\/life-on-machair-logo.jpg","width":1962,"height":772,"caption":"Department of Housing, Local Government and Heritage"},"image":{"@id":"https:\/\/www.lifeonmachair.ie\/ga\/#\/schema\/logo\/image\/"},"sameAs":["https:\/\/www.facebook.com\/profile.php?id=100086060573760","https:\/\/x.com\/LIFEonMachair"]}]}},"_links":{"self":[{"href":"https:\/\/www.lifeonmachair.ie\/ga\/wp-json\/wp\/v2\/pages\/1350","targetHints":{"allow":["GET"]}}],"collection":[{"href":"https:\/\/www.lifeonmachair.ie\/ga\/wp-json\/wp\/v2\/pages"}],"about":[{"href":"https:\/\/www.lifeonmachair.ie\/ga\/wp-json\/wp\/v2\/types\/page"}],"author":[{"embeddable":true,"href":"https:\/\/www.lifeonmachair.ie\/ga\/wp-json\/wp\/v2\/users\/1"}],"replies":[{"embeddable":true,"href":"https:\/\/www.lifeonmachair.ie\/ga\/wp-json\/wp\/v2\/comments?post=1350"}],"version-history":[{"count":5,"href":"https:\/\/www.lifeonmachair.ie\/ga\/wp-json\/wp\/v2\/pages\/1350\/revisions"}],"predecessor-version":[{"id":1682,"href":"https:\/\/www.lifeonmachair.ie\/ga\/wp-json\/wp\/v2\/pages\/1350\/revisions\/1682"}],"up":[{"embeddable":true,"href":"https:\/\/www.lifeonmachair.ie\/ga\/wp-json\/wp\/v2\/pages\/1340"}],"wp:featuredmedia":[{"embeddable":true,"href":"https:\/\/www.lifeonmachair.ie\/ga\/wp-json\/wp\/v2\/media\/1096"}],"wp:attachment":[{"href":"https:\/\/www.lifeonmachair.ie\/ga\/wp-json\/wp\/v2\/media?parent=1350"}],"curies":[{"name":"wp","href":"https:\/\/api.w.org\/{rel}","templated":true}]}}