{"id":1348,"date":"2023-02-21T15:27:31","date_gmt":"2023-02-21T15:27:31","guid":{"rendered":"https:\/\/www.lifeonmachair.ie\/limisteir-an-tionscadail\/leithinis-an-mhuirthead\/"},"modified":"2023-04-12T15:23:31","modified_gmt":"2023-04-12T15:23:31","slug":"leithinis-an-mhuirthead","status":"publish","type":"page","link":"https:\/\/www.lifeonmachair.ie\/ga\/limisteir-an-tionscadail\/leithinis-an-mhuirthead\/","title":{"rendered":"Leithinis an Mhuirthead"},"content":{"rendered":"\n<div class=\"wp-block-columns is-layout-flex wp-container-core-columns-is-layout-28f84493 wp-block-columns-is-layout-flex\">\n<div class=\"wp-block-column is-layout-flow wp-block-column-is-layout-flow\" style=\"flex-basis:66.66%\">\n<p>LCS Leithinis an Mhuirthead (cuid de <a href=\"https:\/\/www.npws.ie\/protected-sites\/sac\/000470\">LCS Choimpl\u00e9asc Chuan an Mhuirthead\/Chuan an Fh\u00f3id Duibh<\/a>, lena n-Loch <a href=\"https:\/\/www.npws.ie\/protected-sites\/spa\/004093\">Thearmann Caithreach agus LCS Machair an Eanaigh<\/a>, agus forlu\u00ed le cuid de <a href=\"https:\/\/www.npws.ie\/protected-sites\/spa\/004037\">LCS Cuan an Fh\u00f3id Dhuibh\/an Bh\u00e1 Leathain<\/a> agus <a href=\"https:\/\/www.npws.ie\/protected-sites\/spa\/004227\">LCS Leithinis an Mhuirthead<\/a>).<\/p>\n\n\n\n<p>Cuims\u00edonn an su\u00edomh m\u00f3r c\u00f3sta seo, at\u00e1 suite in iarthuaisceart Chontae Mhaigh Eo, cuid mhaith de Leithinis an Mhuirthead, uisc\u00ed faoi fhothain Chuan an Fh\u00f3id Duibh agus c\u00f3sta \u00edsealghainmheach \u00f3 Bh\u00e9al an Mhuirthead go Dumha Thuama. T\u00e1 tionchar l\u00e1idir ag an Aig\u00e9an Atlantach ar charachtar an tsu\u00edmh agus is \u00e9 an toradh a bh\u00edonn ar an nochtadh n\u00e1 t\u00edrdhreach tal\u00fan at\u00e1 faoi cheannas gaineamh s\u00e9idte agus gan crainn den chuid is m\u00f3.<\/p>\n\n\n\n<p>T\u00e1 d\u00e1ileadh fairsing ag dumhcha seasta ar fud an tsu\u00edmh agus t\u00e1 siad forbartha go h\u00e1irithe i l\u00e1r agus \u00f3 dheas de leithinis an Mhuirthead, e.g. ag Imleach Beag, An Baile Nua agus Agleam, le paist\u00ed d\u2019fh\u00e9arthailte ilroinnte Machair ar fud. T\u00e1 Machair cnocach suntasach ar an taobh theas den leithinis ag Fal Mor.<\/p>\n\n\n\n<p>T\u00e1 tr\u00ed phr\u00edomhr\u00e9imse t\u00e1bhachta ag an Mhuirthead i gc\u00f3ir lapaire ph\u00f3r\u00fach\u00e1in, at\u00e1, \u00f3 thuaidh go deisceart: Loch Thearmann Caithreach (lena n-\u00e1ir\u00edtear riasc an Eanaigh), Loch na Croise, agus Loch na L\u00e9ime. Th\u00e1inig laghd\u00fa ar phobail lapaire p\u00f3r\u00fach\u00e1in ar an leithinis \u00f3 bhuaic de 66 ph\u00e9ire i 1985, go dt\u00ed 13 ph\u00e9ire i 2009. Mar sin f\u00e9in, t\u00e1 pobail tar \u00e9is teacht chucu f\u00e9in go 39 bp\u00e9ire san ioml\u00e1n in 2019. Thacaigh Loch Thearmann Caithreach leis an gcuid is m\u00f3 de na p\u00e9ir\u00ed seo i gc\u00f3na\u00ed agus is \u00e9 an ceantar is t\u00e1bhachta\u00ed f\u00f3s ar an su\u00edomh, go pr\u00edomha mar gheall ar na gn\u00edomha\u00edochta\u00ed a rinneadh le linn tionscadal LIFE Nature de chuid AE a bh\u00ed ann roimhe seo (LIFE00 NAT\/IRL\/007128).<\/p>\n\n\n\n<p>In 2019, thacaigh leithinis an Mhuirthead le 21 ph\u00e9ire de Pilib\u00edn p\u00f3r\u00fach\u00e1in san ioml\u00e1n, 4% de phobail n\u00e1isi\u00fanta na Lapad\u00f3ireachta p\u00f3r\u00fach\u00e1in in \u00c9irinn, agus fuarthas iad go l\u00e9ir laistigh de Loch Thearmann Caithreach(go pr\u00edomha i gceantar at\u00e1 faoi chl\u00fadach ag BirdWatch Ireland). T\u00e1 Loch Thearmann Caithreach ar cheann den bheag\u00e1n ceantair in \u00c9irinn freisin chun tac\u00fa le p\u00f3r\u00fa Falar\u00f3p Gobchaol, speiceas Iarscr\u00edbhinn I.<\/p>\n\n\n\n<p>T\u00e1 achar m\u00f3r f\u00e9arthailte bl\u00e1thanna ar f\u00e1il ar an Muirthead, \u00e1fach, t\u00e1 codanna den l\u00e1ithre\u00e1n innilte go lean\u00fanach sa samhradh agus t\u00e1 f\u00e9ara talmha\u00edochta orthu. Mar thoradh air sin, t\u00e1 siad ag teip acmhainn\u00ed a chur ar f\u00e1il do na speicis pailni\u00fa. Mar sin f\u00e9in, t\u00e1 an phobail is sl\u00e1inti\u00fala Bhumb\u00f3g Bhu\u00ed Mh\u00f3r in \u00c9irinn sa cheantair. I measc na speiceas pailneoir\u00ed a taifeadadh \u00f3n su\u00edomh seo agus a st\u00e1das ar Liosta Dearg speiceas na h\u00c9ireann t\u00e1:<\/p>\n\n\n\n<p><em>Faoi Bhagairt:<\/em> Bumb\u00f3g M\u00f3r Dheirg-Eireaballach (<em>Bombus lapidarius<\/em>), Beach Chard\u00e1la Caonaigh (<em>Bombus muscorum<\/em>)**<\/p>\n\n\n\n<p><em>I gcont\u00fairt:<\/em> Bumb\u00f3g chuaiche l\u00e9ana (<em>Bombus campestris<\/em>), Beach chard\u00e1la earr-rua (<em>Bombus ruderarius<\/em>), Beach phl\u00e1str\u00e1la thuaisceartach. (<em>Colletes floralis<\/em>)**, Fritile\u00e1n d\u00faghlas (<em>Argynnis aglaja<\/em>)<\/p>\n\n\n\n<p><em>I mbaol:<\/em> Bumb\u00f3g chuaiche Barbut (<em>Bombus barbutellus<\/em>), Bumb\u00f3g bhu\u00ed mh\u00f3r (<em>Bombus distinguendus<\/em>)**, Bumb\u00f3g chuaiche earr-rua (<em>Bombus rupestris<\/em>), Bumb\u00f3g bhu\u00ed mh\u00f3r (<em>Lasiommata megera<\/em>)<\/p>\n\n\n\n<p><em>I mbaol critici\u00fail:<\/em> Leamhain Portland (<em>Actebia praecox<\/em>)<\/p>\n\n\n\n<p>** liostaithe mar &#8220;i gcont\u00fairt&#8221; ar leibh\u00e9al Eorpach.<\/p>\n<\/div>\n\n\n\n<div class=\"wp-block-column is-layout-flow wp-block-column-is-layout-flow\" style=\"flex-basis:33.33%\">\n<figure class=\"wp-block-image size-large\"><a href=\"https:\/\/www.lifeonmachair.ie\/wp-content\/uploads\/2023\/04\/annagh-marsh-edited-scaled.jpg\"><img loading=\"lazy\" decoding=\"async\" width=\"2560\" height=\"2560\" src=\"https:\/\/www.lifeonmachair.ie\/wp-content\/uploads\/2023\/04\/annagh-marsh-edited-scaled.jpg\" alt=\"Machair an Eanaigh\" class=\"wp-image-1261\" srcset=\"https:\/\/www.lifeonmachair.ie\/wp-content\/uploads\/2023\/04\/annagh-marsh-edited-scaled.jpg 2560w, https:\/\/www.lifeonmachair.ie\/wp-content\/uploads\/2023\/04\/annagh-marsh-edited-300x300.jpg 300w, https:\/\/www.lifeonmachair.ie\/wp-content\/uploads\/2023\/04\/annagh-marsh-edited-1024x1024.jpg 1024w, https:\/\/www.lifeonmachair.ie\/wp-content\/uploads\/2023\/04\/annagh-marsh-edited-150x150.jpg 150w, https:\/\/www.lifeonmachair.ie\/wp-content\/uploads\/2023\/04\/annagh-marsh-edited-768x768.jpg 768w, https:\/\/www.lifeonmachair.ie\/wp-content\/uploads\/2023\/04\/annagh-marsh-edited-1536x1536.jpg 1536w, https:\/\/www.lifeonmachair.ie\/wp-content\/uploads\/2023\/04\/annagh-marsh-edited-2048x2048.jpg 2048w\" sizes=\"auto, (max-width: 2560px) 100vw, 2560px\" \/><\/a><\/figure>\n<\/div>\n<\/div>\n","protected":false},"excerpt":{"rendered":"<p>LCS Leithinis an Mhuirthead (cuid de LCS Choimpl\u00e9asc Chuan an Mhuirthead\/Chuan an Fh\u00f3id Duibh, lena n-Loch Thearmann Caithreach agus LCS Machair an Eanaigh, agus forlu\u00ed le cuid de LCS Cuan an Fh\u00f3id Dhuibh\/an Bh\u00e1 Leathain agus LCS Leithinis an Mhuirthead). Cuims\u00edonn an su\u00edomh m\u00f3r c\u00f3sta seo, at\u00e1 suite in iarthuaisceart Chontae Mhaigh Eo, cuid mhaith [&hellip;]<\/p>\n","protected":false},"author":1,"featured_media":862,"parent":1340,"menu_order":0,"comment_status":"closed","ping_status":"closed","template":"","meta":{"site-sidebar-layout":"default","site-content-layout":"","ast-site-content-layout":"default","site-content-style":"default","site-sidebar-style":"default","ast-global-header-display":"","ast-banner-title-visibility":"","ast-main-header-display":"","ast-hfb-above-header-display":"","ast-hfb-below-header-display":"","ast-hfb-mobile-header-display":"","site-post-title":"","ast-breadcrumbs-content":"","ast-featured-img":"","footer-sml-layout":"","ast-disable-related-posts":"","theme-transparent-header-meta":"","adv-header-id-meta":"","stick-header-meta":"","header-above-stick-meta":"","header-main-stick-meta":"","header-below-stick-meta":"","astra-migrate-meta-layouts":"default","ast-page-background-enabled":"default","ast-page-background-meta":{"desktop":{"background-color":"var(--ast-global-color-4)","background-image":"","background-repeat":"repeat","background-position":"center center","background-size":"auto","background-attachment":"scroll","background-type":"","background-media":"","overlay-type":"","overlay-color":"","overlay-opacity":"","overlay-gradient":""},"tablet":{"background-color":"","background-image":"","background-repeat":"repeat","background-position":"center center","background-size":"auto","background-attachment":"scroll","background-type":"","background-media":"","overlay-type":"","overlay-color":"","overlay-opacity":"","overlay-gradient":""},"mobile":{"background-color":"","background-image":"","background-repeat":"repeat","background-position":"center center","background-size":"auto","background-attachment":"scroll","background-type":"","background-media":"","overlay-type":"","overlay-color":"","overlay-opacity":"","overlay-gradient":""}},"ast-content-background-meta":{"desktop":{"background-color":"var(--ast-global-color-5)","background-image":"","background-repeat":"repeat","background-position":"center center","background-size":"auto","background-attachment":"scroll","background-type":"","background-media":"","overlay-type":"","overlay-color":"","overlay-opacity":"","overlay-gradient":""},"tablet":{"background-color":"var(--ast-global-color-5)","background-image":"","background-repeat":"repeat","background-position":"center center","background-size":"auto","background-attachment":"scroll","background-type":"","background-media":"","overlay-type":"","overlay-color":"","overlay-opacity":"","overlay-gradient":""},"mobile":{"background-color":"var(--ast-global-color-5)","background-image":"","background-repeat":"repeat","background-position":"center center","background-size":"auto","background-attachment":"scroll","background-type":"","background-media":"","overlay-type":"","overlay-color":"","overlay-opacity":"","overlay-gradient":""}},"footnotes":""},"class_list":["post-1348","page","type-page","status-publish","has-post-thumbnail","hentry"],"yoast_head":"<!-- This site is optimized with the Yoast SEO plugin v27.5 - https:\/\/yoast.com\/product\/yoast-seo-wordpress\/ -->\n<title>Leithinis an Mhuirthead - LIFE ar Mhacaire<\/title>\n<meta name=\"robots\" content=\"index, follow, max-snippet:-1, max-image-preview:large, max-video-preview:-1\" \/>\n<link rel=\"canonical\" href=\"https:\/\/www.lifeonmachair.ie\/ga\/limisteir-an-tionscadail\/leithinis-an-mhuirthead\/\" \/>\n<meta property=\"og:locale\" content=\"ga_IE\" \/>\n<meta property=\"og:type\" content=\"article\" \/>\n<meta property=\"og:title\" content=\"Leithinis an Mhuirthead - LIFE ar Mhacaire\" \/>\n<meta property=\"og:description\" content=\"LCS Leithinis an Mhuirthead (cuid de LCS Choimpl\u00e9asc Chuan an Mhuirthead\/Chuan an Fh\u00f3id Duibh, lena n-Loch Thearmann Caithreach agus LCS Machair an Eanaigh, agus forlu\u00ed le cuid de LCS Cuan an Fh\u00f3id Dhuibh\/an Bh\u00e1 Leathain agus LCS Leithinis an Mhuirthead). Cuims\u00edonn an su\u00edomh m\u00f3r c\u00f3sta seo, at\u00e1 suite in iarthuaisceart Chontae Mhaigh Eo, cuid mhaith [&hellip;]\" \/>\n<meta property=\"og:url\" content=\"https:\/\/www.lifeonmachair.ie\/ga\/limisteir-an-tionscadail\/leithinis-an-mhuirthead\/\" \/>\n<meta property=\"og:site_name\" content=\"LIFE ar Mhacaire\" \/>\n<meta property=\"article:publisher\" content=\"https:\/\/www.facebook.com\/profile.php?id=100086060573760\" \/>\n<meta property=\"article:modified_time\" content=\"2023-04-12T15:23:31+00:00\" \/>\n<meta property=\"og:image\" content=\"https:\/\/www.lifeonmachair.ie\/wp-content\/uploads\/2023\/03\/annagh-marsh-scaled.jpg\" \/>\n\t<meta property=\"og:image:width\" content=\"2560\" \/>\n\t<meta property=\"og:image:height\" content=\"1920\" \/>\n\t<meta property=\"og:image:type\" content=\"image\/jpeg\" \/>\n<meta name=\"twitter:card\" content=\"summary_large_image\" \/>\n<meta name=\"twitter:site\" content=\"@LIFEonMachair\" \/>\n<meta name=\"twitter:label1\" content=\"Est. reading time\" \/>\n\t<meta name=\"twitter:data1\" content=\"3 minutes\" \/>\n<script type=\"application\/ld+json\" class=\"yoast-schema-graph\">{\"@context\":\"https:\\\/\\\/schema.org\",\"@graph\":[{\"@type\":\"WebPage\",\"@id\":\"https:\\\/\\\/www.lifeonmachair.ie\\\/ga\\\/limisteir-an-tionscadail\\\/leithinis-an-mhuirthead\\\/\",\"url\":\"https:\\\/\\\/www.lifeonmachair.ie\\\/ga\\\/limisteir-an-tionscadail\\\/leithinis-an-mhuirthead\\\/\",\"name\":\"Leithinis an Mhuirthead - LIFE ar Mhacaire\",\"isPartOf\":{\"@id\":\"https:\\\/\\\/www.lifeonmachair.ie\\\/ga\\\/#website\"},\"primaryImageOfPage\":{\"@id\":\"https:\\\/\\\/www.lifeonmachair.ie\\\/ga\\\/limisteir-an-tionscadail\\\/leithinis-an-mhuirthead\\\/#primaryimage\"},\"image\":{\"@id\":\"https:\\\/\\\/www.lifeonmachair.ie\\\/ga\\\/limisteir-an-tionscadail\\\/leithinis-an-mhuirthead\\\/#primaryimage\"},\"thumbnailUrl\":\"https:\\\/\\\/www.lifeonmachair.ie\\\/wp-content\\\/uploads\\\/2023\\\/03\\\/annagh-marsh-scaled.jpg\",\"datePublished\":\"2023-02-21T15:27:31+00:00\",\"dateModified\":\"2023-04-12T15:23:31+00:00\",\"breadcrumb\":{\"@id\":\"https:\\\/\\\/www.lifeonmachair.ie\\\/ga\\\/limisteir-an-tionscadail\\\/leithinis-an-mhuirthead\\\/#breadcrumb\"},\"inLanguage\":\"ga-IE\",\"potentialAction\":[{\"@type\":\"ReadAction\",\"target\":[\"https:\\\/\\\/www.lifeonmachair.ie\\\/ga\\\/limisteir-an-tionscadail\\\/leithinis-an-mhuirthead\\\/\"]}]},{\"@type\":\"ImageObject\",\"inLanguage\":\"ga-IE\",\"@id\":\"https:\\\/\\\/www.lifeonmachair.ie\\\/ga\\\/limisteir-an-tionscadail\\\/leithinis-an-mhuirthead\\\/#primaryimage\",\"url\":\"https:\\\/\\\/www.lifeonmachair.ie\\\/wp-content\\\/uploads\\\/2023\\\/03\\\/annagh-marsh-scaled.jpg\",\"contentUrl\":\"https:\\\/\\\/www.lifeonmachair.ie\\\/wp-content\\\/uploads\\\/2023\\\/03\\\/annagh-marsh-scaled.jpg\",\"width\":2560,\"height\":1920,\"caption\":\"Annagh Marsh\"},{\"@type\":\"BreadcrumbList\",\"@id\":\"https:\\\/\\\/www.lifeonmachair.ie\\\/ga\\\/limisteir-an-tionscadail\\\/leithinis-an-mhuirthead\\\/#breadcrumb\",\"itemListElement\":[{\"@type\":\"ListItem\",\"position\":1,\"name\":\"Home\",\"item\":\"https:\\\/\\\/www.lifeonmachair.ie\\\/ga\\\/\"},{\"@type\":\"ListItem\",\"position\":2,\"name\":\"Limist\u00e9ir an Tionscadail\",\"item\":\"https:\\\/\\\/www.lifeonmachair.ie\\\/ga\\\/project-areas\\\/\"},{\"@type\":\"ListItem\",\"position\":3,\"name\":\"Leithinis an Mhuirthead\"}]},{\"@type\":\"WebSite\",\"@id\":\"https:\\\/\\\/www.lifeonmachair.ie\\\/ga\\\/#website\",\"url\":\"https:\\\/\\\/www.lifeonmachair.ie\\\/ga\\\/\",\"name\":\"LIFE ar Mhacaire\",\"description\":\"\",\"publisher\":{\"@id\":\"https:\\\/\\\/www.lifeonmachair.ie\\\/ga\\\/#organization\"},\"potentialAction\":[{\"@type\":\"SearchAction\",\"target\":{\"@type\":\"EntryPoint\",\"urlTemplate\":\"https:\\\/\\\/www.lifeonmachair.ie\\\/ga\\\/?s={search_term_string}\"},\"query-input\":{\"@type\":\"PropertyValueSpecification\",\"valueRequired\":true,\"valueName\":\"search_term_string\"}}],\"inLanguage\":\"ga-IE\"},{\"@type\":\"Organization\",\"@id\":\"https:\\\/\\\/www.lifeonmachair.ie\\\/ga\\\/#organization\",\"name\":\"Department of Housing, Local Government and Heritage\",\"url\":\"https:\\\/\\\/www.lifeonmachair.ie\\\/ga\\\/\",\"logo\":{\"@type\":\"ImageObject\",\"inLanguage\":\"ga-IE\",\"@id\":\"https:\\\/\\\/www.lifeonmachair.ie\\\/ga\\\/#\\\/schema\\\/logo\\\/image\\\/\",\"url\":\"https:\\\/\\\/www.lifeonmachair.ie\\\/wp-content\\\/uploads\\\/2025\\\/09\\\/life-on-machair-logo.jpg\",\"contentUrl\":\"https:\\\/\\\/www.lifeonmachair.ie\\\/wp-content\\\/uploads\\\/2025\\\/09\\\/life-on-machair-logo.jpg\",\"width\":1962,\"height\":772,\"caption\":\"Department of Housing, Local Government and Heritage\"},\"image\":{\"@id\":\"https:\\\/\\\/www.lifeonmachair.ie\\\/ga\\\/#\\\/schema\\\/logo\\\/image\\\/\"},\"sameAs\":[\"https:\\\/\\\/www.facebook.com\\\/profile.php?id=100086060573760\",\"https:\\\/\\\/x.com\\\/LIFEonMachair\"]}]}<\/script>\n<!-- \/ Yoast SEO plugin. -->","yoast_head_json":{"title":"Leithinis an Mhuirthead - LIFE ar Mhacaire","robots":{"index":"index","follow":"follow","max-snippet":"max-snippet:-1","max-image-preview":"max-image-preview:large","max-video-preview":"max-video-preview:-1"},"canonical":"https:\/\/www.lifeonmachair.ie\/ga\/limisteir-an-tionscadail\/leithinis-an-mhuirthead\/","og_locale":"ga_IE","og_type":"article","og_title":"Leithinis an Mhuirthead - LIFE ar Mhacaire","og_description":"LCS Leithinis an Mhuirthead (cuid de LCS Choimpl\u00e9asc Chuan an Mhuirthead\/Chuan an Fh\u00f3id Duibh, lena n-Loch Thearmann Caithreach agus LCS Machair an Eanaigh, agus forlu\u00ed le cuid de LCS Cuan an Fh\u00f3id Dhuibh\/an Bh\u00e1 Leathain agus LCS Leithinis an Mhuirthead). Cuims\u00edonn an su\u00edomh m\u00f3r c\u00f3sta seo, at\u00e1 suite in iarthuaisceart Chontae Mhaigh Eo, cuid mhaith [&hellip;]","og_url":"https:\/\/www.lifeonmachair.ie\/ga\/limisteir-an-tionscadail\/leithinis-an-mhuirthead\/","og_site_name":"LIFE ar Mhacaire","article_publisher":"https:\/\/www.facebook.com\/profile.php?id=100086060573760","article_modified_time":"2023-04-12T15:23:31+00:00","og_image":[{"width":2560,"height":1920,"url":"https:\/\/www.lifeonmachair.ie\/wp-content\/uploads\/2023\/03\/annagh-marsh-scaled.jpg","type":"image\/jpeg"}],"twitter_card":"summary_large_image","twitter_site":"@LIFEonMachair","twitter_misc":{"Est. reading time":"3 minutes"},"schema":{"@context":"https:\/\/schema.org","@graph":[{"@type":"WebPage","@id":"https:\/\/www.lifeonmachair.ie\/ga\/limisteir-an-tionscadail\/leithinis-an-mhuirthead\/","url":"https:\/\/www.lifeonmachair.ie\/ga\/limisteir-an-tionscadail\/leithinis-an-mhuirthead\/","name":"Leithinis an Mhuirthead - LIFE ar Mhacaire","isPartOf":{"@id":"https:\/\/www.lifeonmachair.ie\/ga\/#website"},"primaryImageOfPage":{"@id":"https:\/\/www.lifeonmachair.ie\/ga\/limisteir-an-tionscadail\/leithinis-an-mhuirthead\/#primaryimage"},"image":{"@id":"https:\/\/www.lifeonmachair.ie\/ga\/limisteir-an-tionscadail\/leithinis-an-mhuirthead\/#primaryimage"},"thumbnailUrl":"https:\/\/www.lifeonmachair.ie\/wp-content\/uploads\/2023\/03\/annagh-marsh-scaled.jpg","datePublished":"2023-02-21T15:27:31+00:00","dateModified":"2023-04-12T15:23:31+00:00","breadcrumb":{"@id":"https:\/\/www.lifeonmachair.ie\/ga\/limisteir-an-tionscadail\/leithinis-an-mhuirthead\/#breadcrumb"},"inLanguage":"ga-IE","potentialAction":[{"@type":"ReadAction","target":["https:\/\/www.lifeonmachair.ie\/ga\/limisteir-an-tionscadail\/leithinis-an-mhuirthead\/"]}]},{"@type":"ImageObject","inLanguage":"ga-IE","@id":"https:\/\/www.lifeonmachair.ie\/ga\/limisteir-an-tionscadail\/leithinis-an-mhuirthead\/#primaryimage","url":"https:\/\/www.lifeonmachair.ie\/wp-content\/uploads\/2023\/03\/annagh-marsh-scaled.jpg","contentUrl":"https:\/\/www.lifeonmachair.ie\/wp-content\/uploads\/2023\/03\/annagh-marsh-scaled.jpg","width":2560,"height":1920,"caption":"Annagh Marsh"},{"@type":"BreadcrumbList","@id":"https:\/\/www.lifeonmachair.ie\/ga\/limisteir-an-tionscadail\/leithinis-an-mhuirthead\/#breadcrumb","itemListElement":[{"@type":"ListItem","position":1,"name":"Home","item":"https:\/\/www.lifeonmachair.ie\/ga\/"},{"@type":"ListItem","position":2,"name":"Limist\u00e9ir an Tionscadail","item":"https:\/\/www.lifeonmachair.ie\/ga\/project-areas\/"},{"@type":"ListItem","position":3,"name":"Leithinis an Mhuirthead"}]},{"@type":"WebSite","@id":"https:\/\/www.lifeonmachair.ie\/ga\/#website","url":"https:\/\/www.lifeonmachair.ie\/ga\/","name":"LIFE ar Mhacaire","description":"","publisher":{"@id":"https:\/\/www.lifeonmachair.ie\/ga\/#organization"},"potentialAction":[{"@type":"SearchAction","target":{"@type":"EntryPoint","urlTemplate":"https:\/\/www.lifeonmachair.ie\/ga\/?s={search_term_string}"},"query-input":{"@type":"PropertyValueSpecification","valueRequired":true,"valueName":"search_term_string"}}],"inLanguage":"ga-IE"},{"@type":"Organization","@id":"https:\/\/www.lifeonmachair.ie\/ga\/#organization","name":"Department of Housing, Local Government and Heritage","url":"https:\/\/www.lifeonmachair.ie\/ga\/","logo":{"@type":"ImageObject","inLanguage":"ga-IE","@id":"https:\/\/www.lifeonmachair.ie\/ga\/#\/schema\/logo\/image\/","url":"https:\/\/www.lifeonmachair.ie\/wp-content\/uploads\/2025\/09\/life-on-machair-logo.jpg","contentUrl":"https:\/\/www.lifeonmachair.ie\/wp-content\/uploads\/2025\/09\/life-on-machair-logo.jpg","width":1962,"height":772,"caption":"Department of Housing, Local Government and Heritage"},"image":{"@id":"https:\/\/www.lifeonmachair.ie\/ga\/#\/schema\/logo\/image\/"},"sameAs":["https:\/\/www.facebook.com\/profile.php?id=100086060573760","https:\/\/x.com\/LIFEonMachair"]}]}},"_links":{"self":[{"href":"https:\/\/www.lifeonmachair.ie\/ga\/wp-json\/wp\/v2\/pages\/1348","targetHints":{"allow":["GET"]}}],"collection":[{"href":"https:\/\/www.lifeonmachair.ie\/ga\/wp-json\/wp\/v2\/pages"}],"about":[{"href":"https:\/\/www.lifeonmachair.ie\/ga\/wp-json\/wp\/v2\/types\/page"}],"author":[{"embeddable":true,"href":"https:\/\/www.lifeonmachair.ie\/ga\/wp-json\/wp\/v2\/users\/1"}],"replies":[{"embeddable":true,"href":"https:\/\/www.lifeonmachair.ie\/ga\/wp-json\/wp\/v2\/comments?post=1348"}],"version-history":[{"count":2,"href":"https:\/\/www.lifeonmachair.ie\/ga\/wp-json\/wp\/v2\/pages\/1348\/revisions"}],"predecessor-version":[{"id":1484,"href":"https:\/\/www.lifeonmachair.ie\/ga\/wp-json\/wp\/v2\/pages\/1348\/revisions\/1484"}],"up":[{"embeddable":true,"href":"https:\/\/www.lifeonmachair.ie\/ga\/wp-json\/wp\/v2\/pages\/1340"}],"wp:featuredmedia":[{"embeddable":true,"href":"https:\/\/www.lifeonmachair.ie\/ga\/wp-json\/wp\/v2\/media\/862"}],"wp:attachment":[{"href":"https:\/\/www.lifeonmachair.ie\/ga\/wp-json\/wp\/v2\/media?parent=1348"}],"curies":[{"name":"wp","href":"https:\/\/api.w.org\/{rel}","templated":true}]}}