{"id":1346,"date":"2023-02-21T15:27:06","date_gmt":"2023-02-21T15:27:06","guid":{"rendered":"https:\/\/www.lifeonmachair.ie\/limisteir-an-tionscadail\/na-hoileain-inis-ge\/"},"modified":"2023-04-20T08:55:32","modified_gmt":"2023-04-20T08:55:32","slug":"na-hoileain-inis-ge","status":"publish","type":"page","link":"https:\/\/www.lifeonmachair.ie\/ga\/limisteir-an-tionscadail\/na-hoileain-inis-ge\/","title":{"rendered":"Na hOile\u00e1in Inis G\u00e9"},"content":{"rendered":"\n<div class=\"wp-block-columns is-layout-flex wp-container-core-columns-is-layout-28f84493 wp-block-columns-is-layout-flex\">\n<div class=\"wp-block-column is-layout-flow wp-block-column-is-layout-flow\" style=\"flex-basis:66.66%\">\n<p><em>Inis C\u00e9<\/em> \u2013 Inis G\u00e9 Thuaidh agus Theas (<a href=\"https:\/\/www.npws.ie\/protected-sites\/sac\/000507\">Oile\u00e1in Inis G\u00e9 SAC<\/a> agus <a href=\"https:\/\/www.npws.ie\/protected-sites\/spa\/004004\">Oile\u00e1in Inis G\u00e9 SPA<\/a>)<\/p>\n\n\n\n<p>T\u00e1 dh\u00e1 oile\u00e1n \u00edsle, nochta agus ghaoithe at\u00e1 scartha \u00f3 chain\u00e9al caol, thart ar 5 km amach \u00f3 Leithinis an Mhuirthead, ar Oile\u00e1in Inis g\u00e9. Bh\u00ed pobail na n-oile\u00e1n go dt\u00ed 1932, agus t\u00e1 iarsma\u00ed dh\u00e1 sr\u00e1idbhaile f\u00f3s le feice\u00e1il. Sa l\u00e1 at\u00e1 inniu ann, is \u00e9 innilt an phr\u00edomh\u00fas\u00e1id tal\u00fan ar na hoile\u00e1in le gn\u00edomha\u00edochta\u00ed \u00e1ineasa at\u00e1 ag f\u00e1s agus \u00e1 n-\u00e9asc\u00fa tr\u00ed thurais bh\u00e1id \u00f3 Dhomhnach an Fh\u00f3id Dhuibh in aice l\u00e1imhe.<\/p>\n\n\n\n<p>T\u00e1 an t-oile\u00e1n thuaidh, Inis G\u00e9a Thuaidh, faoi cheannas Machair agus t\u00e1 loch beag ann. T\u00e1 an t-oile\u00e1n theas, Inis G\u00e9a Theas, n\u00edos airde le Machair ar na ceantair \u00edsle agus ar na leibh\u00e9il arda. T\u00e1 b\u00e1 beag gainimh ar an taobh thoir ag an d\u00e1 oile\u00e1n. Go luath sna 2000id\u00ed, measadh go raibh an Machair anseo ar cheann de na sampla\u00ed is fearr den ghn\u00e1th\u00f3g go n\u00e1isi\u00fanta. Mar sin f\u00e9in, t\u00e1 laghd\u00fa tagtha ar an mbail at\u00e1 ar an Machair \u00f3 shin mar gheall ar bhr\u00fa innilte trom.<\/p>\n\n\n\n<p>Le fada an l\u00e1, aithn\u00edodh Oile\u00e1in Inis G\u00e9a mar cheann de na su\u00edomhanna is t\u00e1bhachta\u00ed le haghaidh pobail at\u00e1 ag dul i l\u00e9ig in \u00c9irinn. Sa bhliain 1985, taifeadadh 64 ph\u00e9ire lapaire ph\u00f3r\u00fach\u00e1in ar an ioml\u00e1n, agus th\u00e1inig m\u00e9ad\u00fa ar an bpobal go dt\u00ed buaicphointe 377 bp\u00e9ire i 2009. Mar sin f\u00e9in, faoi 2019, bh\u00ed pobail ioml\u00e1n an d\u00e1 oile\u00e1n laghdaithe go 68 bp\u00e9ire. Meastar go bhfuil pobail breac\u00f3g ar Oile\u00e1in Inis g\u00e9 thar a bheith \u00edseal agus go bhfuil g\u00e1 le gn\u00edomha\u00edocht phr\u00e1inneach chaomhantais. Ar an gcaoi ch\u00e9anna, th\u00e1inig m\u00e9ad\u00fa ar an Pilib\u00edn \u00f3 14 ph\u00e9ire i 1996 go 95 ph\u00e9ire in 2009, agus ina dhiaidh sin th\u00e1inig laghd\u00fa air go dt\u00ed 12 ph\u00e9ire faoi 2019. In ainneoin na dtreochta\u00ed, taca\u00edonn na hoile\u00e1in le suas le 6% de phobail ph\u00f3r\u00fach\u00e1in n\u00e1isi\u00fanta Dh\u00fan na nGall, chomh maith le 2% de phobail n\u00e1isi\u00fanta lapaire ph\u00f3r\u00fach\u00e1in. T\u00e1 Falar\u00f3pa Gobchaol, speiceas at\u00e1 liostaithe in Iarscr\u00edbhinn I, tar \u00e9is athchoil\u00edni\u00fa a dh\u00e9anamh ar an su\u00edomh le d\u00e9ana\u00ed, ag cur b\u00e9ime ar acmhainneacht an tsu\u00edmh le haghaidh athch\u00f3irithe.<\/p>\n\n\n\n<p>T\u00e1 na hoile\u00e1in ar cheann de na su\u00edomhanna geimhridh is t\u00e1bhachta\u00ed do Gh\u00e9 Gi\u00farainn in \u00c9irinn freisin, ag tac\u00fa le bpobal a bhfuil t\u00e1bhacht idirn\u00e1isi\u00fanta ag baint leis, agus is su\u00edomh traidisi\u00fanta iad freisin do shreanga p\u00f3r\u00fach\u00e1in, le bpobal thar a bheith t\u00e1bhachtach (i.e. &gt; 5% de na hioml\u00e1in n\u00e1isi\u00fanta) do Th\u00edr Choiteann.<\/p>\n\n\n\n<p>C\u00e9 go bhfuil na taifid inveirteabracha d\u2019oile\u00e1n Inishkea tana\u00ed agus nach bhfuil pailneoir\u00ed san \u00e1ireamh iontu, is d\u00f3cha go mbeidh taca\u00edocht tugtha do l\u00edon na speiceas ag an sward saibhir bl\u00e1thanna a bh\u00ed i l\u00e1thair suas le 20 bliain \u00f3 shin. Mar sin f\u00e9in, t\u00e1 an su\u00edomh anois tr\u00e9ithrithe ag leibh\u00e9al \u00edseal aonchine\u00e1lach mar gheall ar innilt iomarcach, rud a chuireann srian m\u00f3r ar \u00e9ags\u00falacht na bpailneoir\u00ed ar f\u00e9idir leis an su\u00edomh tac\u00fa leo.<\/p>\n<\/div>\n\n\n\n<div class=\"wp-block-column is-layout-flow wp-block-column-is-layout-flow\" style=\"flex-basis:33.33%\">\n<figure class=\"wp-block-image size-large\"><img loading=\"lazy\" decoding=\"async\" width=\"2560\" height=\"2560\" src=\"https:\/\/www.lifeonmachair.ie\/wp-content\/uploads\/2023\/04\/baileymor-iniskeas-edited-scaled.jpg\" alt=\"Bailymor, Inishkeas\" class=\"wp-image-1258\" srcset=\"https:\/\/www.lifeonmachair.ie\/wp-content\/uploads\/2023\/04\/baileymor-iniskeas-edited-scaled.jpg 2560w, https:\/\/www.lifeonmachair.ie\/wp-content\/uploads\/2023\/04\/baileymor-iniskeas-edited-300x300.jpg 300w, https:\/\/www.lifeonmachair.ie\/wp-content\/uploads\/2023\/04\/baileymor-iniskeas-edited-1024x1024.jpg 1024w, https:\/\/www.lifeonmachair.ie\/wp-content\/uploads\/2023\/04\/baileymor-iniskeas-edited-150x150.jpg 150w, https:\/\/www.lifeonmachair.ie\/wp-content\/uploads\/2023\/04\/baileymor-iniskeas-edited-768x768.jpg 768w, https:\/\/www.lifeonmachair.ie\/wp-content\/uploads\/2023\/04\/baileymor-iniskeas-edited-1536x1536.jpg 1536w, https:\/\/www.lifeonmachair.ie\/wp-content\/uploads\/2023\/04\/baileymor-iniskeas-edited-2048x2048.jpg 2048w\" sizes=\"auto, (max-width: 2560px) 100vw, 2560px\" \/><figcaption class=\"wp-element-caption\">Bailymor, Inishkeas<\/figcaption><\/figure>\n<\/div>\n<\/div>\n","protected":false},"excerpt":{"rendered":"<p>Inis C\u00e9 \u2013 Inis G\u00e9 Thuaidh agus Theas (Oile\u00e1in Inis G\u00e9 SAC agus Oile\u00e1in Inis G\u00e9 SPA) T\u00e1 dh\u00e1 oile\u00e1n \u00edsle, nochta agus ghaoithe at\u00e1 scartha \u00f3 chain\u00e9al caol, thart ar 5 km amach \u00f3 Leithinis an Mhuirthead, ar Oile\u00e1in Inis g\u00e9. Bh\u00ed pobail na n-oile\u00e1n go dt\u00ed 1932, agus t\u00e1 iarsma\u00ed dh\u00e1 sr\u00e1idbhaile f\u00f3s [&hellip;]<\/p>\n","protected":false},"author":1,"featured_media":1482,"parent":1340,"menu_order":0,"comment_status":"closed","ping_status":"closed","template":"","meta":{"site-sidebar-layout":"default","site-content-layout":"","ast-site-content-layout":"default","site-content-style":"default","site-sidebar-style":"default","ast-global-header-display":"","ast-banner-title-visibility":"","ast-main-header-display":"","ast-hfb-above-header-display":"","ast-hfb-below-header-display":"","ast-hfb-mobile-header-display":"","site-post-title":"","ast-breadcrumbs-content":"","ast-featured-img":"","footer-sml-layout":"","ast-disable-related-posts":"","theme-transparent-header-meta":"","adv-header-id-meta":"","stick-header-meta":"","header-above-stick-meta":"","header-main-stick-meta":"","header-below-stick-meta":"","astra-migrate-meta-layouts":"default","ast-page-background-enabled":"default","ast-page-background-meta":{"desktop":{"background-color":"var(--ast-global-color-4)","background-image":"","background-repeat":"repeat","background-position":"center center","background-size":"auto","background-attachment":"scroll","background-type":"","background-media":"","overlay-type":"","overlay-color":"","overlay-opacity":"","overlay-gradient":""},"tablet":{"background-color":"","background-image":"","background-repeat":"repeat","background-position":"center center","background-size":"auto","background-attachment":"scroll","background-type":"","background-media":"","overlay-type":"","overlay-color":"","overlay-opacity":"","overlay-gradient":""},"mobile":{"background-color":"","background-image":"","background-repeat":"repeat","background-position":"center center","background-size":"auto","background-attachment":"scroll","background-type":"","background-media":"","overlay-type":"","overlay-color":"","overlay-opacity":"","overlay-gradient":""}},"ast-content-background-meta":{"desktop":{"background-color":"var(--ast-global-color-5)","background-image":"","background-repeat":"repeat","background-position":"center center","background-size":"auto","background-attachment":"scroll","background-type":"","background-media":"","overlay-type":"","overlay-color":"","overlay-opacity":"","overlay-gradient":""},"tablet":{"background-color":"var(--ast-global-color-5)","background-image":"","background-repeat":"repeat","background-position":"center center","background-size":"auto","background-attachment":"scroll","background-type":"","background-media":"","overlay-type":"","overlay-color":"","overlay-opacity":"","overlay-gradient":""},"mobile":{"background-color":"var(--ast-global-color-5)","background-image":"","background-repeat":"repeat","background-position":"center center","background-size":"auto","background-attachment":"scroll","background-type":"","background-media":"","overlay-type":"","overlay-color":"","overlay-opacity":"","overlay-gradient":""}},"footnotes":""},"class_list":["post-1346","page","type-page","status-publish","has-post-thumbnail","hentry"],"yoast_head":"<!-- This site is optimized with the Yoast SEO plugin v27.3 - https:\/\/yoast.com\/product\/yoast-seo-wordpress\/ -->\n<title>Na hOile\u00e1in Inis G\u00e9 - LIFE ar Mhacaire<\/title>\n<meta name=\"robots\" content=\"index, follow, max-snippet:-1, max-image-preview:large, max-video-preview:-1\" \/>\n<link rel=\"canonical\" href=\"https:\/\/www.lifeonmachair.ie\/ga\/limisteir-an-tionscadail\/na-hoileain-inis-ge\/\" \/>\n<meta property=\"og:locale\" content=\"ga_IE\" \/>\n<meta property=\"og:type\" content=\"article\" \/>\n<meta property=\"og:title\" content=\"Na hOile\u00e1in Inis G\u00e9 - LIFE ar Mhacaire\" \/>\n<meta property=\"og:description\" content=\"Inis C\u00e9 \u2013 Inis G\u00e9 Thuaidh agus Theas (Oile\u00e1in Inis G\u00e9 SAC agus Oile\u00e1in Inis G\u00e9 SPA) T\u00e1 dh\u00e1 oile\u00e1n \u00edsle, nochta agus ghaoithe at\u00e1 scartha \u00f3 chain\u00e9al caol, thart ar 5 km amach \u00f3 Leithinis an Mhuirthead, ar Oile\u00e1in Inis g\u00e9. Bh\u00ed pobail na n-oile\u00e1n go dt\u00ed 1932, agus t\u00e1 iarsma\u00ed dh\u00e1 sr\u00e1idbhaile f\u00f3s [&hellip;]\" \/>\n<meta property=\"og:url\" content=\"https:\/\/www.lifeonmachair.ie\/ga\/limisteir-an-tionscadail\/na-hoileain-inis-ge\/\" \/>\n<meta property=\"og:site_name\" content=\"LIFE ar Mhacaire\" \/>\n<meta property=\"article:publisher\" content=\"https:\/\/www.facebook.com\/profile.php?id=100086060573760\" \/>\n<meta property=\"article:modified_time\" content=\"2023-04-20T08:55:32+00:00\" \/>\n<meta property=\"og:image\" content=\"https:\/\/www.lifeonmachair.ie\/wp-content\/uploads\/2023\/04\/inishkeas3-scaled-1-e1681312726643.jpg\" \/>\n\t<meta property=\"og:image:width\" content=\"2560\" \/>\n\t<meta property=\"og:image:height\" content=\"1920\" \/>\n\t<meta property=\"og:image:type\" content=\"image\/jpeg\" \/>\n<meta name=\"twitter:card\" content=\"summary_large_image\" \/>\n<meta name=\"twitter:site\" content=\"@LIFEonMachair\" \/>\n<meta name=\"twitter:label1\" content=\"Est. reading time\" \/>\n\t<meta name=\"twitter:data1\" content=\"3 minutes\" \/>\n<script type=\"application\/ld+json\" class=\"yoast-schema-graph\">{\"@context\":\"https:\\\/\\\/schema.org\",\"@graph\":[{\"@type\":\"WebPage\",\"@id\":\"https:\\\/\\\/www.lifeonmachair.ie\\\/ga\\\/limisteir-an-tionscadail\\\/na-hoileain-inis-ge\\\/\",\"url\":\"https:\\\/\\\/www.lifeonmachair.ie\\\/ga\\\/limisteir-an-tionscadail\\\/na-hoileain-inis-ge\\\/\",\"name\":\"Na hOile\u00e1in Inis G\u00e9 - LIFE ar Mhacaire\",\"isPartOf\":{\"@id\":\"https:\\\/\\\/www.lifeonmachair.ie\\\/ga\\\/#website\"},\"primaryImageOfPage\":{\"@id\":\"https:\\\/\\\/www.lifeonmachair.ie\\\/ga\\\/limisteir-an-tionscadail\\\/na-hoileain-inis-ge\\\/#primaryimage\"},\"image\":{\"@id\":\"https:\\\/\\\/www.lifeonmachair.ie\\\/ga\\\/limisteir-an-tionscadail\\\/na-hoileain-inis-ge\\\/#primaryimage\"},\"thumbnailUrl\":\"https:\\\/\\\/www.lifeonmachair.ie\\\/wp-content\\\/uploads\\\/2023\\\/04\\\/inishkeas3-scaled-1-e1681312726643.jpg\",\"datePublished\":\"2023-02-21T15:27:06+00:00\",\"dateModified\":\"2023-04-20T08:55:32+00:00\",\"breadcrumb\":{\"@id\":\"https:\\\/\\\/www.lifeonmachair.ie\\\/ga\\\/limisteir-an-tionscadail\\\/na-hoileain-inis-ge\\\/#breadcrumb\"},\"inLanguage\":\"ga-IE\",\"potentialAction\":[{\"@type\":\"ReadAction\",\"target\":[\"https:\\\/\\\/www.lifeonmachair.ie\\\/ga\\\/limisteir-an-tionscadail\\\/na-hoileain-inis-ge\\\/\"]}]},{\"@type\":\"ImageObject\",\"inLanguage\":\"ga-IE\",\"@id\":\"https:\\\/\\\/www.lifeonmachair.ie\\\/ga\\\/limisteir-an-tionscadail\\\/na-hoileain-inis-ge\\\/#primaryimage\",\"url\":\"https:\\\/\\\/www.lifeonmachair.ie\\\/wp-content\\\/uploads\\\/2023\\\/04\\\/inishkeas3-scaled-1-e1681312726643.jpg\",\"contentUrl\":\"https:\\\/\\\/www.lifeonmachair.ie\\\/wp-content\\\/uploads\\\/2023\\\/04\\\/inishkeas3-scaled-1-e1681312726643.jpg\",\"width\":2560,\"height\":1920,\"caption\":\"Inishkea\"},{\"@type\":\"BreadcrumbList\",\"@id\":\"https:\\\/\\\/www.lifeonmachair.ie\\\/ga\\\/limisteir-an-tionscadail\\\/na-hoileain-inis-ge\\\/#breadcrumb\",\"itemListElement\":[{\"@type\":\"ListItem\",\"position\":1,\"name\":\"Home\",\"item\":\"https:\\\/\\\/www.lifeonmachair.ie\\\/ga\\\/\"},{\"@type\":\"ListItem\",\"position\":2,\"name\":\"Limist\u00e9ir an Tionscadail\",\"item\":\"https:\\\/\\\/www.lifeonmachair.ie\\\/ga\\\/project-areas\\\/\"},{\"@type\":\"ListItem\",\"position\":3,\"name\":\"Na hOile\u00e1in Inis G\u00e9\"}]},{\"@type\":\"WebSite\",\"@id\":\"https:\\\/\\\/www.lifeonmachair.ie\\\/ga\\\/#website\",\"url\":\"https:\\\/\\\/www.lifeonmachair.ie\\\/ga\\\/\",\"name\":\"LIFE ar Mhacaire\",\"description\":\"\",\"publisher\":{\"@id\":\"https:\\\/\\\/www.lifeonmachair.ie\\\/ga\\\/#organization\"},\"potentialAction\":[{\"@type\":\"SearchAction\",\"target\":{\"@type\":\"EntryPoint\",\"urlTemplate\":\"https:\\\/\\\/www.lifeonmachair.ie\\\/ga\\\/?s={search_term_string}\"},\"query-input\":{\"@type\":\"PropertyValueSpecification\",\"valueRequired\":true,\"valueName\":\"search_term_string\"}}],\"inLanguage\":\"ga-IE\"},{\"@type\":\"Organization\",\"@id\":\"https:\\\/\\\/www.lifeonmachair.ie\\\/ga\\\/#organization\",\"name\":\"Department of Housing, Local Government and Heritage\",\"url\":\"https:\\\/\\\/www.lifeonmachair.ie\\\/ga\\\/\",\"logo\":{\"@type\":\"ImageObject\",\"inLanguage\":\"ga-IE\",\"@id\":\"https:\\\/\\\/www.lifeonmachair.ie\\\/ga\\\/#\\\/schema\\\/logo\\\/image\\\/\",\"url\":\"https:\\\/\\\/www.lifeonmachair.ie\\\/wp-content\\\/uploads\\\/2025\\\/09\\\/life-on-machair-logo.jpg\",\"contentUrl\":\"https:\\\/\\\/www.lifeonmachair.ie\\\/wp-content\\\/uploads\\\/2025\\\/09\\\/life-on-machair-logo.jpg\",\"width\":1962,\"height\":772,\"caption\":\"Department of Housing, Local Government and Heritage\"},\"image\":{\"@id\":\"https:\\\/\\\/www.lifeonmachair.ie\\\/ga\\\/#\\\/schema\\\/logo\\\/image\\\/\"},\"sameAs\":[\"https:\\\/\\\/www.facebook.com\\\/profile.php?id=100086060573760\",\"https:\\\/\\\/x.com\\\/LIFEonMachair\"]}]}<\/script>\n<!-- \/ Yoast SEO plugin. -->","yoast_head_json":{"title":"Na hOile\u00e1in Inis G\u00e9 - LIFE ar Mhacaire","robots":{"index":"index","follow":"follow","max-snippet":"max-snippet:-1","max-image-preview":"max-image-preview:large","max-video-preview":"max-video-preview:-1"},"canonical":"https:\/\/www.lifeonmachair.ie\/ga\/limisteir-an-tionscadail\/na-hoileain-inis-ge\/","og_locale":"ga_IE","og_type":"article","og_title":"Na hOile\u00e1in Inis G\u00e9 - LIFE ar Mhacaire","og_description":"Inis C\u00e9 \u2013 Inis G\u00e9 Thuaidh agus Theas (Oile\u00e1in Inis G\u00e9 SAC agus Oile\u00e1in Inis G\u00e9 SPA) T\u00e1 dh\u00e1 oile\u00e1n \u00edsle, nochta agus ghaoithe at\u00e1 scartha \u00f3 chain\u00e9al caol, thart ar 5 km amach \u00f3 Leithinis an Mhuirthead, ar Oile\u00e1in Inis g\u00e9. Bh\u00ed pobail na n-oile\u00e1n go dt\u00ed 1932, agus t\u00e1 iarsma\u00ed dh\u00e1 sr\u00e1idbhaile f\u00f3s [&hellip;]","og_url":"https:\/\/www.lifeonmachair.ie\/ga\/limisteir-an-tionscadail\/na-hoileain-inis-ge\/","og_site_name":"LIFE ar Mhacaire","article_publisher":"https:\/\/www.facebook.com\/profile.php?id=100086060573760","article_modified_time":"2023-04-20T08:55:32+00:00","og_image":[{"width":2560,"height":1920,"url":"https:\/\/www.lifeonmachair.ie\/wp-content\/uploads\/2023\/04\/inishkeas3-scaled-1-e1681312726643.jpg","type":"image\/jpeg"}],"twitter_card":"summary_large_image","twitter_site":"@LIFEonMachair","twitter_misc":{"Est. reading time":"3 minutes"},"schema":{"@context":"https:\/\/schema.org","@graph":[{"@type":"WebPage","@id":"https:\/\/www.lifeonmachair.ie\/ga\/limisteir-an-tionscadail\/na-hoileain-inis-ge\/","url":"https:\/\/www.lifeonmachair.ie\/ga\/limisteir-an-tionscadail\/na-hoileain-inis-ge\/","name":"Na hOile\u00e1in Inis G\u00e9 - LIFE ar Mhacaire","isPartOf":{"@id":"https:\/\/www.lifeonmachair.ie\/ga\/#website"},"primaryImageOfPage":{"@id":"https:\/\/www.lifeonmachair.ie\/ga\/limisteir-an-tionscadail\/na-hoileain-inis-ge\/#primaryimage"},"image":{"@id":"https:\/\/www.lifeonmachair.ie\/ga\/limisteir-an-tionscadail\/na-hoileain-inis-ge\/#primaryimage"},"thumbnailUrl":"https:\/\/www.lifeonmachair.ie\/wp-content\/uploads\/2023\/04\/inishkeas3-scaled-1-e1681312726643.jpg","datePublished":"2023-02-21T15:27:06+00:00","dateModified":"2023-04-20T08:55:32+00:00","breadcrumb":{"@id":"https:\/\/www.lifeonmachair.ie\/ga\/limisteir-an-tionscadail\/na-hoileain-inis-ge\/#breadcrumb"},"inLanguage":"ga-IE","potentialAction":[{"@type":"ReadAction","target":["https:\/\/www.lifeonmachair.ie\/ga\/limisteir-an-tionscadail\/na-hoileain-inis-ge\/"]}]},{"@type":"ImageObject","inLanguage":"ga-IE","@id":"https:\/\/www.lifeonmachair.ie\/ga\/limisteir-an-tionscadail\/na-hoileain-inis-ge\/#primaryimage","url":"https:\/\/www.lifeonmachair.ie\/wp-content\/uploads\/2023\/04\/inishkeas3-scaled-1-e1681312726643.jpg","contentUrl":"https:\/\/www.lifeonmachair.ie\/wp-content\/uploads\/2023\/04\/inishkeas3-scaled-1-e1681312726643.jpg","width":2560,"height":1920,"caption":"Inishkea"},{"@type":"BreadcrumbList","@id":"https:\/\/www.lifeonmachair.ie\/ga\/limisteir-an-tionscadail\/na-hoileain-inis-ge\/#breadcrumb","itemListElement":[{"@type":"ListItem","position":1,"name":"Home","item":"https:\/\/www.lifeonmachair.ie\/ga\/"},{"@type":"ListItem","position":2,"name":"Limist\u00e9ir an Tionscadail","item":"https:\/\/www.lifeonmachair.ie\/ga\/project-areas\/"},{"@type":"ListItem","position":3,"name":"Na hOile\u00e1in Inis G\u00e9"}]},{"@type":"WebSite","@id":"https:\/\/www.lifeonmachair.ie\/ga\/#website","url":"https:\/\/www.lifeonmachair.ie\/ga\/","name":"LIFE ar Mhacaire","description":"","publisher":{"@id":"https:\/\/www.lifeonmachair.ie\/ga\/#organization"},"potentialAction":[{"@type":"SearchAction","target":{"@type":"EntryPoint","urlTemplate":"https:\/\/www.lifeonmachair.ie\/ga\/?s={search_term_string}"},"query-input":{"@type":"PropertyValueSpecification","valueRequired":true,"valueName":"search_term_string"}}],"inLanguage":"ga-IE"},{"@type":"Organization","@id":"https:\/\/www.lifeonmachair.ie\/ga\/#organization","name":"Department of Housing, Local Government and Heritage","url":"https:\/\/www.lifeonmachair.ie\/ga\/","logo":{"@type":"ImageObject","inLanguage":"ga-IE","@id":"https:\/\/www.lifeonmachair.ie\/ga\/#\/schema\/logo\/image\/","url":"https:\/\/www.lifeonmachair.ie\/wp-content\/uploads\/2025\/09\/life-on-machair-logo.jpg","contentUrl":"https:\/\/www.lifeonmachair.ie\/wp-content\/uploads\/2025\/09\/life-on-machair-logo.jpg","width":1962,"height":772,"caption":"Department of Housing, Local Government and Heritage"},"image":{"@id":"https:\/\/www.lifeonmachair.ie\/ga\/#\/schema\/logo\/image\/"},"sameAs":["https:\/\/www.facebook.com\/profile.php?id=100086060573760","https:\/\/x.com\/LIFEonMachair"]}]}},"_links":{"self":[{"href":"https:\/\/www.lifeonmachair.ie\/ga\/wp-json\/wp\/v2\/pages\/1346","targetHints":{"allow":["GET"]}}],"collection":[{"href":"https:\/\/www.lifeonmachair.ie\/ga\/wp-json\/wp\/v2\/pages"}],"about":[{"href":"https:\/\/www.lifeonmachair.ie\/ga\/wp-json\/wp\/v2\/types\/page"}],"author":[{"embeddable":true,"href":"https:\/\/www.lifeonmachair.ie\/ga\/wp-json\/wp\/v2\/users\/1"}],"replies":[{"embeddable":true,"href":"https:\/\/www.lifeonmachair.ie\/ga\/wp-json\/wp\/v2\/comments?post=1346"}],"version-history":[{"count":5,"href":"https:\/\/www.lifeonmachair.ie\/ga\/wp-json\/wp\/v2\/pages\/1346\/revisions"}],"predecessor-version":[{"id":1678,"href":"https:\/\/www.lifeonmachair.ie\/ga\/wp-json\/wp\/v2\/pages\/1346\/revisions\/1678"}],"up":[{"embeddable":true,"href":"https:\/\/www.lifeonmachair.ie\/ga\/wp-json\/wp\/v2\/pages\/1340"}],"wp:featuredmedia":[{"embeddable":true,"href":"https:\/\/www.lifeonmachair.ie\/ga\/wp-json\/wp\/v2\/media\/1482"}],"wp:attachment":[{"href":"https:\/\/www.lifeonmachair.ie\/ga\/wp-json\/wp\/v2\/media?parent=1346"}],"curies":[{"name":"wp","href":"https:\/\/api.w.org\/{rel}","templated":true}]}}