{"id":1344,"date":"2023-02-21T15:26:43","date_gmt":"2023-02-21T15:26:43","guid":{"rendered":"https:\/\/www.lifeonmachair.ie\/limisteir-an-tionscadail\/machaire-gathlan-lunniagh\/"},"modified":"2023-04-13T11:20:03","modified_gmt":"2023-04-13T11:20:03","slug":"machaire-gathlan-lunniagh","status":"publish","type":"page","link":"https:\/\/www.lifeonmachair.ie\/ga\/limisteir-an-tionscadail\/machaire-gathlan-lunniagh\/","title":{"rendered":"Machaire Gathl\u00e1n &amp; Lunniagh"},"content":{"rendered":"\n<div class=\"wp-block-columns is-layout-flex wp-container-core-columns-is-layout-28f84493 wp-block-columns-is-layout-flex\">\n<div class=\"wp-block-column is-layout-flow wp-block-column-is-layout-flow\" style=\"flex-basis:66.66%\">\n<p>Machaire Gathl\u00e1n (<em>Machaire Gathl\u00e1n<\/em>) and Lunniagh (<a href=\"https:\/\/www.npws.ie\/protected-sites\/sac\/001141\">SAC Chuan agus na nOile\u00e1n Ghaoth Dobhair<\/a> agus forlu\u00ed le <a href=\"https:\/\/www.npws.ie\/protected-sites\/spa\/004230\">SPA Oile\u00e1in Iarthar Dh\u00fan na nGall<\/a>)<\/p>\n\n\n\n<p>Is su\u00edomh m\u00f3r agus \u00e9ags\u00fail \u00f3 thaobh na h\u00e9iceola\u00edochta de \u00e9 Cuan Ghaoth Dobhair agus na hOile\u00e1in at\u00e1 suite ar ch\u00f3sta thiar thuaidh Chontae Dh\u00fan na nGall. T\u00e1 an c\u00f3sta fairsing an-le\u00e1ite, le roinnt cuais\u00edn\u00ed m\u00f3ra idirthaoideach.<\/p>\n\n\n\n<p>T\u00e1 an ceantar at\u00e1 cl\u00fadaithe ag an tionscadal d\u00edrithe ar Dhoire Bheag\/Machaire Gathl\u00e1n agus Lunniagh. T\u00e1 an ceantar seo an-\u00e9ags\u00fail \u00f3 thaobh na h\u00e9iceola\u00edochta de ina bhfuil \u00e9ags\u00falacht mh\u00f3r dumhcha, agus t\u00e1 na dumhcha suntasach d\u00e1 raon\/limist\u00e9ar. Is iad an talmha\u00edocht (innilt den chuid is m\u00f3) agus gn\u00edomha\u00edochta\u00ed \u00e1ineasa (taitneamhacht \u00e1iti\u00fail agus sp\u00f3rt) na pr\u00edomh\u00fas\u00e1id\u00ed tal\u00fan laistigh den l\u00e1ithre\u00e1n.<\/p>\n\n\n\n<p>Ba \u00e9 24 ph\u00e9ire lapire in 1985 l\u00edon ioml\u00e1n an pobail ph\u00f3r\u00fach\u00e1in don d\u00e1 cheantar sin; th\u00e1inig laghd\u00fa ar an bpobal sin go 14 ph\u00e9ire in 2009, agus ina dhiaidh sin feabhsaithe go 32 ph\u00e9ire in 2019. In 2019, thacaigh an Doire Beag agus Machaire Gathl\u00e1n le 19 bp\u00e9ire lapaire in ioml\u00e1n. Is ionann na 19 bp\u00e9ire lapaire sin agus 4% den phobail ph\u00f3r\u00fach\u00e1in n\u00e1isi\u00fanta, rud a l\u00e9ir\u00edonn t\u00e1bhacht n\u00e1isi\u00fanta na gceantar sin. T\u00e1 an chuid is m\u00f3 den ph\u00f3r\u00fa Pilib\u00edn l\u00e1raithe i gceantar a d\u2019fh\u00e1l BirdWatch Ireland in 2019 taobh istigh de shu\u00edomh an tsu\u00edmh i nDoire Beaga (Machaire Gathl\u00e1n). <\/p>\n\n\n\n<p>Tr\u00ed fheabhas a chur ar chleachtais feirmeoireachta inbhuanaithe i nGaoth Dobhair cuideofar le hacmhainn\u00ed a fh\u00e1il do na pailneoir\u00ed at\u00e1 ann cheana f\u00e9in agus cuirfear feabhas freisin ar l\u00edonra na su\u00edomhanna at\u00e1 ar f\u00e1il do phailneoir\u00ed at\u00e1 ag brath ar fh\u00e9arthailte leathn\u00e1d\u00fartha i gContae Dh\u00fan na nGall. I measc na speiceas pailneoir\u00ed a taifeadadh \u00f3n su\u00edomh seo agus a st\u00e1das ar Liosta Dearg speiceas na h\u00c9ireann t\u00e1:<\/p>\n\n\n\n<p><em>Faoi Bhagairt:<\/em> Donn\u00f3g aille (<em>Hipparchia semele<\/em>), Fraoch\u00e1n beag (<em>Coenonympha pamphilus<\/em>), Bumb\u00f3g M\u00f3r Dheirg-Eireaballach (<em>Bombus lapidarius<\/em>), Beach-Moss Carder (<em>Bombus muscorum<\/em>)**<\/p>\n\n\n\n<p><em>I gcont\u00fairt:<\/em> Bumb\u00f3g chuaiche l\u00e9ana (<em>Bombus campestris<\/em>), Beach chard\u00e1la earr-rua (<em>Bombus ruderarius<\/em>), Fritile\u00e1n r\u00e9isc (<em>Euphydryas aurinia<\/em>), Dark Green Fritillary (<em>Argynnis aglaja<\/em>)<\/p>\n\n\n\n<p><em>I mbaol:<\/em> Donn\u00f3g an bhalla (<em>Lasiommata megera<\/em>)<\/p>\n\n\n\n<p>** liostaithe mar &#8220;i gcont\u00fairt&#8221; ar leibh\u00e9al Eorpach.<\/p>\n<\/div>\n\n\n\n<div class=\"wp-block-column is-layout-flow wp-block-column-is-layout-flow\" style=\"flex-basis:33.33%\">\n<figure class=\"wp-block-image size-large\"><a href=\"https:\/\/www.lifeonmachair.ie\/wp-content\/uploads\/2023\/04\/magheragallan-scaled.jpg\"><img loading=\"lazy\" decoding=\"async\" width=\"2560\" height=\"2560\" src=\"https:\/\/www.lifeonmachair.ie\/wp-content\/uploads\/2023\/04\/magheragallan-edited-scaled.jpg\" alt=\"Machaire Gathl&#xE1;n\" class=\"wp-image-1567\" srcset=\"https:\/\/www.lifeonmachair.ie\/wp-content\/uploads\/2023\/04\/magheragallan-edited-scaled.jpg 2560w, https:\/\/www.lifeonmachair.ie\/wp-content\/uploads\/2023\/04\/magheragallan-edited-300x300.jpg 300w, https:\/\/www.lifeonmachair.ie\/wp-content\/uploads\/2023\/04\/magheragallan-edited-1024x1024.jpg 1024w, https:\/\/www.lifeonmachair.ie\/wp-content\/uploads\/2023\/04\/magheragallan-edited-150x150.jpg 150w, https:\/\/www.lifeonmachair.ie\/wp-content\/uploads\/2023\/04\/magheragallan-edited-768x768.jpg 768w, https:\/\/www.lifeonmachair.ie\/wp-content\/uploads\/2023\/04\/magheragallan-edited-1536x1536.jpg 1536w, https:\/\/www.lifeonmachair.ie\/wp-content\/uploads\/2023\/04\/magheragallan-edited-2048x2048.jpg 2048w\" sizes=\"auto, (max-width: 2560px) 100vw, 2560px\" \/><\/a><\/figure>\n<\/div>\n<\/div>\n","protected":false},"excerpt":{"rendered":"<p>Machaire Gathl\u00e1n (Machaire Gathl\u00e1n) and Lunniagh (SAC Chuan agus na nOile\u00e1n Ghaoth Dobhair agus forlu\u00ed le SPA Oile\u00e1in Iarthar Dh\u00fan na nGall) Is su\u00edomh m\u00f3r agus \u00e9ags\u00fail \u00f3 thaobh na h\u00e9iceola\u00edochta de \u00e9 Cuan Ghaoth Dobhair agus na hOile\u00e1in at\u00e1 suite ar ch\u00f3sta thiar thuaidh Chontae Dh\u00fan na nGall. T\u00e1 an c\u00f3sta fairsing an-le\u00e1ite, le [&hellip;]<\/p>\n","protected":false},"author":1,"featured_media":1566,"parent":1340,"menu_order":0,"comment_status":"closed","ping_status":"closed","template":"","meta":{"site-sidebar-layout":"default","site-content-layout":"","ast-site-content-layout":"default","site-content-style":"default","site-sidebar-style":"default","ast-global-header-display":"","ast-banner-title-visibility":"","ast-main-header-display":"","ast-hfb-above-header-display":"","ast-hfb-below-header-display":"","ast-hfb-mobile-header-display":"","site-post-title":"","ast-breadcrumbs-content":"","ast-featured-img":"","footer-sml-layout":"","ast-disable-related-posts":"","theme-transparent-header-meta":"","adv-header-id-meta":"","stick-header-meta":"","header-above-stick-meta":"","header-main-stick-meta":"","header-below-stick-meta":"","astra-migrate-meta-layouts":"default","ast-page-background-enabled":"default","ast-page-background-meta":{"desktop":{"background-color":"var(--ast-global-color-4)","background-image":"","background-repeat":"repeat","background-position":"center center","background-size":"auto","background-attachment":"scroll","background-type":"","background-media":"","overlay-type":"","overlay-color":"","overlay-opacity":"","overlay-gradient":""},"tablet":{"background-color":"","background-image":"","background-repeat":"repeat","background-position":"center center","background-size":"auto","background-attachment":"scroll","background-type":"","background-media":"","overlay-type":"","overlay-color":"","overlay-opacity":"","overlay-gradient":""},"mobile":{"background-color":"","background-image":"","background-repeat":"repeat","background-position":"center center","background-size":"auto","background-attachment":"scroll","background-type":"","background-media":"","overlay-type":"","overlay-color":"","overlay-opacity":"","overlay-gradient":""}},"ast-content-background-meta":{"desktop":{"background-color":"var(--ast-global-color-5)","background-image":"","background-repeat":"repeat","background-position":"center center","background-size":"auto","background-attachment":"scroll","background-type":"","background-media":"","overlay-type":"","overlay-color":"","overlay-opacity":"","overlay-gradient":""},"tablet":{"background-color":"var(--ast-global-color-5)","background-image":"","background-repeat":"repeat","background-position":"center center","background-size":"auto","background-attachment":"scroll","background-type":"","background-media":"","overlay-type":"","overlay-color":"","overlay-opacity":"","overlay-gradient":""},"mobile":{"background-color":"var(--ast-global-color-5)","background-image":"","background-repeat":"repeat","background-position":"center center","background-size":"auto","background-attachment":"scroll","background-type":"","background-media":"","overlay-type":"","overlay-color":"","overlay-opacity":"","overlay-gradient":""}},"footnotes":""},"class_list":["post-1344","page","type-page","status-publish","has-post-thumbnail","hentry"],"yoast_head":"<!-- This site is optimized with the Yoast SEO plugin v27.5 - https:\/\/yoast.com\/product\/yoast-seo-wordpress\/ -->\n<title>Machaire Gathl\u00e1n &amp; Lunniagh - LIFE ar Mhacaire<\/title>\n<meta name=\"robots\" content=\"index, follow, max-snippet:-1, max-image-preview:large, max-video-preview:-1\" \/>\n<link rel=\"canonical\" href=\"https:\/\/www.lifeonmachair.ie\/ga\/limisteir-an-tionscadail\/machaire-gathlan-lunniagh\/\" \/>\n<meta property=\"og:locale\" content=\"ga_IE\" \/>\n<meta property=\"og:type\" content=\"article\" \/>\n<meta property=\"og:title\" content=\"Machaire Gathl\u00e1n &amp; Lunniagh - LIFE ar Mhacaire\" \/>\n<meta property=\"og:description\" content=\"Machaire Gathl\u00e1n (Machaire Gathl\u00e1n) and Lunniagh (SAC Chuan agus na nOile\u00e1n Ghaoth Dobhair agus forlu\u00ed le SPA Oile\u00e1in Iarthar Dh\u00fan na nGall) Is su\u00edomh m\u00f3r agus \u00e9ags\u00fail \u00f3 thaobh na h\u00e9iceola\u00edochta de \u00e9 Cuan Ghaoth Dobhair agus na hOile\u00e1in at\u00e1 suite ar ch\u00f3sta thiar thuaidh Chontae Dh\u00fan na nGall. T\u00e1 an c\u00f3sta fairsing an-le\u00e1ite, le [&hellip;]\" \/>\n<meta property=\"og:url\" content=\"https:\/\/www.lifeonmachair.ie\/ga\/limisteir-an-tionscadail\/machaire-gathlan-lunniagh\/\" \/>\n<meta property=\"og:site_name\" content=\"LIFE ar Mhacaire\" \/>\n<meta property=\"article:publisher\" content=\"https:\/\/www.facebook.com\/profile.php?id=100086060573760\" \/>\n<meta property=\"article:modified_time\" content=\"2023-04-13T11:20:03+00:00\" \/>\n<meta property=\"og:image\" content=\"https:\/\/www.lifeonmachair.ie\/wp-content\/uploads\/2023\/04\/magheragallan-scaled-e1681382985972.jpg\" \/>\n\t<meta property=\"og:image:width\" content=\"2560\" \/>\n\t<meta property=\"og:image:height\" content=\"1920\" \/>\n\t<meta property=\"og:image:type\" content=\"image\/jpeg\" \/>\n<meta name=\"twitter:card\" content=\"summary_large_image\" \/>\n<meta name=\"twitter:site\" content=\"@LIFEonMachair\" \/>\n<meta name=\"twitter:label1\" content=\"Est. reading time\" \/>\n\t<meta name=\"twitter:data1\" content=\"2 minutes\" \/>\n<script type=\"application\/ld+json\" class=\"yoast-schema-graph\">{\"@context\":\"https:\\\/\\\/schema.org\",\"@graph\":[{\"@type\":\"WebPage\",\"@id\":\"https:\\\/\\\/www.lifeonmachair.ie\\\/ga\\\/limisteir-an-tionscadail\\\/machaire-gathlan-lunniagh\\\/\",\"url\":\"https:\\\/\\\/www.lifeonmachair.ie\\\/ga\\\/limisteir-an-tionscadail\\\/machaire-gathlan-lunniagh\\\/\",\"name\":\"Machaire Gathl\u00e1n &amp; Lunniagh - LIFE ar Mhacaire\",\"isPartOf\":{\"@id\":\"https:\\\/\\\/www.lifeonmachair.ie\\\/ga\\\/#website\"},\"primaryImageOfPage\":{\"@id\":\"https:\\\/\\\/www.lifeonmachair.ie\\\/ga\\\/limisteir-an-tionscadail\\\/machaire-gathlan-lunniagh\\\/#primaryimage\"},\"image\":{\"@id\":\"https:\\\/\\\/www.lifeonmachair.ie\\\/ga\\\/limisteir-an-tionscadail\\\/machaire-gathlan-lunniagh\\\/#primaryimage\"},\"thumbnailUrl\":\"https:\\\/\\\/www.lifeonmachair.ie\\\/wp-content\\\/uploads\\\/2023\\\/04\\\/magheragallan-scaled-e1681382985972.jpg\",\"datePublished\":\"2023-02-21T15:26:43+00:00\",\"dateModified\":\"2023-04-13T11:20:03+00:00\",\"breadcrumb\":{\"@id\":\"https:\\\/\\\/www.lifeonmachair.ie\\\/ga\\\/limisteir-an-tionscadail\\\/machaire-gathlan-lunniagh\\\/#breadcrumb\"},\"inLanguage\":\"ga-IE\",\"potentialAction\":[{\"@type\":\"ReadAction\",\"target\":[\"https:\\\/\\\/www.lifeonmachair.ie\\\/ga\\\/limisteir-an-tionscadail\\\/machaire-gathlan-lunniagh\\\/\"]}]},{\"@type\":\"ImageObject\",\"inLanguage\":\"ga-IE\",\"@id\":\"https:\\\/\\\/www.lifeonmachair.ie\\\/ga\\\/limisteir-an-tionscadail\\\/machaire-gathlan-lunniagh\\\/#primaryimage\",\"url\":\"https:\\\/\\\/www.lifeonmachair.ie\\\/wp-content\\\/uploads\\\/2023\\\/04\\\/magheragallan-scaled-e1681382985972.jpg\",\"contentUrl\":\"https:\\\/\\\/www.lifeonmachair.ie\\\/wp-content\\\/uploads\\\/2023\\\/04\\\/magheragallan-scaled-e1681382985972.jpg\",\"width\":2560,\"height\":1920,\"caption\":\"Magheragallan\"},{\"@type\":\"BreadcrumbList\",\"@id\":\"https:\\\/\\\/www.lifeonmachair.ie\\\/ga\\\/limisteir-an-tionscadail\\\/machaire-gathlan-lunniagh\\\/#breadcrumb\",\"itemListElement\":[{\"@type\":\"ListItem\",\"position\":1,\"name\":\"Home\",\"item\":\"https:\\\/\\\/www.lifeonmachair.ie\\\/ga\\\/\"},{\"@type\":\"ListItem\",\"position\":2,\"name\":\"Limist\u00e9ir an Tionscadail\",\"item\":\"https:\\\/\\\/www.lifeonmachair.ie\\\/ga\\\/project-areas\\\/\"},{\"@type\":\"ListItem\",\"position\":3,\"name\":\"Machaire Gathl\u00e1n &amp; Lunniagh\"}]},{\"@type\":\"WebSite\",\"@id\":\"https:\\\/\\\/www.lifeonmachair.ie\\\/ga\\\/#website\",\"url\":\"https:\\\/\\\/www.lifeonmachair.ie\\\/ga\\\/\",\"name\":\"LIFE ar Mhacaire\",\"description\":\"\",\"publisher\":{\"@id\":\"https:\\\/\\\/www.lifeonmachair.ie\\\/ga\\\/#organization\"},\"potentialAction\":[{\"@type\":\"SearchAction\",\"target\":{\"@type\":\"EntryPoint\",\"urlTemplate\":\"https:\\\/\\\/www.lifeonmachair.ie\\\/ga\\\/?s={search_term_string}\"},\"query-input\":{\"@type\":\"PropertyValueSpecification\",\"valueRequired\":true,\"valueName\":\"search_term_string\"}}],\"inLanguage\":\"ga-IE\"},{\"@type\":\"Organization\",\"@id\":\"https:\\\/\\\/www.lifeonmachair.ie\\\/ga\\\/#organization\",\"name\":\"Department of Housing, Local Government and Heritage\",\"url\":\"https:\\\/\\\/www.lifeonmachair.ie\\\/ga\\\/\",\"logo\":{\"@type\":\"ImageObject\",\"inLanguage\":\"ga-IE\",\"@id\":\"https:\\\/\\\/www.lifeonmachair.ie\\\/ga\\\/#\\\/schema\\\/logo\\\/image\\\/\",\"url\":\"https:\\\/\\\/www.lifeonmachair.ie\\\/wp-content\\\/uploads\\\/2025\\\/09\\\/life-on-machair-logo.jpg\",\"contentUrl\":\"https:\\\/\\\/www.lifeonmachair.ie\\\/wp-content\\\/uploads\\\/2025\\\/09\\\/life-on-machair-logo.jpg\",\"width\":1962,\"height\":772,\"caption\":\"Department of Housing, Local Government and Heritage\"},\"image\":{\"@id\":\"https:\\\/\\\/www.lifeonmachair.ie\\\/ga\\\/#\\\/schema\\\/logo\\\/image\\\/\"},\"sameAs\":[\"https:\\\/\\\/www.facebook.com\\\/profile.php?id=100086060573760\",\"https:\\\/\\\/x.com\\\/LIFEonMachair\"]}]}<\/script>\n<!-- \/ Yoast SEO plugin. -->","yoast_head_json":{"title":"Machaire Gathl\u00e1n &amp; Lunniagh - LIFE ar Mhacaire","robots":{"index":"index","follow":"follow","max-snippet":"max-snippet:-1","max-image-preview":"max-image-preview:large","max-video-preview":"max-video-preview:-1"},"canonical":"https:\/\/www.lifeonmachair.ie\/ga\/limisteir-an-tionscadail\/machaire-gathlan-lunniagh\/","og_locale":"ga_IE","og_type":"article","og_title":"Machaire Gathl\u00e1n &amp; Lunniagh - LIFE ar Mhacaire","og_description":"Machaire Gathl\u00e1n (Machaire Gathl\u00e1n) and Lunniagh (SAC Chuan agus na nOile\u00e1n Ghaoth Dobhair agus forlu\u00ed le SPA Oile\u00e1in Iarthar Dh\u00fan na nGall) Is su\u00edomh m\u00f3r agus \u00e9ags\u00fail \u00f3 thaobh na h\u00e9iceola\u00edochta de \u00e9 Cuan Ghaoth Dobhair agus na hOile\u00e1in at\u00e1 suite ar ch\u00f3sta thiar thuaidh Chontae Dh\u00fan na nGall. T\u00e1 an c\u00f3sta fairsing an-le\u00e1ite, le [&hellip;]","og_url":"https:\/\/www.lifeonmachair.ie\/ga\/limisteir-an-tionscadail\/machaire-gathlan-lunniagh\/","og_site_name":"LIFE ar Mhacaire","article_publisher":"https:\/\/www.facebook.com\/profile.php?id=100086060573760","article_modified_time":"2023-04-13T11:20:03+00:00","og_image":[{"width":2560,"height":1920,"url":"https:\/\/www.lifeonmachair.ie\/wp-content\/uploads\/2023\/04\/magheragallan-scaled-e1681382985972.jpg","type":"image\/jpeg"}],"twitter_card":"summary_large_image","twitter_site":"@LIFEonMachair","twitter_misc":{"Est. reading time":"2 minutes"},"schema":{"@context":"https:\/\/schema.org","@graph":[{"@type":"WebPage","@id":"https:\/\/www.lifeonmachair.ie\/ga\/limisteir-an-tionscadail\/machaire-gathlan-lunniagh\/","url":"https:\/\/www.lifeonmachair.ie\/ga\/limisteir-an-tionscadail\/machaire-gathlan-lunniagh\/","name":"Machaire Gathl\u00e1n &amp; Lunniagh - LIFE ar Mhacaire","isPartOf":{"@id":"https:\/\/www.lifeonmachair.ie\/ga\/#website"},"primaryImageOfPage":{"@id":"https:\/\/www.lifeonmachair.ie\/ga\/limisteir-an-tionscadail\/machaire-gathlan-lunniagh\/#primaryimage"},"image":{"@id":"https:\/\/www.lifeonmachair.ie\/ga\/limisteir-an-tionscadail\/machaire-gathlan-lunniagh\/#primaryimage"},"thumbnailUrl":"https:\/\/www.lifeonmachair.ie\/wp-content\/uploads\/2023\/04\/magheragallan-scaled-e1681382985972.jpg","datePublished":"2023-02-21T15:26:43+00:00","dateModified":"2023-04-13T11:20:03+00:00","breadcrumb":{"@id":"https:\/\/www.lifeonmachair.ie\/ga\/limisteir-an-tionscadail\/machaire-gathlan-lunniagh\/#breadcrumb"},"inLanguage":"ga-IE","potentialAction":[{"@type":"ReadAction","target":["https:\/\/www.lifeonmachair.ie\/ga\/limisteir-an-tionscadail\/machaire-gathlan-lunniagh\/"]}]},{"@type":"ImageObject","inLanguage":"ga-IE","@id":"https:\/\/www.lifeonmachair.ie\/ga\/limisteir-an-tionscadail\/machaire-gathlan-lunniagh\/#primaryimage","url":"https:\/\/www.lifeonmachair.ie\/wp-content\/uploads\/2023\/04\/magheragallan-scaled-e1681382985972.jpg","contentUrl":"https:\/\/www.lifeonmachair.ie\/wp-content\/uploads\/2023\/04\/magheragallan-scaled-e1681382985972.jpg","width":2560,"height":1920,"caption":"Magheragallan"},{"@type":"BreadcrumbList","@id":"https:\/\/www.lifeonmachair.ie\/ga\/limisteir-an-tionscadail\/machaire-gathlan-lunniagh\/#breadcrumb","itemListElement":[{"@type":"ListItem","position":1,"name":"Home","item":"https:\/\/www.lifeonmachair.ie\/ga\/"},{"@type":"ListItem","position":2,"name":"Limist\u00e9ir an Tionscadail","item":"https:\/\/www.lifeonmachair.ie\/ga\/project-areas\/"},{"@type":"ListItem","position":3,"name":"Machaire Gathl\u00e1n &amp; Lunniagh"}]},{"@type":"WebSite","@id":"https:\/\/www.lifeonmachair.ie\/ga\/#website","url":"https:\/\/www.lifeonmachair.ie\/ga\/","name":"LIFE ar Mhacaire","description":"","publisher":{"@id":"https:\/\/www.lifeonmachair.ie\/ga\/#organization"},"potentialAction":[{"@type":"SearchAction","target":{"@type":"EntryPoint","urlTemplate":"https:\/\/www.lifeonmachair.ie\/ga\/?s={search_term_string}"},"query-input":{"@type":"PropertyValueSpecification","valueRequired":true,"valueName":"search_term_string"}}],"inLanguage":"ga-IE"},{"@type":"Organization","@id":"https:\/\/www.lifeonmachair.ie\/ga\/#organization","name":"Department of Housing, Local Government and Heritage","url":"https:\/\/www.lifeonmachair.ie\/ga\/","logo":{"@type":"ImageObject","inLanguage":"ga-IE","@id":"https:\/\/www.lifeonmachair.ie\/ga\/#\/schema\/logo\/image\/","url":"https:\/\/www.lifeonmachair.ie\/wp-content\/uploads\/2025\/09\/life-on-machair-logo.jpg","contentUrl":"https:\/\/www.lifeonmachair.ie\/wp-content\/uploads\/2025\/09\/life-on-machair-logo.jpg","width":1962,"height":772,"caption":"Department of Housing, Local Government and Heritage"},"image":{"@id":"https:\/\/www.lifeonmachair.ie\/ga\/#\/schema\/logo\/image\/"},"sameAs":["https:\/\/www.facebook.com\/profile.php?id=100086060573760","https:\/\/x.com\/LIFEonMachair"]}]}},"_links":{"self":[{"href":"https:\/\/www.lifeonmachair.ie\/ga\/wp-json\/wp\/v2\/pages\/1344","targetHints":{"allow":["GET"]}}],"collection":[{"href":"https:\/\/www.lifeonmachair.ie\/ga\/wp-json\/wp\/v2\/pages"}],"about":[{"href":"https:\/\/www.lifeonmachair.ie\/ga\/wp-json\/wp\/v2\/types\/page"}],"author":[{"embeddable":true,"href":"https:\/\/www.lifeonmachair.ie\/ga\/wp-json\/wp\/v2\/users\/1"}],"replies":[{"embeddable":true,"href":"https:\/\/www.lifeonmachair.ie\/ga\/wp-json\/wp\/v2\/comments?post=1344"}],"version-history":[{"count":2,"href":"https:\/\/www.lifeonmachair.ie\/ga\/wp-json\/wp\/v2\/pages\/1344\/revisions"}],"predecessor-version":[{"id":1587,"href":"https:\/\/www.lifeonmachair.ie\/ga\/wp-json\/wp\/v2\/pages\/1344\/revisions\/1587"}],"up":[{"embeddable":true,"href":"https:\/\/www.lifeonmachair.ie\/ga\/wp-json\/wp\/v2\/pages\/1340"}],"wp:featuredmedia":[{"embeddable":true,"href":"https:\/\/www.lifeonmachair.ie\/ga\/wp-json\/wp\/v2\/media\/1566"}],"wp:attachment":[{"href":"https:\/\/www.lifeonmachair.ie\/ga\/wp-json\/wp\/v2\/media?parent=1344"}],"curies":[{"name":"wp","href":"https:\/\/api.w.org\/{rel}","templated":true}]}}