{"id":1342,"date":"2023-02-21T15:23:52","date_gmt":"2023-02-21T15:23:52","guid":{"rendered":"https:\/\/www.lifeonmachair.ie\/limisteir-an-tionscadail\/lorga-bhreac\/"},"modified":"2023-04-20T08:54:58","modified_gmt":"2023-04-20T08:54:58","slug":"lorga-bhreac","status":"publish","type":"page","link":"https:\/\/www.lifeonmachair.ie\/ga\/limisteir-an-tionscadail\/lorga-bhreac\/","title":{"rendered":"Lorga Bhreac"},"content":{"rendered":"\n<div class=\"wp-block-columns is-layout-flex wp-container-core-columns-is-layout-28f84493 wp-block-columns-is-layout-flex\">\n<div class=\"wp-block-column is-layout-flow wp-block-column-is-layout-flow\" style=\"flex-basis:66.66%\">\n<p>Lorga Bhreac, Rinn Chliabh\u00e1in agus Pollaguill (chuid de <a href=\"https:\/\/www.npws.ie\/protected-sites\/sac\/000147\">Corr\u00e1n Binne and Rinn Chliabh\u00e1in SAC<\/a> agus forlu\u00ed <a href=\"https:\/\/www.npws.ie\/protected-sites\/spa\/004194\">Corr\u00e1n Binne go Cionn Fh\u00e1nada SPA<\/a>)<\/p>\n\n\n\n<p>T\u00e1 an su\u00edomh c\u00f3sta seo suite i dtuaisceart Chontae Dh\u00fan na nGall agus cuims\u00edonn s\u00e9 coimpl\u00e9asc de ghn\u00e1th\u00f3ga ina bhfuil limist\u00e9ir mhuir\u00ed oscailte, aille farraige, dumhcha gainimh (de chine\u00e1lacha \u00e9ags\u00fala), bratphortach agus fraochmh\u00e1 na ceantair is m\u00f3. T\u00e1 r\u00e9imse m\u00f3r agus fairsing de ghn\u00e1th\u00f3ga Machair ar an su\u00edomh.<\/p>\n\n\n\n<p>Is iad an talmha\u00edocht (innilt den chuid is m\u00f3) agus gn\u00edomha\u00edochta\u00ed \u00e1ineasa na pr\u00edomh\u00fas\u00e1id\u00ed tal\u00fan laistigh den l\u00e1ithre\u00e1n. Go neamhghn\u00e1ch, n\u00edor t\u00f3gadh b\u00f3ithre a chuireann rochtain ar an tr\u00e1 ar f\u00e1il, rud a fh\u00e1gann go mb\u00edonn gn\u00edomha\u00edocht \u00e1ineasa \u00edsealtionchair ann.<\/p>\n\n\n\n<p>Ceann de na sainchomhartha\u00ed tal\u00fan \u00e1iti\u00fala is ea an Loch \u00dar, dobharlach beag\u00e1n goirt a buna\u00edodh sna 1920id\u00ed nuair a s\u00e9ideadh gaineamh (\u00f3 na dumhcha go dt\u00ed an t-iarthar) a chuir bac ar an asraon a cheangail tr\u00e1 Rinn Chliabh\u00e1in leis an bhfarraige.<\/p>\n\n\n\n<p>Is \u00e9 Loch Nua an pr\u00edomhlimist\u00e9ar laistigh den SAC le haghaidh droimneach p\u00f3r\u00fach\u00e1in agus thacaigh s\u00e9 le pobail ioml\u00e1n lapaire p\u00f3r\u00fach\u00e1in de 22 ph\u00e9ire i 1985 agus 1996, lena n-\u00e1ir\u00edtear Breac\u00f3g, Pilib\u00edn, Cosdearg\u00e1n, Naoscach, Roilleach, Fead\u00f3ig\u00edn chladaigh agus Gobad\u00e1n coiteann. Mar sin f\u00e9in, thit pobail i ndiaidh 1996, agus gan ach ceithre ph\u00e9ire de Pilib\u00edn agus dh\u00e1 ph\u00e9ire Naoscach f\u00e1gtha in 2019.<\/p>\n\n\n\n<p>T\u00e1 acmhainn\u00ed suntasacha ar f\u00e1il do phailneoir\u00ed, agus cuireann an su\u00edomh limist\u00e9ar m\u00f3r f\u00e9arthailte at\u00e1 saibhir \u00f3 thaobh bl\u00e1thanna de ar f\u00e1il le suaitheadh \u00edseal agus \u00e9ags\u00falacht acmhainn\u00ed \u00e9ags\u00fala. T\u00e1 feabhas curtha air sin cheana f\u00e9in i gcodanna den l\u00e1ithre\u00e1n tr\u00ed innilt spriocdh\u00edrithe, ach is f\u00e9idir \u00e9 a fheabhs\u00fa a thuilleadh. I measc na speiceas pailneoir\u00ed a taifeadadh \u00f3n su\u00edomh seo agus a st\u00e1das ar Liosta Dearg speiceas na h\u00c9ireann t\u00e1:<\/p>\n\n\n\n<p><em>Faoi Bhagairt:<\/em> Donn\u00f3g aille (<em>Hipparchia semele<\/em>); Fraoch\u00e1n beag (<em>Coenonympha pamphilus<\/em>); Bumb\u00f3g M\u00f3r Dheirg-Eireaballach (<em>Bombus lapidarius<\/em>); Beach Moss Carder (<em>Bombus muscorum<\/em>)**<\/p>\n\n\n\n<p><em>I gcont\u00fairt:<\/em> An Fritile\u00e1n Dorcha Glas (<em>Argynnis aglaja<\/em>); Beach phl\u00e1str\u00e1la thuaisceartach (<em>Colletes floralis<\/em>)**<\/p>\n\n\n\n<p><em>I mbaol:<\/em> Gorm Beag (<em>Cupido minimus<\/em>)<\/p>\n\n\n\n<p>**liostaithe mar &#8220;i gcont\u00fairt&#8221; ar leibh\u00e9al Eorpach.<\/p>\n<\/div>\n\n\n\n<div class=\"wp-block-column is-layout-flow wp-block-column-is-layout-flow\" style=\"flex-basis:33.33%\">\n<figure class=\"wp-block-image size-large\"><a href=\"https:\/\/www.lifeonmachair.ie\/wp-content\/uploads\/2023\/04\/Lurgabrack-edited-scaled.jpg\"><img loading=\"lazy\" decoding=\"async\" width=\"2560\" height=\"2560\" src=\"https:\/\/www.lifeonmachair.ie\/wp-content\/uploads\/2023\/04\/Lurgabrack-edited-scaled.jpg\" alt=\"Lorga Bhreac\" class=\"wp-image-1252\" srcset=\"https:\/\/www.lifeonmachair.ie\/wp-content\/uploads\/2023\/04\/Lurgabrack-edited-scaled.jpg 2560w, https:\/\/www.lifeonmachair.ie\/wp-content\/uploads\/2023\/04\/Lurgabrack-edited-300x300.jpg 300w, https:\/\/www.lifeonmachair.ie\/wp-content\/uploads\/2023\/04\/Lurgabrack-edited-1024x1024.jpg 1024w, https:\/\/www.lifeonmachair.ie\/wp-content\/uploads\/2023\/04\/Lurgabrack-edited-150x150.jpg 150w, https:\/\/www.lifeonmachair.ie\/wp-content\/uploads\/2023\/04\/Lurgabrack-edited-768x768.jpg 768w, https:\/\/www.lifeonmachair.ie\/wp-content\/uploads\/2023\/04\/Lurgabrack-edited-1536x1536.jpg 1536w, https:\/\/www.lifeonmachair.ie\/wp-content\/uploads\/2023\/04\/Lurgabrack-edited-2048x2048.jpg 2048w\" sizes=\"auto, (max-width: 2560px) 100vw, 2560px\" \/><\/a><\/figure>\n<\/div>\n<\/div>\n","protected":false},"excerpt":{"rendered":"<p>Lorga Bhreac, Rinn Chliabh\u00e1in agus Pollaguill (chuid de Corr\u00e1n Binne and Rinn Chliabh\u00e1in SAC agus forlu\u00ed Corr\u00e1n Binne go Cionn Fh\u00e1nada SPA) T\u00e1 an su\u00edomh c\u00f3sta seo suite i dtuaisceart Chontae Dh\u00fan na nGall agus cuims\u00edonn s\u00e9 coimpl\u00e9asc de ghn\u00e1th\u00f3ga ina bhfuil limist\u00e9ir mhuir\u00ed oscailte, aille farraige, dumhcha gainimh (de chine\u00e1lacha \u00e9ags\u00fala), bratphortach agus fraochmh\u00e1 [&hellip;]<\/p>\n","protected":false},"author":1,"featured_media":852,"parent":1340,"menu_order":0,"comment_status":"closed","ping_status":"closed","template":"","meta":{"site-sidebar-layout":"default","site-content-layout":"","ast-site-content-layout":"default","site-content-style":"default","site-sidebar-style":"default","ast-global-header-display":"","ast-banner-title-visibility":"","ast-main-header-display":"","ast-hfb-above-header-display":"","ast-hfb-below-header-display":"","ast-hfb-mobile-header-display":"","site-post-title":"","ast-breadcrumbs-content":"","ast-featured-img":"","footer-sml-layout":"","ast-disable-related-posts":"","theme-transparent-header-meta":"","adv-header-id-meta":"","stick-header-meta":"","header-above-stick-meta":"","header-main-stick-meta":"","header-below-stick-meta":"","astra-migrate-meta-layouts":"default","ast-page-background-enabled":"default","ast-page-background-meta":{"desktop":{"background-color":"var(--ast-global-color-4)","background-image":"","background-repeat":"repeat","background-position":"center center","background-size":"auto","background-attachment":"scroll","background-type":"","background-media":"","overlay-type":"","overlay-color":"","overlay-opacity":"","overlay-gradient":""},"tablet":{"background-color":"","background-image":"","background-repeat":"repeat","background-position":"center center","background-size":"auto","background-attachment":"scroll","background-type":"","background-media":"","overlay-type":"","overlay-color":"","overlay-opacity":"","overlay-gradient":""},"mobile":{"background-color":"","background-image":"","background-repeat":"repeat","background-position":"center center","background-size":"auto","background-attachment":"scroll","background-type":"","background-media":"","overlay-type":"","overlay-color":"","overlay-opacity":"","overlay-gradient":""}},"ast-content-background-meta":{"desktop":{"background-color":"var(--ast-global-color-5)","background-image":"","background-repeat":"repeat","background-position":"center center","background-size":"auto","background-attachment":"scroll","background-type":"","background-media":"","overlay-type":"","overlay-color":"","overlay-opacity":"","overlay-gradient":""},"tablet":{"background-color":"var(--ast-global-color-5)","background-image":"","background-repeat":"repeat","background-position":"center center","background-size":"auto","background-attachment":"scroll","background-type":"","background-media":"","overlay-type":"","overlay-color":"","overlay-opacity":"","overlay-gradient":""},"mobile":{"background-color":"var(--ast-global-color-5)","background-image":"","background-repeat":"repeat","background-position":"center center","background-size":"auto","background-attachment":"scroll","background-type":"","background-media":"","overlay-type":"","overlay-color":"","overlay-opacity":"","overlay-gradient":""}},"footnotes":""},"class_list":["post-1342","page","type-page","status-publish","has-post-thumbnail","hentry"],"yoast_head":"<!-- This site is optimized with the Yoast SEO plugin v27.5 - https:\/\/yoast.com\/product\/yoast-seo-wordpress\/ -->\n<title>Lorga Bhreac - LIFE ar Mhacaire<\/title>\n<meta name=\"robots\" content=\"index, follow, max-snippet:-1, max-image-preview:large, max-video-preview:-1\" \/>\n<link rel=\"canonical\" href=\"https:\/\/www.lifeonmachair.ie\/ga\/limisteir-an-tionscadail\/lorga-bhreac\/\" \/>\n<meta property=\"og:locale\" content=\"ga_IE\" \/>\n<meta property=\"og:type\" content=\"article\" \/>\n<meta property=\"og:title\" content=\"Lorga Bhreac - LIFE ar Mhacaire\" \/>\n<meta property=\"og:description\" content=\"Lorga Bhreac, Rinn Chliabh\u00e1in agus Pollaguill (chuid de Corr\u00e1n Binne and Rinn Chliabh\u00e1in SAC agus forlu\u00ed Corr\u00e1n Binne go Cionn Fh\u00e1nada SPA) T\u00e1 an su\u00edomh c\u00f3sta seo suite i dtuaisceart Chontae Dh\u00fan na nGall agus cuims\u00edonn s\u00e9 coimpl\u00e9asc de ghn\u00e1th\u00f3ga ina bhfuil limist\u00e9ir mhuir\u00ed oscailte, aille farraige, dumhcha gainimh (de chine\u00e1lacha \u00e9ags\u00fala), bratphortach agus fraochmh\u00e1 [&hellip;]\" \/>\n<meta property=\"og:url\" content=\"https:\/\/www.lifeonmachair.ie\/ga\/limisteir-an-tionscadail\/lorga-bhreac\/\" \/>\n<meta property=\"og:site_name\" content=\"LIFE ar Mhacaire\" \/>\n<meta property=\"article:publisher\" content=\"https:\/\/www.facebook.com\/profile.php?id=100086060573760\" \/>\n<meta property=\"article:modified_time\" content=\"2023-04-20T08:54:58+00:00\" \/>\n<meta property=\"og:image\" content=\"https:\/\/www.lifeonmachair.ie\/wp-content\/uploads\/2023\/03\/Lurgabrack-scaled.jpg\" \/>\n\t<meta property=\"og:image:width\" content=\"2560\" \/>\n\t<meta property=\"og:image:height\" content=\"1920\" \/>\n\t<meta property=\"og:image:type\" content=\"image\/jpeg\" \/>\n<meta name=\"twitter:card\" content=\"summary_large_image\" \/>\n<meta name=\"twitter:site\" content=\"@LIFEonMachair\" \/>\n<meta name=\"twitter:label1\" content=\"Est. reading time\" \/>\n\t<meta name=\"twitter:data1\" content=\"2 minutes\" \/>\n<script type=\"application\/ld+json\" class=\"yoast-schema-graph\">{\"@context\":\"https:\\\/\\\/schema.org\",\"@graph\":[{\"@type\":\"WebPage\",\"@id\":\"https:\\\/\\\/www.lifeonmachair.ie\\\/ga\\\/limisteir-an-tionscadail\\\/lorga-bhreac\\\/\",\"url\":\"https:\\\/\\\/www.lifeonmachair.ie\\\/ga\\\/limisteir-an-tionscadail\\\/lorga-bhreac\\\/\",\"name\":\"Lorga Bhreac - LIFE ar Mhacaire\",\"isPartOf\":{\"@id\":\"https:\\\/\\\/www.lifeonmachair.ie\\\/ga\\\/#website\"},\"primaryImageOfPage\":{\"@id\":\"https:\\\/\\\/www.lifeonmachair.ie\\\/ga\\\/limisteir-an-tionscadail\\\/lorga-bhreac\\\/#primaryimage\"},\"image\":{\"@id\":\"https:\\\/\\\/www.lifeonmachair.ie\\\/ga\\\/limisteir-an-tionscadail\\\/lorga-bhreac\\\/#primaryimage\"},\"thumbnailUrl\":\"https:\\\/\\\/www.lifeonmachair.ie\\\/wp-content\\\/uploads\\\/2023\\\/03\\\/Lurgabrack-scaled.jpg\",\"datePublished\":\"2023-02-21T15:23:52+00:00\",\"dateModified\":\"2023-04-20T08:54:58+00:00\",\"breadcrumb\":{\"@id\":\"https:\\\/\\\/www.lifeonmachair.ie\\\/ga\\\/limisteir-an-tionscadail\\\/lorga-bhreac\\\/#breadcrumb\"},\"inLanguage\":\"ga-IE\",\"potentialAction\":[{\"@type\":\"ReadAction\",\"target\":[\"https:\\\/\\\/www.lifeonmachair.ie\\\/ga\\\/limisteir-an-tionscadail\\\/lorga-bhreac\\\/\"]}]},{\"@type\":\"ImageObject\",\"inLanguage\":\"ga-IE\",\"@id\":\"https:\\\/\\\/www.lifeonmachair.ie\\\/ga\\\/limisteir-an-tionscadail\\\/lorga-bhreac\\\/#primaryimage\",\"url\":\"https:\\\/\\\/www.lifeonmachair.ie\\\/wp-content\\\/uploads\\\/2023\\\/03\\\/Lurgabrack-scaled.jpg\",\"contentUrl\":\"https:\\\/\\\/www.lifeonmachair.ie\\\/wp-content\\\/uploads\\\/2023\\\/03\\\/Lurgabrack-scaled.jpg\",\"width\":2560,\"height\":1920,\"caption\":\"Lurgabrack\"},{\"@type\":\"BreadcrumbList\",\"@id\":\"https:\\\/\\\/www.lifeonmachair.ie\\\/ga\\\/limisteir-an-tionscadail\\\/lorga-bhreac\\\/#breadcrumb\",\"itemListElement\":[{\"@type\":\"ListItem\",\"position\":1,\"name\":\"Home\",\"item\":\"https:\\\/\\\/www.lifeonmachair.ie\\\/ga\\\/\"},{\"@type\":\"ListItem\",\"position\":2,\"name\":\"Limist\u00e9ir an Tionscadail\",\"item\":\"https:\\\/\\\/www.lifeonmachair.ie\\\/ga\\\/project-areas\\\/\"},{\"@type\":\"ListItem\",\"position\":3,\"name\":\"Lorga Bhreac\"}]},{\"@type\":\"WebSite\",\"@id\":\"https:\\\/\\\/www.lifeonmachair.ie\\\/ga\\\/#website\",\"url\":\"https:\\\/\\\/www.lifeonmachair.ie\\\/ga\\\/\",\"name\":\"LIFE ar Mhacaire\",\"description\":\"\",\"publisher\":{\"@id\":\"https:\\\/\\\/www.lifeonmachair.ie\\\/ga\\\/#organization\"},\"potentialAction\":[{\"@type\":\"SearchAction\",\"target\":{\"@type\":\"EntryPoint\",\"urlTemplate\":\"https:\\\/\\\/www.lifeonmachair.ie\\\/ga\\\/?s={search_term_string}\"},\"query-input\":{\"@type\":\"PropertyValueSpecification\",\"valueRequired\":true,\"valueName\":\"search_term_string\"}}],\"inLanguage\":\"ga-IE\"},{\"@type\":\"Organization\",\"@id\":\"https:\\\/\\\/www.lifeonmachair.ie\\\/ga\\\/#organization\",\"name\":\"Department of Housing, Local Government and Heritage\",\"url\":\"https:\\\/\\\/www.lifeonmachair.ie\\\/ga\\\/\",\"logo\":{\"@type\":\"ImageObject\",\"inLanguage\":\"ga-IE\",\"@id\":\"https:\\\/\\\/www.lifeonmachair.ie\\\/ga\\\/#\\\/schema\\\/logo\\\/image\\\/\",\"url\":\"https:\\\/\\\/www.lifeonmachair.ie\\\/wp-content\\\/uploads\\\/2025\\\/09\\\/life-on-machair-logo.jpg\",\"contentUrl\":\"https:\\\/\\\/www.lifeonmachair.ie\\\/wp-content\\\/uploads\\\/2025\\\/09\\\/life-on-machair-logo.jpg\",\"width\":1962,\"height\":772,\"caption\":\"Department of Housing, Local Government and Heritage\"},\"image\":{\"@id\":\"https:\\\/\\\/www.lifeonmachair.ie\\\/ga\\\/#\\\/schema\\\/logo\\\/image\\\/\"},\"sameAs\":[\"https:\\\/\\\/www.facebook.com\\\/profile.php?id=100086060573760\",\"https:\\\/\\\/x.com\\\/LIFEonMachair\"]}]}<\/script>\n<!-- \/ Yoast SEO plugin. -->","yoast_head_json":{"title":"Lorga Bhreac - LIFE ar Mhacaire","robots":{"index":"index","follow":"follow","max-snippet":"max-snippet:-1","max-image-preview":"max-image-preview:large","max-video-preview":"max-video-preview:-1"},"canonical":"https:\/\/www.lifeonmachair.ie\/ga\/limisteir-an-tionscadail\/lorga-bhreac\/","og_locale":"ga_IE","og_type":"article","og_title":"Lorga Bhreac - LIFE ar Mhacaire","og_description":"Lorga Bhreac, Rinn Chliabh\u00e1in agus Pollaguill (chuid de Corr\u00e1n Binne and Rinn Chliabh\u00e1in SAC agus forlu\u00ed Corr\u00e1n Binne go Cionn Fh\u00e1nada SPA) T\u00e1 an su\u00edomh c\u00f3sta seo suite i dtuaisceart Chontae Dh\u00fan na nGall agus cuims\u00edonn s\u00e9 coimpl\u00e9asc de ghn\u00e1th\u00f3ga ina bhfuil limist\u00e9ir mhuir\u00ed oscailte, aille farraige, dumhcha gainimh (de chine\u00e1lacha \u00e9ags\u00fala), bratphortach agus fraochmh\u00e1 [&hellip;]","og_url":"https:\/\/www.lifeonmachair.ie\/ga\/limisteir-an-tionscadail\/lorga-bhreac\/","og_site_name":"LIFE ar Mhacaire","article_publisher":"https:\/\/www.facebook.com\/profile.php?id=100086060573760","article_modified_time":"2023-04-20T08:54:58+00:00","og_image":[{"width":2560,"height":1920,"url":"https:\/\/www.lifeonmachair.ie\/wp-content\/uploads\/2023\/03\/Lurgabrack-scaled.jpg","type":"image\/jpeg"}],"twitter_card":"summary_large_image","twitter_site":"@LIFEonMachair","twitter_misc":{"Est. reading time":"2 minutes"},"schema":{"@context":"https:\/\/schema.org","@graph":[{"@type":"WebPage","@id":"https:\/\/www.lifeonmachair.ie\/ga\/limisteir-an-tionscadail\/lorga-bhreac\/","url":"https:\/\/www.lifeonmachair.ie\/ga\/limisteir-an-tionscadail\/lorga-bhreac\/","name":"Lorga Bhreac - LIFE ar Mhacaire","isPartOf":{"@id":"https:\/\/www.lifeonmachair.ie\/ga\/#website"},"primaryImageOfPage":{"@id":"https:\/\/www.lifeonmachair.ie\/ga\/limisteir-an-tionscadail\/lorga-bhreac\/#primaryimage"},"image":{"@id":"https:\/\/www.lifeonmachair.ie\/ga\/limisteir-an-tionscadail\/lorga-bhreac\/#primaryimage"},"thumbnailUrl":"https:\/\/www.lifeonmachair.ie\/wp-content\/uploads\/2023\/03\/Lurgabrack-scaled.jpg","datePublished":"2023-02-21T15:23:52+00:00","dateModified":"2023-04-20T08:54:58+00:00","breadcrumb":{"@id":"https:\/\/www.lifeonmachair.ie\/ga\/limisteir-an-tionscadail\/lorga-bhreac\/#breadcrumb"},"inLanguage":"ga-IE","potentialAction":[{"@type":"ReadAction","target":["https:\/\/www.lifeonmachair.ie\/ga\/limisteir-an-tionscadail\/lorga-bhreac\/"]}]},{"@type":"ImageObject","inLanguage":"ga-IE","@id":"https:\/\/www.lifeonmachair.ie\/ga\/limisteir-an-tionscadail\/lorga-bhreac\/#primaryimage","url":"https:\/\/www.lifeonmachair.ie\/wp-content\/uploads\/2023\/03\/Lurgabrack-scaled.jpg","contentUrl":"https:\/\/www.lifeonmachair.ie\/wp-content\/uploads\/2023\/03\/Lurgabrack-scaled.jpg","width":2560,"height":1920,"caption":"Lurgabrack"},{"@type":"BreadcrumbList","@id":"https:\/\/www.lifeonmachair.ie\/ga\/limisteir-an-tionscadail\/lorga-bhreac\/#breadcrumb","itemListElement":[{"@type":"ListItem","position":1,"name":"Home","item":"https:\/\/www.lifeonmachair.ie\/ga\/"},{"@type":"ListItem","position":2,"name":"Limist\u00e9ir an Tionscadail","item":"https:\/\/www.lifeonmachair.ie\/ga\/project-areas\/"},{"@type":"ListItem","position":3,"name":"Lorga Bhreac"}]},{"@type":"WebSite","@id":"https:\/\/www.lifeonmachair.ie\/ga\/#website","url":"https:\/\/www.lifeonmachair.ie\/ga\/","name":"LIFE ar Mhacaire","description":"","publisher":{"@id":"https:\/\/www.lifeonmachair.ie\/ga\/#organization"},"potentialAction":[{"@type":"SearchAction","target":{"@type":"EntryPoint","urlTemplate":"https:\/\/www.lifeonmachair.ie\/ga\/?s={search_term_string}"},"query-input":{"@type":"PropertyValueSpecification","valueRequired":true,"valueName":"search_term_string"}}],"inLanguage":"ga-IE"},{"@type":"Organization","@id":"https:\/\/www.lifeonmachair.ie\/ga\/#organization","name":"Department of Housing, Local Government and Heritage","url":"https:\/\/www.lifeonmachair.ie\/ga\/","logo":{"@type":"ImageObject","inLanguage":"ga-IE","@id":"https:\/\/www.lifeonmachair.ie\/ga\/#\/schema\/logo\/image\/","url":"https:\/\/www.lifeonmachair.ie\/wp-content\/uploads\/2025\/09\/life-on-machair-logo.jpg","contentUrl":"https:\/\/www.lifeonmachair.ie\/wp-content\/uploads\/2025\/09\/life-on-machair-logo.jpg","width":1962,"height":772,"caption":"Department of Housing, Local Government and Heritage"},"image":{"@id":"https:\/\/www.lifeonmachair.ie\/ga\/#\/schema\/logo\/image\/"},"sameAs":["https:\/\/www.facebook.com\/profile.php?id=100086060573760","https:\/\/x.com\/LIFEonMachair"]}]}},"_links":{"self":[{"href":"https:\/\/www.lifeonmachair.ie\/ga\/wp-json\/wp\/v2\/pages\/1342","targetHints":{"allow":["GET"]}}],"collection":[{"href":"https:\/\/www.lifeonmachair.ie\/ga\/wp-json\/wp\/v2\/pages"}],"about":[{"href":"https:\/\/www.lifeonmachair.ie\/ga\/wp-json\/wp\/v2\/types\/page"}],"author":[{"embeddable":true,"href":"https:\/\/www.lifeonmachair.ie\/ga\/wp-json\/wp\/v2\/users\/1"}],"replies":[{"embeddable":true,"href":"https:\/\/www.lifeonmachair.ie\/ga\/wp-json\/wp\/v2\/comments?post=1342"}],"version-history":[{"count":3,"href":"https:\/\/www.lifeonmachair.ie\/ga\/wp-json\/wp\/v2\/pages\/1342\/revisions"}],"predecessor-version":[{"id":1676,"href":"https:\/\/www.lifeonmachair.ie\/ga\/wp-json\/wp\/v2\/pages\/1342\/revisions\/1676"}],"up":[{"embeddable":true,"href":"https:\/\/www.lifeonmachair.ie\/ga\/wp-json\/wp\/v2\/pages\/1340"}],"wp:featuredmedia":[{"embeddable":true,"href":"https:\/\/www.lifeonmachair.ie\/ga\/wp-json\/wp\/v2\/media\/852"}],"wp:attachment":[{"href":"https:\/\/www.lifeonmachair.ie\/ga\/wp-json\/wp\/v2\/media?parent=1342"}],"curies":[{"name":"wp","href":"https:\/\/api.w.org\/{rel}","templated":true}]}}