{"id":1340,"date":"2023-02-21T14:06:47","date_gmt":"2023-02-21T14:06:47","guid":{"rendered":"https:\/\/www.lifeonmachair.ie\/limisteir-an-tionscadail\/"},"modified":"2023-04-13T15:10:21","modified_gmt":"2023-04-13T15:10:21","slug":"limisteir-an-tionscadail","status":"publish","type":"page","link":"https:\/\/www.lifeonmachair.ie\/ga\/limisteir-an-tionscadail\/","title":{"rendered":"Limist\u00e9ir an Tionscadail"},"content":{"rendered":"\n<p>Leagtar amach spriocr\u00e9ims\u00ed an limist\u00e9ir sa l\u00e9arsc\u00e1il th\u00edos. T\u00e1 gach ceann de na spriocr\u00e9ims\u00ed Machaire suite laistigh agus\/n\u00f3 is cuid de l\u00e1thair Natura 2000 iad. Tugtar liosta d&#8217;ainmneacha agus c\u00f3id (LCS agus SPA) na l\u00e1ithreacha Natura 2000 th\u00edos. I gc\u00e1sanna \u00e1irithe is fo-thacar de ghn\u00e1th\u00f3ga laistigh de na coimpl\u00e9isc n\u00edos m\u00f3 seo iad spriocr\u00e9ims\u00ed an tionscadail.<\/p>\n\n<figure class=\"wp-block-image aligncenter size-full\"><a href=\"https:\/\/www.lifeonmachair.ie\/wp-content\/uploads\/2023\/04\/TargetAreaMapGA.png\"><img decoding=\"async\" src=\"https:\/\/www.lifeonmachair.ie\/wp-content\/uploads\/2023\/04\/TargetAreaMapGA.png\" alt=\"Limist&#xE9;ir an Tionscadail\" class=\"wp-image-1503\"\/><\/a><\/figure>\n\n<h2 class=\"wp-block-heading\">L\u00e1ithre\u00e1in Natura 2000<\/h2>\n\n<figure class=\"wp-block-table is-style-stripes\"><table><thead><tr><th>Cine\u00e1l<\/th><th>C\u00f3d<\/th><th>Ainm<\/th><\/tr><\/thead><tbody><tr><td>CTC<\/td><td>IE0000147<\/td><td>LCS Chorr\u00e1n Binne agus Rinn Chliabh\u00e1in<\/td><\/tr><tr><td>CTC<\/td><td>IE0000507<\/td><td>LCS Oile\u00e1in Inis G\u00e9<\/td><\/tr><tr><td>SPA<\/td><td>IE0004004<\/td><td>SPA Oile\u00e1in Inis G\u00e9<\/td><\/tr><tr><td>SPA <\/td><td>IE0004037<\/td><td>SPA Chuan an Fh\u00f3id Duibh\/Cuan an Inbhir<\/td><\/tr><tr><td>SPA<\/td><td>IE0004093<\/td><td>SPA Loch Thearmann Caithreach agus Machair an Eanaigh<\/td><\/tr><tr><td>CTC<\/td><td>IE0001141<\/td><td>LCS Bh\u00e1 agus Oile\u00e1in Ghaoth Dobhair<\/td><\/tr><tr><td>CTC<\/td><td>IE0001497<\/td><td>LCS Mhachaire Dhumha Goirt\/An Loch Dubh<\/td><\/tr><tr><td>SPA<\/td><td>IE0004235<\/td><td>SPA Mhachaire Dhumha Goirt<\/td><\/tr><tr><td>CTC<\/td><td>IE0001529<\/td><td>LCS Loch Cathasaigh, an Locha Bh\u00e1in agus Loch R\u00fa an \u00c1tha<\/td><\/tr><tr><td>CTC<\/td><td>IE0001932<\/td><td>LCS Choimpl\u00e9asc Chnoc Maol R\u00e9idh\/Chnoic Sh\u00edofra\/na hOirimhe<\/td><\/tr><tr><td>CTC<\/td><td>IE0002074<\/td><td>LCS Leithinis Cheann L\u00e9ime<\/td><\/tr><tr><td>CTC<\/td><td>IE0002129<\/td><td>LCS Mhachaire Mhuirbhigh<\/td><\/tr><tr><td>CTC<\/td><td>IE0000470<\/td><td>LCS Coimpl\u00e9asc Mhuirthead\/Chuan an Fh\u00f3id Duibh<\/td><\/tr><\/tbody><\/table><figcaption class=\"wp-element-caption\">Spriocr\u00e9ims\u00ed<\/figcaption><\/figure>\n\n<p><\/p>\n","protected":false},"excerpt":{"rendered":"<p>Leagtar amach spriocr\u00e9ims\u00ed an limist\u00e9ir sa l\u00e9arsc\u00e1il th\u00edos. T\u00e1 gach ceann de na spriocr\u00e9ims\u00ed Machaire suite laistigh agus\/n\u00f3 is cuid de l\u00e1thair Natura 2000 iad. Tugtar liosta d&#8217;ainmneacha agus c\u00f3id (LCS agus SPA) na l\u00e1ithreacha Natura 2000 th\u00edos. I gc\u00e1sanna \u00e1irithe is fo-thacar de ghn\u00e1th\u00f3ga laistigh de na coimpl\u00e9isc n\u00edos m\u00f3 seo iad spriocr\u00e9ims\u00ed an [&hellip;]<\/p>\n","protected":false},"author":1,"featured_media":0,"parent":0,"menu_order":0,"comment_status":"closed","ping_status":"closed","template":"","meta":{"site-sidebar-layout":"default","site-content-layout":"","ast-site-content-layout":"default","site-content-style":"default","site-sidebar-style":"default","ast-global-header-display":"","ast-banner-title-visibility":"","ast-main-header-display":"","ast-hfb-above-header-display":"","ast-hfb-below-header-display":"","ast-hfb-mobile-header-display":"","site-post-title":"","ast-breadcrumbs-content":"","ast-featured-img":"","footer-sml-layout":"","ast-disable-related-posts":"","theme-transparent-header-meta":"","adv-header-id-meta":"","stick-header-meta":"","header-above-stick-meta":"","header-main-stick-meta":"","header-below-stick-meta":"","astra-migrate-meta-layouts":"default","ast-page-background-enabled":"default","ast-page-background-meta":{"desktop":{"background-color":"var(--ast-global-color-4)","background-image":"","background-repeat":"repeat","background-position":"center center","background-size":"auto","background-attachment":"scroll","background-type":"","background-media":"","overlay-type":"","overlay-color":"","overlay-opacity":"","overlay-gradient":""},"tablet":{"background-color":"","background-image":"","background-repeat":"repeat","background-position":"center center","background-size":"auto","background-attachment":"scroll","background-type":"","background-media":"","overlay-type":"","overlay-color":"","overlay-opacity":"","overlay-gradient":""},"mobile":{"background-color":"","background-image":"","background-repeat":"repeat","background-position":"center center","background-size":"auto","background-attachment":"scroll","background-type":"","background-media":"","overlay-type":"","overlay-color":"","overlay-opacity":"","overlay-gradient":""}},"ast-content-background-meta":{"desktop":{"background-color":"var(--ast-global-color-5)","background-image":"","background-repeat":"repeat","background-position":"center center","background-size":"auto","background-attachment":"scroll","background-type":"","background-media":"","overlay-type":"","overlay-color":"","overlay-opacity":"","overlay-gradient":""},"tablet":{"background-color":"var(--ast-global-color-5)","background-image":"","background-repeat":"repeat","background-position":"center center","background-size":"auto","background-attachment":"scroll","background-type":"","background-media":"","overlay-type":"","overlay-color":"","overlay-opacity":"","overlay-gradient":""},"mobile":{"background-color":"var(--ast-global-color-5)","background-image":"","background-repeat":"repeat","background-position":"center center","background-size":"auto","background-attachment":"scroll","background-type":"","background-media":"","overlay-type":"","overlay-color":"","overlay-opacity":"","overlay-gradient":""}},"footnotes":""},"class_list":["post-1340","page","type-page","status-publish","hentry"],"yoast_head":"<!-- This site is optimized with the Yoast SEO plugin v27.4 - https:\/\/yoast.com\/product\/yoast-seo-wordpress\/ -->\n<title>Limist\u00e9ir an Tionscadail - LIFE ar Mhacaire<\/title>\n<meta name=\"robots\" content=\"index, follow, max-snippet:-1, max-image-preview:large, max-video-preview:-1\" \/>\n<link rel=\"canonical\" href=\"https:\/\/www.lifeonmachair.ie\/ga\/limisteir-an-tionscadail\/\" \/>\n<meta property=\"og:locale\" content=\"ga_IE\" \/>\n<meta property=\"og:type\" content=\"article\" \/>\n<meta property=\"og:title\" content=\"Limist\u00e9ir an Tionscadail - LIFE ar Mhacaire\" \/>\n<meta property=\"og:description\" content=\"Leagtar amach spriocr\u00e9ims\u00ed an limist\u00e9ir sa l\u00e9arsc\u00e1il th\u00edos. T\u00e1 gach ceann de na spriocr\u00e9ims\u00ed Machaire suite laistigh agus\/n\u00f3 is cuid de l\u00e1thair Natura 2000 iad. Tugtar liosta d&#8217;ainmneacha agus c\u00f3id (LCS agus SPA) na l\u00e1ithreacha Natura 2000 th\u00edos. I gc\u00e1sanna \u00e1irithe is fo-thacar de ghn\u00e1th\u00f3ga laistigh de na coimpl\u00e9isc n\u00edos m\u00f3 seo iad spriocr\u00e9ims\u00ed an [&hellip;]\" \/>\n<meta property=\"og:url\" content=\"https:\/\/www.lifeonmachair.ie\/ga\/limisteir-an-tionscadail\/\" \/>\n<meta property=\"og:site_name\" content=\"LIFE ar Mhacaire\" \/>\n<meta property=\"article:publisher\" content=\"https:\/\/www.facebook.com\/profile.php?id=100086060573760\" \/>\n<meta property=\"article:modified_time\" content=\"2023-04-13T15:10:21+00:00\" \/>\n<meta property=\"og:image\" content=\"https:\/\/www.lifeonmachair.ie\/wp-content\/uploads\/2023\/04\/TargetAreaMapGA.png\" \/>\n<meta name=\"twitter:card\" content=\"summary_large_image\" \/>\n<meta name=\"twitter:site\" content=\"@LIFEonMachair\" \/>\n<meta name=\"twitter:label1\" content=\"Est. reading time\" \/>\n\t<meta name=\"twitter:data1\" content=\"1 minute\" \/>\n<script type=\"application\/ld+json\" class=\"yoast-schema-graph\">{\"@context\":\"https:\\\/\\\/schema.org\",\"@graph\":[{\"@type\":\"WebPage\",\"@id\":\"https:\\\/\\\/www.lifeonmachair.ie\\\/ga\\\/limisteir-an-tionscadail\\\/\",\"url\":\"https:\\\/\\\/www.lifeonmachair.ie\\\/ga\\\/limisteir-an-tionscadail\\\/\",\"name\":\"Limist\u00e9ir an Tionscadail - LIFE ar Mhacaire\",\"isPartOf\":{\"@id\":\"https:\\\/\\\/www.lifeonmachair.ie\\\/ga\\\/#website\"},\"primaryImageOfPage\":{\"@id\":\"https:\\\/\\\/www.lifeonmachair.ie\\\/ga\\\/limisteir-an-tionscadail\\\/#primaryimage\"},\"image\":{\"@id\":\"https:\\\/\\\/www.lifeonmachair.ie\\\/ga\\\/limisteir-an-tionscadail\\\/#primaryimage\"},\"thumbnailUrl\":\"https:\\\/\\\/www.lifeonmachair.ie\\\/wp-content\\\/uploads\\\/2023\\\/04\\\/TargetAreaMapGA.png\",\"datePublished\":\"2023-02-21T14:06:47+00:00\",\"dateModified\":\"2023-04-13T15:10:21+00:00\",\"breadcrumb\":{\"@id\":\"https:\\\/\\\/www.lifeonmachair.ie\\\/ga\\\/limisteir-an-tionscadail\\\/#breadcrumb\"},\"inLanguage\":\"ga-IE\",\"potentialAction\":[{\"@type\":\"ReadAction\",\"target\":[\"https:\\\/\\\/www.lifeonmachair.ie\\\/ga\\\/limisteir-an-tionscadail\\\/\"]}]},{\"@type\":\"ImageObject\",\"inLanguage\":\"ga-IE\",\"@id\":\"https:\\\/\\\/www.lifeonmachair.ie\\\/ga\\\/limisteir-an-tionscadail\\\/#primaryimage\",\"url\":\"https:\\\/\\\/www.lifeonmachair.ie\\\/wp-content\\\/uploads\\\/2023\\\/04\\\/TargetAreaMapGA.png\",\"contentUrl\":\"https:\\\/\\\/www.lifeonmachair.ie\\\/wp-content\\\/uploads\\\/2023\\\/04\\\/TargetAreaMapGA.png\"},{\"@type\":\"BreadcrumbList\",\"@id\":\"https:\\\/\\\/www.lifeonmachair.ie\\\/ga\\\/limisteir-an-tionscadail\\\/#breadcrumb\",\"itemListElement\":[{\"@type\":\"ListItem\",\"position\":1,\"name\":\"Home\",\"item\":\"https:\\\/\\\/www.lifeonmachair.ie\\\/ga\\\/\"},{\"@type\":\"ListItem\",\"position\":2,\"name\":\"Limist\u00e9ir an Tionscadail\"}]},{\"@type\":\"WebSite\",\"@id\":\"https:\\\/\\\/www.lifeonmachair.ie\\\/ga\\\/#website\",\"url\":\"https:\\\/\\\/www.lifeonmachair.ie\\\/ga\\\/\",\"name\":\"LIFE ar Mhacaire\",\"description\":\"\",\"publisher\":{\"@id\":\"https:\\\/\\\/www.lifeonmachair.ie\\\/ga\\\/#organization\"},\"potentialAction\":[{\"@type\":\"SearchAction\",\"target\":{\"@type\":\"EntryPoint\",\"urlTemplate\":\"https:\\\/\\\/www.lifeonmachair.ie\\\/ga\\\/?s={search_term_string}\"},\"query-input\":{\"@type\":\"PropertyValueSpecification\",\"valueRequired\":true,\"valueName\":\"search_term_string\"}}],\"inLanguage\":\"ga-IE\"},{\"@type\":\"Organization\",\"@id\":\"https:\\\/\\\/www.lifeonmachair.ie\\\/ga\\\/#organization\",\"name\":\"Department of Housing, Local Government and Heritage\",\"url\":\"https:\\\/\\\/www.lifeonmachair.ie\\\/ga\\\/\",\"logo\":{\"@type\":\"ImageObject\",\"inLanguage\":\"ga-IE\",\"@id\":\"https:\\\/\\\/www.lifeonmachair.ie\\\/ga\\\/#\\\/schema\\\/logo\\\/image\\\/\",\"url\":\"https:\\\/\\\/www.lifeonmachair.ie\\\/wp-content\\\/uploads\\\/2025\\\/09\\\/life-on-machair-logo.jpg\",\"contentUrl\":\"https:\\\/\\\/www.lifeonmachair.ie\\\/wp-content\\\/uploads\\\/2025\\\/09\\\/life-on-machair-logo.jpg\",\"width\":1962,\"height\":772,\"caption\":\"Department of Housing, Local Government and Heritage\"},\"image\":{\"@id\":\"https:\\\/\\\/www.lifeonmachair.ie\\\/ga\\\/#\\\/schema\\\/logo\\\/image\\\/\"},\"sameAs\":[\"https:\\\/\\\/www.facebook.com\\\/profile.php?id=100086060573760\",\"https:\\\/\\\/x.com\\\/LIFEonMachair\"]}]}<\/script>\n<!-- \/ Yoast SEO plugin. -->","yoast_head_json":{"title":"Limist\u00e9ir an Tionscadail - LIFE ar Mhacaire","robots":{"index":"index","follow":"follow","max-snippet":"max-snippet:-1","max-image-preview":"max-image-preview:large","max-video-preview":"max-video-preview:-1"},"canonical":"https:\/\/www.lifeonmachair.ie\/ga\/limisteir-an-tionscadail\/","og_locale":"ga_IE","og_type":"article","og_title":"Limist\u00e9ir an Tionscadail - LIFE ar Mhacaire","og_description":"Leagtar amach spriocr\u00e9ims\u00ed an limist\u00e9ir sa l\u00e9arsc\u00e1il th\u00edos. T\u00e1 gach ceann de na spriocr\u00e9ims\u00ed Machaire suite laistigh agus\/n\u00f3 is cuid de l\u00e1thair Natura 2000 iad. Tugtar liosta d&#8217;ainmneacha agus c\u00f3id (LCS agus SPA) na l\u00e1ithreacha Natura 2000 th\u00edos. I gc\u00e1sanna \u00e1irithe is fo-thacar de ghn\u00e1th\u00f3ga laistigh de na coimpl\u00e9isc n\u00edos m\u00f3 seo iad spriocr\u00e9ims\u00ed an [&hellip;]","og_url":"https:\/\/www.lifeonmachair.ie\/ga\/limisteir-an-tionscadail\/","og_site_name":"LIFE ar Mhacaire","article_publisher":"https:\/\/www.facebook.com\/profile.php?id=100086060573760","article_modified_time":"2023-04-13T15:10:21+00:00","og_image":[{"url":"https:\/\/www.lifeonmachair.ie\/wp-content\/uploads\/2023\/04\/TargetAreaMapGA.png","type":"","width":"","height":""}],"twitter_card":"summary_large_image","twitter_site":"@LIFEonMachair","twitter_misc":{"Est. reading time":"1 minute"},"schema":{"@context":"https:\/\/schema.org","@graph":[{"@type":"WebPage","@id":"https:\/\/www.lifeonmachair.ie\/ga\/limisteir-an-tionscadail\/","url":"https:\/\/www.lifeonmachair.ie\/ga\/limisteir-an-tionscadail\/","name":"Limist\u00e9ir an Tionscadail - LIFE ar Mhacaire","isPartOf":{"@id":"https:\/\/www.lifeonmachair.ie\/ga\/#website"},"primaryImageOfPage":{"@id":"https:\/\/www.lifeonmachair.ie\/ga\/limisteir-an-tionscadail\/#primaryimage"},"image":{"@id":"https:\/\/www.lifeonmachair.ie\/ga\/limisteir-an-tionscadail\/#primaryimage"},"thumbnailUrl":"https:\/\/www.lifeonmachair.ie\/wp-content\/uploads\/2023\/04\/TargetAreaMapGA.png","datePublished":"2023-02-21T14:06:47+00:00","dateModified":"2023-04-13T15:10:21+00:00","breadcrumb":{"@id":"https:\/\/www.lifeonmachair.ie\/ga\/limisteir-an-tionscadail\/#breadcrumb"},"inLanguage":"ga-IE","potentialAction":[{"@type":"ReadAction","target":["https:\/\/www.lifeonmachair.ie\/ga\/limisteir-an-tionscadail\/"]}]},{"@type":"ImageObject","inLanguage":"ga-IE","@id":"https:\/\/www.lifeonmachair.ie\/ga\/limisteir-an-tionscadail\/#primaryimage","url":"https:\/\/www.lifeonmachair.ie\/wp-content\/uploads\/2023\/04\/TargetAreaMapGA.png","contentUrl":"https:\/\/www.lifeonmachair.ie\/wp-content\/uploads\/2023\/04\/TargetAreaMapGA.png"},{"@type":"BreadcrumbList","@id":"https:\/\/www.lifeonmachair.ie\/ga\/limisteir-an-tionscadail\/#breadcrumb","itemListElement":[{"@type":"ListItem","position":1,"name":"Home","item":"https:\/\/www.lifeonmachair.ie\/ga\/"},{"@type":"ListItem","position":2,"name":"Limist\u00e9ir an Tionscadail"}]},{"@type":"WebSite","@id":"https:\/\/www.lifeonmachair.ie\/ga\/#website","url":"https:\/\/www.lifeonmachair.ie\/ga\/","name":"LIFE ar Mhacaire","description":"","publisher":{"@id":"https:\/\/www.lifeonmachair.ie\/ga\/#organization"},"potentialAction":[{"@type":"SearchAction","target":{"@type":"EntryPoint","urlTemplate":"https:\/\/www.lifeonmachair.ie\/ga\/?s={search_term_string}"},"query-input":{"@type":"PropertyValueSpecification","valueRequired":true,"valueName":"search_term_string"}}],"inLanguage":"ga-IE"},{"@type":"Organization","@id":"https:\/\/www.lifeonmachair.ie\/ga\/#organization","name":"Department of Housing, Local Government and Heritage","url":"https:\/\/www.lifeonmachair.ie\/ga\/","logo":{"@type":"ImageObject","inLanguage":"ga-IE","@id":"https:\/\/www.lifeonmachair.ie\/ga\/#\/schema\/logo\/image\/","url":"https:\/\/www.lifeonmachair.ie\/wp-content\/uploads\/2025\/09\/life-on-machair-logo.jpg","contentUrl":"https:\/\/www.lifeonmachair.ie\/wp-content\/uploads\/2025\/09\/life-on-machair-logo.jpg","width":1962,"height":772,"caption":"Department of Housing, Local Government and Heritage"},"image":{"@id":"https:\/\/www.lifeonmachair.ie\/ga\/#\/schema\/logo\/image\/"},"sameAs":["https:\/\/www.facebook.com\/profile.php?id=100086060573760","https:\/\/x.com\/LIFEonMachair"]}]}},"_links":{"self":[{"href":"https:\/\/www.lifeonmachair.ie\/ga\/wp-json\/wp\/v2\/pages\/1340","targetHints":{"allow":["GET"]}}],"collection":[{"href":"https:\/\/www.lifeonmachair.ie\/ga\/wp-json\/wp\/v2\/pages"}],"about":[{"href":"https:\/\/www.lifeonmachair.ie\/ga\/wp-json\/wp\/v2\/types\/page"}],"author":[{"embeddable":true,"href":"https:\/\/www.lifeonmachair.ie\/ga\/wp-json\/wp\/v2\/users\/1"}],"replies":[{"embeddable":true,"href":"https:\/\/www.lifeonmachair.ie\/ga\/wp-json\/wp\/v2\/comments?post=1340"}],"version-history":[{"count":5,"href":"https:\/\/www.lifeonmachair.ie\/ga\/wp-json\/wp\/v2\/pages\/1340\/revisions"}],"predecessor-version":[{"id":1509,"href":"https:\/\/www.lifeonmachair.ie\/ga\/wp-json\/wp\/v2\/pages\/1340\/revisions\/1509"}],"wp:attachment":[{"href":"https:\/\/www.lifeonmachair.ie\/ga\/wp-json\/wp\/v2\/media?parent=1340"}],"curies":[{"name":"wp","href":"https:\/\/api.w.org\/{rel}","templated":true}]}}