{"id":1334,"date":"2023-03-15T17:18:39","date_gmt":"2023-03-15T17:18:39","guid":{"rendered":"https:\/\/www.lifeonmachair.ie\/gniomhaiochtai-an-tionscadail\/comhreiteach-a-athbhunu-leis-an-dulra\/"},"modified":"2023-04-12T15:20:10","modified_gmt":"2023-04-12T15:20:10","slug":"comhreiteach-a-athbhunu-leis-an-dulra","status":"publish","type":"page","link":"https:\/\/www.lifeonmachair.ie\/ga\/gniomhaiochtai-an-tionscadail\/comhreiteach-a-athbhunu-leis-an-dulra\/","title":{"rendered":"Comhr\u00e9iteach a athbhun\u00fa leis an d\u00falra"},"content":{"rendered":"\n<p>T\u00e1 an fheirmeoireacht l\u00e1rnach d\u2019fhorbairt agus do bhainisti\u00fa caomhantais na gc\u00f3ras Machair. Ar feadh na ngl\u00fanta, d\u2019oibrigh feirmeoir\u00ed ar na ceantair seo agus \u00fas\u00e1id \u00e1 baint acu as cur chuige bainist\u00edochta fairsing \u00edseal-d\u00e9ine a chuidigh leis an m\u00f3s\u00e1ic uath\u00fail de ghn\u00e1th\u00f3ga oscailte a chruth\u00fa, agus leis an \u00e9ags\u00falacht speiceas a eascra\u00edonn astu a chruth\u00fa.<\/p>\n\n<p>De r\u00e9ir mar a d\u2019athraigh beartais agus cleachtais feirmeoireachta an AE \u00e1r mbeala\u00ed feirmeoireachta ar fud na h\u00c9ireann \u00f3 na 1970id\u00ed i leith, t\u00e1 athr\u00fa suntasach tagtha ar fheirmeoireacht ar shu\u00edomhanna Machair. Bh\u00ed s\u00e9 sin thar a bheith suntasach i nd\u00e1il le hathruithe ar chine\u00e1l ainmhithe innilte (aistri\u00fa ginear\u00e1lta \u00f3 eallach go caoirigh), d\u00e9ine na n-innilte (leibh\u00e9il n\u00edos airde stoic) chomh maith le hathruithe ar uaini\u00fa agus ar fhad innilte.<\/p>\n\n<p>T\u00e1 laghd\u00fa tagtha ar ch\u00e1il\u00edocht na gn\u00e1th\u00f3ige de bharr na n-athruithe san fheirmeoireacht agus, i m\u00f3r\u00e1n l\u00e1ithre\u00e1n, is l\u00fa an teacht aniar a bh\u00ed sna gn\u00e1th\u00f3ga i leith \u00e9ifeachta\u00ed an athraithe aer\u00e1ide, chomh maith le cumas n\u00edos l\u00fa taca\u00edochta a thabhairt d\u2019lapair\u00ed ph\u00f3r\u00fach\u00e1inagus do phailneoir\u00ed. Mar aon le n\u00edos m\u00f3 \u00fas\u00e1ide le haghaidh \u00e1ineasa agus turas\u00f3ireachta, t\u00e1 g\u00e1 le hathch\u00f3iri\u00fa l\u00e1ithreach ar chuid de na spriocr\u00e9ims\u00ed tionscadail.<\/p>\n\n<figure class=\"wp-block-gallery has-nested-images columns-default is-cropped wp-block-gallery-1 is-layout-flex wp-block-gallery-is-layout-flex\">\n<figure class=\"wp-block-image size-large\"><a href=\"https:\/\/www.lifeonmachair.ie\/wp-content\/uploads\/2023\/03\/damaged-mullet-scaled.jpg\"><img loading=\"lazy\" decoding=\"async\" width=\"1024\" height=\"768\" data-id=\"827\" src=\"https:\/\/www.lifeonmachair.ie\/wp-content\/uploads\/2023\/03\/damaged-mullet-1024x768.jpg\" alt=\"Dam&#xE1;iste Mhuirthead\" class=\"wp-image-827\" srcset=\"https:\/\/www.lifeonmachair.ie\/wp-content\/uploads\/2023\/03\/damaged-mullet-1024x768.jpg 1024w, https:\/\/www.lifeonmachair.ie\/wp-content\/uploads\/2023\/03\/damaged-mullet-300x225.jpg 300w, https:\/\/www.lifeonmachair.ie\/wp-content\/uploads\/2023\/03\/damaged-mullet-768x576.jpg 768w, https:\/\/www.lifeonmachair.ie\/wp-content\/uploads\/2023\/03\/damaged-mullet-1536x1152.jpg 1536w, https:\/\/www.lifeonmachair.ie\/wp-content\/uploads\/2023\/03\/damaged-mullet-2048x1536.jpg 2048w\" sizes=\"auto, (max-width: 1024px) 100vw, 1024px\" \/><\/a><\/figure>\n\n\n\n<figure class=\"wp-block-image size-large\"><a href=\"https:\/\/www.lifeonmachair.ie\/wp-content\/uploads\/2023\/03\/walking-track-scaled.jpg\"><img loading=\"lazy\" decoding=\"async\" width=\"1024\" height=\"768\" data-id=\"820\" src=\"https:\/\/www.lifeonmachair.ie\/wp-content\/uploads\/2023\/03\/walking-track-1024x768.jpg\" alt=\"Walking Track Damage\" class=\"wp-image-820\" srcset=\"https:\/\/www.lifeonmachair.ie\/wp-content\/uploads\/2023\/03\/walking-track-1024x768.jpg 1024w, https:\/\/www.lifeonmachair.ie\/wp-content\/uploads\/2023\/03\/walking-track-300x225.jpg 300w, https:\/\/www.lifeonmachair.ie\/wp-content\/uploads\/2023\/03\/walking-track-768x576.jpg 768w, https:\/\/www.lifeonmachair.ie\/wp-content\/uploads\/2023\/03\/walking-track-1536x1152.jpg 1536w, https:\/\/www.lifeonmachair.ie\/wp-content\/uploads\/2023\/03\/walking-track-2048x1536.jpg 2048w\" sizes=\"auto, (max-width: 1024px) 100vw, 1024px\" \/><\/a><\/figure>\n\n\n\n<figure class=\"wp-block-image size-large\"><a href=\"https:\/\/www.lifeonmachair.ie\/wp-content\/uploads\/2023\/03\/camping-scaled.jpg\"><img loading=\"lazy\" decoding=\"async\" width=\"1024\" height=\"768\" data-id=\"830\" src=\"https:\/\/www.lifeonmachair.ie\/wp-content\/uploads\/2023\/03\/camping-1024x768.jpg\" alt=\"Puball caithte agus Tinte Campa\" class=\"wp-image-830\" srcset=\"https:\/\/www.lifeonmachair.ie\/wp-content\/uploads\/2023\/03\/camping-1024x768.jpg 1024w, https:\/\/www.lifeonmachair.ie\/wp-content\/uploads\/2023\/03\/camping-300x225.jpg 300w, https:\/\/www.lifeonmachair.ie\/wp-content\/uploads\/2023\/03\/camping-768x576.jpg 768w, https:\/\/www.lifeonmachair.ie\/wp-content\/uploads\/2023\/03\/camping-1536x1152.jpg 1536w, https:\/\/www.lifeonmachair.ie\/wp-content\/uploads\/2023\/03\/camping-2048x1536.jpg 2048w\" sizes=\"auto, (max-width: 1024px) 100vw, 1024px\" \/><\/a><\/figure>\n<\/figure>\n\n<h2 class=\"wp-block-heading\">An chothroma\u00edocht cheart a fh\u00e1il do Mhachair<\/h2>\n\n<p>Oibreoidh foireann tionscadail LIFE maidir le Machair go dl\u00fath leis na foirne \u00e1iti\u00fala Tionscadail Comhair ACRES chun r\u00e9itigh chomhroinnte a fhorbairt chun comhl\u00e1n\u00fa a dh\u00e9anamh ar chl\u00e1r ACRES 2022-2028 CBT agus ar chusp\u00f3ir\u00ed l\u00e1ithre\u00e1in Natura 2000.<\/p>\n\n<figure class=\"wp-block-gallery has-nested-images columns-default is-cropped wp-block-gallery-2 is-layout-flex wp-block-gallery-is-layout-flex\">\n<figure class=\"wp-block-image size-large\"><a href=\"https:\/\/www.lifeonmachair.ie\/wp-content\/uploads\/2023\/03\/grazing-difference-scaled-e1679506102355.jpg\"><img decoding=\"async\" data-id=\"841\" src=\"https:\/\/www.lifeonmachair.ie\/wp-content\/uploads\/2023\/03\/grazing-difference-1024x768.jpg\" alt=\"Difr&#xED;ocht Mhachaire neamh-innilt agus f&#xE9;arthalamh\" class=\"wp-image-841\"\/><\/a><\/figure>\n\n\n\n<figure class=\"wp-block-image size-large\"><a href=\"https:\/\/www.lifeonmachair.ie\/wp-content\/uploads\/2023\/03\/IMG-1794-scaled.jpg\"><img loading=\"lazy\" decoding=\"async\" width=\"1024\" height=\"768\" data-id=\"608\" src=\"https:\/\/www.lifeonmachair.ie\/wp-content\/uploads\/2023\/03\/IMG-1794-1024x768.jpg\" alt=\"Innilt Caorach\" class=\"wp-image-608\" srcset=\"https:\/\/www.lifeonmachair.ie\/wp-content\/uploads\/2023\/03\/IMG-1794-1024x768.jpg 1024w, https:\/\/www.lifeonmachair.ie\/wp-content\/uploads\/2023\/03\/IMG-1794-300x225.jpg 300w, https:\/\/www.lifeonmachair.ie\/wp-content\/uploads\/2023\/03\/IMG-1794-768x576.jpg 768w, https:\/\/www.lifeonmachair.ie\/wp-content\/uploads\/2023\/03\/IMG-1794-1536x1152.jpg 1536w, https:\/\/www.lifeonmachair.ie\/wp-content\/uploads\/2023\/03\/IMG-1794-2048x1536.jpg 2048w\" sizes=\"auto, (max-width: 1024px) 100vw, 1024px\" \/><\/a><\/figure>\n<\/figure>\n\n<p>I measc na nd\u00fashl\u00e1n sonrach a aithn\u00edodh tr\u00ed rannph\u00e1irt\u00edocht fhoireann tionscadail LIFE maidir le Machair le gr\u00fapa\u00ed feirmeoireachta \u00e1iti\u00fala go dt\u00ed seo t\u00e1:<\/p>\n\n<figure class=\"wp-block-table is-style-stripes\"><table><thead><tr><th>D\u00fashl\u00e1n<\/th><th>Cinnt\u00ed<\/th><\/tr><\/thead><tbody><tr><td>Feirmeoireacht na gc\u00f3ras Machair i gcomhr\u00e9ir le caomhn\u00fa gn\u00e1th\u00f3ige Natura 2000<\/td><td>Cad iad na leibh\u00e9il chearta le haghaidh: bainisti\u00fa cothaitheach, bainisti\u00fa iomchu\u00ed f\u00e9araigh, lasmuigh den gheimhreadh, innilt samhraidh, \u00fas\u00e1id lotnaidic\u00edd\u00ed a laghd\u00fa etc.<\/td><\/tr><tr><td>Ag obair i gc\u00f3rais mhachair dhinimici\u00fala<\/td><td>Conas aghaidh a thabhairt ar chreimeadh n\u00e1d\u00fartha agus ar thuilte? Conas athl\u00e9imneacht a choth\u00fa i gcoinne \u00e9ifeachta\u00ed an athraithe aer\u00e1ide?<\/td><\/tr><tr><td>L\u00e1ithre\u00e1in chreimthe agus lean\u00fanacha a th\u00f3g\u00e1il ar ais<\/td><td>Cad \u00e9 an poit\u00e9inseal a bhaineann le hidreash\u00edol\u00fa, s\u00edolta d\u00fachasacha a bhaili\u00fa agus a scaipeadh agus an r\u00f3l at\u00e1 ag cur i bhfeidhm feamainne? Cad mar gheall ar f\u00e1l\u00fa cast\u00e1n agus c\u00e1 h\u00e1it chun a leas is fearr a bhaint as?<\/td><\/tr><tr><td>Bainisti\u00fa a dh\u00e9anamh ar lapaire ph\u00f3r\u00fach\u00e1in<\/td><td>Beidh comhartha\u00edocht, f\u00e1l\u00fa chun creachad\u00f3ir\/beostoc\/rochtain ag an duine a laghd\u00fa, chomh maith le meas\u00fan\u00fa agus rial\u00fa creachad\u00f3ra san \u00e1ireamh sna gn\u00edomha\u00edochta\u00ed sonracha le haghaidh lapaire ph\u00f3r\u00fach\u00e1in a thriailtear tr\u00edd an tionscadal.<\/td><\/tr><tr><td>Pailneoir\u00ed a bhainisti\u00fa<\/td><td>I measc na ngn\u00edomha\u00edochta\u00ed sonracha le haghaidh pailneoir\u00ed a dh\u00e9anfar a thriail tr\u00edd an tionscadal beidh gn\u00edomha\u00edochta\u00ed a bhaineann le cleachtais ghinear\u00e1lta feirmeoireachta a rachaidh chun tairbhe do ghn\u00e1th\u00f3ga agus do phailneoir\u00ed araon. Bainfidh gn\u00edomha\u00edochta\u00ed sonracha le forbairt agus cur chun feidhme c\u00f3ras f\u00e9araigh fairsing\/\u00edseald\u00e9ine, comhartha\u00ed agus monat\u00f3ireachta chun eolas a chur ar f\u00e1il do riachtanais pailneoir\u00ed\/gn\u00edomhartha eile de r\u00e9ir mar a shainaithn\u00edtear iad ar bhonn su\u00edmh ar shu\u00edomh.<\/td><\/tr><tr><td>Saincheisteanna a bhaineann le plean\u00e1il<\/td><td>Cad iad na pr\u00f3isis\/s\u00e1sra\u00ed rial\u00e1la at\u00e1 i bhfeidhm i l\u00e1ithre\u00e1in Natura 2000?<\/td><\/tr><tr><td>Rialachas coitinne<\/td><td>Conas a chinnt\u00edmid go gclo\u00edtear leis an leibh\u00e9al ceart innilte?<\/td><\/tr><tr><td>Rial\u00fa speiceas ionrach \/ graf ionrach<\/td><td>Cad iad na speicis ionracha ina bhfuil an \u00e1it? C\u00e9n chaoi a mbainist\u00edmid imr\u00e9iteach gearrth\u00e9armach agus fadt\u00e9armach?<\/td><\/tr><\/tbody><\/table><\/figure>\n","protected":false},"excerpt":{"rendered":"<p>T\u00e1 an fheirmeoireacht l\u00e1rnach d\u2019fhorbairt agus do bhainisti\u00fa caomhantais na gc\u00f3ras Machair. Ar feadh na ngl\u00fanta, d\u2019oibrigh feirmeoir\u00ed ar na ceantair seo agus \u00fas\u00e1id \u00e1 baint acu as cur chuige bainist\u00edochta fairsing \u00edseal-d\u00e9ine a chuidigh leis an m\u00f3s\u00e1ic uath\u00fail de ghn\u00e1th\u00f3ga oscailte a chruth\u00fa, agus leis an \u00e9ags\u00falacht speiceas a eascra\u00edonn astu a chruth\u00fa. De [&hellip;]<\/p>\n","protected":false},"author":1,"featured_media":1482,"parent":1333,"menu_order":0,"comment_status":"closed","ping_status":"closed","template":"","meta":{"site-sidebar-layout":"default","site-content-layout":"","ast-site-content-layout":"default","site-content-style":"default","site-sidebar-style":"default","ast-global-header-display":"","ast-banner-title-visibility":"","ast-main-header-display":"","ast-hfb-above-header-display":"","ast-hfb-below-header-display":"","ast-hfb-mobile-header-display":"","site-post-title":"","ast-breadcrumbs-content":"","ast-featured-img":"","footer-sml-layout":"","ast-disable-related-posts":"","theme-transparent-header-meta":"","adv-header-id-meta":"","stick-header-meta":"","header-above-stick-meta":"","header-main-stick-meta":"","header-below-stick-meta":"","astra-migrate-meta-layouts":"default","ast-page-background-enabled":"default","ast-page-background-meta":{"desktop":{"background-color":"var(--ast-global-color-4)","background-image":"","background-repeat":"repeat","background-position":"center center","background-size":"auto","background-attachment":"scroll","background-type":"","background-media":"","overlay-type":"","overlay-color":"","overlay-opacity":"","overlay-gradient":""},"tablet":{"background-color":"","background-image":"","background-repeat":"repeat","background-position":"center center","background-size":"auto","background-attachment":"scroll","background-type":"","background-media":"","overlay-type":"","overlay-color":"","overlay-opacity":"","overlay-gradient":""},"mobile":{"background-color":"","background-image":"","background-repeat":"repeat","background-position":"center center","background-size":"auto","background-attachment":"scroll","background-type":"","background-media":"","overlay-type":"","overlay-color":"","overlay-opacity":"","overlay-gradient":""}},"ast-content-background-meta":{"desktop":{"background-color":"var(--ast-global-color-5)","background-image":"","background-repeat":"repeat","background-position":"center center","background-size":"auto","background-attachment":"scroll","background-type":"","background-media":"","overlay-type":"","overlay-color":"","overlay-opacity":"","overlay-gradient":""},"tablet":{"background-color":"var(--ast-global-color-5)","background-image":"","background-repeat":"repeat","background-position":"center center","background-size":"auto","background-attachment":"scroll","background-type":"","background-media":"","overlay-type":"","overlay-color":"","overlay-opacity":"","overlay-gradient":""},"mobile":{"background-color":"var(--ast-global-color-5)","background-image":"","background-repeat":"repeat","background-position":"center center","background-size":"auto","background-attachment":"scroll","background-type":"","background-media":"","overlay-type":"","overlay-color":"","overlay-opacity":"","overlay-gradient":""}},"footnotes":""},"class_list":["post-1334","page","type-page","status-publish","has-post-thumbnail","hentry"],"yoast_head":"<!-- This site is optimized with the Yoast SEO plugin v27.3 - https:\/\/yoast.com\/product\/yoast-seo-wordpress\/ -->\n<title>Comhr\u00e9iteach a athbhun\u00fa leis an d\u00falra - LIFE ar Mhacaire<\/title>\n<meta name=\"robots\" content=\"index, follow, max-snippet:-1, max-image-preview:large, max-video-preview:-1\" \/>\n<link rel=\"canonical\" href=\"https:\/\/www.lifeonmachair.ie\/ga\/gniomhaiochtai-an-tionscadail\/comhreiteach-a-athbhunu-leis-an-dulra\/\" \/>\n<meta property=\"og:locale\" content=\"ga_IE\" \/>\n<meta property=\"og:type\" content=\"article\" \/>\n<meta property=\"og:title\" content=\"Comhr\u00e9iteach a athbhun\u00fa leis an d\u00falra - LIFE ar Mhacaire\" \/>\n<meta property=\"og:description\" content=\"T\u00e1 an fheirmeoireacht l\u00e1rnach d\u2019fhorbairt agus do bhainisti\u00fa caomhantais na gc\u00f3ras Machair. Ar feadh na ngl\u00fanta, d\u2019oibrigh feirmeoir\u00ed ar na ceantair seo agus \u00fas\u00e1id \u00e1 baint acu as cur chuige bainist\u00edochta fairsing \u00edseal-d\u00e9ine a chuidigh leis an m\u00f3s\u00e1ic uath\u00fail de ghn\u00e1th\u00f3ga oscailte a chruth\u00fa, agus leis an \u00e9ags\u00falacht speiceas a eascra\u00edonn astu a chruth\u00fa. De [&hellip;]\" \/>\n<meta property=\"og:url\" content=\"https:\/\/www.lifeonmachair.ie\/ga\/gniomhaiochtai-an-tionscadail\/comhreiteach-a-athbhunu-leis-an-dulra\/\" \/>\n<meta property=\"og:site_name\" content=\"LIFE ar Mhacaire\" \/>\n<meta property=\"article:publisher\" content=\"https:\/\/www.facebook.com\/profile.php?id=100086060573760\" \/>\n<meta property=\"article:modified_time\" content=\"2023-04-12T15:20:10+00:00\" \/>\n<meta property=\"og:image\" content=\"https:\/\/www.lifeonmachair.ie\/wp-content\/uploads\/2023\/04\/inishkeas3-scaled-1-e1681312726643.jpg\" \/>\n\t<meta property=\"og:image:width\" content=\"2560\" \/>\n\t<meta property=\"og:image:height\" content=\"1920\" \/>\n\t<meta property=\"og:image:type\" content=\"image\/jpeg\" \/>\n<meta name=\"twitter:card\" content=\"summary_large_image\" \/>\n<meta name=\"twitter:site\" content=\"@LIFEonMachair\" \/>\n<meta name=\"twitter:label1\" content=\"Est. reading time\" \/>\n\t<meta name=\"twitter:data1\" content=\"3 minutes\" \/>\n<script type=\"application\/ld+json\" class=\"yoast-schema-graph\">{\"@context\":\"https:\\\/\\\/schema.org\",\"@graph\":[{\"@type\":\"WebPage\",\"@id\":\"https:\\\/\\\/www.lifeonmachair.ie\\\/ga\\\/gniomhaiochtai-an-tionscadail\\\/comhreiteach-a-athbhunu-leis-an-dulra\\\/\",\"url\":\"https:\\\/\\\/www.lifeonmachair.ie\\\/ga\\\/gniomhaiochtai-an-tionscadail\\\/comhreiteach-a-athbhunu-leis-an-dulra\\\/\",\"name\":\"Comhr\u00e9iteach a athbhun\u00fa leis an d\u00falra - LIFE ar Mhacaire\",\"isPartOf\":{\"@id\":\"https:\\\/\\\/www.lifeonmachair.ie\\\/ga\\\/#website\"},\"primaryImageOfPage\":{\"@id\":\"https:\\\/\\\/www.lifeonmachair.ie\\\/ga\\\/gniomhaiochtai-an-tionscadail\\\/comhreiteach-a-athbhunu-leis-an-dulra\\\/#primaryimage\"},\"image\":{\"@id\":\"https:\\\/\\\/www.lifeonmachair.ie\\\/ga\\\/gniomhaiochtai-an-tionscadail\\\/comhreiteach-a-athbhunu-leis-an-dulra\\\/#primaryimage\"},\"thumbnailUrl\":\"https:\\\/\\\/www.lifeonmachair.ie\\\/wp-content\\\/uploads\\\/2023\\\/04\\\/inishkeas3-scaled-1-e1681312726643.jpg\",\"datePublished\":\"2023-03-15T17:18:39+00:00\",\"dateModified\":\"2023-04-12T15:20:10+00:00\",\"breadcrumb\":{\"@id\":\"https:\\\/\\\/www.lifeonmachair.ie\\\/ga\\\/gniomhaiochtai-an-tionscadail\\\/comhreiteach-a-athbhunu-leis-an-dulra\\\/#breadcrumb\"},\"inLanguage\":\"ga-IE\",\"potentialAction\":[{\"@type\":\"ReadAction\",\"target\":[\"https:\\\/\\\/www.lifeonmachair.ie\\\/ga\\\/gniomhaiochtai-an-tionscadail\\\/comhreiteach-a-athbhunu-leis-an-dulra\\\/\"]}]},{\"@type\":\"ImageObject\",\"inLanguage\":\"ga-IE\",\"@id\":\"https:\\\/\\\/www.lifeonmachair.ie\\\/ga\\\/gniomhaiochtai-an-tionscadail\\\/comhreiteach-a-athbhunu-leis-an-dulra\\\/#primaryimage\",\"url\":\"https:\\\/\\\/www.lifeonmachair.ie\\\/wp-content\\\/uploads\\\/2023\\\/04\\\/inishkeas3-scaled-1-e1681312726643.jpg\",\"contentUrl\":\"https:\\\/\\\/www.lifeonmachair.ie\\\/wp-content\\\/uploads\\\/2023\\\/04\\\/inishkeas3-scaled-1-e1681312726643.jpg\",\"width\":2560,\"height\":1920,\"caption\":\"Inishkea\"},{\"@type\":\"BreadcrumbList\",\"@id\":\"https:\\\/\\\/www.lifeonmachair.ie\\\/ga\\\/gniomhaiochtai-an-tionscadail\\\/comhreiteach-a-athbhunu-leis-an-dulra\\\/#breadcrumb\",\"itemListElement\":[{\"@type\":\"ListItem\",\"position\":1,\"name\":\"Home\",\"item\":\"https:\\\/\\\/www.lifeonmachair.ie\\\/ga\\\/\"},{\"@type\":\"ListItem\",\"position\":2,\"name\":\"Gn\u00edomha\u00edochta\u00ed an Tionscadail\",\"item\":\"https:\\\/\\\/www.lifeonmachair.ie\\\/ga\\\/gniomhaiochtai-an-tionscadail\\\/\"},{\"@type\":\"ListItem\",\"position\":3,\"name\":\"Comhr\u00e9iteach a athbhun\u00fa leis an d\u00falra\"}]},{\"@type\":\"WebSite\",\"@id\":\"https:\\\/\\\/www.lifeonmachair.ie\\\/ga\\\/#website\",\"url\":\"https:\\\/\\\/www.lifeonmachair.ie\\\/ga\\\/\",\"name\":\"LIFE ar Mhacaire\",\"description\":\"\",\"publisher\":{\"@id\":\"https:\\\/\\\/www.lifeonmachair.ie\\\/ga\\\/#organization\"},\"potentialAction\":[{\"@type\":\"SearchAction\",\"target\":{\"@type\":\"EntryPoint\",\"urlTemplate\":\"https:\\\/\\\/www.lifeonmachair.ie\\\/ga\\\/?s={search_term_string}\"},\"query-input\":{\"@type\":\"PropertyValueSpecification\",\"valueRequired\":true,\"valueName\":\"search_term_string\"}}],\"inLanguage\":\"ga-IE\"},{\"@type\":\"Organization\",\"@id\":\"https:\\\/\\\/www.lifeonmachair.ie\\\/ga\\\/#organization\",\"name\":\"Department of Housing, Local Government and Heritage\",\"url\":\"https:\\\/\\\/www.lifeonmachair.ie\\\/ga\\\/\",\"logo\":{\"@type\":\"ImageObject\",\"inLanguage\":\"ga-IE\",\"@id\":\"https:\\\/\\\/www.lifeonmachair.ie\\\/ga\\\/#\\\/schema\\\/logo\\\/image\\\/\",\"url\":\"https:\\\/\\\/www.lifeonmachair.ie\\\/wp-content\\\/uploads\\\/2025\\\/09\\\/life-on-machair-logo.jpg\",\"contentUrl\":\"https:\\\/\\\/www.lifeonmachair.ie\\\/wp-content\\\/uploads\\\/2025\\\/09\\\/life-on-machair-logo.jpg\",\"width\":1962,\"height\":772,\"caption\":\"Department of Housing, Local Government and Heritage\"},\"image\":{\"@id\":\"https:\\\/\\\/www.lifeonmachair.ie\\\/ga\\\/#\\\/schema\\\/logo\\\/image\\\/\"},\"sameAs\":[\"https:\\\/\\\/www.facebook.com\\\/profile.php?id=100086060573760\",\"https:\\\/\\\/x.com\\\/LIFEonMachair\"]}]}<\/script>\n<!-- \/ Yoast SEO plugin. -->","yoast_head_json":{"title":"Comhr\u00e9iteach a athbhun\u00fa leis an d\u00falra - LIFE ar Mhacaire","robots":{"index":"index","follow":"follow","max-snippet":"max-snippet:-1","max-image-preview":"max-image-preview:large","max-video-preview":"max-video-preview:-1"},"canonical":"https:\/\/www.lifeonmachair.ie\/ga\/gniomhaiochtai-an-tionscadail\/comhreiteach-a-athbhunu-leis-an-dulra\/","og_locale":"ga_IE","og_type":"article","og_title":"Comhr\u00e9iteach a athbhun\u00fa leis an d\u00falra - LIFE ar Mhacaire","og_description":"T\u00e1 an fheirmeoireacht l\u00e1rnach d\u2019fhorbairt agus do bhainisti\u00fa caomhantais na gc\u00f3ras Machair. Ar feadh na ngl\u00fanta, d\u2019oibrigh feirmeoir\u00ed ar na ceantair seo agus \u00fas\u00e1id \u00e1 baint acu as cur chuige bainist\u00edochta fairsing \u00edseal-d\u00e9ine a chuidigh leis an m\u00f3s\u00e1ic uath\u00fail de ghn\u00e1th\u00f3ga oscailte a chruth\u00fa, agus leis an \u00e9ags\u00falacht speiceas a eascra\u00edonn astu a chruth\u00fa. De [&hellip;]","og_url":"https:\/\/www.lifeonmachair.ie\/ga\/gniomhaiochtai-an-tionscadail\/comhreiteach-a-athbhunu-leis-an-dulra\/","og_site_name":"LIFE ar Mhacaire","article_publisher":"https:\/\/www.facebook.com\/profile.php?id=100086060573760","article_modified_time":"2023-04-12T15:20:10+00:00","og_image":[{"width":2560,"height":1920,"url":"https:\/\/www.lifeonmachair.ie\/wp-content\/uploads\/2023\/04\/inishkeas3-scaled-1-e1681312726643.jpg","type":"image\/jpeg"}],"twitter_card":"summary_large_image","twitter_site":"@LIFEonMachair","twitter_misc":{"Est. reading time":"3 minutes"},"schema":{"@context":"https:\/\/schema.org","@graph":[{"@type":"WebPage","@id":"https:\/\/www.lifeonmachair.ie\/ga\/gniomhaiochtai-an-tionscadail\/comhreiteach-a-athbhunu-leis-an-dulra\/","url":"https:\/\/www.lifeonmachair.ie\/ga\/gniomhaiochtai-an-tionscadail\/comhreiteach-a-athbhunu-leis-an-dulra\/","name":"Comhr\u00e9iteach a athbhun\u00fa leis an d\u00falra - LIFE ar Mhacaire","isPartOf":{"@id":"https:\/\/www.lifeonmachair.ie\/ga\/#website"},"primaryImageOfPage":{"@id":"https:\/\/www.lifeonmachair.ie\/ga\/gniomhaiochtai-an-tionscadail\/comhreiteach-a-athbhunu-leis-an-dulra\/#primaryimage"},"image":{"@id":"https:\/\/www.lifeonmachair.ie\/ga\/gniomhaiochtai-an-tionscadail\/comhreiteach-a-athbhunu-leis-an-dulra\/#primaryimage"},"thumbnailUrl":"https:\/\/www.lifeonmachair.ie\/wp-content\/uploads\/2023\/04\/inishkeas3-scaled-1-e1681312726643.jpg","datePublished":"2023-03-15T17:18:39+00:00","dateModified":"2023-04-12T15:20:10+00:00","breadcrumb":{"@id":"https:\/\/www.lifeonmachair.ie\/ga\/gniomhaiochtai-an-tionscadail\/comhreiteach-a-athbhunu-leis-an-dulra\/#breadcrumb"},"inLanguage":"ga-IE","potentialAction":[{"@type":"ReadAction","target":["https:\/\/www.lifeonmachair.ie\/ga\/gniomhaiochtai-an-tionscadail\/comhreiteach-a-athbhunu-leis-an-dulra\/"]}]},{"@type":"ImageObject","inLanguage":"ga-IE","@id":"https:\/\/www.lifeonmachair.ie\/ga\/gniomhaiochtai-an-tionscadail\/comhreiteach-a-athbhunu-leis-an-dulra\/#primaryimage","url":"https:\/\/www.lifeonmachair.ie\/wp-content\/uploads\/2023\/04\/inishkeas3-scaled-1-e1681312726643.jpg","contentUrl":"https:\/\/www.lifeonmachair.ie\/wp-content\/uploads\/2023\/04\/inishkeas3-scaled-1-e1681312726643.jpg","width":2560,"height":1920,"caption":"Inishkea"},{"@type":"BreadcrumbList","@id":"https:\/\/www.lifeonmachair.ie\/ga\/gniomhaiochtai-an-tionscadail\/comhreiteach-a-athbhunu-leis-an-dulra\/#breadcrumb","itemListElement":[{"@type":"ListItem","position":1,"name":"Home","item":"https:\/\/www.lifeonmachair.ie\/ga\/"},{"@type":"ListItem","position":2,"name":"Gn\u00edomha\u00edochta\u00ed an Tionscadail","item":"https:\/\/www.lifeonmachair.ie\/ga\/gniomhaiochtai-an-tionscadail\/"},{"@type":"ListItem","position":3,"name":"Comhr\u00e9iteach a athbhun\u00fa leis an d\u00falra"}]},{"@type":"WebSite","@id":"https:\/\/www.lifeonmachair.ie\/ga\/#website","url":"https:\/\/www.lifeonmachair.ie\/ga\/","name":"LIFE ar Mhacaire","description":"","publisher":{"@id":"https:\/\/www.lifeonmachair.ie\/ga\/#organization"},"potentialAction":[{"@type":"SearchAction","target":{"@type":"EntryPoint","urlTemplate":"https:\/\/www.lifeonmachair.ie\/ga\/?s={search_term_string}"},"query-input":{"@type":"PropertyValueSpecification","valueRequired":true,"valueName":"search_term_string"}}],"inLanguage":"ga-IE"},{"@type":"Organization","@id":"https:\/\/www.lifeonmachair.ie\/ga\/#organization","name":"Department of Housing, Local Government and Heritage","url":"https:\/\/www.lifeonmachair.ie\/ga\/","logo":{"@type":"ImageObject","inLanguage":"ga-IE","@id":"https:\/\/www.lifeonmachair.ie\/ga\/#\/schema\/logo\/image\/","url":"https:\/\/www.lifeonmachair.ie\/wp-content\/uploads\/2025\/09\/life-on-machair-logo.jpg","contentUrl":"https:\/\/www.lifeonmachair.ie\/wp-content\/uploads\/2025\/09\/life-on-machair-logo.jpg","width":1962,"height":772,"caption":"Department of Housing, Local Government and Heritage"},"image":{"@id":"https:\/\/www.lifeonmachair.ie\/ga\/#\/schema\/logo\/image\/"},"sameAs":["https:\/\/www.facebook.com\/profile.php?id=100086060573760","https:\/\/x.com\/LIFEonMachair"]}]}},"_links":{"self":[{"href":"https:\/\/www.lifeonmachair.ie\/ga\/wp-json\/wp\/v2\/pages\/1334","targetHints":{"allow":["GET"]}}],"collection":[{"href":"https:\/\/www.lifeonmachair.ie\/ga\/wp-json\/wp\/v2\/pages"}],"about":[{"href":"https:\/\/www.lifeonmachair.ie\/ga\/wp-json\/wp\/v2\/types\/page"}],"author":[{"embeddable":true,"href":"https:\/\/www.lifeonmachair.ie\/ga\/wp-json\/wp\/v2\/users\/1"}],"replies":[{"embeddable":true,"href":"https:\/\/www.lifeonmachair.ie\/ga\/wp-json\/wp\/v2\/comments?post=1334"}],"version-history":[{"count":1,"href":"https:\/\/www.lifeonmachair.ie\/ga\/wp-json\/wp\/v2\/pages\/1334\/revisions"}],"predecessor-version":[{"id":1335,"href":"https:\/\/www.lifeonmachair.ie\/ga\/wp-json\/wp\/v2\/pages\/1334\/revisions\/1335"}],"up":[{"embeddable":true,"href":"https:\/\/www.lifeonmachair.ie\/ga\/wp-json\/wp\/v2\/pages\/1333"}],"wp:featuredmedia":[{"embeddable":true,"href":"https:\/\/www.lifeonmachair.ie\/ga\/wp-json\/wp\/v2\/media\/1482"}],"wp:attachment":[{"href":"https:\/\/www.lifeonmachair.ie\/ga\/wp-json\/wp\/v2\/media?parent=1334"}],"curies":[{"name":"wp","href":"https:\/\/api.w.org\/{rel}","templated":true}]}}