{"id":1179,"date":"2023-02-21T14:33:01","date_gmt":"2023-02-21T14:33:01","guid":{"rendered":"https:\/\/www.lifeonmachair.ie\/polasai-nascalacha-an-tionscadail\/"},"modified":"2023-04-12T13:46:08","modified_gmt":"2023-04-12T13:46:08","slug":"polasai-nascalacha-an-tionscadail","status":"publish","type":"page","link":"https:\/\/www.lifeonmachair.ie\/ga\/maidir-le\/polasai-nascalacha-an-tionscadail\/","title":{"rendered":"Polasa\u00ed &amp; Nasc\u00e1lacha an Tionscadail"},"content":{"rendered":"\n<div class=\"wp-block-columns is-layout-flex wp-container-core-columns-is-layout-28f84493 wp-block-columns-is-layout-flex\">\n<div class=\"wp-block-column is-layout-flow wp-block-column-is-layout-flow\" style=\"flex-basis:66.66%\">\n<p>Cuirfidh an tionscadal le Plean Gn\u00edomha\u00edochta Ilspeicis Idirn\u00e1isi\u00fanta an AE maidir le Lapair\u00ed P\u00f3r\u00fach\u00e1in a Chaomhn\u00fa i nGn\u00e1th\u00f3ga B\u00e1in Fhliuch san Eoraip (2018-2028).<\/p>\n\n\n\n<p>Rannchuideoidh s\u00e9 freisin le Tionscnamh AE maidir le Pailneoir\u00ed agus le beartas a bhaineann le feabhas a chur ar athl\u00e9imneacht na ngn\u00e1th\u00f3g c\u00f3sta i gcoinne an athraithe aer\u00e1ide, i gcomhr\u00e9ir le Strait\u00e9is AE maidir le Bonneagar Glas. <\/p>\n\n\n\n<p>Rannchuideoidh LIFE on Machair le cur chun feidhme Strait\u00e9is Bith\u00e9ags\u00falachta AE go dt\u00ed 2030, na Treorach maidir le Gn\u00e1th\u00f3ga agus na Treorach maidir le h\u00c9in, agus le Creat Gn\u00edomha\u00edochta Tosa\u00edochta (PAF) na h\u00c9ireann do Natura 2000 a fhorbairt, lena n-\u00e1ir\u00edtear comhaontuithe talmha\u00edochta-comhshaoil bunaithe ar thortha\u00ed mar a forbra\u00edodh faoin gcl\u00e1r nua ACRES.<\/p>\n\n\n\n<p>T\u00e1 an tionscadal LIFE ar Mhachaire ag teacht go dl\u00fath le agus baineann s\u00e9 feidhm as cuir chuige chomhchos\u00fala le:<\/p>\n\n\n\n<ul class=\"wp-block-list\">\n<li><a href=\"https:\/\/wildatlanticnature.ie\">Tionscadal Comhth\u00e1ite LIFE N\u00e1d\u00far an Atlantaigh Fhi\u00e1in<\/a><\/li>\n\n\n\n<li><a href=\"https:\/\/corncrakelife.ie\">Tionscadal LIFE na dTraonach<\/a><\/li>\n\n\n\n<li><a href=\"https:\/\/www.loughcarralife.ie\/\">LIFE Loch Ceara<\/a><\/li>\n\n\n\n<li><a href=\"https:\/\/watersoflife.ie\">Tionscadal Uisc\u00ed na Beatha<\/a><\/li>\n<\/ul>\n<\/div>\n\n\n\n<div class=\"wp-block-column is-layout-flow wp-block-column-is-layout-flow\" style=\"flex-basis:33.33%\">\n<figure class=\"wp-block-image size-large\"><a href=\"https:\/\/www.lifeonmachair.ie\/wp-content\/uploads\/2023\/03\/mullet-church-scaled.jpg\"><img loading=\"lazy\" decoding=\"async\" width=\"2560\" height=\"2560\" src=\"https:\/\/www.lifeonmachair.ie\/wp-content\/uploads\/2023\/04\/mullet-church-edited-scaled.jpg\" alt=\"Fothracha Eaglais an Mhuirthead\" class=\"wp-image-1201\" srcset=\"https:\/\/www.lifeonmachair.ie\/wp-content\/uploads\/2023\/04\/mullet-church-edited-scaled.jpg 2560w, https:\/\/www.lifeonmachair.ie\/wp-content\/uploads\/2023\/04\/mullet-church-edited-300x300.jpg 300w, https:\/\/www.lifeonmachair.ie\/wp-content\/uploads\/2023\/04\/mullet-church-edited-1024x1024.jpg 1024w, https:\/\/www.lifeonmachair.ie\/wp-content\/uploads\/2023\/04\/mullet-church-edited-150x150.jpg 150w, https:\/\/www.lifeonmachair.ie\/wp-content\/uploads\/2023\/04\/mullet-church-edited-768x768.jpg 768w, https:\/\/www.lifeonmachair.ie\/wp-content\/uploads\/2023\/04\/mullet-church-edited-1536x1536.jpg 1536w, https:\/\/www.lifeonmachair.ie\/wp-content\/uploads\/2023\/04\/mullet-church-edited-2048x2048.jpg 2048w\" sizes=\"auto, (max-width: 2560px) 100vw, 2560px\" \/><\/a><figcaption class=\"wp-element-caption\">Fothracha Eaglais an Mhuirthead<\/figcaption><\/figure>\n<\/div>\n<\/div>\n","protected":false},"excerpt":{"rendered":"<p>Cuirfidh an tionscadal le Plean Gn\u00edomha\u00edochta Ilspeicis Idirn\u00e1isi\u00fanta an AE maidir le Lapair\u00ed P\u00f3r\u00fach\u00e1in a Chaomhn\u00fa i nGn\u00e1th\u00f3ga B\u00e1in Fhliuch san Eoraip (2018-2028). Rannchuideoidh s\u00e9 freisin le Tionscnamh AE maidir le Pailneoir\u00ed agus le beartas a bhaineann le feabhas a chur ar athl\u00e9imneacht na ngn\u00e1th\u00f3g c\u00f3sta i gcoinne an athraithe aer\u00e1ide, i gcomhr\u00e9ir le Strait\u00e9is [&hellip;]<\/p>\n","protected":false},"author":1,"featured_media":1063,"parent":1320,"menu_order":0,"comment_status":"closed","ping_status":"closed","template":"","meta":{"site-sidebar-layout":"default","site-content-layout":"","ast-site-content-layout":"default","site-content-style":"default","site-sidebar-style":"default","ast-global-header-display":"","ast-banner-title-visibility":"","ast-main-header-display":"","ast-hfb-above-header-display":"","ast-hfb-below-header-display":"","ast-hfb-mobile-header-display":"","site-post-title":"","ast-breadcrumbs-content":"","ast-featured-img":"","footer-sml-layout":"","ast-disable-related-posts":"","theme-transparent-header-meta":"","adv-header-id-meta":"","stick-header-meta":"","header-above-stick-meta":"","header-main-stick-meta":"","header-below-stick-meta":"","astra-migrate-meta-layouts":"default","ast-page-background-enabled":"default","ast-page-background-meta":{"desktop":{"background-color":"var(--ast-global-color-4)","background-image":"","background-repeat":"repeat","background-position":"center center","background-size":"auto","background-attachment":"scroll","background-type":"","background-media":"","overlay-type":"","overlay-color":"","overlay-opacity":"","overlay-gradient":""},"tablet":{"background-color":"","background-image":"","background-repeat":"repeat","background-position":"center center","background-size":"auto","background-attachment":"scroll","background-type":"","background-media":"","overlay-type":"","overlay-color":"","overlay-opacity":"","overlay-gradient":""},"mobile":{"background-color":"","background-image":"","background-repeat":"repeat","background-position":"center center","background-size":"auto","background-attachment":"scroll","background-type":"","background-media":"","overlay-type":"","overlay-color":"","overlay-opacity":"","overlay-gradient":""}},"ast-content-background-meta":{"desktop":{"background-color":"var(--ast-global-color-5)","background-image":"","background-repeat":"repeat","background-position":"center center","background-size":"auto","background-attachment":"scroll","background-type":"","background-media":"","overlay-type":"","overlay-color":"","overlay-opacity":"","overlay-gradient":""},"tablet":{"background-color":"var(--ast-global-color-5)","background-image":"","background-repeat":"repeat","background-position":"center center","background-size":"auto","background-attachment":"scroll","background-type":"","background-media":"","overlay-type":"","overlay-color":"","overlay-opacity":"","overlay-gradient":""},"mobile":{"background-color":"var(--ast-global-color-5)","background-image":"","background-repeat":"repeat","background-position":"center center","background-size":"auto","background-attachment":"scroll","background-type":"","background-media":"","overlay-type":"","overlay-color":"","overlay-opacity":"","overlay-gradient":""}},"footnotes":""},"class_list":["post-1179","page","type-page","status-publish","has-post-thumbnail","hentry"],"yoast_head":"<!-- This site is optimized with the Yoast SEO plugin v27.3 - https:\/\/yoast.com\/product\/yoast-seo-wordpress\/ -->\n<title>Polasa\u00ed &amp; Nasc\u00e1lacha an Tionscadail - LIFE ar Mhacaire<\/title>\n<meta name=\"robots\" content=\"index, follow, max-snippet:-1, max-image-preview:large, max-video-preview:-1\" \/>\n<link rel=\"canonical\" href=\"https:\/\/www.lifeonmachair.ie\/ga\/maidir-le\/polasai-nascalacha-an-tionscadail\/\" \/>\n<meta property=\"og:locale\" content=\"ga_IE\" \/>\n<meta property=\"og:type\" content=\"article\" \/>\n<meta property=\"og:title\" content=\"Polasa\u00ed &amp; Nasc\u00e1lacha an Tionscadail - LIFE ar Mhacaire\" \/>\n<meta property=\"og:description\" content=\"Cuirfidh an tionscadal le Plean Gn\u00edomha\u00edochta Ilspeicis Idirn\u00e1isi\u00fanta an AE maidir le Lapair\u00ed P\u00f3r\u00fach\u00e1in a Chaomhn\u00fa i nGn\u00e1th\u00f3ga B\u00e1in Fhliuch san Eoraip (2018-2028). Rannchuideoidh s\u00e9 freisin le Tionscnamh AE maidir le Pailneoir\u00ed agus le beartas a bhaineann le feabhas a chur ar athl\u00e9imneacht na ngn\u00e1th\u00f3g c\u00f3sta i gcoinne an athraithe aer\u00e1ide, i gcomhr\u00e9ir le Strait\u00e9is [&hellip;]\" \/>\n<meta property=\"og:url\" content=\"https:\/\/www.lifeonmachair.ie\/ga\/maidir-le\/polasai-nascalacha-an-tionscadail\/\" \/>\n<meta property=\"og:site_name\" content=\"LIFE ar Mhacaire\" \/>\n<meta property=\"article:publisher\" content=\"https:\/\/www.facebook.com\/profile.php?id=100086060573760\" \/>\n<meta property=\"article:modified_time\" content=\"2023-04-12T13:46:08+00:00\" \/>\n<meta property=\"og:image\" content=\"https:\/\/www.lifeonmachair.ie\/wp-content\/uploads\/2023\/03\/mullet-church-1-scaled-e1679503877173.jpg\" \/>\n\t<meta property=\"og:image:width\" content=\"2560\" \/>\n\t<meta property=\"og:image:height\" content=\"1920\" \/>\n\t<meta property=\"og:image:type\" content=\"image\/jpeg\" \/>\n<meta name=\"twitter:card\" content=\"summary_large_image\" \/>\n<meta name=\"twitter:site\" content=\"@LIFEonMachair\" \/>\n<meta name=\"twitter:label1\" content=\"Est. reading time\" \/>\n\t<meta name=\"twitter:data1\" content=\"1 minute\" \/>\n<script type=\"application\/ld+json\" class=\"yoast-schema-graph\">{\"@context\":\"https:\\\/\\\/schema.org\",\"@graph\":[{\"@type\":\"WebPage\",\"@id\":\"https:\\\/\\\/www.lifeonmachair.ie\\\/ga\\\/maidir-le\\\/polasai-nascalacha-an-tionscadail\\\/\",\"url\":\"https:\\\/\\\/www.lifeonmachair.ie\\\/ga\\\/maidir-le\\\/polasai-nascalacha-an-tionscadail\\\/\",\"name\":\"Polasa\u00ed &amp; Nasc\u00e1lacha an Tionscadail - LIFE ar Mhacaire\",\"isPartOf\":{\"@id\":\"https:\\\/\\\/www.lifeonmachair.ie\\\/ga\\\/#website\"},\"primaryImageOfPage\":{\"@id\":\"https:\\\/\\\/www.lifeonmachair.ie\\\/ga\\\/maidir-le\\\/polasai-nascalacha-an-tionscadail\\\/#primaryimage\"},\"image\":{\"@id\":\"https:\\\/\\\/www.lifeonmachair.ie\\\/ga\\\/maidir-le\\\/polasai-nascalacha-an-tionscadail\\\/#primaryimage\"},\"thumbnailUrl\":\"https:\\\/\\\/www.lifeonmachair.ie\\\/wp-content\\\/uploads\\\/2023\\\/03\\\/mullet-church-1-scaled-e1679503877173.jpg\",\"datePublished\":\"2023-02-21T14:33:01+00:00\",\"dateModified\":\"2023-04-12T13:46:08+00:00\",\"breadcrumb\":{\"@id\":\"https:\\\/\\\/www.lifeonmachair.ie\\\/ga\\\/maidir-le\\\/polasai-nascalacha-an-tionscadail\\\/#breadcrumb\"},\"inLanguage\":\"ga-IE\",\"potentialAction\":[{\"@type\":\"ReadAction\",\"target\":[\"https:\\\/\\\/www.lifeonmachair.ie\\\/ga\\\/maidir-le\\\/polasai-nascalacha-an-tionscadail\\\/\"]}]},{\"@type\":\"ImageObject\",\"inLanguage\":\"ga-IE\",\"@id\":\"https:\\\/\\\/www.lifeonmachair.ie\\\/ga\\\/maidir-le\\\/polasai-nascalacha-an-tionscadail\\\/#primaryimage\",\"url\":\"https:\\\/\\\/www.lifeonmachair.ie\\\/wp-content\\\/uploads\\\/2023\\\/03\\\/mullet-church-1-scaled-e1679503877173.jpg\",\"contentUrl\":\"https:\\\/\\\/www.lifeonmachair.ie\\\/wp-content\\\/uploads\\\/2023\\\/03\\\/mullet-church-1-scaled-e1679503877173.jpg\",\"width\":2560,\"height\":1920,\"caption\":\"Mullet Church\"},{\"@type\":\"BreadcrumbList\",\"@id\":\"https:\\\/\\\/www.lifeonmachair.ie\\\/ga\\\/maidir-le\\\/polasai-nascalacha-an-tionscadail\\\/#breadcrumb\",\"itemListElement\":[{\"@type\":\"ListItem\",\"position\":1,\"name\":\"Home\",\"item\":\"https:\\\/\\\/www.lifeonmachair.ie\\\/ga\\\/\"},{\"@type\":\"ListItem\",\"position\":2,\"name\":\"Maidir le\",\"item\":\"https:\\\/\\\/www.lifeonmachair.ie\\\/ga\\\/maidir-le\\\/\"},{\"@type\":\"ListItem\",\"position\":3,\"name\":\"Polasa\u00ed &amp; Nasc\u00e1lacha an Tionscadail\"}]},{\"@type\":\"WebSite\",\"@id\":\"https:\\\/\\\/www.lifeonmachair.ie\\\/ga\\\/#website\",\"url\":\"https:\\\/\\\/www.lifeonmachair.ie\\\/ga\\\/\",\"name\":\"LIFE ar Mhacaire\",\"description\":\"\",\"publisher\":{\"@id\":\"https:\\\/\\\/www.lifeonmachair.ie\\\/ga\\\/#organization\"},\"potentialAction\":[{\"@type\":\"SearchAction\",\"target\":{\"@type\":\"EntryPoint\",\"urlTemplate\":\"https:\\\/\\\/www.lifeonmachair.ie\\\/ga\\\/?s={search_term_string}\"},\"query-input\":{\"@type\":\"PropertyValueSpecification\",\"valueRequired\":true,\"valueName\":\"search_term_string\"}}],\"inLanguage\":\"ga-IE\"},{\"@type\":\"Organization\",\"@id\":\"https:\\\/\\\/www.lifeonmachair.ie\\\/ga\\\/#organization\",\"name\":\"Department of Housing, Local Government and Heritage\",\"url\":\"https:\\\/\\\/www.lifeonmachair.ie\\\/ga\\\/\",\"logo\":{\"@type\":\"ImageObject\",\"inLanguage\":\"ga-IE\",\"@id\":\"https:\\\/\\\/www.lifeonmachair.ie\\\/ga\\\/#\\\/schema\\\/logo\\\/image\\\/\",\"url\":\"https:\\\/\\\/www.lifeonmachair.ie\\\/wp-content\\\/uploads\\\/2025\\\/09\\\/life-on-machair-logo.jpg\",\"contentUrl\":\"https:\\\/\\\/www.lifeonmachair.ie\\\/wp-content\\\/uploads\\\/2025\\\/09\\\/life-on-machair-logo.jpg\",\"width\":1962,\"height\":772,\"caption\":\"Department of Housing, Local Government and Heritage\"},\"image\":{\"@id\":\"https:\\\/\\\/www.lifeonmachair.ie\\\/ga\\\/#\\\/schema\\\/logo\\\/image\\\/\"},\"sameAs\":[\"https:\\\/\\\/www.facebook.com\\\/profile.php?id=100086060573760\",\"https:\\\/\\\/x.com\\\/LIFEonMachair\"]}]}<\/script>\n<!-- \/ Yoast SEO plugin. -->","yoast_head_json":{"title":"Polasa\u00ed &amp; Nasc\u00e1lacha an Tionscadail - LIFE ar Mhacaire","robots":{"index":"index","follow":"follow","max-snippet":"max-snippet:-1","max-image-preview":"max-image-preview:large","max-video-preview":"max-video-preview:-1"},"canonical":"https:\/\/www.lifeonmachair.ie\/ga\/maidir-le\/polasai-nascalacha-an-tionscadail\/","og_locale":"ga_IE","og_type":"article","og_title":"Polasa\u00ed &amp; Nasc\u00e1lacha an Tionscadail - LIFE ar Mhacaire","og_description":"Cuirfidh an tionscadal le Plean Gn\u00edomha\u00edochta Ilspeicis Idirn\u00e1isi\u00fanta an AE maidir le Lapair\u00ed P\u00f3r\u00fach\u00e1in a Chaomhn\u00fa i nGn\u00e1th\u00f3ga B\u00e1in Fhliuch san Eoraip (2018-2028). Rannchuideoidh s\u00e9 freisin le Tionscnamh AE maidir le Pailneoir\u00ed agus le beartas a bhaineann le feabhas a chur ar athl\u00e9imneacht na ngn\u00e1th\u00f3g c\u00f3sta i gcoinne an athraithe aer\u00e1ide, i gcomhr\u00e9ir le Strait\u00e9is [&hellip;]","og_url":"https:\/\/www.lifeonmachair.ie\/ga\/maidir-le\/polasai-nascalacha-an-tionscadail\/","og_site_name":"LIFE ar Mhacaire","article_publisher":"https:\/\/www.facebook.com\/profile.php?id=100086060573760","article_modified_time":"2023-04-12T13:46:08+00:00","og_image":[{"width":2560,"height":1920,"url":"https:\/\/www.lifeonmachair.ie\/wp-content\/uploads\/2023\/03\/mullet-church-1-scaled-e1679503877173.jpg","type":"image\/jpeg"}],"twitter_card":"summary_large_image","twitter_site":"@LIFEonMachair","twitter_misc":{"Est. reading time":"1 minute"},"schema":{"@context":"https:\/\/schema.org","@graph":[{"@type":"WebPage","@id":"https:\/\/www.lifeonmachair.ie\/ga\/maidir-le\/polasai-nascalacha-an-tionscadail\/","url":"https:\/\/www.lifeonmachair.ie\/ga\/maidir-le\/polasai-nascalacha-an-tionscadail\/","name":"Polasa\u00ed &amp; Nasc\u00e1lacha an Tionscadail - LIFE ar Mhacaire","isPartOf":{"@id":"https:\/\/www.lifeonmachair.ie\/ga\/#website"},"primaryImageOfPage":{"@id":"https:\/\/www.lifeonmachair.ie\/ga\/maidir-le\/polasai-nascalacha-an-tionscadail\/#primaryimage"},"image":{"@id":"https:\/\/www.lifeonmachair.ie\/ga\/maidir-le\/polasai-nascalacha-an-tionscadail\/#primaryimage"},"thumbnailUrl":"https:\/\/www.lifeonmachair.ie\/wp-content\/uploads\/2023\/03\/mullet-church-1-scaled-e1679503877173.jpg","datePublished":"2023-02-21T14:33:01+00:00","dateModified":"2023-04-12T13:46:08+00:00","breadcrumb":{"@id":"https:\/\/www.lifeonmachair.ie\/ga\/maidir-le\/polasai-nascalacha-an-tionscadail\/#breadcrumb"},"inLanguage":"ga-IE","potentialAction":[{"@type":"ReadAction","target":["https:\/\/www.lifeonmachair.ie\/ga\/maidir-le\/polasai-nascalacha-an-tionscadail\/"]}]},{"@type":"ImageObject","inLanguage":"ga-IE","@id":"https:\/\/www.lifeonmachair.ie\/ga\/maidir-le\/polasai-nascalacha-an-tionscadail\/#primaryimage","url":"https:\/\/www.lifeonmachair.ie\/wp-content\/uploads\/2023\/03\/mullet-church-1-scaled-e1679503877173.jpg","contentUrl":"https:\/\/www.lifeonmachair.ie\/wp-content\/uploads\/2023\/03\/mullet-church-1-scaled-e1679503877173.jpg","width":2560,"height":1920,"caption":"Mullet Church"},{"@type":"BreadcrumbList","@id":"https:\/\/www.lifeonmachair.ie\/ga\/maidir-le\/polasai-nascalacha-an-tionscadail\/#breadcrumb","itemListElement":[{"@type":"ListItem","position":1,"name":"Home","item":"https:\/\/www.lifeonmachair.ie\/ga\/"},{"@type":"ListItem","position":2,"name":"Maidir le","item":"https:\/\/www.lifeonmachair.ie\/ga\/maidir-le\/"},{"@type":"ListItem","position":3,"name":"Polasa\u00ed &amp; Nasc\u00e1lacha an Tionscadail"}]},{"@type":"WebSite","@id":"https:\/\/www.lifeonmachair.ie\/ga\/#website","url":"https:\/\/www.lifeonmachair.ie\/ga\/","name":"LIFE ar Mhacaire","description":"","publisher":{"@id":"https:\/\/www.lifeonmachair.ie\/ga\/#organization"},"potentialAction":[{"@type":"SearchAction","target":{"@type":"EntryPoint","urlTemplate":"https:\/\/www.lifeonmachair.ie\/ga\/?s={search_term_string}"},"query-input":{"@type":"PropertyValueSpecification","valueRequired":true,"valueName":"search_term_string"}}],"inLanguage":"ga-IE"},{"@type":"Organization","@id":"https:\/\/www.lifeonmachair.ie\/ga\/#organization","name":"Department of Housing, Local Government and Heritage","url":"https:\/\/www.lifeonmachair.ie\/ga\/","logo":{"@type":"ImageObject","inLanguage":"ga-IE","@id":"https:\/\/www.lifeonmachair.ie\/ga\/#\/schema\/logo\/image\/","url":"https:\/\/www.lifeonmachair.ie\/wp-content\/uploads\/2025\/09\/life-on-machair-logo.jpg","contentUrl":"https:\/\/www.lifeonmachair.ie\/wp-content\/uploads\/2025\/09\/life-on-machair-logo.jpg","width":1962,"height":772,"caption":"Department of Housing, Local Government and Heritage"},"image":{"@id":"https:\/\/www.lifeonmachair.ie\/ga\/#\/schema\/logo\/image\/"},"sameAs":["https:\/\/www.facebook.com\/profile.php?id=100086060573760","https:\/\/x.com\/LIFEonMachair"]}]}},"_links":{"self":[{"href":"https:\/\/www.lifeonmachair.ie\/ga\/wp-json\/wp\/v2\/pages\/1179","targetHints":{"allow":["GET"]}}],"collection":[{"href":"https:\/\/www.lifeonmachair.ie\/ga\/wp-json\/wp\/v2\/pages"}],"about":[{"href":"https:\/\/www.lifeonmachair.ie\/ga\/wp-json\/wp\/v2\/types\/page"}],"author":[{"embeddable":true,"href":"https:\/\/www.lifeonmachair.ie\/ga\/wp-json\/wp\/v2\/users\/1"}],"replies":[{"embeddable":true,"href":"https:\/\/www.lifeonmachair.ie\/ga\/wp-json\/wp\/v2\/comments?post=1179"}],"version-history":[{"count":2,"href":"https:\/\/www.lifeonmachair.ie\/ga\/wp-json\/wp\/v2\/pages\/1179\/revisions"}],"predecessor-version":[{"id":1300,"href":"https:\/\/www.lifeonmachair.ie\/ga\/wp-json\/wp\/v2\/pages\/1179\/revisions\/1300"}],"up":[{"embeddable":true,"href":"https:\/\/www.lifeonmachair.ie\/ga\/wp-json\/wp\/v2\/pages\/1320"}],"wp:featuredmedia":[{"embeddable":true,"href":"https:\/\/www.lifeonmachair.ie\/ga\/wp-json\/wp\/v2\/media\/1063"}],"wp:attachment":[{"href":"https:\/\/www.lifeonmachair.ie\/ga\/wp-json\/wp\/v2\/media?parent=1179"}],"curies":[{"name":"wp","href":"https:\/\/api.w.org\/{rel}","templated":true}]}}