{"id":1175,"date":"2023-03-15T12:17:35","date_gmt":"2023-03-15T12:17:35","guid":{"rendered":"https:\/\/www.lifeonmachair.ie\/baile\/cen-ghne-as-an-ngnath-ata-ag-baint-le-corais-na-machairi\/"},"modified":"2023-04-12T13:21:52","modified_gmt":"2023-04-12T13:21:52","slug":"cen-ghne-as-an-ngnath-ata-ag-baint-le-corais-na-machairi","status":"publish","type":"page","link":"https:\/\/www.lifeonmachair.ie\/ga\/baile\/cen-ghne-as-an-ngnath-ata-ag-baint-le-corais-na-machairi\/","title":{"rendered":"C\u00e9n ghn\u00e9 as an ngn\u00e1th at\u00e1 ag baint le c\u00f3rais na Machair\u00ed?"},"content":{"rendered":"\n<div class=\"wp-block-columns is-layout-flex wp-container-core-columns-is-layout-28f84493 wp-block-columns-is-layout-flex\">\n<div class=\"wp-block-column is-layout-flow wp-block-column-is-layout-flow\" style=\"flex-basis:66.66%\">\n<p>Cuims\u00edonn c\u00f3rais mhachair sraith de ghn\u00e1th\u00f3ga uath\u00fala agus luachmhara. T\u00e1 gach gn\u00e1th\u00f3g d\u00e9anta suas de fhiadh\u00falra chomh huath\u00fail agus chomh luachmhar c\u00e9anna. In LIFE ar Mhachair, d\u00edr\u00edonn muid ar speicis at\u00e1 faoi bhagairt go n\u00e1isi\u00fanta maidir le p\u00f3r\u00fa agus gr\u00fapa\u00ed pailneoir\u00ed (beacha, beach ghabhair, f\u00e9ileac\u00e1in agus leamhain).<\/p>\n\n\n\n<p>Chomh maith le bheith uath\u00fail agus speisialta, cuireann c\u00f3rais Machair r\u00e9imse seirbh\u00eds\u00ed \u00e9iceach\u00f3rais ar f\u00e1il freisin, lena n-\u00e1ir\u00edtear tac\u00fa leis an bhfeirmeoireacht tr\u00ed innilt ainmhithe, rial\u00e1il sreabhadh uisce (maol\u00fa tuile) agus gaisteoireacht dr\u00edodair, pailni\u00fa, sl\u00e1inte ithreach, cosaint c\u00f3sta agus oidhreacht chult\u00fartha agus sh\u00f3isialta.<\/p>\n\n\n\n<p>Le blianta beaga anuas, cuireann su\u00edomhanna Machair \u00e1it ar f\u00e1il d\u2019\u00fas\u00e1id luachmhar \u00e1ineasa agus turas\u00f3ireachta, do chuairteoir\u00ed \u00e1iti\u00fala agus do chuairteoir\u00ed n\u00edos fuide i gc\u00e9in araon.<\/p>\n\n\n\n<p><strong>T\u00e1 s\u00e9 mar phr\u00edomhchusp\u00f3ir ag LIFE ar Machair an chothroma\u00edocht a bhaint amach don fheirmeoireacht inbhuanaithe agus d\u2019\u00fas\u00e1id \u00e1ineasa\/turas\u00f3ireachta na gc\u00f3ras Machair amach anseo, i gcomhth\u00e9acs an athraithe aer\u00e1ide.<\/strong><\/p>\n<\/div>\n\n\n\n<div class=\"wp-block-column is-layout-flow wp-block-column-is-layout-flow\" style=\"flex-basis:33.33%\">\n<figure class=\"wp-block-image size-large\"><a href=\"https:\/\/www.lifeonmachair.ie\/wp-content\/uploads\/2023\/04\/IMG-2104-1-scaled.jpg\"><img loading=\"lazy\" decoding=\"async\" width=\"2560\" height=\"2560\" src=\"https:\/\/www.lifeonmachair.ie\/wp-content\/uploads\/2023\/04\/IMG-2104-1-edited-scaled.jpg\" alt=\"Eallach ar an Mhachair\" class=\"wp-image-1445\" srcset=\"https:\/\/www.lifeonmachair.ie\/wp-content\/uploads\/2023\/04\/IMG-2104-1-edited-scaled.jpg 2560w, https:\/\/www.lifeonmachair.ie\/wp-content\/uploads\/2023\/04\/IMG-2104-1-edited-300x300.jpg 300w, https:\/\/www.lifeonmachair.ie\/wp-content\/uploads\/2023\/04\/IMG-2104-1-edited-1024x1024.jpg 1024w, https:\/\/www.lifeonmachair.ie\/wp-content\/uploads\/2023\/04\/IMG-2104-1-edited-150x150.jpg 150w, https:\/\/www.lifeonmachair.ie\/wp-content\/uploads\/2023\/04\/IMG-2104-1-edited-768x768.jpg 768w, https:\/\/www.lifeonmachair.ie\/wp-content\/uploads\/2023\/04\/IMG-2104-1-edited-1536x1536.jpg 1536w, https:\/\/www.lifeonmachair.ie\/wp-content\/uploads\/2023\/04\/IMG-2104-1-edited-2048x2048.jpg 2048w\" sizes=\"auto, (max-width: 2560px) 100vw, 2560px\" \/><\/a><figcaption class=\"wp-element-caption\">Eallach ar an Mhachair<\/figcaption><\/figure>\n<\/div>\n<\/div>\n","protected":false},"excerpt":{"rendered":"<p>Cuims\u00edonn c\u00f3rais mhachair sraith de ghn\u00e1th\u00f3ga uath\u00fala agus luachmhara. T\u00e1 gach gn\u00e1th\u00f3g d\u00e9anta suas de fhiadh\u00falra chomh huath\u00fail agus chomh luachmhar c\u00e9anna. In LIFE ar Mhachair, d\u00edr\u00edonn muid ar speicis at\u00e1 faoi bhagairt go n\u00e1isi\u00fanta maidir le p\u00f3r\u00fa agus gr\u00fapa\u00ed pailneoir\u00ed (beacha, beach ghabhair, f\u00e9ileac\u00e1in agus leamhain). Chomh maith le bheith uath\u00fail agus speisialta, cuireann [&hellip;]<\/p>\n","protected":false},"author":1,"featured_media":1442,"parent":233,"menu_order":0,"comment_status":"closed","ping_status":"closed","template":"","meta":{"site-sidebar-layout":"default","site-content-layout":"","ast-site-content-layout":"default","site-content-style":"default","site-sidebar-style":"default","ast-global-header-display":"","ast-banner-title-visibility":"","ast-main-header-display":"","ast-hfb-above-header-display":"","ast-hfb-below-header-display":"","ast-hfb-mobile-header-display":"","site-post-title":"","ast-breadcrumbs-content":"","ast-featured-img":"","footer-sml-layout":"","ast-disable-related-posts":"","theme-transparent-header-meta":"","adv-header-id-meta":"","stick-header-meta":"","header-above-stick-meta":"","header-main-stick-meta":"","header-below-stick-meta":"","astra-migrate-meta-layouts":"default","ast-page-background-enabled":"default","ast-page-background-meta":{"desktop":{"background-color":"var(--ast-global-color-4)","background-image":"","background-repeat":"repeat","background-position":"center center","background-size":"auto","background-attachment":"scroll","background-type":"","background-media":"","overlay-type":"","overlay-color":"","overlay-opacity":"","overlay-gradient":""},"tablet":{"background-color":"","background-image":"","background-repeat":"repeat","background-position":"center center","background-size":"auto","background-attachment":"scroll","background-type":"","background-media":"","overlay-type":"","overlay-color":"","overlay-opacity":"","overlay-gradient":""},"mobile":{"background-color":"","background-image":"","background-repeat":"repeat","background-position":"center center","background-size":"auto","background-attachment":"scroll","background-type":"","background-media":"","overlay-type":"","overlay-color":"","overlay-opacity":"","overlay-gradient":""}},"ast-content-background-meta":{"desktop":{"background-color":"var(--ast-global-color-5)","background-image":"","background-repeat":"repeat","background-position":"center center","background-size":"auto","background-attachment":"scroll","background-type":"","background-media":"","overlay-type":"","overlay-color":"","overlay-opacity":"","overlay-gradient":""},"tablet":{"background-color":"var(--ast-global-color-5)","background-image":"","background-repeat":"repeat","background-position":"center center","background-size":"auto","background-attachment":"scroll","background-type":"","background-media":"","overlay-type":"","overlay-color":"","overlay-opacity":"","overlay-gradient":""},"mobile":{"background-color":"var(--ast-global-color-5)","background-image":"","background-repeat":"repeat","background-position":"center center","background-size":"auto","background-attachment":"scroll","background-type":"","background-media":"","overlay-type":"","overlay-color":"","overlay-opacity":"","overlay-gradient":""}},"footnotes":""},"class_list":["post-1175","page","type-page","status-publish","has-post-thumbnail","hentry"],"yoast_head":"<!-- This site is optimized with the Yoast SEO plugin v27.3 - https:\/\/yoast.com\/product\/yoast-seo-wordpress\/ -->\n<title>C\u00e9n ghn\u00e9 as an ngn\u00e1th at\u00e1 ag baint le c\u00f3rais na Machair\u00ed? - LIFE ar Mhacaire<\/title>\n<meta name=\"robots\" content=\"index, follow, max-snippet:-1, max-image-preview:large, max-video-preview:-1\" \/>\n<link rel=\"canonical\" href=\"https:\/\/www.lifeonmachair.ie\/ga\/baile\/cen-ghne-as-an-ngnath-ata-ag-baint-le-corais-na-machairi\/\" \/>\n<meta property=\"og:locale\" content=\"ga_IE\" \/>\n<meta property=\"og:type\" content=\"article\" \/>\n<meta property=\"og:title\" content=\"C\u00e9n ghn\u00e9 as an ngn\u00e1th at\u00e1 ag baint le c\u00f3rais na Machair\u00ed? - LIFE ar Mhacaire\" \/>\n<meta property=\"og:description\" content=\"Cuims\u00edonn c\u00f3rais mhachair sraith de ghn\u00e1th\u00f3ga uath\u00fala agus luachmhara. T\u00e1 gach gn\u00e1th\u00f3g d\u00e9anta suas de fhiadh\u00falra chomh huath\u00fail agus chomh luachmhar c\u00e9anna. In LIFE ar Mhachair, d\u00edr\u00edonn muid ar speicis at\u00e1 faoi bhagairt go n\u00e1isi\u00fanta maidir le p\u00f3r\u00fa agus gr\u00fapa\u00ed pailneoir\u00ed (beacha, beach ghabhair, f\u00e9ileac\u00e1in agus leamhain). Chomh maith le bheith uath\u00fail agus speisialta, cuireann [&hellip;]\" \/>\n<meta property=\"og:url\" content=\"https:\/\/www.lifeonmachair.ie\/ga\/baile\/cen-ghne-as-an-ngnath-ata-ag-baint-le-corais-na-machairi\/\" \/>\n<meta property=\"og:site_name\" content=\"LIFE ar Mhacaire\" \/>\n<meta property=\"article:publisher\" content=\"https:\/\/www.facebook.com\/profile.php?id=100086060573760\" \/>\n<meta property=\"article:modified_time\" content=\"2023-04-12T13:21:52+00:00\" \/>\n<meta property=\"og:image\" content=\"https:\/\/www.lifeonmachair.ie\/wp-content\/uploads\/2023\/04\/IMG-2104-scaled-e1681305557418.jpg\" \/>\n\t<meta property=\"og:image:width\" content=\"2560\" \/>\n\t<meta property=\"og:image:height\" content=\"1920\" \/>\n\t<meta property=\"og:image:type\" content=\"image\/jpeg\" \/>\n<meta name=\"twitter:card\" content=\"summary_large_image\" \/>\n<meta name=\"twitter:site\" content=\"@LIFEonMachair\" \/>\n<meta name=\"twitter:label1\" content=\"Est. reading time\" \/>\n\t<meta name=\"twitter:data1\" content=\"1 minute\" \/>\n<script type=\"application\/ld+json\" class=\"yoast-schema-graph\">{\"@context\":\"https:\\\/\\\/schema.org\",\"@graph\":[{\"@type\":\"WebPage\",\"@id\":\"https:\\\/\\\/www.lifeonmachair.ie\\\/ga\\\/baile\\\/cen-ghne-as-an-ngnath-ata-ag-baint-le-corais-na-machairi\\\/\",\"url\":\"https:\\\/\\\/www.lifeonmachair.ie\\\/ga\\\/baile\\\/cen-ghne-as-an-ngnath-ata-ag-baint-le-corais-na-machairi\\\/\",\"name\":\"C\u00e9n ghn\u00e9 as an ngn\u00e1th at\u00e1 ag baint le c\u00f3rais na Machair\u00ed? - LIFE ar Mhacaire\",\"isPartOf\":{\"@id\":\"https:\\\/\\\/www.lifeonmachair.ie\\\/ga\\\/#website\"},\"primaryImageOfPage\":{\"@id\":\"https:\\\/\\\/www.lifeonmachair.ie\\\/ga\\\/baile\\\/cen-ghne-as-an-ngnath-ata-ag-baint-le-corais-na-machairi\\\/#primaryimage\"},\"image\":{\"@id\":\"https:\\\/\\\/www.lifeonmachair.ie\\\/ga\\\/baile\\\/cen-ghne-as-an-ngnath-ata-ag-baint-le-corais-na-machairi\\\/#primaryimage\"},\"thumbnailUrl\":\"https:\\\/\\\/www.lifeonmachair.ie\\\/wp-content\\\/uploads\\\/2023\\\/04\\\/IMG-2104-scaled-e1681305557418.jpg\",\"datePublished\":\"2023-03-15T12:17:35+00:00\",\"dateModified\":\"2023-04-12T13:21:52+00:00\",\"breadcrumb\":{\"@id\":\"https:\\\/\\\/www.lifeonmachair.ie\\\/ga\\\/baile\\\/cen-ghne-as-an-ngnath-ata-ag-baint-le-corais-na-machairi\\\/#breadcrumb\"},\"inLanguage\":\"ga-IE\",\"potentialAction\":[{\"@type\":\"ReadAction\",\"target\":[\"https:\\\/\\\/www.lifeonmachair.ie\\\/ga\\\/baile\\\/cen-ghne-as-an-ngnath-ata-ag-baint-le-corais-na-machairi\\\/\"]}]},{\"@type\":\"ImageObject\",\"inLanguage\":\"ga-IE\",\"@id\":\"https:\\\/\\\/www.lifeonmachair.ie\\\/ga\\\/baile\\\/cen-ghne-as-an-ngnath-ata-ag-baint-le-corais-na-machairi\\\/#primaryimage\",\"url\":\"https:\\\/\\\/www.lifeonmachair.ie\\\/wp-content\\\/uploads\\\/2023\\\/04\\\/IMG-2104-scaled-e1681305557418.jpg\",\"contentUrl\":\"https:\\\/\\\/www.lifeonmachair.ie\\\/wp-content\\\/uploads\\\/2023\\\/04\\\/IMG-2104-scaled-e1681305557418.jpg\",\"width\":2560,\"height\":1920,\"caption\":\"cows in field\"},{\"@type\":\"BreadcrumbList\",\"@id\":\"https:\\\/\\\/www.lifeonmachair.ie\\\/ga\\\/baile\\\/cen-ghne-as-an-ngnath-ata-ag-baint-le-corais-na-machairi\\\/#breadcrumb\",\"itemListElement\":[{\"@type\":\"ListItem\",\"position\":1,\"name\":\"Home\",\"item\":\"https:\\\/\\\/www.lifeonmachair.ie\\\/ga\\\/\"},{\"@type\":\"ListItem\",\"position\":2,\"name\":\"Baile\",\"item\":\"https:\\\/\\\/www.lifeonmachair.ie\\\/ga\\\/\"},{\"@type\":\"ListItem\",\"position\":3,\"name\":\"C\u00e9n ghn\u00e9 as an ngn\u00e1th at\u00e1 ag baint le c\u00f3rais na Machair\u00ed?\"}]},{\"@type\":\"WebSite\",\"@id\":\"https:\\\/\\\/www.lifeonmachair.ie\\\/ga\\\/#website\",\"url\":\"https:\\\/\\\/www.lifeonmachair.ie\\\/ga\\\/\",\"name\":\"LIFE ar Mhacaire\",\"description\":\"\",\"publisher\":{\"@id\":\"https:\\\/\\\/www.lifeonmachair.ie\\\/ga\\\/#organization\"},\"potentialAction\":[{\"@type\":\"SearchAction\",\"target\":{\"@type\":\"EntryPoint\",\"urlTemplate\":\"https:\\\/\\\/www.lifeonmachair.ie\\\/ga\\\/?s={search_term_string}\"},\"query-input\":{\"@type\":\"PropertyValueSpecification\",\"valueRequired\":true,\"valueName\":\"search_term_string\"}}],\"inLanguage\":\"ga-IE\"},{\"@type\":\"Organization\",\"@id\":\"https:\\\/\\\/www.lifeonmachair.ie\\\/ga\\\/#organization\",\"name\":\"Department of Housing, Local Government and Heritage\",\"url\":\"https:\\\/\\\/www.lifeonmachair.ie\\\/ga\\\/\",\"logo\":{\"@type\":\"ImageObject\",\"inLanguage\":\"ga-IE\",\"@id\":\"https:\\\/\\\/www.lifeonmachair.ie\\\/ga\\\/#\\\/schema\\\/logo\\\/image\\\/\",\"url\":\"https:\\\/\\\/www.lifeonmachair.ie\\\/wp-content\\\/uploads\\\/2025\\\/09\\\/life-on-machair-logo.jpg\",\"contentUrl\":\"https:\\\/\\\/www.lifeonmachair.ie\\\/wp-content\\\/uploads\\\/2025\\\/09\\\/life-on-machair-logo.jpg\",\"width\":1962,\"height\":772,\"caption\":\"Department of Housing, Local Government and Heritage\"},\"image\":{\"@id\":\"https:\\\/\\\/www.lifeonmachair.ie\\\/ga\\\/#\\\/schema\\\/logo\\\/image\\\/\"},\"sameAs\":[\"https:\\\/\\\/www.facebook.com\\\/profile.php?id=100086060573760\",\"https:\\\/\\\/x.com\\\/LIFEonMachair\"]}]}<\/script>\n<!-- \/ Yoast SEO plugin. -->","yoast_head_json":{"title":"C\u00e9n ghn\u00e9 as an ngn\u00e1th at\u00e1 ag baint le c\u00f3rais na Machair\u00ed? - LIFE ar Mhacaire","robots":{"index":"index","follow":"follow","max-snippet":"max-snippet:-1","max-image-preview":"max-image-preview:large","max-video-preview":"max-video-preview:-1"},"canonical":"https:\/\/www.lifeonmachair.ie\/ga\/baile\/cen-ghne-as-an-ngnath-ata-ag-baint-le-corais-na-machairi\/","og_locale":"ga_IE","og_type":"article","og_title":"C\u00e9n ghn\u00e9 as an ngn\u00e1th at\u00e1 ag baint le c\u00f3rais na Machair\u00ed? - LIFE ar Mhacaire","og_description":"Cuims\u00edonn c\u00f3rais mhachair sraith de ghn\u00e1th\u00f3ga uath\u00fala agus luachmhara. T\u00e1 gach gn\u00e1th\u00f3g d\u00e9anta suas de fhiadh\u00falra chomh huath\u00fail agus chomh luachmhar c\u00e9anna. In LIFE ar Mhachair, d\u00edr\u00edonn muid ar speicis at\u00e1 faoi bhagairt go n\u00e1isi\u00fanta maidir le p\u00f3r\u00fa agus gr\u00fapa\u00ed pailneoir\u00ed (beacha, beach ghabhair, f\u00e9ileac\u00e1in agus leamhain). Chomh maith le bheith uath\u00fail agus speisialta, cuireann [&hellip;]","og_url":"https:\/\/www.lifeonmachair.ie\/ga\/baile\/cen-ghne-as-an-ngnath-ata-ag-baint-le-corais-na-machairi\/","og_site_name":"LIFE ar Mhacaire","article_publisher":"https:\/\/www.facebook.com\/profile.php?id=100086060573760","article_modified_time":"2023-04-12T13:21:52+00:00","og_image":[{"width":2560,"height":1920,"url":"https:\/\/www.lifeonmachair.ie\/wp-content\/uploads\/2023\/04\/IMG-2104-scaled-e1681305557418.jpg","type":"image\/jpeg"}],"twitter_card":"summary_large_image","twitter_site":"@LIFEonMachair","twitter_misc":{"Est. reading time":"1 minute"},"schema":{"@context":"https:\/\/schema.org","@graph":[{"@type":"WebPage","@id":"https:\/\/www.lifeonmachair.ie\/ga\/baile\/cen-ghne-as-an-ngnath-ata-ag-baint-le-corais-na-machairi\/","url":"https:\/\/www.lifeonmachair.ie\/ga\/baile\/cen-ghne-as-an-ngnath-ata-ag-baint-le-corais-na-machairi\/","name":"C\u00e9n ghn\u00e9 as an ngn\u00e1th at\u00e1 ag baint le c\u00f3rais na Machair\u00ed? - LIFE ar Mhacaire","isPartOf":{"@id":"https:\/\/www.lifeonmachair.ie\/ga\/#website"},"primaryImageOfPage":{"@id":"https:\/\/www.lifeonmachair.ie\/ga\/baile\/cen-ghne-as-an-ngnath-ata-ag-baint-le-corais-na-machairi\/#primaryimage"},"image":{"@id":"https:\/\/www.lifeonmachair.ie\/ga\/baile\/cen-ghne-as-an-ngnath-ata-ag-baint-le-corais-na-machairi\/#primaryimage"},"thumbnailUrl":"https:\/\/www.lifeonmachair.ie\/wp-content\/uploads\/2023\/04\/IMG-2104-scaled-e1681305557418.jpg","datePublished":"2023-03-15T12:17:35+00:00","dateModified":"2023-04-12T13:21:52+00:00","breadcrumb":{"@id":"https:\/\/www.lifeonmachair.ie\/ga\/baile\/cen-ghne-as-an-ngnath-ata-ag-baint-le-corais-na-machairi\/#breadcrumb"},"inLanguage":"ga-IE","potentialAction":[{"@type":"ReadAction","target":["https:\/\/www.lifeonmachair.ie\/ga\/baile\/cen-ghne-as-an-ngnath-ata-ag-baint-le-corais-na-machairi\/"]}]},{"@type":"ImageObject","inLanguage":"ga-IE","@id":"https:\/\/www.lifeonmachair.ie\/ga\/baile\/cen-ghne-as-an-ngnath-ata-ag-baint-le-corais-na-machairi\/#primaryimage","url":"https:\/\/www.lifeonmachair.ie\/wp-content\/uploads\/2023\/04\/IMG-2104-scaled-e1681305557418.jpg","contentUrl":"https:\/\/www.lifeonmachair.ie\/wp-content\/uploads\/2023\/04\/IMG-2104-scaled-e1681305557418.jpg","width":2560,"height":1920,"caption":"cows in field"},{"@type":"BreadcrumbList","@id":"https:\/\/www.lifeonmachair.ie\/ga\/baile\/cen-ghne-as-an-ngnath-ata-ag-baint-le-corais-na-machairi\/#breadcrumb","itemListElement":[{"@type":"ListItem","position":1,"name":"Home","item":"https:\/\/www.lifeonmachair.ie\/ga\/"},{"@type":"ListItem","position":2,"name":"Baile","item":"https:\/\/www.lifeonmachair.ie\/ga\/"},{"@type":"ListItem","position":3,"name":"C\u00e9n ghn\u00e9 as an ngn\u00e1th at\u00e1 ag baint le c\u00f3rais na Machair\u00ed?"}]},{"@type":"WebSite","@id":"https:\/\/www.lifeonmachair.ie\/ga\/#website","url":"https:\/\/www.lifeonmachair.ie\/ga\/","name":"LIFE ar Mhacaire","description":"","publisher":{"@id":"https:\/\/www.lifeonmachair.ie\/ga\/#organization"},"potentialAction":[{"@type":"SearchAction","target":{"@type":"EntryPoint","urlTemplate":"https:\/\/www.lifeonmachair.ie\/ga\/?s={search_term_string}"},"query-input":{"@type":"PropertyValueSpecification","valueRequired":true,"valueName":"search_term_string"}}],"inLanguage":"ga-IE"},{"@type":"Organization","@id":"https:\/\/www.lifeonmachair.ie\/ga\/#organization","name":"Department of Housing, Local Government and Heritage","url":"https:\/\/www.lifeonmachair.ie\/ga\/","logo":{"@type":"ImageObject","inLanguage":"ga-IE","@id":"https:\/\/www.lifeonmachair.ie\/ga\/#\/schema\/logo\/image\/","url":"https:\/\/www.lifeonmachair.ie\/wp-content\/uploads\/2025\/09\/life-on-machair-logo.jpg","contentUrl":"https:\/\/www.lifeonmachair.ie\/wp-content\/uploads\/2025\/09\/life-on-machair-logo.jpg","width":1962,"height":772,"caption":"Department of Housing, Local Government and Heritage"},"image":{"@id":"https:\/\/www.lifeonmachair.ie\/ga\/#\/schema\/logo\/image\/"},"sameAs":["https:\/\/www.facebook.com\/profile.php?id=100086060573760","https:\/\/x.com\/LIFEonMachair"]}]}},"_links":{"self":[{"href":"https:\/\/www.lifeonmachair.ie\/ga\/wp-json\/wp\/v2\/pages\/1175","targetHints":{"allow":["GET"]}}],"collection":[{"href":"https:\/\/www.lifeonmachair.ie\/ga\/wp-json\/wp\/v2\/pages"}],"about":[{"href":"https:\/\/www.lifeonmachair.ie\/ga\/wp-json\/wp\/v2\/types\/page"}],"author":[{"embeddable":true,"href":"https:\/\/www.lifeonmachair.ie\/ga\/wp-json\/wp\/v2\/users\/1"}],"replies":[{"embeddable":true,"href":"https:\/\/www.lifeonmachair.ie\/ga\/wp-json\/wp\/v2\/comments?post=1175"}],"version-history":[{"count":3,"href":"https:\/\/www.lifeonmachair.ie\/ga\/wp-json\/wp\/v2\/pages\/1175\/revisions"}],"predecessor-version":[{"id":1449,"href":"https:\/\/www.lifeonmachair.ie\/ga\/wp-json\/wp\/v2\/pages\/1175\/revisions\/1449"}],"up":[{"embeddable":true,"href":"https:\/\/www.lifeonmachair.ie\/ga\/wp-json\/wp\/v2\/pages\/233"}],"wp:featuredmedia":[{"embeddable":true,"href":"https:\/\/www.lifeonmachair.ie\/ga\/wp-json\/wp\/v2\/media\/1442"}],"wp:attachment":[{"href":"https:\/\/www.lifeonmachair.ie\/ga\/wp-json\/wp\/v2\/media?parent=1175"}],"curies":[{"name":"wp","href":"https:\/\/api.w.org\/{rel}","templated":true}]}}