{"id":1173,"date":"2023-03-15T12:14:09","date_gmt":"2023-03-15T12:14:09","guid":{"rendered":"https:\/\/www.lifeonmachair.ie\/baile\/ceard-ata-i-gceist-le-machair\/"},"modified":"2023-04-20T08:46:27","modified_gmt":"2023-04-20T08:46:27","slug":"ceard-ata-i-gceist-le-machair","status":"publish","type":"page","link":"https:\/\/www.lifeonmachair.ie\/ga\/baile\/ceard-ata-i-gceist-le-machair\/","title":{"rendered":"C\u00e9ard at\u00e1 i gceist le Machair?"},"content":{"rendered":"\n<div class=\"wp-block-columns is-layout-flex wp-container-core-columns-is-layout-28f84493 wp-block-columns-is-layout-flex\">\n<div class=\"wp-block-column is-layout-flow wp-block-column-is-layout-flow\" style=\"flex-basis:66.66%\">\n<p>Is c\u00f3ras uath\u00fail agus neamhchoitianta c\u00f3sta \u00e9 Machair nach bhfuil le f\u00e1il ach in \u00c9irinn agus in Albain. In \u00c9irinn, t\u00e1 s\u00e9 le f\u00e1il ar ch\u00f3sta thiar thuaidh an Atlantaigh, \u00f3 Chonamara go D\u00fan na nGall.<\/p>\n\n\n\n<p>Cuireann su\u00edomhanna machair tearmann t\u00e1bhachtach ar f\u00e1il do speicis lapaire gor\u00fach\u00e1in agus do phailneoir\u00ed in \u00c9irinn at\u00e1 faoi bhagairt. Braitheann speicis ar n\u00f3s Breac\u00f3g, Pilib\u00edn agus Cosdearg\u00e1n ar na limist\u00e9ir ch\u00f3sta seo mar limist\u00e9ir th\u00e1bhachtacha s\u00edolraithe \u00f3 cheantair bhogaigh a nd\u00e9antar dianfheirmeoireacht orthu agus a dh\u00e9antar a dhraen\u00e1il ar bhealach eile. N\u00ed fheictear speicis cos\u00fail leis an Bumb\u00f3g Bhu\u00ed Mh\u00f3r agus Beach phl\u00e1str\u00e1la thuaisceartach ach amh\u00e1in i su\u00edomhanna Machair, agus b\u00e9im bhreise \u00e1 leagan acu ar an r\u00f3l t\u00e1bhachtach at\u00e1 acu maidir le tac\u00fa len\u00e1r mbith\u00e9ags\u00falacht n\u00e1isi\u00fanta.<\/p>\n\n\n\n<p>Mar sin f\u00e9in, cialla\u00edonn d\u00edghr\u00e1d\u00fa ghn\u00e1th\u00f3ga Machair taca\u00edochta strucht\u00far b\u00e1inseach nach bhfuil oiri\u00fanach le haghaidh lapair\u00ed neadaithe (cl\u00fadach agus cosaint \u00edseal, acmhainn\u00ed bia laghdaithe le haghaidh t\u00f3g\u00e1il sic) agus acmhainn\u00ed bl\u00e1thanna ag dul i l\u00e9ig do phailneoir\u00ed.<\/p>\n<\/div>\n\n\n\n<div class=\"wp-block-column is-layout-flow wp-block-column-is-layout-flow\" style=\"flex-basis:33.33%\">\n<figure class=\"wp-block-image size-large\"><a href=\"https:\/\/www.lifeonmachair.ie\/wp-content\/uploads\/2023\/04\/yellow-rattle-edited-scaled.jpg\"><img loading=\"lazy\" decoding=\"async\" width=\"2560\" height=\"2560\" src=\"https:\/\/www.lifeonmachair.ie\/wp-content\/uploads\/2023\/04\/yellow-rattle-edited-scaled.jpg\" alt=\"Bl&#xE1;thanna na Mhachaire\" class=\"wp-image-1186\" srcset=\"https:\/\/www.lifeonmachair.ie\/wp-content\/uploads\/2023\/04\/yellow-rattle-edited-scaled.jpg 2560w, https:\/\/www.lifeonmachair.ie\/wp-content\/uploads\/2023\/04\/yellow-rattle-edited-300x300.jpg 300w, https:\/\/www.lifeonmachair.ie\/wp-content\/uploads\/2023\/04\/yellow-rattle-edited-1024x1024.jpg 1024w, https:\/\/www.lifeonmachair.ie\/wp-content\/uploads\/2023\/04\/yellow-rattle-edited-150x150.jpg 150w, https:\/\/www.lifeonmachair.ie\/wp-content\/uploads\/2023\/04\/yellow-rattle-edited-768x768.jpg 768w, https:\/\/www.lifeonmachair.ie\/wp-content\/uploads\/2023\/04\/yellow-rattle-edited-1536x1536.jpg 1536w, https:\/\/www.lifeonmachair.ie\/wp-content\/uploads\/2023\/04\/yellow-rattle-edited-2048x2048.jpg 2048w\" sizes=\"auto, (max-width: 2560px) 100vw, 2560px\" \/><\/a><figcaption class=\"wp-element-caption\">Bl\u00e1thanna na Mhachaire<\/figcaption><\/figure>\n<\/div>\n<\/div>\n","protected":false},"excerpt":{"rendered":"<p>Is c\u00f3ras uath\u00fail agus neamhchoitianta c\u00f3sta \u00e9 Machair nach bhfuil le f\u00e1il ach in \u00c9irinn agus in Albain. In \u00c9irinn, t\u00e1 s\u00e9 le f\u00e1il ar ch\u00f3sta thiar thuaidh an Atlantaigh, \u00f3 Chonamara go D\u00fan na nGall. Cuireann su\u00edomhanna machair tearmann t\u00e1bhachtach ar f\u00e1il do speicis lapaire gor\u00fach\u00e1in agus do phailneoir\u00ed in \u00c9irinn at\u00e1 faoi bhagairt. [&hellip;]<\/p>\n","protected":false},"author":1,"featured_media":717,"parent":233,"menu_order":0,"comment_status":"closed","ping_status":"closed","template":"","meta":{"site-sidebar-layout":"default","site-content-layout":"","ast-site-content-layout":"default","site-content-style":"default","site-sidebar-style":"default","ast-global-header-display":"","ast-banner-title-visibility":"","ast-main-header-display":"","ast-hfb-above-header-display":"","ast-hfb-below-header-display":"","ast-hfb-mobile-header-display":"","site-post-title":"","ast-breadcrumbs-content":"","ast-featured-img":"","footer-sml-layout":"","ast-disable-related-posts":"","theme-transparent-header-meta":"","adv-header-id-meta":"","stick-header-meta":"","header-above-stick-meta":"","header-main-stick-meta":"","header-below-stick-meta":"","astra-migrate-meta-layouts":"default","ast-page-background-enabled":"default","ast-page-background-meta":{"desktop":{"background-color":"var(--ast-global-color-4)","background-image":"","background-repeat":"repeat","background-position":"center center","background-size":"auto","background-attachment":"scroll","background-type":"","background-media":"","overlay-type":"","overlay-color":"","overlay-opacity":"","overlay-gradient":""},"tablet":{"background-color":"","background-image":"","background-repeat":"repeat","background-position":"center center","background-size":"auto","background-attachment":"scroll","background-type":"","background-media":"","overlay-type":"","overlay-color":"","overlay-opacity":"","overlay-gradient":""},"mobile":{"background-color":"","background-image":"","background-repeat":"repeat","background-position":"center center","background-size":"auto","background-attachment":"scroll","background-type":"","background-media":"","overlay-type":"","overlay-color":"","overlay-opacity":"","overlay-gradient":""}},"ast-content-background-meta":{"desktop":{"background-color":"var(--ast-global-color-5)","background-image":"","background-repeat":"repeat","background-position":"center center","background-size":"auto","background-attachment":"scroll","background-type":"","background-media":"","overlay-type":"","overlay-color":"","overlay-opacity":"","overlay-gradient":""},"tablet":{"background-color":"var(--ast-global-color-5)","background-image":"","background-repeat":"repeat","background-position":"center center","background-size":"auto","background-attachment":"scroll","background-type":"","background-media":"","overlay-type":"","overlay-color":"","overlay-opacity":"","overlay-gradient":""},"mobile":{"background-color":"var(--ast-global-color-5)","background-image":"","background-repeat":"repeat","background-position":"center center","background-size":"auto","background-attachment":"scroll","background-type":"","background-media":"","overlay-type":"","overlay-color":"","overlay-opacity":"","overlay-gradient":""}},"footnotes":""},"class_list":["post-1173","page","type-page","status-publish","has-post-thumbnail","hentry"],"yoast_head":"<!-- This site is optimized with the Yoast SEO plugin v27.6 - https:\/\/yoast.com\/product\/yoast-seo-wordpress\/ -->\n<title>C\u00e9ard at\u00e1 i gceist le Machair? - LIFE ar Mhacaire<\/title>\n<meta name=\"robots\" content=\"index, follow, max-snippet:-1, max-image-preview:large, max-video-preview:-1\" \/>\n<link rel=\"canonical\" href=\"https:\/\/www.lifeonmachair.ie\/ga\/baile\/ceard-ata-i-gceist-le-machair\/\" \/>\n<meta property=\"og:locale\" content=\"ga_IE\" \/>\n<meta property=\"og:type\" content=\"article\" \/>\n<meta property=\"og:title\" content=\"C\u00e9ard at\u00e1 i gceist le Machair? - LIFE ar Mhacaire\" \/>\n<meta property=\"og:description\" content=\"Is c\u00f3ras uath\u00fail agus neamhchoitianta c\u00f3sta \u00e9 Machair nach bhfuil le f\u00e1il ach in \u00c9irinn agus in Albain. In \u00c9irinn, t\u00e1 s\u00e9 le f\u00e1il ar ch\u00f3sta thiar thuaidh an Atlantaigh, \u00f3 Chonamara go D\u00fan na nGall. Cuireann su\u00edomhanna machair tearmann t\u00e1bhachtach ar f\u00e1il do speicis lapaire gor\u00fach\u00e1in agus do phailneoir\u00ed in \u00c9irinn at\u00e1 faoi bhagairt. [&hellip;]\" \/>\n<meta property=\"og:url\" content=\"https:\/\/www.lifeonmachair.ie\/ga\/baile\/ceard-ata-i-gceist-le-machair\/\" \/>\n<meta property=\"og:site_name\" content=\"LIFE ar Mhacaire\" \/>\n<meta property=\"article:publisher\" content=\"https:\/\/www.facebook.com\/profile.php?id=100086060573760\" \/>\n<meta property=\"article:modified_time\" content=\"2023-04-20T08:46:27+00:00\" \/>\n<meta property=\"og:image\" content=\"https:\/\/www.lifeonmachair.ie\/wp-content\/uploads\/2023\/03\/yellow-rattle-scaled.jpg\" \/>\n\t<meta property=\"og:image:width\" content=\"2560\" \/>\n\t<meta property=\"og:image:height\" content=\"1920\" \/>\n\t<meta property=\"og:image:type\" content=\"image\/jpeg\" \/>\n<meta name=\"twitter:card\" content=\"summary_large_image\" \/>\n<meta name=\"twitter:site\" content=\"@LIFEonMachair\" \/>\n<meta name=\"twitter:label1\" content=\"Est. reading time\" \/>\n\t<meta name=\"twitter:data1\" content=\"1 minute\" \/>\n<script type=\"application\/ld+json\" class=\"yoast-schema-graph\">{\"@context\":\"https:\\\/\\\/schema.org\",\"@graph\":[{\"@type\":\"WebPage\",\"@id\":\"https:\\\/\\\/www.lifeonmachair.ie\\\/ga\\\/baile\\\/ceard-ata-i-gceist-le-machair\\\/\",\"url\":\"https:\\\/\\\/www.lifeonmachair.ie\\\/ga\\\/baile\\\/ceard-ata-i-gceist-le-machair\\\/\",\"name\":\"C\u00e9ard at\u00e1 i gceist le Machair? - LIFE ar Mhacaire\",\"isPartOf\":{\"@id\":\"https:\\\/\\\/www.lifeonmachair.ie\\\/ga\\\/#website\"},\"primaryImageOfPage\":{\"@id\":\"https:\\\/\\\/www.lifeonmachair.ie\\\/ga\\\/baile\\\/ceard-ata-i-gceist-le-machair\\\/#primaryimage\"},\"image\":{\"@id\":\"https:\\\/\\\/www.lifeonmachair.ie\\\/ga\\\/baile\\\/ceard-ata-i-gceist-le-machair\\\/#primaryimage\"},\"thumbnailUrl\":\"https:\\\/\\\/www.lifeonmachair.ie\\\/wp-content\\\/uploads\\\/2023\\\/03\\\/yellow-rattle-scaled.jpg\",\"datePublished\":\"2023-03-15T12:14:09+00:00\",\"dateModified\":\"2023-04-20T08:46:27+00:00\",\"breadcrumb\":{\"@id\":\"https:\\\/\\\/www.lifeonmachair.ie\\\/ga\\\/baile\\\/ceard-ata-i-gceist-le-machair\\\/#breadcrumb\"},\"inLanguage\":\"ga-IE\",\"potentialAction\":[{\"@type\":\"ReadAction\",\"target\":[\"https:\\\/\\\/www.lifeonmachair.ie\\\/ga\\\/baile\\\/ceard-ata-i-gceist-le-machair\\\/\"]}]},{\"@type\":\"ImageObject\",\"inLanguage\":\"ga-IE\",\"@id\":\"https:\\\/\\\/www.lifeonmachair.ie\\\/ga\\\/baile\\\/ceard-ata-i-gceist-le-machair\\\/#primaryimage\",\"url\":\"https:\\\/\\\/www.lifeonmachair.ie\\\/wp-content\\\/uploads\\\/2023\\\/03\\\/yellow-rattle-scaled.jpg\",\"contentUrl\":\"https:\\\/\\\/www.lifeonmachair.ie\\\/wp-content\\\/uploads\\\/2023\\\/03\\\/yellow-rattle-scaled.jpg\",\"width\":2560,\"height\":1920,\"caption\":\"Yellow Rattle\"},{\"@type\":\"BreadcrumbList\",\"@id\":\"https:\\\/\\\/www.lifeonmachair.ie\\\/ga\\\/baile\\\/ceard-ata-i-gceist-le-machair\\\/#breadcrumb\",\"itemListElement\":[{\"@type\":\"ListItem\",\"position\":1,\"name\":\"Home\",\"item\":\"https:\\\/\\\/www.lifeonmachair.ie\\\/ga\\\/\"},{\"@type\":\"ListItem\",\"position\":2,\"name\":\"Baile\",\"item\":\"https:\\\/\\\/www.lifeonmachair.ie\\\/ga\\\/\"},{\"@type\":\"ListItem\",\"position\":3,\"name\":\"C\u00e9ard at\u00e1 i gceist le Machair?\"}]},{\"@type\":\"WebSite\",\"@id\":\"https:\\\/\\\/www.lifeonmachair.ie\\\/ga\\\/#website\",\"url\":\"https:\\\/\\\/www.lifeonmachair.ie\\\/ga\\\/\",\"name\":\"LIFE ar Mhacaire\",\"description\":\"\",\"publisher\":{\"@id\":\"https:\\\/\\\/www.lifeonmachair.ie\\\/ga\\\/#organization\"},\"potentialAction\":[{\"@type\":\"SearchAction\",\"target\":{\"@type\":\"EntryPoint\",\"urlTemplate\":\"https:\\\/\\\/www.lifeonmachair.ie\\\/ga\\\/?s={search_term_string}\"},\"query-input\":{\"@type\":\"PropertyValueSpecification\",\"valueRequired\":true,\"valueName\":\"search_term_string\"}}],\"inLanguage\":\"ga-IE\"},{\"@type\":\"Organization\",\"@id\":\"https:\\\/\\\/www.lifeonmachair.ie\\\/ga\\\/#organization\",\"name\":\"Department of Housing, Local Government and Heritage\",\"url\":\"https:\\\/\\\/www.lifeonmachair.ie\\\/ga\\\/\",\"logo\":{\"@type\":\"ImageObject\",\"inLanguage\":\"ga-IE\",\"@id\":\"https:\\\/\\\/www.lifeonmachair.ie\\\/ga\\\/#\\\/schema\\\/logo\\\/image\\\/\",\"url\":\"https:\\\/\\\/www.lifeonmachair.ie\\\/wp-content\\\/uploads\\\/2025\\\/09\\\/life-on-machair-logo.jpg\",\"contentUrl\":\"https:\\\/\\\/www.lifeonmachair.ie\\\/wp-content\\\/uploads\\\/2025\\\/09\\\/life-on-machair-logo.jpg\",\"width\":1962,\"height\":772,\"caption\":\"Department of Housing, Local Government and Heritage\"},\"image\":{\"@id\":\"https:\\\/\\\/www.lifeonmachair.ie\\\/ga\\\/#\\\/schema\\\/logo\\\/image\\\/\"},\"sameAs\":[\"https:\\\/\\\/www.facebook.com\\\/profile.php?id=100086060573760\",\"https:\\\/\\\/x.com\\\/LIFEonMachair\"]}]}<\/script>\n<!-- \/ Yoast SEO plugin. -->","yoast_head_json":{"title":"C\u00e9ard at\u00e1 i gceist le Machair? - LIFE ar Mhacaire","robots":{"index":"index","follow":"follow","max-snippet":"max-snippet:-1","max-image-preview":"max-image-preview:large","max-video-preview":"max-video-preview:-1"},"canonical":"https:\/\/www.lifeonmachair.ie\/ga\/baile\/ceard-ata-i-gceist-le-machair\/","og_locale":"ga_IE","og_type":"article","og_title":"C\u00e9ard at\u00e1 i gceist le Machair? - LIFE ar Mhacaire","og_description":"Is c\u00f3ras uath\u00fail agus neamhchoitianta c\u00f3sta \u00e9 Machair nach bhfuil le f\u00e1il ach in \u00c9irinn agus in Albain. In \u00c9irinn, t\u00e1 s\u00e9 le f\u00e1il ar ch\u00f3sta thiar thuaidh an Atlantaigh, \u00f3 Chonamara go D\u00fan na nGall. Cuireann su\u00edomhanna machair tearmann t\u00e1bhachtach ar f\u00e1il do speicis lapaire gor\u00fach\u00e1in agus do phailneoir\u00ed in \u00c9irinn at\u00e1 faoi bhagairt. [&hellip;]","og_url":"https:\/\/www.lifeonmachair.ie\/ga\/baile\/ceard-ata-i-gceist-le-machair\/","og_site_name":"LIFE ar Mhacaire","article_publisher":"https:\/\/www.facebook.com\/profile.php?id=100086060573760","article_modified_time":"2023-04-20T08:46:27+00:00","og_image":[{"width":2560,"height":1920,"url":"https:\/\/www.lifeonmachair.ie\/wp-content\/uploads\/2023\/03\/yellow-rattle-scaled.jpg","type":"image\/jpeg"}],"twitter_card":"summary_large_image","twitter_site":"@LIFEonMachair","twitter_misc":{"Est. reading time":"1 minute"},"schema":{"@context":"https:\/\/schema.org","@graph":[{"@type":"WebPage","@id":"https:\/\/www.lifeonmachair.ie\/ga\/baile\/ceard-ata-i-gceist-le-machair\/","url":"https:\/\/www.lifeonmachair.ie\/ga\/baile\/ceard-ata-i-gceist-le-machair\/","name":"C\u00e9ard at\u00e1 i gceist le Machair? - LIFE ar Mhacaire","isPartOf":{"@id":"https:\/\/www.lifeonmachair.ie\/ga\/#website"},"primaryImageOfPage":{"@id":"https:\/\/www.lifeonmachair.ie\/ga\/baile\/ceard-ata-i-gceist-le-machair\/#primaryimage"},"image":{"@id":"https:\/\/www.lifeonmachair.ie\/ga\/baile\/ceard-ata-i-gceist-le-machair\/#primaryimage"},"thumbnailUrl":"https:\/\/www.lifeonmachair.ie\/wp-content\/uploads\/2023\/03\/yellow-rattle-scaled.jpg","datePublished":"2023-03-15T12:14:09+00:00","dateModified":"2023-04-20T08:46:27+00:00","breadcrumb":{"@id":"https:\/\/www.lifeonmachair.ie\/ga\/baile\/ceard-ata-i-gceist-le-machair\/#breadcrumb"},"inLanguage":"ga-IE","potentialAction":[{"@type":"ReadAction","target":["https:\/\/www.lifeonmachair.ie\/ga\/baile\/ceard-ata-i-gceist-le-machair\/"]}]},{"@type":"ImageObject","inLanguage":"ga-IE","@id":"https:\/\/www.lifeonmachair.ie\/ga\/baile\/ceard-ata-i-gceist-le-machair\/#primaryimage","url":"https:\/\/www.lifeonmachair.ie\/wp-content\/uploads\/2023\/03\/yellow-rattle-scaled.jpg","contentUrl":"https:\/\/www.lifeonmachair.ie\/wp-content\/uploads\/2023\/03\/yellow-rattle-scaled.jpg","width":2560,"height":1920,"caption":"Yellow Rattle"},{"@type":"BreadcrumbList","@id":"https:\/\/www.lifeonmachair.ie\/ga\/baile\/ceard-ata-i-gceist-le-machair\/#breadcrumb","itemListElement":[{"@type":"ListItem","position":1,"name":"Home","item":"https:\/\/www.lifeonmachair.ie\/ga\/"},{"@type":"ListItem","position":2,"name":"Baile","item":"https:\/\/www.lifeonmachair.ie\/ga\/"},{"@type":"ListItem","position":3,"name":"C\u00e9ard at\u00e1 i gceist le Machair?"}]},{"@type":"WebSite","@id":"https:\/\/www.lifeonmachair.ie\/ga\/#website","url":"https:\/\/www.lifeonmachair.ie\/ga\/","name":"LIFE ar Mhacaire","description":"","publisher":{"@id":"https:\/\/www.lifeonmachair.ie\/ga\/#organization"},"potentialAction":[{"@type":"SearchAction","target":{"@type":"EntryPoint","urlTemplate":"https:\/\/www.lifeonmachair.ie\/ga\/?s={search_term_string}"},"query-input":{"@type":"PropertyValueSpecification","valueRequired":true,"valueName":"search_term_string"}}],"inLanguage":"ga-IE"},{"@type":"Organization","@id":"https:\/\/www.lifeonmachair.ie\/ga\/#organization","name":"Department of Housing, Local Government and Heritage","url":"https:\/\/www.lifeonmachair.ie\/ga\/","logo":{"@type":"ImageObject","inLanguage":"ga-IE","@id":"https:\/\/www.lifeonmachair.ie\/ga\/#\/schema\/logo\/image\/","url":"https:\/\/www.lifeonmachair.ie\/wp-content\/uploads\/2025\/09\/life-on-machair-logo.jpg","contentUrl":"https:\/\/www.lifeonmachair.ie\/wp-content\/uploads\/2025\/09\/life-on-machair-logo.jpg","width":1962,"height":772,"caption":"Department of Housing, Local Government and Heritage"},"image":{"@id":"https:\/\/www.lifeonmachair.ie\/ga\/#\/schema\/logo\/image\/"},"sameAs":["https:\/\/www.facebook.com\/profile.php?id=100086060573760","https:\/\/x.com\/LIFEonMachair"]}]}},"_links":{"self":[{"href":"https:\/\/www.lifeonmachair.ie\/ga\/wp-json\/wp\/v2\/pages\/1173","targetHints":{"allow":["GET"]}}],"collection":[{"href":"https:\/\/www.lifeonmachair.ie\/ga\/wp-json\/wp\/v2\/pages"}],"about":[{"href":"https:\/\/www.lifeonmachair.ie\/ga\/wp-json\/wp\/v2\/types\/page"}],"author":[{"embeddable":true,"href":"https:\/\/www.lifeonmachair.ie\/ga\/wp-json\/wp\/v2\/users\/1"}],"replies":[{"embeddable":true,"href":"https:\/\/www.lifeonmachair.ie\/ga\/wp-json\/wp\/v2\/comments?post=1173"}],"version-history":[{"count":5,"href":"https:\/\/www.lifeonmachair.ie\/ga\/wp-json\/wp\/v2\/pages\/1173\/revisions"}],"predecessor-version":[{"id":1669,"href":"https:\/\/www.lifeonmachair.ie\/ga\/wp-json\/wp\/v2\/pages\/1173\/revisions\/1669"}],"up":[{"embeddable":true,"href":"https:\/\/www.lifeonmachair.ie\/ga\/wp-json\/wp\/v2\/pages\/233"}],"wp:featuredmedia":[{"embeddable":true,"href":"https:\/\/www.lifeonmachair.ie\/ga\/wp-json\/wp\/v2\/media\/717"}],"wp:attachment":[{"href":"https:\/\/www.lifeonmachair.ie\/ga\/wp-json\/wp\/v2\/media?parent=1173"}],"curies":[{"name":"wp","href":"https:\/\/api.w.org\/{rel}","templated":true}]}}